{"id":11725,"date":"2023-08-16T14:50:07","date_gmt":"2023-08-16T12:50:07","guid":{"rendered":"https:\/\/ekomfort.lu\/shop\/beltblanes-camel-veganer-handgefertigter-guertel-von-nae-ein-elegantes-accessoire-das-den-unterschied-macht"},"modified":"2024-07-01T12:06:57","modified_gmt":"2024-07-01T10:06:57","slug":"beltblanes-camel-veganer-handgefertigter-guertel-von-nae-ein-elegantes-accessoire-das-den-unterschied-macht","status":"publish","type":"product","link":"https:\/\/ekomfort.lu\/de\/shop\/beltblanes-camel-veganer-handgefertigter-guertel-von-nae-ein-elegantes-accessoire-das-den-unterschied-macht\/","title":{"rendered":"BeltBlanes Camel veganer handgefertigter G\u00fcrtel von Nae: Ein elegantes Accessoire, das den Unterschied macht"},"content":{"rendered":"\n<p>Tr\u00e4umen Sie von einem Accessoire, das Raffinesse und Ethik auf subtile Weise vereint? M\u00f6chten Sie Ihren Outfits eine einzigartige Note verleihen und gleichzeitig Ihren Werten treu bleiben?<\/p>\n\n\n\n<p>Entdecken Sie <strong><strong>Argentinisches und veganes Frauenleder<\/strong> BelBlanes Camel<\/strong>, eine Freude an der Raffinesse in veganem Leder, das die Eleganz und die Umwelt respektiert.<\/p>\n\n\n\n<p>Wichtig: <strong>BeltBlanes Camel<\/strong>, Sie k\u00f6nnen Folgendes tun:<\/p>\n\n\n<style>.wp-block-kadence-iconlist.kt-svg-icon-list-items11725_7c877c-85:not(.this-stops-third-party-issues){margin-top:0px;margin-bottom:0px;}.wp-block-kadence-iconlist.kt-svg-icon-list-items11725_7c877c-85 ul.kt-svg-icon-list:not(.this-prevents-issues):not(.this-stops-third-party-issues):not(.tijsloc){margin-top:0px;margin-right:0px;margin-bottom:var(--global-kb-spacing-sm, 1.5rem);margin-left:0px;}.wp-block-kadence-iconlist.kt-svg-icon-list-items11725_7c877c-85 ul.kt-svg-icon-list{grid-row-gap:5px;}.wp-block-kadence-iconlist.kt-svg-icon-list-items11725_7c877c-85 .kb-svg-icon-wrap{font-size:18px;color:var(--global-palette1, #3182CE);}.wp-block-kadence-iconlist.kt-svg-icon-list-items11725_7c877c-85 ul.kt-svg-icon-list .kt-svg-icon-list-item-wrap .kt-svg-icon-list-single{margin-right:10px;}.kt-svg-icon-list-items11725_7c877c-85 ul.kt-svg-icon-list .kt-svg-icon-list-level-0 .kt-svg-icon-list-single svg{font-size:20px;}<\/style>\n<div class=\"wp-block-kadence-iconlist kt-svg-icon-list-items kt-svg-icon-list-items11725_7c877c-85 kt-svg-icon-list-columns-1 alignnone\"><ul class=\"kt-svg-icon-list\"><style>.kt-svg-icon-list-item-4459_42ddf9-2f .kt-svg-icon-list-text mark.kt-highlight{background-color:unset;font-style:normal;color:#f76a0c;-webkit-box-decoration-break:clone;box-decoration-break:clone;padding-top:0px;padding-right:0px;padding-bottom:0px;padding-left:0px;}<\/style>\n<li class=\"wp-block-kadence-listitem kt-svg-icon-list-item-wrap kt-svg-icon-list-item-4459_42ddf9-2f\"><span class=\"kb-svg-icon-wrap kb-svg-icon-fe_checkCircle kt-svg-icon-list-single\"><svg viewBox=\"0 0 24 24\"  fill=\"none\" stroke=\"currentColor\" stroke-width=\"3\" stroke-linecap=\"round\" stroke-linejoin=\"round\" xmlns=\"http:\/\/www.w3.org\/2000\/svg\"  aria-hidden=\"true\"><path d=\"M22 11.08V12a10 10 0 1 1-5.93-9.14\"\/><polyline points=\"22 4 12 14.01 9 11.01\"\/><\/svg><\/span><span class=\"kt-svg-icon-list-text\">Verleihen Sie Ihren Outfits eine schicke Note mit diesen <strong>Silberner Dameng\u00fcrtel aus veganem Leder<\/strong>, ebenso zart wie elegant.<\/span><\/li>\n\n\n<style>.kt-svg-icon-list-item-4459_0591f9-a8 .kt-svg-icon-list-text mark.kt-highlight{background-color:unset;font-style:normal;color:#f76a0c;-webkit-box-decoration-break:clone;box-decoration-break:clone;padding-top:0px;padding-right:0px;padding-bottom:0px;padding-left:0px;}<\/style>\n<li class=\"wp-block-kadence-listitem kt-svg-icon-list-item-wrap kt-svg-icon-list-item-4459_0591f9-a8\"><span class=\"kb-svg-icon-wrap kb-svg-icon-fe_checkCircle kt-svg-icon-list-single\"><svg viewBox=\"0 0 24 24\"  fill=\"none\" stroke=\"currentColor\" stroke-width=\"3\" stroke-linecap=\"round\" stroke-linejoin=\"round\" xmlns=\"http:\/\/www.w3.org\/2000\/svg\"  aria-hidden=\"true\"><path d=\"M22 11.08V12a10 10 0 1 1-5.93-9.14\"\/><polyline points=\"22 4 12 14.01 9 11.01\"\/><\/svg><\/span><span class=\"kt-svg-icon-list-text\">Sch\u00e4tzen Sie die au\u00dfergew\u00f6hnliche Qualit\u00e4t eines in Europa hergestellten Accessoires, das faire Arbeitsbedingungen garantiert.<\/span><\/li>\n\n\n<style>.kt-svg-icon-list-item-4459_dc5dc7-08 .kt-svg-icon-list-text mark.kt-highlight{background-color:unset;font-style:normal;color:#f76a0c;-webkit-box-decoration-break:clone;box-decoration-break:clone;padding-top:0px;padding-right:0px;padding-bottom:0px;padding-left:0px;}<\/style>\n<li class=\"wp-block-kadence-listitem kt-svg-icon-list-item-wrap kt-svg-icon-list-item-4459_dc5dc7-08\"><span class=\"kb-svg-icon-wrap kb-svg-icon-fe_checkCircle kt-svg-icon-list-single\"><svg viewBox=\"0 0 24 24\"  fill=\"none\" stroke=\"currentColor\" stroke-width=\"3\" stroke-linecap=\"round\" stroke-linejoin=\"round\" xmlns=\"http:\/\/www.w3.org\/2000\/svg\"  aria-hidden=\"true\"><path d=\"M22 11.08V12a10 10 0 1 1-5.93-9.14\"\/><polyline points=\"22 4 12 14.01 9 11.01\"\/><\/svg><\/span><span class=\"kt-svg-icon-list-text\">Zeigen Sie stolz Ihr Engagement f\u00fcr unseren Planeten mit diesem langlebigen, nach OEKO-TEX STANDARD 100 zertifizierten Mikrofaserg\u00fcrtel.<\/span><\/li>\n<\/ul><\/div>\n\n\n\n<p>Nickelfrei, tierversuchsfrei, einfach tadelloser Stil &#8230;<\/p>\n\n\n\n<p>W\u00e4hlen Sie f\u00fcr den Preis eines Kaffeeausflugs ein Accessoire, das Ihren Stil Tag f\u00fcr Tag hervorhebt.<\/p>\n\n\n\n<p>Sind Sie bereit, Ihren Look zu verbessern und gleichzeitig Ihre Prinzipien zu respektieren? Der Vorrat an Beltblanes-G\u00fcrteln aus veganem Kamelleder in Silber ist begrenzt. Verpassen Sie nicht diese Chance, mit Eleganz und Gewissen zu gl\u00e4nzen.<\/p>\n","protected":false},"excerpt":{"rendered":"<p>Tr\u00e4umen Sie von einem Accessoire, das Raffinesse und Ethik auf subtile Weise vereint? M\u00f6chten Sie Ihren Outfits eine einzigartige Note verleihen und gleichzeitig Ihren Werten treu bleiben? Entdecken Sie Argentinisches und veganes Frauenleder BelBlanes Camel, eine Freude an der Raffinesse in veganem Leder, das die Eleganz und die Umwelt respektiert. Wichtig: BeltBlanes Camel, Sie k\u00f6nnen&#8230;<\/p>\n","protected":false},"featured_media":8046,"comment_status":"open","ping_status":"closed","template":"","meta":{"_acf_changed":false,"_kad_blocks_custom_css":"","_kad_blocks_head_custom_js":"","_kad_blocks_body_custom_js":"","_kad_blocks_footer_custom_js":"","_kad_post_transparent":"","_kad_post_title":"","_kad_post_layout":"","_kad_post_sidebar_id":"","_kad_post_content_style":"","_kad_post_vertical_padding":"","_kad_post_feature":"","_kad_post_feature_position":"","_kad_post_header":false,"_kad_post_footer":false,"_kad_post_classname":""},"product_brand":[],"product_cat":[454,491],"product_tag":[447],"product_brands":[685],"class_list":{"0":"post-11725","1":"product","2":"type-product","3":"status-publish","4":"has-post-thumbnail","6":"product_cat-accessoires-de","7":"product_cat-gurtel","8":"product_tag-frau","9":"product_brands-nae-vegan-shoes-de","11":"first","12":"outofstock","13":"taxable","14":"shipping-taxable","15":"purchasable","16":"product-type-variable","17":"has-default-attributes","18":"entry","19":"content-bg","20":"loop-entry"},"acf":{"avantages":"\u2705 100% OEKO-TEX Mikrofaser: Umweltfreundliche Materialien ohne sch\u00e4dliche Chemikalien.\r\n\r\n\ud83d\udc8e Nickelfreie silberne Schnalle: Perfekt f\u00fcr Allergiker.\r\n\r\n\ud83c\uddea\ud83c\uddf8 Handgefertigt in Spanien: Traditionelles Handwerk und un\u00fcbertroffene Qualit\u00e4t.\r\n\r\n\ud83d\udc57 Nachhaltiger Dameng\u00fcrtel: Das perfekte Finish f\u00fcr Ihr nachhaltiges Outfit.","entretien":"Pflegetipps:1. Reinigen Sie Ihre Schuhe mit einem in Wasser und Seife getr\u00e4nkten Tuch.\r\n\r\n2. Lassen Sie sie vor dem Auftragen trocknen.\r\n\r\n3. Das Auftragen von Schuhcreme wird dringend empfohlen.\r\n\r\n4. Tragen Sie eine kleine Menge mit einem trockenen, weichen Tuch auf und reiben Sie sparsam in kreisenden Bewegungen auf das Material.\r\n\r\n5. Lassen Sie nach dem Auftragen 24 Stunden lang nat\u00fcrlich trocknen.Produktnutzungsdauer:Wenn Sie der Meinung sind, dass Ihr Artikel seine Zeit erreicht hat oder Sie ihn nicht mehr ben\u00f6tigen, \u00fcberlegen Sie, ihm ein zweites Leben zu schenken. Sie k\u00f6nnen sich auch einen neuen Artikel f\u00fcr sich selbst besorgen oder ihn verschenken.","marque":""},"taxonomy_info":{"product_cat":[{"value":454,"label":"Accessoires"},{"value":491,"label":"G\u00fcrtel"}],"product_tag":[{"value":447,"label":"Damenboutique"}],"product_brands":[{"value":685,"label":"NAE Vegan Shoes"}]},"featured_image_src_large":["https:\/\/ekomfort.lu\/wp-content\/uploads\/2023\/08\/ceinture-cuir-femme-9-1024x1024.jpg",1024,1024,true],"author_info":[],"comment_info":0,"_links":{"self":[{"href":"https:\/\/ekomfort.lu\/de\/wp-json\/wp\/v2\/product\/11725","targetHints":{"allow":["GET"]}}],"collection":[{"href":"https:\/\/ekomfort.lu\/de\/wp-json\/wp\/v2\/product"}],"about":[{"href":"https:\/\/ekomfort.lu\/de\/wp-json\/wp\/v2\/types\/product"}],"replies":[{"embeddable":true,"href":"https:\/\/ekomfort.lu\/de\/wp-json\/wp\/v2\/comments?post=11725"}],"wp:featuredmedia":[{"embeddable":true,"href":"https:\/\/ekomfort.lu\/de\/wp-json\/wp\/v2\/media\/8046"}],"wp:attachment":[{"href":"https:\/\/ekomfort.lu\/de\/wp-json\/wp\/v2\/media?parent=11725"}],"wp:term":[{"taxonomy":"product_brand","embeddable":true,"href":"https:\/\/ekomfort.lu\/de\/wp-json\/wp\/v2\/product_brand?post=11725"},{"taxonomy":"product_cat","embeddable":true,"href":"https:\/\/ekomfort.lu\/de\/wp-json\/wp\/v2\/product_cat?post=11725"},{"taxonomy":"product_tag","embeddable":true,"href":"https:\/\/ekomfort.lu\/de\/wp-json\/wp\/v2\/product_tag?post=11725"},{"taxonomy":"product_brands","embeddable":true,"href":"https:\/\/ekomfort.lu\/de\/wp-json\/wp\/v2\/product_brands?post=11725"}],"curies":[{"name":"wp","href":"https:\/\/api.w.org\/{rel}","templated":true}]}}