{"id":11715,"date":"2023-08-16T14:50:07","date_gmt":"2023-08-16T12:50:07","guid":{"rendered":"https:\/\/ekomfort.lu\/shop\/beltbegur-schwarzer-veganer-schwarzer-mikrofaserguertel-von-nae-ethical-elegance-amp-nachhaltigkeit-im-dienste-ihres-stils"},"modified":"2024-07-01T12:06:52","modified_gmt":"2024-07-01T10:06:52","slug":"beltbegur-schwarzer-veganer-schwarzer-mikrofaserguertel-von-nae-ethical-elegance-amp-nachhaltigkeit-im-dienste-ihres-stils","status":"publish","type":"product","link":"https:\/\/ekomfort.lu\/de\/shop\/beltbegur-schwarzer-veganer-schwarzer-mikrofaserguertel-von-nae-ethical-elegance-amp-nachhaltigkeit-im-dienste-ihres-stils\/","title":{"rendered":"BeltBegur Schwarzer veganer schwarzer Mikrofaserg\u00fcrtel von Nae: Ethical Elegance &amp;amp; Nachhaltigkeit im Dienste Ihres Stils"},"content":{"rendered":"\n<p>M\u00f6chten Sie ein Modeaccessoire, das weder in puncto Stil noch Ethik Kompromisse eingeht? Sie m\u00f6chten in ein <strong>nickelfreier Herreng\u00fcrtel<\/strong>, der sowohl solide als auch schick ist?<\/p>\n\n\n\n<p>Hier ist <strong>BeltBegur Black<\/strong>, ein nickelfreier Herreng\u00fcrtel aus veganem Leder, der schlichte \u00c4sthetik, vorbildliche Haltbarkeit und ethisches Bewusstsein vereint.<\/p>\n\n\n\n<p>Mit <strong>BeltBegur Black<\/strong> :<\/p>\n\n\n<style>.wp-block-kadence-iconlist.kt-svg-icon-list-items11715_191f0e-a4:not(.this-stops-third-party-issues){margin-top:0px;margin-bottom:0px;}.wp-block-kadence-iconlist.kt-svg-icon-list-items11715_191f0e-a4 ul.kt-svg-icon-list:not(.this-prevents-issues):not(.this-stops-third-party-issues):not(.tijsloc){margin-top:0px;margin-right:0px;margin-bottom:var(--global-kb-spacing-sm, 1.5rem);margin-left:0px;}.wp-block-kadence-iconlist.kt-svg-icon-list-items11715_191f0e-a4 ul.kt-svg-icon-list{grid-row-gap:5px;}.wp-block-kadence-iconlist.kt-svg-icon-list-items11715_191f0e-a4 .kb-svg-icon-wrap{font-size:18px;color:var(--global-palette1, #3182CE);}.wp-block-kadence-iconlist.kt-svg-icon-list-items11715_191f0e-a4 ul.kt-svg-icon-list .kt-svg-icon-list-item-wrap .kt-svg-icon-list-single{margin-right:10px;}.kt-svg-icon-list-items11715_191f0e-a4 ul.kt-svg-icon-list .kt-svg-icon-list-level-0 .kt-svg-icon-list-single svg{font-size:20px;}<\/style>\n<div class=\"wp-block-kadence-iconlist kt-svg-icon-list-items kt-svg-icon-list-items11715_191f0e-a4 kt-svg-icon-list-columns-1 alignnone\"><ul class=\"kt-svg-icon-list\"><style>.kt-svg-icon-list-item-4458_0192af-5c .kt-svg-icon-list-text mark.kt-highlight{background-color:unset;font-style:normal;color:#f76a0c;-webkit-box-decoration-break:clone;box-decoration-break:clone;padding-top:0px;padding-right:0px;padding-bottom:0px;padding-left:0px;}<\/style>\n<li class=\"wp-block-kadence-listitem kt-svg-icon-list-item-wrap kt-svg-icon-list-item-4458_0192af-5c\"><span class=\"kb-svg-icon-wrap kb-svg-icon-fe_checkCircle kt-svg-icon-list-single\"><svg viewBox=\"0 0 24 24\"  fill=\"none\" stroke=\"currentColor\" stroke-width=\"3\" stroke-linecap=\"round\" stroke-linejoin=\"round\" xmlns=\"http:\/\/www.w3.org\/2000\/svg\"  aria-hidden=\"true\"><path d=\"M22 11.08V12a10 10 0 1 1-5.93-9.14\"\/><polyline points=\"22 4 12 14.01 9 11.01\"\/><\/svg><\/span><span class=\"kt-svg-icon-list-text\">Pr\u00e4sentieren Sie einen eleganten und modernen Look, der zu jedem Anlass passt, dank seines zeitlosen Schwarz und seines <strong>nickelfreie G\u00fcrtelschnalle<\/strong> mit modernem Design.<\/span><\/li>\n\n\n<style>.kt-svg-icon-list-item-4458_e1d386-94 .kt-svg-icon-list-text mark.kt-highlight{background-color:unset;font-style:normal;color:#f76a0c;-webkit-box-decoration-break:clone;box-decoration-break:clone;padding-top:0px;padding-right:0px;padding-bottom:0px;padding-left:0px;}<\/style>\n<li class=\"wp-block-kadence-listitem kt-svg-icon-list-item-wrap kt-svg-icon-list-item-4458_e1d386-94\"><span class=\"kb-svg-icon-wrap kb-svg-icon-fe_checkCircle kt-svg-icon-list-single\"><svg viewBox=\"0 0 24 24\"  fill=\"none\" stroke=\"currentColor\" stroke-width=\"3\" stroke-linecap=\"round\" stroke-linejoin=\"round\" xmlns=\"http:\/\/www.w3.org\/2000\/svg\"  aria-hidden=\"true\"><path d=\"M22 11.08V12a10 10 0 1 1-5.93-9.14\"\/><polyline points=\"22 4 12 14.01 9 11.01\"\/><\/svg><\/span><span class=\"kt-svg-icon-list-text\">Profitieren Sie vom Komfort und der Robustheit von hochwertigem veganem Leder, das widerstandsf\u00e4hig und umweltfreundlich ist und so konzipiert ist, dass es standh\u00e4lt, ohne sich zu verformen.<\/span><\/li>\n\n\n<style>.kt-svg-icon-list-item-4458_e64113-85 .kt-svg-icon-list-text mark.kt-highlight{background-color:unset;font-style:normal;color:#f76a0c;-webkit-box-decoration-break:clone;box-decoration-break:clone;padding-top:0px;padding-right:0px;padding-bottom:0px;padding-left:0px;}<\/style>\n<li class=\"wp-block-kadence-listitem kt-svg-icon-list-item-wrap kt-svg-icon-list-item-4458_e64113-85\"><span class=\"kb-svg-icon-wrap kb-svg-icon-fe_checkCircle kt-svg-icon-list-single\"><svg viewBox=\"0 0 24 24\"  fill=\"none\" stroke=\"currentColor\" stroke-width=\"3\" stroke-linecap=\"round\" stroke-linejoin=\"round\" xmlns=\"http:\/\/www.w3.org\/2000\/svg\"  aria-hidden=\"true\"><path d=\"M22 11.08V12a10 10 0 1 1-5.93-9.14\"\/><polyline points=\"22 4 12 14.01 9 11.01\"\/><\/svg><\/span><span class=\"kt-svg-icon-list-text\">Bekr\u00e4ftigen Sie Ihre Werte, indem Sie sich f\u00fcr ein handwerkliches Produkt entscheiden, das in Spanien unter fairen und respektvollen Arbeitsbedingungen hergestellt wird.<\/span><\/li>\n<\/ul><\/div>\n\n\n\n<p>Keine Allergene, keine Tierqu\u00e4lerei, einfach pure Eleganz &#8230;<\/p>\n\n\n\n<p>Und das alles zum Preis eines Standardg\u00fcrtels, aber mit der Garantie einer verantwortungsvollen und qualitativ hochwertigen Wahl.<\/p>\n\n\n\n<p>Sind Sie also bereit, in ein Accessoire zu investieren, das Sie t\u00e4glich begleitet und gleichzeitig Ihren \u00dcberzeugungen treu bleibt? Le <strong>BeltBegur Black<\/strong> ist sehr g\u00fcnstig und unsere Lagerbest\u00e4nde sind schnelllebig. Nutzen Sie diese Gelegenheit unverz\u00fcglich!<\/p>\n","protected":false},"excerpt":{"rendered":"<p>M\u00f6chten Sie ein Modeaccessoire, das weder in puncto Stil noch Ethik Kompromisse eingeht? Sie m\u00f6chten in ein nickelfreier Herreng\u00fcrtel, der sowohl solide als auch schick ist? Hier ist BeltBegur Black, ein nickelfreier Herreng\u00fcrtel aus veganem Leder, der schlichte \u00c4sthetik, vorbildliche Haltbarkeit und ethisches Bewusstsein vereint. Mit BeltBegur Black : Keine Allergene, keine Tierqu\u00e4lerei, einfach pure&#8230;<\/p>\n","protected":false},"featured_media":7996,"comment_status":"open","ping_status":"closed","template":"","meta":{"_acf_changed":false,"_kad_blocks_custom_css":"","_kad_blocks_head_custom_js":"","_kad_blocks_body_custom_js":"","_kad_blocks_footer_custom_js":"","_kad_post_transparent":"","_kad_post_title":"","_kad_post_layout":"","_kad_post_sidebar_id":"","_kad_post_content_style":"","_kad_post_vertical_padding":"","_kad_post_feature":"","_kad_post_feature_position":"","_kad_post_header":false,"_kad_post_footer":false,"_kad_post_classname":""},"product_brand":[],"product_cat":[454,491],"product_tag":[415],"product_brands":[],"class_list":{"0":"post-11715","1":"product","2":"type-product","3":"status-publish","4":"has-post-thumbnail","6":"product_cat-accessoires-de","7":"product_cat-gurtel","8":"product_tag-mann","10":"first","11":"outofstock","12":"taxable","13":"shipping-taxable","14":"purchasable","15":"product-type-variable","16":"has-default-attributes","17":"entry","18":"content-bg","19":"loop-entry"},"acf":{"avantages":"\ud83c\udf3f 100% Mikrofaser: Ein eleganter und umweltfreundlicher Look.\r\n\r\n\ud83d\udd12 Nickelfreie silberne Schnalle: Vermeidet Allergien und Hautreizungen.\ud83c\uddea\ud83c\uddf8 Handgefertigt in Spanien: Garantiert eine erstklassige Verarbeitungsqualit\u00e4t.\r\n\r\n\ud83d\udcbc Nachhaltiger Modeg\u00fcrtel f\u00fcr Herren: Betont Stil und Langlebigkeit.","entretien":"Reinigen Sie Ihre Schuhe mit einem Tuch, das mit Wasser und Seife getr\u00e4nkt ist. Lassen Sie sie vor der Anwendung trocknen. Das Auftragen einer Politur wird dringend empfohlen. Tragen Sie eine kleine Menge mit einem trockenen, weichen Tuch auf und reiben Sie sie sparsam mit kreisenden Bewegungen auf den Stoff. Lassen Sie sie nach dem Auftragen 24 Stunden lang nat\u00fcrlich trocknen.Produktnutzungsdauer:Wenn Sie der Meinung sind, dass Ihr Artikel seine Zeit hinter sich hat oder Sie ihn nicht mehr ben\u00f6tigen, denken Sie daran, ihm ein zweites Leben zu schenken. Sie k\u00f6nnen sich auch einen neuen Artikel f\u00fcr sich selbst besorgen oder ihn verschenken.","marque":""},"taxonomy_info":{"product_cat":[{"value":454,"label":"Accessoires"},{"value":491,"label":"G\u00fcrtel"}],"product_tag":[{"value":415,"label":"Herrenboutique"}]},"featured_image_src_large":["https:\/\/ekomfort.lu\/wp-content\/uploads\/2023\/08\/BeltBegur-1024x1024.jpg",1024,1024,true],"author_info":[],"comment_info":0,"_links":{"self":[{"href":"https:\/\/ekomfort.lu\/de\/wp-json\/wp\/v2\/product\/11715","targetHints":{"allow":["GET"]}}],"collection":[{"href":"https:\/\/ekomfort.lu\/de\/wp-json\/wp\/v2\/product"}],"about":[{"href":"https:\/\/ekomfort.lu\/de\/wp-json\/wp\/v2\/types\/product"}],"replies":[{"embeddable":true,"href":"https:\/\/ekomfort.lu\/de\/wp-json\/wp\/v2\/comments?post=11715"}],"wp:featuredmedia":[{"embeddable":true,"href":"https:\/\/ekomfort.lu\/de\/wp-json\/wp\/v2\/media\/7996"}],"wp:attachment":[{"href":"https:\/\/ekomfort.lu\/de\/wp-json\/wp\/v2\/media?parent=11715"}],"wp:term":[{"taxonomy":"product_brand","embeddable":true,"href":"https:\/\/ekomfort.lu\/de\/wp-json\/wp\/v2\/product_brand?post=11715"},{"taxonomy":"product_cat","embeddable":true,"href":"https:\/\/ekomfort.lu\/de\/wp-json\/wp\/v2\/product_cat?post=11715"},{"taxonomy":"product_tag","embeddable":true,"href":"https:\/\/ekomfort.lu\/de\/wp-json\/wp\/v2\/product_tag?post=11715"},{"taxonomy":"product_brands","embeddable":true,"href":"https:\/\/ekomfort.lu\/de\/wp-json\/wp\/v2\/product_brands?post=11715"}],"curies":[{"name":"wp","href":"https:\/\/api.w.org\/{rel}","templated":true}]}}