{"id":11710,"date":"2023-08-16T14:50:07","date_gmt":"2023-08-16T12:50:07","guid":{"rendered":"https:\/\/ekomfort.lu\/shop\/naes-blauer-baga-silberguertel-fuer-damen-dezente-eleganz-fuer-alle-ihre-outfits"},"modified":"2024-07-01T12:06:33","modified_gmt":"2024-07-01T10:06:33","slug":"naes-blauer-baga-silberguertel-fuer-damen-dezente-eleganz-fuer-alle-ihre-outfits","status":"publish","type":"product","link":"https:\/\/ekomfort.lu\/de\/shop\/naes-blauer-baga-silberguertel-fuer-damen-dezente-eleganz-fuer-alle-ihre-outfits\/","title":{"rendered":"Naes blauer Baga-Silberg\u00fcrtel f\u00fcr Damen: Dezente Eleganz f\u00fcr alle Ihre Outfits"},"content":{"rendered":"\n<p>Suche nach <strong>d\u00fcnner Dameng\u00fcrtel<\/strong>, der Ihren Look aufwertet, ohne ihn zu \u00fcberschatten? M\u00f6chten Sie ein Accessoire, das praktisch, langlebig und umweltfreundlich ist?<\/p>\n\n\n\n<p>Entdecken Sie <strong>Baga Bleue<\/strong> : la <strong>Argentinisches Damenmode<\/strong> in unserem veganen Stil, eine Kombination aus Stil, Komfort und Ethik.<\/p>\n\n\n\n<p>Prenez Besitz von <strong>Argent\u00e9e Femme Baga Bleue<\/strong> und :<\/p>\n\n\n<style>.wp-block-kadence-iconlist.kt-svg-icon-list-items11710_7e44cc-4f:not(.this-stops-third-party-issues){margin-top:0px;margin-bottom:0px;}.wp-block-kadence-iconlist.kt-svg-icon-list-items11710_7e44cc-4f ul.kt-svg-icon-list:not(.this-prevents-issues):not(.this-stops-third-party-issues):not(.tijsloc){margin-top:0px;margin-right:0px;margin-bottom:var(--global-kb-spacing-sm, 1.5rem);margin-left:0px;}.wp-block-kadence-iconlist.kt-svg-icon-list-items11710_7e44cc-4f ul.kt-svg-icon-list{grid-row-gap:5px;}.wp-block-kadence-iconlist.kt-svg-icon-list-items11710_7e44cc-4f .kb-svg-icon-wrap{font-size:18px;color:var(--global-palette1, #3182CE);}.wp-block-kadence-iconlist.kt-svg-icon-list-items11710_7e44cc-4f ul.kt-svg-icon-list .kt-svg-icon-list-item-wrap .kt-svg-icon-list-single{margin-right:10px;}.kt-svg-icon-list-items11710_7e44cc-4f ul.kt-svg-icon-list .kt-svg-icon-list-level-0 .kt-svg-icon-list-single svg{font-size:20px;}<\/style>\n<div class=\"wp-block-kadence-iconlist kt-svg-icon-list-items kt-svg-icon-list-items11710_7e44cc-4f kt-svg-icon-list-columns-1 alignnone\"><ul class=\"kt-svg-icon-list\"><style>.kt-svg-icon-list-item-4457_0e63d5-97 .kt-svg-icon-list-text mark.kt-highlight{background-color:unset;font-style:normal;color:#f76a0c;-webkit-box-decoration-break:clone;box-decoration-break:clone;padding-top:0px;padding-right:0px;padding-bottom:0px;padding-left:0px;}<\/style>\n<li class=\"wp-block-kadence-listitem kt-svg-icon-list-item-wrap kt-svg-icon-list-item-4457_0e63d5-97\"><span class=\"kb-svg-icon-wrap kb-svg-icon-fe_checkCircle kt-svg-icon-list-single\"><svg viewBox=\"0 0 24 24\"  fill=\"none\" stroke=\"currentColor\" stroke-width=\"3\" stroke-linecap=\"round\" stroke-linejoin=\"round\" xmlns=\"http:\/\/www.w3.org\/2000\/svg\"  aria-hidden=\"true\"><path d=\"M22 11.08V12a10 10 0 1 1-5.93-9.14\"\/><polyline points=\"22 4 12 14.01 9 11.01\"\/><\/svg><\/span><span class=\"kt-svg-icon-list-text\">Stellen Sie sich vor, wie es Ihre Outfits aufwerten wird, mit seinem eleganten Blauton, der einen dezenten Hauch von Raffinesse verleiht, ohne jemals aufdringlich zu wirken.<\/span><\/li>\n\n\n<style>.kt-svg-icon-list-item-4457_29a2a8-03 .kt-svg-icon-list-text mark.kt-highlight{background-color:unset;font-style:normal;color:#f76a0c;-webkit-box-decoration-break:clone;box-decoration-break:clone;padding-top:0px;padding-right:0px;padding-bottom:0px;padding-left:0px;}<\/style>\n<li class=\"wp-block-kadence-listitem kt-svg-icon-list-item-wrap kt-svg-icon-list-item-4457_29a2a8-03\"><span class=\"kb-svg-icon-wrap kb-svg-icon-fe_checkCircle kt-svg-icon-list-single\"><svg viewBox=\"0 0 24 24\"  fill=\"none\" stroke=\"currentColor\" stroke-width=\"3\" stroke-linecap=\"round\" stroke-linejoin=\"round\" xmlns=\"http:\/\/www.w3.org\/2000\/svg\"  aria-hidden=\"true\"><path d=\"M22 11.08V12a10 10 0 1 1-5.93-9.14\"\/><polyline points=\"22 4 12 14.01 9 11.01\"\/><\/svg><\/span><span class=\"kt-svg-icon-list-text\">Genie\u00dfen Sie die sanfte Haptik und Widerstandsf\u00e4higkeit dieser <strong>d\u00fcnner blauer G\u00fcrtel<\/strong>, dank der Verwendung von hochwertigem veganem Nobuk, ebenso umweltfreundlich wie hypoallergen.<\/span><\/li>\n\n\n<style>.kt-svg-icon-list-item-4457_c4ac24-e2 .kt-svg-icon-list-text mark.kt-highlight{background-color:unset;font-style:normal;color:#f76a0c;-webkit-box-decoration-break:clone;box-decoration-break:clone;padding-top:0px;padding-right:0px;padding-bottom:0px;padding-left:0px;}<\/style>\n<li class=\"wp-block-kadence-listitem kt-svg-icon-list-item-wrap kt-svg-icon-list-item-4457_c4ac24-e2\"><span class=\"kb-svg-icon-wrap kb-svg-icon-fe_checkCircle kt-svg-icon-list-single\"><svg viewBox=\"0 0 24 24\"  fill=\"none\" stroke=\"currentColor\" stroke-width=\"3\" stroke-linecap=\"round\" stroke-linejoin=\"round\" xmlns=\"http:\/\/www.w3.org\/2000\/svg\"  aria-hidden=\"true\"><path d=\"M22 11.08V12a10 10 0 1 1-5.93-9.14\"\/><polyline points=\"22 4 12 14.01 9 11.01\"\/><\/svg><\/span><span class=\"kt-svg-icon-list-text\">Genie\u00dfen Sie die Robustheit durch solide N\u00e4hte und eine nickelfreie Metallschnalle f\u00fcr einwandfreien Tragekomfort den ganzen Tag.<\/span><\/li>\n<\/ul><\/div>\n\n\n\n<p>ohne Grausamkeit, ohne CO2-Emissionen, ohne Reue\u2026<\/p>\n\n\n\n<p>G\u00f6nnen Sie sich zum Preis einer einfachen Mahlzeit in einem Restaurant ein nachhaltiges Modeaccessoire, das Ihre Garderobe aufwertet und gleichzeitig ein Unternehmen unterst\u00fctzt, das Ihre Werte teilt.<\/p>\n\n\n\n<p>Sind Sie also bereit, Ihrem Outfit des Tages mit dem <strong>Baga Blue Belt<\/strong>? Die Vorr\u00e4te gehen schnell zur Neige, verpassen Sie nicht diese einmalige Gelegenheit!<\/p>\n","protected":false},"excerpt":{"rendered":"<p>Suche nach d\u00fcnner Dameng\u00fcrtel, der Ihren Look aufwertet, ohne ihn zu \u00fcberschatten? M\u00f6chten Sie ein Accessoire, das praktisch, langlebig und umweltfreundlich ist? Entdecken Sie Baga Bleue : la Argentinisches Damenmode in unserem veganen Stil, eine Kombination aus Stil, Komfort und Ethik. Prenez Besitz von Argent\u00e9e Femme Baga Bleue und : ohne Grausamkeit, ohne CO2-Emissionen, ohne&#8230;<\/p>\n","protected":false},"featured_media":7992,"comment_status":"open","ping_status":"closed","template":"","meta":{"_acf_changed":false,"_kad_blocks_custom_css":"","_kad_blocks_head_custom_js":"","_kad_blocks_body_custom_js":"","_kad_blocks_footer_custom_js":"","_kad_post_transparent":"","_kad_post_title":"","_kad_post_layout":"","_kad_post_sidebar_id":"","_kad_post_content_style":"","_kad_post_vertical_padding":"","_kad_post_feature":"","_kad_post_feature_position":"","_kad_post_header":false,"_kad_post_footer":false,"_kad_post_classname":""},"product_brand":[],"product_cat":[454,491],"product_tag":[447],"product_brands":[685],"class_list":{"0":"post-11710","1":"product","2":"type-product","3":"status-publish","4":"has-post-thumbnail","6":"product_cat-accessoires-de","7":"product_cat-gurtel","8":"product_tag-frau","9":"product_brands-nae-vegan-shoes-de","11":"first","12":"outofstock","13":"taxable","14":"shipping-taxable","15":"purchasable","16":"product-type-variable","17":"has-default-attributes","18":"entry","19":"content-bg","20":"loop-entry"},"acf":{"avantages":"\ud83c\udf3f Riemenmaterial: Hergestellt aus umweltfreundlichen Mikrofasern in veganem Nobuk. Frei von giftigen Stoffen und umweltfreundlich.\r\n\r\n\ud83d\udca7 Optimale Hygiene: Hypoallergen, antibakteriell und antimikrobiell.\r\n\r\n\ud83c\udf0d Umweltfreundlich: Hergestellt in einem Prozess, der kein CO2 freisetzt und weder Wasser noch Energie verschwendet.\r\n\r\n\ud83d\udd12 Sichere Befestigung: Quadratische Schnalle mit glattem silberfarbenem Metallstift, garantiert nickel- und allergenfrei.\r\n\r\n\ud83d\udc63 Bequem: Gerade Zehenform, leicht gebogen f\u00fcr optimalen Komfort.\r\n\r\n\ud83d\udccf Riemenbreite: 2 cm f\u00fcr guten Halt.\ud83c\uddea\ud83c\uddf8 Hergestellt in Spanien: Mit gro\u00dfer Sorgfalt und unter Verwendung umweltfreundlicher Materialien und Herstellungsprozesse.\r\n\r\n\u2728 Faire Arbeitsbedingungen: Unterst\u00fctzung ethischer und verantwortungsvoller Praktiken.","entretien":"Reinigen Sie das Produkt mit einem in Seifenwasser getr\u00e4nkten Tuch. Verwenden Sie f\u00fcr hartn\u00e4ckige Flecken eine weiche Schuhb\u00fcrste, ebenfalls in Seifenwasser getr\u00e4nkt, und reiben Sie sanft in kreisenden Bewegungen. Entfernen Sie dann die Seife mit einem feuchten Tuch. Lassen Sie es schlie\u00dflich 24 Stunden lang an der Luft trocknen, ohne es direkter Sonneneinstrahlung auszusetzen.Achtung: Die Verwendung einer Reinigungscreme wird nicht empfohlen. Geben Sie dieses Produkt nicht in die Waschmaschine. Tauchen Sie es auch nicht in Wasser ein, da es irreparable Sch\u00e4den erleiden k\u00f6nnte.Wenn Sie der Meinung sind, dass Ihr veganes Produkt seine Zeit hatte oder Sie es nicht mehr ben\u00f6tigen, denken Sie daran, ihm ein zweites Leben zu schenken. Verwenden Sie es auf eine andere Weise f\u00fcr sich selbst oder lassen Sie jemand anderen davon profitieren.","marque":""},"taxonomy_info":{"product_cat":[{"value":454,"label":"Accessoires"},{"value":491,"label":"G\u00fcrtel"}],"product_tag":[{"value":447,"label":"Damenboutique"}],"product_brands":[{"value":685,"label":"NAE Vegan Shoes"}]},"featured_image_src_large":["https:\/\/ekomfort.lu\/wp-content\/uploads\/2023\/08\/BeltBaga_Blue-1024x1024.jpg",1024,1024,true],"author_info":[],"comment_info":0,"_links":{"self":[{"href":"https:\/\/ekomfort.lu\/de\/wp-json\/wp\/v2\/product\/11710","targetHints":{"allow":["GET"]}}],"collection":[{"href":"https:\/\/ekomfort.lu\/de\/wp-json\/wp\/v2\/product"}],"about":[{"href":"https:\/\/ekomfort.lu\/de\/wp-json\/wp\/v2\/types\/product"}],"replies":[{"embeddable":true,"href":"https:\/\/ekomfort.lu\/de\/wp-json\/wp\/v2\/comments?post=11710"}],"wp:featuredmedia":[{"embeddable":true,"href":"https:\/\/ekomfort.lu\/de\/wp-json\/wp\/v2\/media\/7992"}],"wp:attachment":[{"href":"https:\/\/ekomfort.lu\/de\/wp-json\/wp\/v2\/media?parent=11710"}],"wp:term":[{"taxonomy":"product_brand","embeddable":true,"href":"https:\/\/ekomfort.lu\/de\/wp-json\/wp\/v2\/product_brand?post=11710"},{"taxonomy":"product_cat","embeddable":true,"href":"https:\/\/ekomfort.lu\/de\/wp-json\/wp\/v2\/product_cat?post=11710"},{"taxonomy":"product_tag","embeddable":true,"href":"https:\/\/ekomfort.lu\/de\/wp-json\/wp\/v2\/product_tag?post=11710"},{"taxonomy":"product_brands","embeddable":true,"href":"https:\/\/ekomfort.lu\/de\/wp-json\/wp\/v2\/product_brands?post=11710"}],"curies":[{"name":"wp","href":"https:\/\/api.w.org\/{rel}","templated":true}]}}