{"id":11705,"date":"2023-08-16T14:50:08","date_gmt":"2023-08-16T12:50:08","guid":{"rendered":"https:\/\/ekomfort.lu\/shop\/beltcamp-black-der-nickelfreie-damenguertel-aus-schwarzer-mikrofaser-das-trendige-und-ethische-modeaccessoire-schlechthin"},"modified":"2024-07-01T12:06:28","modified_gmt":"2024-07-01T10:06:28","slug":"beltcamp-black-der-nickelfreie-damenguertel-aus-schwarzer-mikrofaser-das-trendige-und-ethische-modeaccessoire-schlechthin","status":"publish","type":"product","link":"https:\/\/ekomfort.lu\/de\/shop\/beltcamp-black-der-nickelfreie-damenguertel-aus-schwarzer-mikrofaser-das-trendige-und-ethische-modeaccessoire-schlechthin\/","title":{"rendered":"BeltCamp Black: Der nickelfreie Dameng\u00fcrtel aus schwarzer Mikrofaser \u2013 das trendige und ethische Modeaccessoire schlechthin"},"content":{"rendered":"\n<p>Suchen Sie ein Accessoire, das sowohl schick als auch ethisch ist, um Ihr Outfit zu perfektionieren? M\u00f6chten Sie Komfort, Haltbarkeit und Stil in alle Ihre Kleidungsentscheidungen integrieren?<\/p>\n\n\n\n<p>Entdecken Sie <strong>BeltCamp Black<\/strong>, la <strong>Tendenzielles weibliches Design<\/strong> aus veganem Leder, das die perfekte Mischung aus Eleganz, Respekt vor Umwelt und Ethik verk\u00f6rpert.<\/p>\n\n\n\n<p>Optional f\u00fcr <strong>Ceinture sans nickel BeltCamp Black<\/strong>:<\/p>\n\n\n<style>.wp-block-kadence-iconlist.kt-svg-icon-list-items11705_2c656d-82:not(.this-stops-third-party-issues){margin-top:0px;margin-bottom:0px;}.wp-block-kadence-iconlist.kt-svg-icon-list-items11705_2c656d-82 ul.kt-svg-icon-list:not(.this-prevents-issues):not(.this-stops-third-party-issues):not(.tijsloc){margin-top:0px;margin-right:0px;margin-bottom:var(--global-kb-spacing-sm, 1.5rem);margin-left:0px;}.wp-block-kadence-iconlist.kt-svg-icon-list-items11705_2c656d-82 ul.kt-svg-icon-list{grid-row-gap:5px;}.wp-block-kadence-iconlist.kt-svg-icon-list-items11705_2c656d-82 .kb-svg-icon-wrap{font-size:18px;color:var(--global-palette1, #3182CE);}.wp-block-kadence-iconlist.kt-svg-icon-list-items11705_2c656d-82 ul.kt-svg-icon-list .kt-svg-icon-list-item-wrap .kt-svg-icon-list-single{margin-right:10px;}.kt-svg-icon-list-items11705_2c656d-82 ul.kt-svg-icon-list .kt-svg-icon-list-level-0 .kt-svg-icon-list-single svg{font-size:20px;}<\/style>\n<div class=\"wp-block-kadence-iconlist kt-svg-icon-list-items kt-svg-icon-list-items11705_2c656d-82 kt-svg-icon-list-columns-1 alignnone\"><ul class=\"kt-svg-icon-list\"><style>.kt-svg-icon-list-item-4463_7f9544-2f .kt-svg-icon-list-text mark.kt-highlight{background-color:unset;font-style:normal;color:#f76a0c;-webkit-box-decoration-break:clone;box-decoration-break:clone;padding-top:0px;padding-right:0px;padding-bottom:0px;padding-left:0px;}<\/style>\n<li class=\"wp-block-kadence-listitem kt-svg-icon-list-item-wrap kt-svg-icon-list-item-4463_7f9544-2f\"><span class=\"kb-svg-icon-wrap kb-svg-icon-fe_checkCircle kt-svg-icon-list-single\"><svg viewBox=\"0 0 24 24\"  fill=\"none\" stroke=\"currentColor\" stroke-width=\"3\" stroke-linecap=\"round\" stroke-linejoin=\"round\" xmlns=\"http:\/\/www.w3.org\/2000\/svg\"  aria-hidden=\"true\"><path d=\"M22 11.08V12a10 10 0 1 1-5.93-9.14\"\/><polyline points=\"22 4 12 14.01 9 11.01\"\/><\/svg><\/span><span class=\"kt-svg-icon-list-text\">Bringen Sie Ihr Engagement f\u00fcr bewusste Mode zum Ausdruck, dank eines robusten und umweltbewussten Mikrofaserg\u00fcrtels mit OEKO-TEX STANDARD 100-Zertifizierung.<\/span><\/li>\n\n\n<style>.kt-svg-icon-list-item-4463_a6db94-2a .kt-svg-icon-list-text mark.kt-highlight{background-color:unset;font-style:normal;color:#f76a0c;-webkit-box-decoration-break:clone;box-decoration-break:clone;padding-top:0px;padding-right:0px;padding-bottom:0px;padding-left:0px;}<\/style>\n<li class=\"wp-block-kadence-listitem kt-svg-icon-list-item-wrap kt-svg-icon-list-item-4463_a6db94-2a\"><span class=\"kb-svg-icon-wrap kb-svg-icon-fe_checkCircle kt-svg-icon-list-single\"><svg viewBox=\"0 0 24 24\"  fill=\"none\" stroke=\"currentColor\" stroke-width=\"3\" stroke-linecap=\"round\" stroke-linejoin=\"round\" xmlns=\"http:\/\/www.w3.org\/2000\/svg\"  aria-hidden=\"true\"><path d=\"M22 11.08V12a10 10 0 1 1-5.93-9.14\"\/><polyline points=\"22 4 12 14.01 9 11.01\"\/><\/svg><\/span><span class=\"kt-svg-icon-list-text\">Werten Sie Ihre Outfits, egal ob l\u00e4ssig oder formell, mit diesem eleganten schwarzen G\u00fcrtel mit modernem Design auf.<\/span><\/li>\n\n\n<style>.kt-svg-icon-list-item-4463_7cb641-41 .kt-svg-icon-list-text mark.kt-highlight{background-color:unset;font-style:normal;color:#f76a0c;-webkit-box-decoration-break:clone;box-decoration-break:clone;padding-top:0px;padding-right:0px;padding-bottom:0px;padding-left:0px;}<\/style>\n<li class=\"wp-block-kadence-listitem kt-svg-icon-list-item-wrap kt-svg-icon-list-item-4463_7cb641-41\"><span class=\"kb-svg-icon-wrap kb-svg-icon-fe_checkCircle kt-svg-icon-list-single\"><svg viewBox=\"0 0 24 24\"  fill=\"none\" stroke=\"currentColor\" stroke-width=\"3\" stroke-linecap=\"round\" stroke-linejoin=\"round\" xmlns=\"http:\/\/www.w3.org\/2000\/svg\"  aria-hidden=\"true\"><path d=\"M22 11.08V12a10 10 0 1 1-5.93-9.14\"\/><polyline points=\"22 4 12 14.01 9 11.01\"\/><\/svg><\/span><span class=\"kt-svg-icon-list-text\">Genie\u00dfen Sie unvergleichlichen Komfort dank einer nickelfreien Schnalle und spanischer Handwerkskunst, die faire Arbeitsbedingungen garantiert.<\/span><\/li>\n<\/ul><\/div>\n\n\n\n<p>ohne Kompromisse beim Stil, ohne Tierqu\u00e4lerei, ohne sch\u00e4dliche Materialien &#8230;<\/p>\n\n\n\n<p>F\u00fcr weniger als die Kosten eines Kinobesuchs erhalten Sie ein langlebiges Accessoire, das Ihnen lange Freude bereiten wird.<\/p>\n\n\n\n<p>Sind Sie also bereit, mit dem <strong>BeltCamp Black<\/strong> ? Beeilen Sie sich, dieser G\u00fcrtel ist sehr beliebt und die Lagerbest\u00e4nde gehen schnell zur\u00fcck.<\/p>\n","protected":false},"excerpt":{"rendered":"<p>Suchen Sie ein Accessoire, das sowohl schick als auch ethisch ist, um Ihr Outfit zu perfektionieren? M\u00f6chten Sie Komfort, Haltbarkeit und Stil in alle Ihre Kleidungsentscheidungen integrieren? Entdecken Sie BeltCamp Black, la Tendenzielles weibliches Design aus veganem Leder, das die perfekte Mischung aus Eleganz, Respekt vor Umwelt und Ethik verk\u00f6rpert. Optional f\u00fcr Ceinture sans nickel&#8230;<\/p>\n","protected":false},"featured_media":8012,"comment_status":"open","ping_status":"closed","template":"","meta":{"_acf_changed":false,"_kad_blocks_custom_css":"","_kad_blocks_head_custom_js":"","_kad_blocks_body_custom_js":"","_kad_blocks_footer_custom_js":"","_kad_post_transparent":"","_kad_post_title":"","_kad_post_layout":"","_kad_post_sidebar_id":"","_kad_post_content_style":"","_kad_post_vertical_padding":"","_kad_post_feature":"","_kad_post_feature_position":"","_kad_post_header":false,"_kad_post_footer":false,"_kad_post_classname":""},"product_brand":[],"product_cat":[454,491],"product_tag":[447],"product_brands":[685],"class_list":{"0":"post-11705","1":"product","2":"type-product","3":"status-publish","4":"has-post-thumbnail","6":"product_cat-accessoires-de","7":"product_cat-gurtel","8":"product_tag-frau","9":"product_brands-nae-vegan-shoes-de","11":"first","12":"outofstock","13":"taxable","14":"shipping-taxable","15":"purchasable","16":"product-type-variable","17":"has-default-attributes","18":"entry","19":"content-bg","20":"loop-entry"},"acf":{"avantages":"\ud83c\udf31 Zusammensetzung: Hergestellt aus 100% zertifizierter OEKO-TEX STANDARD 100 Mikrofaser. Ein hochwertiges und umweltfreundliches Material.\r\n\r\n\u26a1\ufe0f Nickelfreie silberne Schnalle, ideal f\u00fcr Allergiker.\r\n\r\n\ud83c\udfa8 Handgefertigt in Spanien, betont traditionelles Handwerk und Qualit\u00e4t.\r\n\r\n\ud83c\udf0d Nachhaltiger G\u00fcrtel f\u00fcr Frauen, bietet eine nachhaltige und umweltfreundliche Option.","entretien":"1. Reinigen Sie Ihre Schuhe mit einem Tuch, das mit Wasser und Seife getr\u00e4nkt ist.\r\n\r\n2. Lassen Sie sie trocknen, bevor Sie etwas auftragen.\r\n\r\n3. Das Auftragen von Schuhcreme wird dringend empfohlen.\r\n\r\n4. Tragen Sie eine kleine Menge mit einem trockenen, weichen Tuch auf und reiben Sie es sparsam mit kreisenden Bewegungen auf den Stoff.\r\n\r\n5. Lassen Sie es nach dem Auftragen 24 Stunden lang nat\u00fcrlich trocknen.Produktlebensdauer:Wenn Sie der Meinung sind, dass Ihr Artikel seine Zeit hinter sich hat oder Sie ihn nicht mehr ben\u00f6tigen, \u00fcberlegen Sie, ihm ein zweites Leben zu schenken. Sie k\u00f6nnen auch einen neuen Artikel f\u00fcr sich selbst besorgen oder ihn verschenken.","marque":""},"taxonomy_info":{"product_cat":[{"value":454,"label":"Accessoires"},{"value":491,"label":"G\u00fcrtel"}],"product_tag":[{"value":447,"label":"Damenboutique"}],"product_brands":[{"value":685,"label":"NAE Vegan Shoes"}]},"featured_image_src_large":["https:\/\/ekomfort.lu\/wp-content\/uploads\/2023\/08\/beltcamp-black-1024x1024.jpg",1024,1024,true],"author_info":[],"comment_info":0,"_links":{"self":[{"href":"https:\/\/ekomfort.lu\/de\/wp-json\/wp\/v2\/product\/11705","targetHints":{"allow":["GET"]}}],"collection":[{"href":"https:\/\/ekomfort.lu\/de\/wp-json\/wp\/v2\/product"}],"about":[{"href":"https:\/\/ekomfort.lu\/de\/wp-json\/wp\/v2\/types\/product"}],"replies":[{"embeddable":true,"href":"https:\/\/ekomfort.lu\/de\/wp-json\/wp\/v2\/comments?post=11705"}],"wp:featuredmedia":[{"embeddable":true,"href":"https:\/\/ekomfort.lu\/de\/wp-json\/wp\/v2\/media\/8012"}],"wp:attachment":[{"href":"https:\/\/ekomfort.lu\/de\/wp-json\/wp\/v2\/media?parent=11705"}],"wp:term":[{"taxonomy":"product_brand","embeddable":true,"href":"https:\/\/ekomfort.lu\/de\/wp-json\/wp\/v2\/product_brand?post=11705"},{"taxonomy":"product_cat","embeddable":true,"href":"https:\/\/ekomfort.lu\/de\/wp-json\/wp\/v2\/product_cat?post=11705"},{"taxonomy":"product_tag","embeddable":true,"href":"https:\/\/ekomfort.lu\/de\/wp-json\/wp\/v2\/product_tag?post=11705"},{"taxonomy":"product_brands","embeddable":true,"href":"https:\/\/ekomfort.lu\/de\/wp-json\/wp\/v2\/product_brands?post=11705"}],"curies":[{"name":"wp","href":"https:\/\/api.w.org\/{rel}","templated":true}]}}