{"id":11695,"date":"2023-08-16T14:50:08","date_gmt":"2023-08-16T12:50:08","guid":{"rendered":"https:\/\/ekomfort.lu\/shop\/silberner-damenguertel-beltcarme-black-von-nae-ein-hauch-von-ethischem-chic-um-ihren-look-zu-vervollstaendigen"},"modified":"2024-07-01T12:06:21","modified_gmt":"2024-07-01T10:06:21","slug":"silberner-damenguertel-beltcarme-black-von-nae-ein-hauch-von-ethischem-chic-um-ihren-look-zu-vervollstaendigen","status":"publish","type":"product","link":"https:\/\/ekomfort.lu\/de\/shop\/silberner-damenguertel-beltcarme-black-von-nae-ein-hauch-von-ethischem-chic-um-ihren-look-zu-vervollstaendigen\/","title":{"rendered":"Silberner Dameng\u00fcrtel BeltCarme Black von Nae: Ein Hauch von ethischem Chic, um Ihren Look zu vervollst\u00e4ndigen"},"content":{"rendered":"\n<p>Suchen Sie nach einem raffinierten Accessoire, um Ihr Outfit aufzuwerten ? M\u00f6chten Sie Ihren Stil betonen und gleichzeitig Ihren ethischen Werten treu bleiben?<\/p>\n\n\n\n<p>Entdecken Sie <strong>BeltCarme Black<\/strong>, ein <strong>schwarz-silbernes G\u00fcrtel f\u00fcr Frauen aus veganem Leder<\/strong>, der zeitlose Eleganz, nachhaltige Qualit\u00e4t und Ethik vereint.<\/p>\n\n\n\n<p>W\u00e4hlen Sie die<strong>silberner Dameng\u00fcrtel BeltCarme Black<\/strong> und:<\/p>\n\n\n<style>.wp-block-kadence-iconlist.kt-svg-icon-list-items11695_fdc8ed-5a:not(.this-stops-third-party-issues){margin-top:0px;margin-bottom:0px;}.wp-block-kadence-iconlist.kt-svg-icon-list-items11695_fdc8ed-5a ul.kt-svg-icon-list:not(.this-prevents-issues):not(.this-stops-third-party-issues):not(.tijsloc){margin-top:0px;margin-right:0px;margin-bottom:var(--global-kb-spacing-sm, 1.5rem);margin-left:0px;}.wp-block-kadence-iconlist.kt-svg-icon-list-items11695_fdc8ed-5a ul.kt-svg-icon-list{grid-row-gap:5px;}.wp-block-kadence-iconlist.kt-svg-icon-list-items11695_fdc8ed-5a .kb-svg-icon-wrap{font-size:18px;color:var(--global-palette1, #3182CE);}.wp-block-kadence-iconlist.kt-svg-icon-list-items11695_fdc8ed-5a ul.kt-svg-icon-list .kt-svg-icon-list-item-wrap .kt-svg-icon-list-single{margin-right:10px;}.kt-svg-icon-list-items11695_fdc8ed-5a ul.kt-svg-icon-list .kt-svg-icon-list-level-0 .kt-svg-icon-list-single svg{font-size:20px;}<\/style>\n<div class=\"wp-block-kadence-iconlist kt-svg-icon-list-items kt-svg-icon-list-items11695_fdc8ed-5a kt-svg-icon-list-columns-1 alignnone\"><ul class=\"kt-svg-icon-list\"><style>.kt-svg-icon-list-item-4467_992fe5-56 .kt-svg-icon-list-text mark.kt-highlight{background-color:unset;font-style:normal;color:#f76a0c;-webkit-box-decoration-break:clone;box-decoration-break:clone;padding-top:0px;padding-right:0px;padding-bottom:0px;padding-left:0px;}<\/style>\n<li class=\"wp-block-kadence-listitem kt-svg-icon-list-item-wrap kt-svg-icon-list-item-4467_992fe5-56\"><span class=\"kb-svg-icon-wrap kb-svg-icon-fe_checkCircle kt-svg-icon-list-single\"><svg viewBox=\"0 0 24 24\"  fill=\"none\" stroke=\"currentColor\" stroke-width=\"3\" stroke-linecap=\"round\" stroke-linejoin=\"round\" xmlns=\"http:\/\/www.w3.org\/2000\/svg\"  aria-hidden=\"true\"><path d=\"M22 11.08V12a10 10 0 1 1-5.93-9.14\"\/><polyline points=\"22 4 12 14.01 9 11.01\"\/><\/svg><\/span><span class=\"kt-svg-icon-list-text\">Vervollst\u00e4ndigen Sie Ihren Look mit einem Accessoire mit einer subtil einheitlichen Textur und einer nickelfreien, barrenf\u00f6rmigen Schleife, die Ihrem Outfit eine Note von Eleganz verleiht, ob es sich um ein Kleid oder ein l\u00e4ssigeres Ensemble handelt.<\/span><\/li>\n\n\n<style>.kt-svg-icon-list-item-4467_49c21c-bd .kt-svg-icon-list-text mark.kt-highlight{background-color:unset;font-style:normal;color:#f76a0c;-webkit-box-decoration-break:clone;box-decoration-break:clone;padding-top:0px;padding-right:0px;padding-bottom:0px;padding-left:0px;}<\/style>\n<li class=\"wp-block-kadence-listitem kt-svg-icon-list-item-wrap kt-svg-icon-list-item-4467_49c21c-bd\"><span class=\"kb-svg-icon-wrap kb-svg-icon-fe_checkCircle kt-svg-icon-list-single\"><svg viewBox=\"0 0 24 24\"  fill=\"none\" stroke=\"currentColor\" stroke-width=\"3\" stroke-linecap=\"round\" stroke-linejoin=\"round\" xmlns=\"http:\/\/www.w3.org\/2000\/svg\"  aria-hidden=\"true\"><path d=\"M22 11.08V12a10 10 0 1 1-5.93-9.14\"\/><polyline points=\"22 4 12 14.01 9 11.01\"\/><\/svg><\/span><span class=\"kt-svg-icon-list-text\">Genie\u00dfen Sie die Robustheit eines G\u00fcrtels, der f\u00fcr dauerhafte Langlebigkeit konzipiert ist und durch eine umlaufende Naht f\u00fcr optimale Haltbarkeit verst\u00e4rkt wird.<\/span><\/li>\n\n\n<style>.kt-svg-icon-list-item-4467_91553f-6c .kt-svg-icon-list-text mark.kt-highlight{background-color:unset;font-style:normal;color:#f76a0c;-webkit-box-decoration-break:clone;box-decoration-break:clone;padding-top:0px;padding-right:0px;padding-bottom:0px;padding-left:0px;}<\/style>\n<li class=\"wp-block-kadence-listitem kt-svg-icon-list-item-wrap kt-svg-icon-list-item-4467_91553f-6c\"><span class=\"kb-svg-icon-wrap kb-svg-icon-fe_checkCircle kt-svg-icon-list-single\"><svg viewBox=\"0 0 24 24\"  fill=\"none\" stroke=\"currentColor\" stroke-width=\"3\" stroke-linecap=\"round\" stroke-linejoin=\"round\" xmlns=\"http:\/\/www.w3.org\/2000\/svg\"  aria-hidden=\"true\"><path d=\"M22 11.08V12a10 10 0 1 1-5.93-9.14\"\/><polyline points=\"22 4 12 14.01 9 11.01\"\/><\/svg><\/span><span class=\"kt-svg-icon-list-text\">Dr\u00fccken Sie Ihre Werte mit einem <strong>veganen Lederg\u00fcrtel f\u00fcr Frauen<\/strong> aus, einer innovativen und tierfreundlichen Wahl.<\/span><\/li>\n<\/ul><\/div>\n\n\n\n<p>Ohne Kompromisse in Bezug auf deinen Stil, ohne Grausamkeit gegen\u00fcber Tieren, ohne Reue&#8230;<\/p>\n\n\n\n<p>Zu einem vern\u00fcnftigen Preis erhalten Sie einen <strong>silbernen G\u00fcrtel f\u00fcr Frauen<\/strong>, der Ihre Pers\u00f6nlichkeit betont und Ihre \u00dcberzeugungen widerspiegelt.<\/p>\n\n\n\n<p>Also, bereit, Ihre Silhouette zu betonen und dabei Ihr Engagement f\u00fcr eine respektvollere Welt zu bekr\u00e4ftigen? Die Best\u00e4nde von <strong>BeltCarme Black<\/strong> sind begrenzt und dieses Modell ist sehr beliebt. Verpassen Sie nicht diese Gelegenheit!<\/p>\n","protected":false},"excerpt":{"rendered":"<p>Suchen Sie nach einem raffinierten Accessoire, um Ihr Outfit aufzuwerten ? M\u00f6chten Sie Ihren Stil betonen und gleichzeitig Ihren ethischen Werten treu bleiben? Entdecken Sie BeltCarme Black, ein schwarz-silbernes G\u00fcrtel f\u00fcr Frauen aus veganem Leder, der zeitlose Eleganz, nachhaltige Qualit\u00e4t und Ethik vereint. W\u00e4hlen Sie diesilberner Dameng\u00fcrtel BeltCarme Black und: Ohne Kompromisse in Bezug auf&#8230;<\/p>\n","protected":false},"featured_media":8032,"comment_status":"open","ping_status":"closed","template":"","meta":{"_acf_changed":false,"_kad_blocks_custom_css":"","_kad_blocks_head_custom_js":"","_kad_blocks_body_custom_js":"","_kad_blocks_footer_custom_js":"","_kad_post_transparent":"","_kad_post_title":"","_kad_post_layout":"","_kad_post_sidebar_id":"","_kad_post_content_style":"","_kad_post_vertical_padding":"","_kad_post_feature":"","_kad_post_feature_position":"","_kad_post_header":false,"_kad_post_footer":false,"_kad_post_classname":""},"product_brand":[],"product_cat":[491,454],"product_tag":[447],"product_brands":[685],"class_list":{"0":"post-11695","1":"product","2":"type-product","3":"status-publish","4":"has-post-thumbnail","6":"product_cat-gurtel","7":"product_cat-accessoires-de","8":"product_tag-frau","9":"product_brands-nae-vegan-shoes-de","11":"first","12":"outofstock","13":"taxable","14":"shipping-taxable","15":"purchasable","16":"product-type-variable","17":"has-default-attributes","18":"entry","19":"content-bg","20":"loop-entry"},"acf":{"avantages":"\ud83c\udf3f Riemenmaterial: Hergestellt aus umweltfreundlichen Mikrofaser-Veganleder, ohne giftige Inhaltsstoffe.\r\n\r\n\ud83d\udee1 Hypoallergen, antibakteriell und antimikrobiell f\u00fcr optimale Hygiene.\r\n\r\n\u267b Umweltfreundlicher Herstellungsprozess, keine CO2-Emissionen und kein Wasserver- oder Energieverschwendung.\r\n\r\n\ud83d\udd12 Verschlusstyp: Schnalle mit glattem, nickelfreiem silberfarbenem Metallstift.\r\n\r\n\ud83d\udc5e Eckige Zehen f\u00fcr einen modernen und markanten Stil.\r\n\r\n\ud83d\udccf Riemenbreite: 0,8 Zoll f\u00fcr eine bequeme Passform.\ud83c\uddea\ud83c\uddf8 Hergestellt in Spanien: Hergestellt mit hoher Aufmerksamkeit f\u00fcr Details in Spanien unter Verwendung von nachhaltigen Materialien und umweltfreundlichen Herstellungsprozessen. Priorit\u00e4t f\u00fcr faire Arbeitsbedingungen.","entretien":"1. Reinigen Sie das Produkt mit einem in Seifenwasser getr\u00e4nkten Tuch.\r\n\r\n2. Verwenden Sie f\u00fcr hartn\u00e4ckige Flecken eine weiche B\u00fcrste, ebenfalls in Seifenwasser getr\u00e4nkt, und reiben Sie sanft in kreisenden Bewegungen.\r\n\r\n3. Entfernen Sie die Seife mit einem feuchten Tuch.\r\n\r\n4. Lassen Sie das Produkt 24 Stunden lang an der Luft trocknen, ohne es direkter Sonneneinstrahlung auszusetzen.Achtung:\r\n\r\n- Verwenden Sie keine Reinigungscreme.\r\n\r\n- Geben Sie dieses Produkt nicht in die Waschmaschine.\r\n\r\n- Tauchen Sie es nicht in Wasser ein, da es irreparable Sch\u00e4den erleiden k\u00f6nnte.Wenn Sie der Meinung sind, dass Ihr veganes Produkt das Ende seiner Lebensdauer erreicht hat oder Sie es nicht mehr ben\u00f6tigen, \u00fcberlegen Sie, ihm ein zweites Leben zu geben. Verwenden Sie es auf eine andere Weise selbst oder machen Sie jemand anderen damit gl\u00fccklich.","marque":""},"taxonomy_info":{"product_cat":[{"value":491,"label":"G\u00fcrtel"},{"value":454,"label":"Accessoires"}],"product_tag":[{"value":447,"label":"Damenboutique"}],"product_brands":[{"value":685,"label":"NAE Vegan Shoes"}]},"featured_image_src_large":["https:\/\/ekomfort.lu\/wp-content\/uploads\/2023\/08\/beltcarme-black-1024x1024.jpg",1024,1024,true],"author_info":[],"comment_info":0,"_links":{"self":[{"href":"https:\/\/ekomfort.lu\/de\/wp-json\/wp\/v2\/product\/11695","targetHints":{"allow":["GET"]}}],"collection":[{"href":"https:\/\/ekomfort.lu\/de\/wp-json\/wp\/v2\/product"}],"about":[{"href":"https:\/\/ekomfort.lu\/de\/wp-json\/wp\/v2\/types\/product"}],"replies":[{"embeddable":true,"href":"https:\/\/ekomfort.lu\/de\/wp-json\/wp\/v2\/comments?post=11695"}],"wp:featuredmedia":[{"embeddable":true,"href":"https:\/\/ekomfort.lu\/de\/wp-json\/wp\/v2\/media\/8032"}],"wp:attachment":[{"href":"https:\/\/ekomfort.lu\/de\/wp-json\/wp\/v2\/media?parent=11695"}],"wp:term":[{"taxonomy":"product_brand","embeddable":true,"href":"https:\/\/ekomfort.lu\/de\/wp-json\/wp\/v2\/product_brand?post=11695"},{"taxonomy":"product_cat","embeddable":true,"href":"https:\/\/ekomfort.lu\/de\/wp-json\/wp\/v2\/product_cat?post=11695"},{"taxonomy":"product_tag","embeddable":true,"href":"https:\/\/ekomfort.lu\/de\/wp-json\/wp\/v2\/product_tag?post=11695"},{"taxonomy":"product_brands","embeddable":true,"href":"https:\/\/ekomfort.lu\/de\/wp-json\/wp\/v2\/product_brands?post=11695"}],"curies":[{"name":"wp","href":"https:\/\/api.w.org\/{rel}","templated":true}]}}