{"id":11690,"date":"2023-08-16T14:50:08","date_gmt":"2023-08-16T12:50:08","guid":{"rendered":"https:\/\/ekomfort.lu\/shop\/beltbruc-brown-handgefertigter-guertel-fuer-herren-von-nae-ethische-eleganz-in-ihrer-reichweite"},"modified":"2024-07-01T12:06:45","modified_gmt":"2024-07-01T10:06:45","slug":"beltbruc-brown-handgefertigter-guertel-fuer-herren-von-nae-ethische-eleganz-in-ihrer-reichweite","status":"publish","type":"product","link":"https:\/\/ekomfort.lu\/de\/shop\/beltbruc-brown-handgefertigter-guertel-fuer-herren-von-nae-ethische-eleganz-in-ihrer-reichweite\/","title":{"rendered":"BeltBruc Brown handgefertigter G\u00fcrtel f\u00fcr Herren von Nae: Ethische Eleganz in Ihrer Reichweite"},"content":{"rendered":"\n<p>Suchen Sie einen langlebigen G\u00fcrtel, der Ihre Garderobe perfekt erg\u00e4nzt und gleichzeitig die Umwelt respektiert? Haben Sie genug von G\u00fcrteln, die nicht lange halten?<\/p>\n\n<p>Entdecken Sie <strong>Bruc Brown<\/strong>: ein <strong>Vegan-M\u00e4nnerleder-Design, hergestellt aus brauner Mikrofaser, eine Revolution im Universum der m\u00e4nnlichen Mode.<\/strong><\/p>\n\n<p>Mit <strong>moderne Herrenmode BeltBruc Brown<\/strong>:<\/p>\n<style>.wp-block-kadence-iconlist.kt-svg-icon-list-items4462_5e6cfb-f5:not(.this-stops-third-party-issues){margin-top:0px;margin-bottom:0px;}.wp-block-kadence-iconlist.kt-svg-icon-list-items4462_5e6cfb-f5 ul.kt-svg-icon-list:not(.this-prevents-issues):not(.this-stops-third-party-issues):not(.tijsloc){margin-top:0px;margin-right:0px;margin-bottom:var(--global-kb-spacing-sm, 1.5rem);margin-left:0px;}.wp-block-kadence-iconlist.kt-svg-icon-list-items4462_5e6cfb-f5 ul.kt-svg-icon-list{grid-row-gap:5px;}.wp-block-kadence-iconlist.kt-svg-icon-list-items4462_5e6cfb-f5 .kb-svg-icon-wrap{font-size:18px;color:var(--global-palette1, #3182CE);}.wp-block-kadence-iconlist.kt-svg-icon-list-items4462_5e6cfb-f5 ul.kt-svg-icon-list .kt-svg-icon-list-item-wrap .kt-svg-icon-list-single{margin-right:10px;}.kt-svg-icon-list-items4462_5e6cfb-f5 ul.kt-svg-icon-list .kt-svg-icon-list-level-0 .kt-svg-icon-list-single svg{font-size:20px;}<\/style>\n<div class=\"wp-block-kadence-iconlist kt-svg-icon-list-items kt-svg-icon-list-items4462_5e6cfb-f5 kt-svg-icon-list-columns-1 alignnone\"><ul class=\"kt-svg-icon-list\"><style>.kt-svg-icon-list-item-4462_66bdb2-ea .kt-svg-icon-list-text mark.kt-highlight{background-color:unset;font-style:normal;color:#f76a0c;-webkit-box-decoration-break:clone;box-decoration-break:clone;padding-top:0px;padding-right:0px;padding-bottom:0px;padding-left:0px;}<\/style>\n<li class=\"wp-block-kadence-listitem kt-svg-icon-list-item-wrap kt-svg-icon-list-item-4462_66bdb2-ea\"><span class=\"kb-svg-icon-wrap kb-svg-icon-fe_checkCircle kt-svg-icon-list-single\"><svg viewBox=\"0 0 24 24\"  fill=\"none\" stroke=\"currentColor\" stroke-width=\"3\" stroke-linecap=\"round\" stroke-linejoin=\"round\" xmlns=\"http:\/\/www.w3.org\/2000\/svg\"  aria-hidden=\"true\"><path d=\"M22 11.08V12a10 10 0 1 1-5.93-9.14\"\/><polyline points=\"22 4 12 14.01 9 11.01\"\/><\/svg><\/span><span class=\"kt-svg-icon-list-text\">Umfassen Sie Ihren Stil, ohne Kompromisse bei Ihren Werten einzugehen, dank robustem und umweltfreundlichem veganem Leder.<\/span><\/li>\n\n\n<style>.kt-svg-icon-list-item-4462_4e313d-10 .kt-svg-icon-list-text mark.kt-highlight{background-color:unset;font-style:normal;color:#f76a0c;-webkit-box-decoration-break:clone;box-decoration-break:clone;padding-top:0px;padding-right:0px;padding-bottom:0px;padding-left:0px;}<\/style>\n<li class=\"wp-block-kadence-listitem kt-svg-icon-list-item-wrap kt-svg-icon-list-item-4462_4e313d-10\"><span class=\"kb-svg-icon-wrap kb-svg-icon-fe_checkCircle kt-svg-icon-list-single\"><svg viewBox=\"0 0 24 24\"  fill=\"none\" stroke=\"currentColor\" stroke-width=\"3\" stroke-linecap=\"round\" stroke-linejoin=\"round\" xmlns=\"http:\/\/www.w3.org\/2000\/svg\"  aria-hidden=\"true\"><path d=\"M22 11.08V12a10 10 0 1 1-5.93-9.14\"\/><polyline points=\"22 4 12 14.01 9 11.01\"\/><\/svg><\/span><span class=\"kt-svg-icon-list-text\">\u00dcberzeugen Sie sich selbstbewusst mit einem G\u00fcrtel mit modernem und elegantem Design, der sich an alle Gelegenheiten anpassen l\u00e4sst.<\/span><\/li>\n\n\n<style>.kt-svg-icon-list-item-4462_108cab-6e .kt-svg-icon-list-text mark.kt-highlight{background-color:unset;font-style:normal;color:#f76a0c;-webkit-box-decoration-break:clone;box-decoration-break:clone;padding-top:0px;padding-right:0px;padding-bottom:0px;padding-left:0px;}<\/style>\n<li class=\"wp-block-kadence-listitem kt-svg-icon-list-item-wrap kt-svg-icon-list-item-4462_108cab-6e\"><span class=\"kb-svg-icon-wrap kb-svg-icon-fe_checkCircle kt-svg-icon-list-single\"><svg viewBox=\"0 0 24 24\"  fill=\"none\" stroke=\"currentColor\" stroke-width=\"3\" stroke-linecap=\"round\" stroke-linejoin=\"round\" xmlns=\"http:\/\/www.w3.org\/2000\/svg\"  aria-hidden=\"true\"><path d=\"M22 11.08V12a10 10 0 1 1-5.93-9.14\"\/><polyline points=\"22 4 12 14.01 9 11.01\"\/><\/svg><\/span><span class=\"kt-svg-icon-list-text\">Genie\u00dfen Sie die Sicherheit, indem Sie eine faire, handwerkliche Produktion, hergestellt in Spanien, f\u00f6rdern.<\/span><\/li>\n<\/ul><\/div>\n\n<p>Nickelfrei, tierversuchsfrei, kein Bedauern \u2026<\/p>\n\n<p>Anstatt f\u00fcr einen billigen G\u00fcrtel zu bezahlen, der j\u00e4hrlich ausgetauscht werden muss, entscheiden Sie sich f\u00fcr einen nachhaltigen veganen G\u00fcrtel, der Ihre Umweltethik respektiert.<\/p>\n\n<p>Sind Sie also bereit, Ihrem Look einen Hauch von Verantwortungsbewusstsein zu verleihen? Die Lagerbest\u00e4nde dieses Modells sind begrenzt und die Nachfrage ist gro\u00df. Warten Sie nicht zu lange!<\/p>\n","protected":false},"excerpt":{"rendered":"<p>Suchen Sie einen langlebigen G\u00fcrtel, der Ihre Garderobe perfekt erg\u00e4nzt und gleichzeitig die Umwelt respektiert? Haben Sie genug von G\u00fcrteln, die nicht lange halten? Entdecken Sie Bruc Brown: ein Vegan-M\u00e4nnerleder-Design, hergestellt aus brauner Mikrofaser, eine Revolution im Universum der m\u00e4nnlichen Mode. Mit moderne Herrenmode BeltBruc Brown: Nickelfrei, tierversuchsfrei, kein Bedauern \u2026 Anstatt f\u00fcr einen billigen&#8230;<\/p>\n","protected":false},"featured_media":8008,"comment_status":"open","ping_status":"closed","template":"","meta":{"_acf_changed":false,"_kad_blocks_custom_css":"","_kad_blocks_head_custom_js":"","_kad_blocks_body_custom_js":"","_kad_blocks_footer_custom_js":"","_kad_post_transparent":"","_kad_post_title":"","_kad_post_layout":"","_kad_post_sidebar_id":"","_kad_post_content_style":"","_kad_post_vertical_padding":"","_kad_post_feature":"","_kad_post_feature_position":"","_kad_post_header":false,"_kad_post_footer":false,"_kad_post_classname":""},"product_brand":[],"product_cat":[454,491],"product_tag":[415],"product_brands":[685],"class_list":{"0":"post-11690","1":"product","2":"type-product","3":"status-publish","4":"has-post-thumbnail","6":"product_cat-accessoires-de","7":"product_cat-gurtel","8":"product_tag-mann","9":"product_brands-nae-vegan-shoes-de","11":"first","12":"outofstock","13":"taxable","14":"shipping-taxable","15":"purchasable","16":"product-type-variable","17":"has-default-attributes","18":"entry","19":"content-bg","20":"loop-entry"},"acf":{"avantages":"","entretien":"","marque":""},"taxonomy_info":{"product_cat":[{"value":454,"label":"Accessoires"},{"value":491,"label":"G\u00fcrtel"}],"product_tag":[{"value":415,"label":"Herrenboutique"}],"product_brands":[{"value":685,"label":"NAE Vegan Shoes"}]},"featured_image_src_large":["https:\/\/ekomfort.lu\/wp-content\/uploads\/2023\/08\/beltbruc-brown-1024x1024.jpg",1024,1024,true],"author_info":[],"comment_info":0,"_links":{"self":[{"href":"https:\/\/ekomfort.lu\/de\/wp-json\/wp\/v2\/product\/11690","targetHints":{"allow":["GET"]}}],"collection":[{"href":"https:\/\/ekomfort.lu\/de\/wp-json\/wp\/v2\/product"}],"about":[{"href":"https:\/\/ekomfort.lu\/de\/wp-json\/wp\/v2\/types\/product"}],"replies":[{"embeddable":true,"href":"https:\/\/ekomfort.lu\/de\/wp-json\/wp\/v2\/comments?post=11690"}],"wp:featuredmedia":[{"embeddable":true,"href":"https:\/\/ekomfort.lu\/de\/wp-json\/wp\/v2\/media\/8008"}],"wp:attachment":[{"href":"https:\/\/ekomfort.lu\/de\/wp-json\/wp\/v2\/media?parent=11690"}],"wp:term":[{"taxonomy":"product_brand","embeddable":true,"href":"https:\/\/ekomfort.lu\/de\/wp-json\/wp\/v2\/product_brand?post=11690"},{"taxonomy":"product_cat","embeddable":true,"href":"https:\/\/ekomfort.lu\/de\/wp-json\/wp\/v2\/product_cat?post=11690"},{"taxonomy":"product_tag","embeddable":true,"href":"https:\/\/ekomfort.lu\/de\/wp-json\/wp\/v2\/product_tag?post=11690"},{"taxonomy":"product_brands","embeddable":true,"href":"https:\/\/ekomfort.lu\/de\/wp-json\/wp\/v2\/product_brands?post=11690"}],"curies":[{"name":"wp","href":"https:\/\/api.w.org\/{rel}","templated":true}]}}