{"id":11670,"date":"2023-08-16T14:50:08","date_gmt":"2023-08-16T12:50:08","guid":{"rendered":"https:\/\/ekomfort.lu\/shop\/beltespot-beige-der-vegane-lederguertel-fuer-damen-fuer-seidige-und-entspannte-eleganz"},"modified":"2024-07-01T12:06:26","modified_gmt":"2024-07-01T10:06:26","slug":"beltespot-beige-der-vegane-lederguertel-fuer-damen-fuer-seidige-und-entspannte-eleganz","status":"publish","type":"product","link":"https:\/\/ekomfort.lu\/de\/shop\/beltespot-beige-der-vegane-lederguertel-fuer-damen-fuer-seidige-und-entspannte-eleganz\/","title":{"rendered":"BeltEspot Beige: Der vegane Lederg\u00fcrtel f\u00fcr Damen f\u00fcr seidige und entspannte Eleganz"},"content":{"rendered":"\n<p>Tr\u00e4umen Sie von einer <strong>wundersch\u00f6ner, umweltfreundlicher Dameng\u00fcrtel<\/strong>, der sowohl Ihre B\u00fcrogarderobe als auch Ihre l\u00e4ssigen Wochenendoutfits aufwertet? M\u00f6chten Sie in ein schickes Accessoire investieren, das Ihre ethischen Werte respektiert?<\/p>\n\n\n\n<p>Entdecken Sie <strong>Espot Beige<\/strong>, la <strong>Damenmode in veganem Leder, modern, elegant und vegan \u2013 ein vielseitiges St\u00fcck, das Stil und Umweltbewusstsein vereint.<\/strong><\/p>\n\n\n\n<p>Mit <strong>Ceinture Femme Espot Beige<\/strong>:<\/p>\n\n\n<style>.wp-block-kadence-iconlist.kt-svg-icon-list-items11670_42bb97-c4:not(.this-stops-third-party-issues){margin-top:0px;margin-bottom:0px;}.wp-block-kadence-iconlist.kt-svg-icon-list-items11670_42bb97-c4 ul.kt-svg-icon-list:not(.this-prevents-issues):not(.this-stops-third-party-issues):not(.tijsloc){margin-top:0px;margin-right:0px;margin-bottom:var(--global-kb-spacing-sm, 1.5rem);margin-left:0px;}.wp-block-kadence-iconlist.kt-svg-icon-list-items11670_42bb97-c4 ul.kt-svg-icon-list{grid-row-gap:5px;}.wp-block-kadence-iconlist.kt-svg-icon-list-items11670_42bb97-c4 .kb-svg-icon-wrap{font-size:18px;color:var(--global-palette1, #3182CE);}.wp-block-kadence-iconlist.kt-svg-icon-list-items11670_42bb97-c4 ul.kt-svg-icon-list .kt-svg-icon-list-item-wrap .kt-svg-icon-list-single{margin-right:10px;}.kt-svg-icon-list-items11670_42bb97-c4 ul.kt-svg-icon-list .kt-svg-icon-list-level-0 .kt-svg-icon-list-single svg{font-size:20px;}<\/style>\n<div class=\"wp-block-kadence-iconlist kt-svg-icon-list-items kt-svg-icon-list-items11670_42bb97-c4 kt-svg-icon-list-columns-1 alignnone\"><ul class=\"kt-svg-icon-list\"><style>.kt-svg-icon-list-item-4469_21fdd8-09 .kt-svg-icon-list-text mark.kt-highlight{background-color:unset;font-style:normal;color:#f76a0c;-webkit-box-decoration-break:clone;box-decoration-break:clone;padding-top:0px;padding-right:0px;padding-bottom:0px;padding-left:0px;}<\/style>\n<li class=\"wp-block-kadence-listitem kt-svg-icon-list-item-wrap kt-svg-icon-list-item-4469_21fdd8-09\"><span class=\"kb-svg-icon-wrap kb-svg-icon-fe_checkCircle kt-svg-icon-list-single\"><svg viewBox=\"0 0 24 24\"  fill=\"none\" stroke=\"currentColor\" stroke-width=\"3\" stroke-linecap=\"round\" stroke-linejoin=\"round\" xmlns=\"http:\/\/www.w3.org\/2000\/svg\"  aria-hidden=\"true\"><path d=\"M22 11.08V12a10 10 0 1 1-5.93-9.14\"\/><polyline points=\"22 4 12 14.01 9 11.01\"\/><\/svg><\/span><span class=\"kt-svg-icon-list-text\">Verleihen Sie Ihren Outfits einen seidigen Hauch von Eleganz mit einem veganen Nobuk-G\u00fcrtel, der Weichheit und Wasserbest\u00e4ndigkeit f\u00fcr einen luxuri\u00f6sen Look kombiniert.<\/span><\/li>\n\n\n<style>.kt-svg-icon-list-item-4469_dee434-df .kt-svg-icon-list-text mark.kt-highlight{background-color:unset;font-style:normal;color:#f76a0c;-webkit-box-decoration-break:clone;box-decoration-break:clone;padding-top:0px;padding-right:0px;padding-bottom:0px;padding-left:0px;}<\/style>\n<li class=\"wp-block-kadence-listitem kt-svg-icon-list-item-wrap kt-svg-icon-list-item-4469_dee434-df\"><span class=\"kb-svg-icon-wrap kb-svg-icon-fe_checkCircle kt-svg-icon-list-single\"><svg viewBox=\"0 0 24 24\"  fill=\"none\" stroke=\"currentColor\" stroke-width=\"3\" stroke-linecap=\"round\" stroke-linejoin=\"round\" xmlns=\"http:\/\/www.w3.org\/2000\/svg\"  aria-hidden=\"true\"><path d=\"M22 11.08V12a10 10 0 1 1-5.93-9.14\"\/><polyline points=\"22 4 12 14.01 9 11.01\"\/><\/svg><\/span><span class=\"kt-svg-icon-list-text\">Genie\u00dfen Sie die erstklassigen Randnahtdetails, die nicht nur die Lebensdauer Ihres G\u00fcrtels verl\u00e4ngern, sondern auch seiner \u00c4sthetik eine subtile Note verleihen.<\/span><\/li>\n\n\n<style>.kt-svg-icon-list-item-4469_8872a1-81 .kt-svg-icon-list-text mark.kt-highlight{background-color:unset;font-style:normal;color:#f76a0c;-webkit-box-decoration-break:clone;box-decoration-break:clone;padding-top:0px;padding-right:0px;padding-bottom:0px;padding-left:0px;}<\/style>\n<li class=\"wp-block-kadence-listitem kt-svg-icon-list-item-wrap kt-svg-icon-list-item-4469_8872a1-81\"><span class=\"kb-svg-icon-wrap kb-svg-icon-fe_checkCircle kt-svg-icon-list-single\"><svg viewBox=\"0 0 24 24\"  fill=\"none\" stroke=\"currentColor\" stroke-width=\"3\" stroke-linecap=\"round\" stroke-linejoin=\"round\" xmlns=\"http:\/\/www.w3.org\/2000\/svg\"  aria-hidden=\"true\"><path d=\"M22 11.08V12a10 10 0 1 1-5.93-9.14\"\/><polyline points=\"22 4 12 14.01 9 11.01\"\/><\/svg><\/span><span class=\"kt-svg-icon-list-text\">Genie\u00dfen Sie die Funktionalit\u00e4t der nickelfreien silbernen Metallschnalle, die f\u00fcr einfache Anpassung und optimalen Komfort den ganzen Tag \u00fcber sorgt.<\/span><\/li>\n<\/ul><\/div>\n\n\n\n<p>Ohne Tierqu\u00e4lerei, ohne den Stress, Outfits zu koordinieren und ohne Kompromisse bei der Qualit\u00e4t &#8230;<\/p>\n\n\n\n<p>Entscheiden Sie sich f\u00fcr einen stilvollen G\u00fcrtel, der den Planeten respektiert und gleichzeitig Ihren Stil unterstreicht, und das zu einem g\u00fcnstigeren Preis als f\u00fcr ein Restaurantbesuch.<\/p>\n\n\n\n<p>Sind Sie also bereit, Ihrem Alltag mit dem <strong>Espot Beige Dameng\u00fcrtel aus veganem Leder<\/strong>? Bestellen Sie schnell, der Lagerbestand geht aufgrund der wachsenden Beliebtheit schnell zur\u00fcck.<\/p>\n","protected":false},"excerpt":{"rendered":"<p>Tr\u00e4umen Sie von einer wundersch\u00f6ner, umweltfreundlicher Dameng\u00fcrtel, der sowohl Ihre B\u00fcrogarderobe als auch Ihre l\u00e4ssigen Wochenendoutfits aufwertet? M\u00f6chten Sie in ein schickes Accessoire investieren, das Ihre ethischen Werte respektiert? Entdecken Sie Espot Beige, la Damenmode in veganem Leder, modern, elegant und vegan \u2013 ein vielseitiges St\u00fcck, das Stil und Umweltbewusstsein vereint. Mit Ceinture Femme Espot&#8230;<\/p>\n","protected":false},"featured_media":8044,"comment_status":"open","ping_status":"closed","template":"","meta":{"_acf_changed":false,"_kad_blocks_custom_css":"","_kad_blocks_head_custom_js":"","_kad_blocks_body_custom_js":"","_kad_blocks_footer_custom_js":"","_kad_post_transparent":"","_kad_post_title":"","_kad_post_layout":"","_kad_post_sidebar_id":"","_kad_post_content_style":"","_kad_post_vertical_padding":"","_kad_post_feature":"","_kad_post_feature_position":"","_kad_post_header":false,"_kad_post_footer":false,"_kad_post_classname":""},"product_brand":[],"product_cat":[454,491],"product_tag":[447],"product_brands":[685],"class_list":{"0":"post-11670","1":"product","2":"type-product","3":"status-publish","4":"has-post-thumbnail","6":"product_cat-accessoires-de","7":"product_cat-gurtel","8":"product_tag-frau","9":"product_brands-nae-vegan-shoes-de","11":"first","12":"outofstock","13":"taxable","14":"shipping-taxable","15":"purchasable","16":"product-type-variable","17":"has-default-attributes","18":"entry","19":"content-bg","20":"loop-entry"},"acf":{"avantages":"\ud83c\udf3f Riemen aus veganem Nobuk: Hergestellt aus umweltfreundlichen Mikrofasern, frei von giftigen Substanzen. Eine umweltfreundliche Wahl.\ud83d\udee1 Hypoallergen, antibakteriell und antimikrobiell: Gew\u00e4hrleistet eine bessere Hygiene.\r\n\r\n\ud83d\udd12 Verschluss: Leicht gebogene, glatte silberne Metallschnalle ohne Nickel.\r\n\r\n\ud83d\udc4c Schuhmacher-Zehenkappe: F\u00fcr eine elegante Verarbeitung.\r\n\r\n\ud83d\udc4d 2,8 cm Riemen: Breit f\u00fcr guten Halt.\ud83c\uddea\ud83c\uddf8 Hergestellt in Spanien: Mit gro\u00dfer Sorgfalt in Spanien aus umweltfreundlichen Materialien hergestellt. Garantiert faire Arbeitsbedingungen.","entretien":"1. Reinigen Sie das Produkt mit einem in Seifenwasser getr\u00e4nkten Tuch.\r\n\r\n2. Verwenden Sie f\u00fcr hartn\u00e4ckige Flecken eine weiche Schuhb\u00fcrste, ebenfalls in Seifenwasser getr\u00e4nkt, und reiben Sie sanft in kreisenden Bewegungen.\r\n\r\n3. Entfernen Sie dann die Seife mit einem feuchten Tuch.\r\n\r\n4. Lassen Sie das Produkt 24 Stunden lang an der Luft trocknen, ohne es direkter Sonneneinstrahlung auszusetzen.Achtung:\r\n\r\n- Verwenden Sie keine Reinigungscreme.\r\n\r\n- Geben Sie dieses Produkt nicht in die Waschmaschine.\r\n\r\n- Tauchen Sie es nicht in Wasser ein, da es irreparable Sch\u00e4den erleiden k\u00f6nnte.Wenn Sie der Meinung sind, dass Ihr veganes Produkt das Ende seiner Lebensdauer erreicht hat oder Sie es nicht mehr ben\u00f6tigen, denken Sie daran, ihm ein zweites Leben zu schenken. Verwenden Sie es auf eine andere Weise selbst oder geben Sie es jemand anderem.","marque":""},"taxonomy_info":{"product_cat":[{"value":454,"label":"Accessoires"},{"value":491,"label":"G\u00fcrtel"}],"product_tag":[{"value":447,"label":"Damenboutique"}],"product_brands":[{"value":685,"label":"NAE Vegan Shoes"}]},"featured_image_src_large":["https:\/\/ekomfort.lu\/wp-content\/uploads\/2023\/08\/belt-espot-beige-1024x1024.jpg",1024,1024,true],"author_info":[],"comment_info":0,"_links":{"self":[{"href":"https:\/\/ekomfort.lu\/de\/wp-json\/wp\/v2\/product\/11670","targetHints":{"allow":["GET"]}}],"collection":[{"href":"https:\/\/ekomfort.lu\/de\/wp-json\/wp\/v2\/product"}],"about":[{"href":"https:\/\/ekomfort.lu\/de\/wp-json\/wp\/v2\/types\/product"}],"replies":[{"embeddable":true,"href":"https:\/\/ekomfort.lu\/de\/wp-json\/wp\/v2\/comments?post=11670"}],"wp:featuredmedia":[{"embeddable":true,"href":"https:\/\/ekomfort.lu\/de\/wp-json\/wp\/v2\/media\/8044"}],"wp:attachment":[{"href":"https:\/\/ekomfort.lu\/de\/wp-json\/wp\/v2\/media?parent=11670"}],"wp:term":[{"taxonomy":"product_brand","embeddable":true,"href":"https:\/\/ekomfort.lu\/de\/wp-json\/wp\/v2\/product_brand?post=11670"},{"taxonomy":"product_cat","embeddable":true,"href":"https:\/\/ekomfort.lu\/de\/wp-json\/wp\/v2\/product_cat?post=11670"},{"taxonomy":"product_tag","embeddable":true,"href":"https:\/\/ekomfort.lu\/de\/wp-json\/wp\/v2\/product_tag?post=11670"},{"taxonomy":"product_brands","embeddable":true,"href":"https:\/\/ekomfort.lu\/de\/wp-json\/wp\/v2\/product_brands?post=11670"}],"curies":[{"name":"wp","href":"https:\/\/api.w.org\/{rel}","templated":true}]}}