{"id":11663,"date":"2023-08-16T14:50:08","date_gmt":"2023-08-16T12:50:08","guid":{"rendered":"https:\/\/ekomfort.lu\/shop\/carme-brown-damenguertel-aus-braunem-veganem-leder-von-nae-ein-hochwertiges-accessoire-das-stil-und-ethik-unterstreicht"},"modified":"2024-07-01T12:06:38","modified_gmt":"2024-07-01T10:06:38","slug":"carme-brown-damenguertel-aus-braunem-veganem-leder-von-nae-ein-hochwertiges-accessoire-das-stil-und-ethik-unterstreicht","status":"publish","type":"product","link":"https:\/\/ekomfort.lu\/de\/shop\/carme-brown-damenguertel-aus-braunem-veganem-leder-von-nae-ein-hochwertiges-accessoire-das-stil-und-ethik-unterstreicht\/","title":{"rendered":"Carme Brown Dameng\u00fcrtel aus braunem veganem Leder von Nae: Ein hochwertiges Accessoire, das Stil und Ethik unterstreicht"},"content":{"rendered":"\n<p>Suchen Sie nach einem Accessoire, das Ihren Outfits einen Hauch von Eleganz verleiht und gleichzeitig Ihre tiefen Werte respektiert? Haben Sie genug von Teilen, die nach nur wenigen Eins\u00e4tzen ihren Charme verlieren?<\/p>\n\n\n\n<p>W\u00e4hlen Sie <strong>Carme Brown<\/strong>: ein <strong>Marron-Frau und veganes Hautleder<\/strong> aus veganem Leder, verk\u00f6rpert Eleganz, Haltbarkeit und Engagement-Ethik.<\/p>\n\n\n\n<p>Gr\u00e2ce \u00e0 la <strong>Ceinture Femme Marron und Leder vegan Haut de Gamme Carme Brown<\/strong> von Nae:<\/p>\n\n\n<style>.wp-block-kadence-iconlist.kt-svg-icon-list-items11663_954cb7-e6:not(.this-stops-third-party-issues){margin-top:0px;margin-bottom:0px;}.wp-block-kadence-iconlist.kt-svg-icon-list-items11663_954cb7-e6 ul.kt-svg-icon-list:not(.this-prevents-issues):not(.this-stops-third-party-issues):not(.tijsloc){margin-top:0px;margin-right:0px;margin-bottom:var(--global-kb-spacing-sm, 1.5rem);margin-left:0px;}.wp-block-kadence-iconlist.kt-svg-icon-list-items11663_954cb7-e6 ul.kt-svg-icon-list{grid-row-gap:5px;}.wp-block-kadence-iconlist.kt-svg-icon-list-items11663_954cb7-e6 .kb-svg-icon-wrap{font-size:18px;color:var(--global-palette1, #3182CE);}.wp-block-kadence-iconlist.kt-svg-icon-list-items11663_954cb7-e6 ul.kt-svg-icon-list .kt-svg-icon-list-item-wrap .kt-svg-icon-list-single{margin-right:10px;}.kt-svg-icon-list-items11663_954cb7-e6 ul.kt-svg-icon-list .kt-svg-icon-list-level-0 .kt-svg-icon-list-single svg{font-size:20px;}<\/style>\n<div class=\"wp-block-kadence-iconlist kt-svg-icon-list-items kt-svg-icon-list-items11663_954cb7-e6 kt-svg-icon-list-columns-1 alignnone\"><ul class=\"kt-svg-icon-list\"><style>.kt-svg-icon-list-item-4468_01720c-b1 .kt-svg-icon-list-text mark.kt-highlight{background-color:unset;font-style:normal;color:#f76a0c;-webkit-box-decoration-break:clone;box-decoration-break:clone;padding-top:0px;padding-right:0px;padding-bottom:0px;padding-left:0px;}<\/style>\n<li class=\"wp-block-kadence-listitem kt-svg-icon-list-item-wrap kt-svg-icon-list-item-4468_01720c-b1\"><span class=\"kb-svg-icon-wrap kb-svg-icon-fe_checkCircle kt-svg-icon-list-single\"><svg viewBox=\"0 0 24 24\"  fill=\"none\" stroke=\"currentColor\" stroke-width=\"3\" stroke-linecap=\"round\" stroke-linejoin=\"round\" xmlns=\"http:\/\/www.w3.org\/2000\/svg\"  aria-hidden=\"true\"><path d=\"M22 11.08V12a10 10 0 1 1-5.93-9.14\"\/><polyline points=\"22 4 12 14.01 9 11.01\"\/><\/svg><\/span><span class=\"kt-svg-icon-list-text\">Genie\u00dfen Sie dank des dezenten und raffinierten Designs zus\u00e4tzliche Eleganz, egal ob Sie professionell oder l\u00e4ssig gekleidet sind.<\/span><\/li>\n\n\n<style>.kt-svg-icon-list-item-4468_97e74d-a7 .kt-svg-icon-list-text mark.kt-highlight{background-color:unset;font-style:normal;color:#f76a0c;-webkit-box-decoration-break:clone;box-decoration-break:clone;padding-top:0px;padding-right:0px;padding-bottom:0px;padding-left:0px;}<\/style>\n<li class=\"wp-block-kadence-listitem kt-svg-icon-list-item-wrap kt-svg-icon-list-item-4468_97e74d-a7\"><span class=\"kb-svg-icon-wrap kb-svg-icon-fe_checkCircle kt-svg-icon-list-single\"><svg viewBox=\"0 0 24 24\"  fill=\"none\" stroke=\"currentColor\" stroke-width=\"3\" stroke-linecap=\"round\" stroke-linejoin=\"round\" xmlns=\"http:\/\/www.w3.org\/2000\/svg\"  aria-hidden=\"true\"><path d=\"M22 11.08V12a10 10 0 1 1-5.93-9.14\"\/><polyline points=\"22 4 12 14.01 9 11.01\"\/><\/svg><\/span><span class=\"kt-svg-icon-list-text\">Genie\u00dfen Sie den dauerhaften Luxus von innovativem, umweltfreundlichem veganem Leder.<\/span><\/li>\n\n\n<style>.kt-svg-icon-list-item-4468_7091b6-33 .kt-svg-icon-list-text mark.kt-highlight{background-color:unset;font-style:normal;color:#f76a0c;-webkit-box-decoration-break:clone;box-decoration-break:clone;padding-top:0px;padding-right:0px;padding-bottom:0px;padding-left:0px;}<\/style>\n<li class=\"wp-block-kadence-listitem kt-svg-icon-list-item-wrap kt-svg-icon-list-item-4468_7091b6-33\"><span class=\"kb-svg-icon-wrap kb-svg-icon-fe_checkCircle kt-svg-icon-list-single\"><svg viewBox=\"0 0 24 24\"  fill=\"none\" stroke=\"currentColor\" stroke-width=\"3\" stroke-linecap=\"round\" stroke-linejoin=\"round\" xmlns=\"http:\/\/www.w3.org\/2000\/svg\"  aria-hidden=\"true\"><path d=\"M22 11.08V12a10 10 0 1 1-5.93-9.14\"\/><polyline points=\"22 4 12 14.01 9 11.01\"\/><\/svg><\/span><span class=\"kt-svg-icon-list-text\">Profitieren Sie von der Langlebigkeit durch starke N\u00e4hte am Umfang und einer garantiert nickelfreien Metallschnalle.<\/span><\/li>\n<\/ul><\/div>\n\n\n\n<p>Ohne Tierqu\u00e4lerei, ohne Kompromisse bei Stil und Qualit\u00e4t&#8230;<\/p>\n\n\n\n<p>Alles zu einem erschwinglichen Preis, der traditionelle Luxusmarken in Frage stellt.<\/p>\n\n\n\n<p>Sind Sie bereit, Ihrer Garderobe einen Hauch von Raffinesse zu verleihen und gleichzeitig Ihren Werten treu zu bleiben? Der <strong>Brauner Dameng\u00fcrtel aus veganem Carme Brown-Leder<\/strong> ist bereits ein Klassiker unter unseren Kunden, und die Best\u00e4nde verschwinden schnell. Lassen Sie sich diese Gelegenheit nicht entgehen!<\/p>\n","protected":false},"excerpt":{"rendered":"<p>Suchen Sie nach einem Accessoire, das Ihren Outfits einen Hauch von Eleganz verleiht und gleichzeitig Ihre tiefen Werte respektiert? Haben Sie genug von Teilen, die nach nur wenigen Eins\u00e4tzen ihren Charme verlieren? W\u00e4hlen Sie Carme Brown: ein Marron-Frau und veganes Hautleder aus veganem Leder, verk\u00f6rpert Eleganz, Haltbarkeit und Engagement-Ethik. Gr\u00e2ce \u00e0 la Ceinture Femme Marron&#8230;<\/p>\n","protected":false},"featured_media":8036,"comment_status":"open","ping_status":"closed","template":"","meta":{"_acf_changed":false,"_kad_blocks_custom_css":"","_kad_blocks_head_custom_js":"","_kad_blocks_body_custom_js":"","_kad_blocks_footer_custom_js":"","_kad_post_transparent":"","_kad_post_title":"","_kad_post_layout":"","_kad_post_sidebar_id":"","_kad_post_content_style":"","_kad_post_vertical_padding":"","_kad_post_feature":"","_kad_post_feature_position":"","_kad_post_header":false,"_kad_post_footer":false,"_kad_post_classname":""},"product_brand":[],"product_cat":[454,491],"product_tag":[447],"product_brands":[685],"class_list":{"0":"post-11663","1":"product","2":"type-product","3":"status-publish","4":"has-post-thumbnail","6":"product_cat-accessoires-de","7":"product_cat-gurtel","8":"product_tag-frau","9":"product_brands-nae-vegan-shoes-de","11":"first","12":"outofstock","13":"taxable","14":"shipping-taxable","15":"purchasable","16":"product-type-variable","17":"has-default-attributes","18":"entry","19":"content-bg","20":"loop-entry"},"acf":{"avantages":"\ud83c\udf3f Riemenmaterial: Umweltfreundliches veganes Leder aus Mikrofasern. Frei von giftigen Substanzen, hypoallergen, antibakteriell und antimikrobiell. Umweltbewusst hergestellt, ohne CO2-Emissionen oder Verschwendung von Wasser oder Energie.\r\n\r\n\ud83d\udd12 Verschlusstyp: Schnalle mit glatter silberner Metallschlie\u00dfe, garantiert nickelfrei.\r\n\r\n\ud83d\udc61 Zehenform: Quadratisch. Ein klassisches Design f\u00fcr einen eleganten Look.\r\n\r\n\ud83d\udccf Riemenbreite: 0,8 Zoll (2 cm). F\u00fcr eine bequeme Passform, die den Stil nicht beeintr\u00e4chtigt.\r\n\r\n\ud83c\uddea\ud83c\uddf8 Hergestellt in Spanien: Mit gro\u00dfer Sorgfalt in Spanien hergestellt, unter Einhaltung von Umweltstandards und fairen Arbeitsbedingungen. Verwendung von umweltfreundlichen Materialien und Herstellungsprozessen.","entretien":"1. Reinigen Sie das Produkt mit einem in Seifenwasser getr\u00e4nkten Tuch.\r\n\r\n2. Verwenden Sie f\u00fcr hartn\u00e4ckige Flecken eine weiche B\u00fcrste, ebenfalls in Seifenwasser getr\u00e4nkt, und reiben Sie sanft in kreisenden Bewegungen.\r\n\r\n3. Entfernen Sie die Seife mit einem feuchten Tuch.\r\n\r\n4. Lassen Sie das Produkt 24 Stunden lang an der Luft trocknen, ohne es direkter Sonneneinstrahlung auszusetzen.Achtung:- Verwenden Sie keine Reinigungscreme.\r\n\r\n- Geben Sie dieses Produkt nicht in die Waschmaschine.\r\n\r\n- Tauchen Sie es nicht in Wasser ein, da es irreparable Sch\u00e4den erleiden k\u00f6nnte.Wenn Sie der Meinung sind, dass Ihr veganes Produkt das Ende seiner Lebensdauer erreicht hat oder Sie es nicht mehr ben\u00f6tigen, \u00fcberlegen Sie, ihm ein zweites Leben zu geben. Verwenden Sie es auf eine andere Weise selbst oder machen Sie jemand anderen damit gl\u00fccklich.","marque":""},"taxonomy_info":{"product_cat":[{"value":454,"label":"Accessoires"},{"value":491,"label":"G\u00fcrtel"}],"product_tag":[{"value":447,"label":"Damenboutique"}],"product_brands":[{"value":685,"label":"NAE Vegan Shoes"}]},"featured_image_src_large":["https:\/\/ekomfort.lu\/wp-content\/uploads\/2023\/08\/beltcarme-brown-1024x1024.jpg",1024,1024,true],"author_info":[],"comment_info":0,"_links":{"self":[{"href":"https:\/\/ekomfort.lu\/de\/wp-json\/wp\/v2\/product\/11663","targetHints":{"allow":["GET"]}}],"collection":[{"href":"https:\/\/ekomfort.lu\/de\/wp-json\/wp\/v2\/product"}],"about":[{"href":"https:\/\/ekomfort.lu\/de\/wp-json\/wp\/v2\/types\/product"}],"replies":[{"embeddable":true,"href":"https:\/\/ekomfort.lu\/de\/wp-json\/wp\/v2\/comments?post=11663"}],"wp:featuredmedia":[{"embeddable":true,"href":"https:\/\/ekomfort.lu\/de\/wp-json\/wp\/v2\/media\/8036"}],"wp:attachment":[{"href":"https:\/\/ekomfort.lu\/de\/wp-json\/wp\/v2\/media?parent=11663"}],"wp:term":[{"taxonomy":"product_brand","embeddable":true,"href":"https:\/\/ekomfort.lu\/de\/wp-json\/wp\/v2\/product_brand?post=11663"},{"taxonomy":"product_cat","embeddable":true,"href":"https:\/\/ekomfort.lu\/de\/wp-json\/wp\/v2\/product_cat?post=11663"},{"taxonomy":"product_tag","embeddable":true,"href":"https:\/\/ekomfort.lu\/de\/wp-json\/wp\/v2\/product_tag?post=11663"},{"taxonomy":"product_brands","embeddable":true,"href":"https:\/\/ekomfort.lu\/de\/wp-json\/wp\/v2\/product_brands?post=11663"}],"curies":[{"name":"wp","href":"https:\/\/api.w.org\/{rel}","templated":true}]}}