{"id":11649,"date":"2023-08-16T14:50:09","date_gmt":"2023-08-16T12:50:09","guid":{"rendered":"https:\/\/ekomfort.lu\/shop\/blauer-herrenguertel-aus-veganem-lederguertelgava-blue-von-nae-verantwortungsvolle-eleganz-im-dienste-ihres-looks"},"modified":"2024-07-01T12:06:09","modified_gmt":"2024-07-01T10:06:09","slug":"blauer-herrenguertel-aus-veganem-lederguertelgava-blue-von-nae-verantwortungsvolle-eleganz-im-dienste-ihres-looks","status":"publish","type":"product","link":"https:\/\/ekomfort.lu\/de\/shop\/blauer-herrenguertel-aus-veganem-lederguertelgava-blue-von-nae-verantwortungsvolle-eleganz-im-dienste-ihres-looks\/","title":{"rendered":"Blauer Herreng\u00fcrtel aus veganem Lederg\u00fcrtelGava Blue von Nae: Verantwortungsvolle Eleganz im Dienste Ihres Looks"},"content":{"rendered":"\n<p>Streben Sie nach einem Stil, der Modernit\u00e4t, Eleganz und Respekt f\u00fcr die Umwelt vereint? Suchen Sie einen G\u00fcrtel, der diese Werte widerspiegelt, ohne Kompromisse beim Stil einzugehen?<\/p>\n\n\n\n<p>Pr\u00e4sentation von <strong>BeltGava Blue<\/strong>: ein blauer Herreng\u00fcrtel aus veganem Leder aus veganem Leder, der sich durch sein makelloses Aussehen sowie seinen ethischen Herstellungsprozess auszeichnet.<\/p>\n\n\n\n<p>Gehen Sie wie folgt vor, um Ihr blaues Herren- und Leder-Vegan-Kleid zu tragen <strong>BeltGava Blue<\/strong> :<\/p>\n\n\n<style>.wp-block-kadence-iconlist.kt-svg-icon-list-items11649_c557b8-f5:not(.this-stops-third-party-issues){margin-top:0px;margin-bottom:0px;}.wp-block-kadence-iconlist.kt-svg-icon-list-items11649_c557b8-f5 ul.kt-svg-icon-list:not(.this-prevents-issues):not(.this-stops-third-party-issues):not(.tijsloc){margin-top:0px;margin-right:0px;margin-bottom:var(--global-kb-spacing-sm, 1.5rem);margin-left:0px;}.wp-block-kadence-iconlist.kt-svg-icon-list-items11649_c557b8-f5 ul.kt-svg-icon-list{grid-row-gap:5px;}.wp-block-kadence-iconlist.kt-svg-icon-list-items11649_c557b8-f5 .kb-svg-icon-wrap{font-size:18px;color:var(--global-palette1, #3182CE);}.wp-block-kadence-iconlist.kt-svg-icon-list-items11649_c557b8-f5 ul.kt-svg-icon-list .kt-svg-icon-list-item-wrap .kt-svg-icon-list-single{margin-right:10px;}.kt-svg-icon-list-items11649_c557b8-f5 ul.kt-svg-icon-list .kt-svg-icon-list-level-0 .kt-svg-icon-list-single svg{font-size:20px;}<\/style>\n<div class=\"wp-block-kadence-iconlist kt-svg-icon-list-items kt-svg-icon-list-items11649_c557b8-f5 kt-svg-icon-list-columns-1 alignnone\"><ul class=\"kt-svg-icon-list\"><style>.kt-svg-icon-list-item-4474_a48fe1-75 .kt-svg-icon-list-text mark.kt-highlight{background-color:unset;font-style:normal;color:#f76a0c;-webkit-box-decoration-break:clone;box-decoration-break:clone;padding-top:0px;padding-right:0px;padding-bottom:0px;padding-left:0px;}<\/style>\n<li class=\"wp-block-kadence-listitem kt-svg-icon-list-item-wrap kt-svg-icon-list-item-4474_a48fe1-75\"><span class=\"kb-svg-icon-wrap kb-svg-icon-fe_checkCircle kt-svg-icon-list-single\"><svg viewBox=\"0 0 24 24\"  fill=\"none\" stroke=\"currentColor\" stroke-width=\"3\" stroke-linecap=\"round\" stroke-linejoin=\"round\" xmlns=\"http:\/\/www.w3.org\/2000\/svg\"  aria-hidden=\"true\"><path d=\"M22 11.08V12a10 10 0 1 1-5.93-9.14\"\/><polyline points=\"22 4 12 14.01 9 11.01\"\/><\/svg><\/span><span class=\"kt-svg-icon-list-text\">Dr\u00fccken Sie Ihren Stil mit einer tiefblauen und silbernen Schnalle aus <strong>nickelfrei<\/strong> und verleiht all Ihren Outfits einen Hauch von Eleganz.<\/span><\/li>\n\n\n<style>.kt-svg-icon-list-item-4474_96cbc3-a7 .kt-svg-icon-list-text mark.kt-highlight{background-color:unset;font-style:normal;color:#f76a0c;-webkit-box-decoration-break:clone;box-decoration-break:clone;padding-top:0px;padding-right:0px;padding-bottom:0px;padding-left:0px;}<\/style>\n<li class=\"wp-block-kadence-listitem kt-svg-icon-list-item-wrap kt-svg-icon-list-item-4474_96cbc3-a7\"><span class=\"kb-svg-icon-wrap kb-svg-icon-fe_checkCircle kt-svg-icon-list-single\"><svg viewBox=\"0 0 24 24\"  fill=\"none\" stroke=\"currentColor\" stroke-width=\"3\" stroke-linecap=\"round\" stroke-linejoin=\"round\" xmlns=\"http:\/\/www.w3.org\/2000\/svg\"  aria-hidden=\"true\"><path d=\"M22 11.08V12a10 10 0 1 1-5.93-9.14\"\/><polyline points=\"22 4 12 14.01 9 11.01\"\/><\/svg><\/span><span class=\"kt-svg-icon-list-text\">Bleiben Sie Ihren \u00dcberzeugungen treu \u2013 mit starkem, umweltfreundlichem Mikrosuede, das keine Tieropfer erfordert.<\/span><\/li>\n\n\n<style>.kt-svg-icon-list-item-4474_e7c0d0-9c .kt-svg-icon-list-text mark.kt-highlight{background-color:unset;font-style:normal;color:#f76a0c;-webkit-box-decoration-break:clone;box-decoration-break:clone;padding-top:0px;padding-right:0px;padding-bottom:0px;padding-left:0px;}<\/style>\n<li class=\"wp-block-kadence-listitem kt-svg-icon-list-item-wrap kt-svg-icon-list-item-4474_e7c0d0-9c\"><span class=\"kb-svg-icon-wrap kb-svg-icon-fe_checkCircle kt-svg-icon-list-single\"><svg viewBox=\"0 0 24 24\"  fill=\"none\" stroke=\"currentColor\" stroke-width=\"3\" stroke-linecap=\"round\" stroke-linejoin=\"round\" xmlns=\"http:\/\/www.w3.org\/2000\/svg\"  aria-hidden=\"true\"><path d=\"M22 11.08V12a10 10 0 1 1-5.93-9.14\"\/><polyline points=\"22 4 12 14.01 9 11.01\"\/><\/svg><\/span><span class=\"kt-svg-icon-list-text\">Genie\u00dfen Sie die Sicherheit eines langlebigen G\u00fcrtels mit einer Breite von 3,5 cm und einer Dicke von ca. 2 mm, der in Spanien unter w\u00fcrdevollen Arbeitsbedingungen handgefertigt wird.<\/span><\/li>\n<\/ul><\/div>\n\n\n\n<p>Keine Tierqu\u00e4lerei, keine giftigen Substanzen, einfach ein unvergleichlicher Look&#8230;<\/p>\n\n\n\n<p>Entscheiden Sie sich f\u00fcr den Preis einer Restaurantmahlzeit f\u00fcr einen <strong>Blauer Herreng\u00fcrtel aus umweltfreundlichem, nickelfreiem, veganem Leder<\/strong>, der die Zeit \u00fcberdauert, Ihrem Look eine schicke Note verleiht und ein echter Hingucker ist perfekte Harmonie mit Ihren ethischen Werten.<\/p>\n\n\n\n<p>Sind Sie bereit, Stil und Umweltbewusstsein zu vereinen? <strong>BeltGava Blue<\/strong> hat sich schnell zu unserem Bestseller entwickelt, unsere Lagerbest\u00e4nde gehen schnell zur Neige, also z\u00f6gern Sie nicht, eine Bestellung aufzugeben!<\/p>\n","protected":false},"excerpt":{"rendered":"<p>Streben Sie nach einem Stil, der Modernit\u00e4t, Eleganz und Respekt f\u00fcr die Umwelt vereint? Suchen Sie einen G\u00fcrtel, der diese Werte widerspiegelt, ohne Kompromisse beim Stil einzugehen? Pr\u00e4sentation von BeltGava Blue: ein blauer Herreng\u00fcrtel aus veganem Leder aus veganem Leder, der sich durch sein makelloses Aussehen sowie seinen ethischen Herstellungsprozess auszeichnet. Gehen Sie wie folgt&#8230;<\/p>\n","protected":false},"featured_media":8122,"comment_status":"open","ping_status":"closed","template":"","meta":{"_acf_changed":false,"_kad_blocks_custom_css":"","_kad_blocks_head_custom_js":"","_kad_blocks_body_custom_js":"","_kad_blocks_footer_custom_js":"","_kad_post_transparent":"","_kad_post_title":"","_kad_post_layout":"","_kad_post_sidebar_id":"","_kad_post_content_style":"","_kad_post_vertical_padding":"","_kad_post_feature":"","_kad_post_feature_position":"","_kad_post_header":false,"_kad_post_footer":false,"_kad_post_classname":""},"product_brand":[],"product_cat":[454,491],"product_tag":[415],"product_brands":[685],"class_list":{"0":"post-11649","1":"product","2":"type-product","3":"status-publish","4":"has-post-thumbnail","6":"product_cat-accessoires-de","7":"product_cat-gurtel","8":"product_tag-mann","9":"product_brands-nae-vegan-shoes-de","11":"first","12":"outofstock","13":"taxable","14":"shipping-taxable","15":"purchasable","16":"product-type-variable","17":"has-default-attributes","18":"entry","19":"content-bg","20":"loop-entry"},"acf":{"avantages":"\ud83d\udcaa **100% Microsuede**: Ein weiches und strapazierf\u00e4higes Material f\u00fcr Ihren Komfort und eine lange Lebensdauer.\r\n\r\n\ud83d\udeab **Nickelfreie silberne Schnalle**: Vermeiden Sie Hautreizungen mit unserer nickelfreien Schnalle.\ud83c\uddea\ud83c\uddf8 **Handgefertigt in Spanien**: Betont traditionelles Handwerk und die Exzellenz spanischer Handwerkskunst.\r\n\r\n\u267b\ufe0f **Umweltfreundlicher Herreng\u00fcrtel**: Ein elegantes Accessoire, das die Umwelt respektiert. Kombinieren Sie Stil und \u00f6kologisches Bewusstsein ohne Kompromisse.","entretien":"Reinigen Sie Ihre Schuhe mit einem in Wasser und Seife getr\u00e4nkten Tuch. Lassen Sie sie vor der Anwendung trocknen.Produktnutzungsdauer:Wenn Sie der Meinung sind, dass Ihr Artikel seine Zeit hinter sich hat oder Sie ihn nicht mehr ben\u00f6tigen, \u00fcberlegen Sie, ihm ein zweites Leben zu schenken. Sie k\u00f6nnen sich auch einen neuen Artikel f\u00fcr sich selbst besorgen oder ihn verschenken.","marque":""},"taxonomy_info":{"product_cat":[{"value":454,"label":"Accessoires"},{"value":491,"label":"G\u00fcrtel"}],"product_tag":[{"value":415,"label":"Herrenboutique"}],"product_brands":[{"value":685,"label":"NAE Vegan Shoes"}]},"featured_image_src_large":["https:\/\/ekomfort.lu\/wp-content\/uploads\/2023\/08\/beltgava-blue-1024x1024.jpg",1024,1024,true],"author_info":[],"comment_info":0,"_links":{"self":[{"href":"https:\/\/ekomfort.lu\/de\/wp-json\/wp\/v2\/product\/11649","targetHints":{"allow":["GET"]}}],"collection":[{"href":"https:\/\/ekomfort.lu\/de\/wp-json\/wp\/v2\/product"}],"about":[{"href":"https:\/\/ekomfort.lu\/de\/wp-json\/wp\/v2\/types\/product"}],"replies":[{"embeddable":true,"href":"https:\/\/ekomfort.lu\/de\/wp-json\/wp\/v2\/comments?post=11649"}],"wp:featuredmedia":[{"embeddable":true,"href":"https:\/\/ekomfort.lu\/de\/wp-json\/wp\/v2\/media\/8122"}],"wp:attachment":[{"href":"https:\/\/ekomfort.lu\/de\/wp-json\/wp\/v2\/media?parent=11649"}],"wp:term":[{"taxonomy":"product_brand","embeddable":true,"href":"https:\/\/ekomfort.lu\/de\/wp-json\/wp\/v2\/product_brand?post=11649"},{"taxonomy":"product_cat","embeddable":true,"href":"https:\/\/ekomfort.lu\/de\/wp-json\/wp\/v2\/product_cat?post=11649"},{"taxonomy":"product_tag","embeddable":true,"href":"https:\/\/ekomfort.lu\/de\/wp-json\/wp\/v2\/product_tag?post=11649"},{"taxonomy":"product_brands","embeddable":true,"href":"https:\/\/ekomfort.lu\/de\/wp-json\/wp\/v2\/product_brands?post=11649"}],"curies":[{"name":"wp","href":"https:\/\/api.w.org\/{rel}","templated":true}]}}