{"id":11644,"date":"2023-08-16T14:50:09","date_gmt":"2023-08-16T12:50:09","guid":{"rendered":"https:\/\/ekomfort.lu\/shop\/guerteljorba-schwarzer-wildlederguertel-von-nae-subtile-eleganz-amp-ethische-materialien"},"modified":"2024-07-01T12:05:55","modified_gmt":"2024-07-01T10:05:55","slug":"guerteljorba-schwarzer-wildlederguertel-von-nae-subtile-eleganz-amp-ethische-materialien","status":"publish","type":"product","link":"https:\/\/ekomfort.lu\/de\/shop\/guerteljorba-schwarzer-wildlederguertel-von-nae-subtile-eleganz-amp-ethische-materialien\/","title":{"rendered":"G\u00dcRTELJorba Schwarzer Wildlederg\u00fcrtel von Nae: Subtile Eleganz &amp;amp; Ethische Materialien"},"content":{"rendered":"\n<p>Suchen Sie ein Accessoire, das l\u00e4ssig-schicken Stil und \u00f6kologisches Engagement vereint? Weigern Sie sich, Ihre ethischen Grunds\u00e4tze auch bei der Wahl Ihrer Accessoires aufzugeben?<\/p>\n\n\n\n<p>Entdecken Sie den <strong>Minimalistischer schwarzer Wildlederg\u00fcrtel f\u00fcr Herren BeltJorba Black<\/strong>, ein veganer G\u00fcrtel mit modernem Design, hergestellt aus umweltfreundlichen und innovativen Materialien.<\/p>\n\n\n\n<p>Mit veganem Ceinture <strong>beltJorba Black<\/strong> :<\/p>\n\n\n<style>.wp-block-kadence-iconlist.kt-svg-icon-list-items11644_e35328-a6:not(.this-stops-third-party-issues){margin-top:0px;margin-bottom:0px;}.wp-block-kadence-iconlist.kt-svg-icon-list-items11644_e35328-a6 ul.kt-svg-icon-list:not(.this-prevents-issues):not(.this-stops-third-party-issues):not(.tijsloc){margin-top:0px;margin-right:0px;margin-bottom:var(--global-kb-spacing-sm, 1.5rem);margin-left:0px;}.wp-block-kadence-iconlist.kt-svg-icon-list-items11644_e35328-a6 ul.kt-svg-icon-list{grid-row-gap:5px;}.wp-block-kadence-iconlist.kt-svg-icon-list-items11644_e35328-a6 .kb-svg-icon-wrap{font-size:18px;color:var(--global-palette1, #3182CE);}.wp-block-kadence-iconlist.kt-svg-icon-list-items11644_e35328-a6 ul.kt-svg-icon-list .kt-svg-icon-list-item-wrap .kt-svg-icon-list-single{margin-right:10px;}.kt-svg-icon-list-items11644_e35328-a6 ul.kt-svg-icon-list .kt-svg-icon-list-level-0 .kt-svg-icon-list-single svg{font-size:20px;}<\/style>\n<div class=\"wp-block-kadence-iconlist kt-svg-icon-list-items kt-svg-icon-list-items11644_e35328-a6 kt-svg-icon-list-columns-1 alignnone\"><ul class=\"kt-svg-icon-list\"><style>.kt-svg-icon-list-item-4475_f9ffbf-06 .kt-svg-icon-list-text mark.kt-highlight{background-color:unset;font-style:normal;color:#f76a0c;-webkit-box-decoration-break:clone;box-decoration-break:clone;padding-top:0px;padding-right:0px;padding-bottom:0px;padding-left:0px;}<\/style>\n<li class=\"wp-block-kadence-listitem kt-svg-icon-list-item-wrap kt-svg-icon-list-item-4475_f9ffbf-06\"><span class=\"kb-svg-icon-wrap kb-svg-icon-fe_checkCircle kt-svg-icon-list-single\"><svg viewBox=\"0 0 24 24\"  fill=\"none\" stroke=\"currentColor\" stroke-width=\"3\" stroke-linecap=\"round\" stroke-linejoin=\"round\" xmlns=\"http:\/\/www.w3.org\/2000\/svg\"  aria-hidden=\"true\"><path d=\"M22 11.08V12a10 10 0 1 1-5.93-9.14\"\/><polyline points=\"22 4 12 14.01 9 11.01\"\/><\/svg><\/span><span class=\"kt-svg-icon-list-text\">Genie\u00dfen Sie den Hauch von veganem Nobuk, weich wie Wildleder, das den ganzen Tag \u00fcber optimalen Komfort garantiert.<\/span><\/li>\n\n\n<style>.kt-svg-icon-list-item-4475_ecec79-69 .kt-svg-icon-list-text mark.kt-highlight{background-color:unset;font-style:normal;color:#f76a0c;-webkit-box-decoration-break:clone;box-decoration-break:clone;padding-top:0px;padding-right:0px;padding-bottom:0px;padding-left:0px;}<\/style>\n<li class=\"wp-block-kadence-listitem kt-svg-icon-list-item-wrap kt-svg-icon-list-item-4475_ecec79-69\"><span class=\"kb-svg-icon-wrap kb-svg-icon-fe_checkCircle kt-svg-icon-list-single\"><svg viewBox=\"0 0 24 24\"  fill=\"none\" stroke=\"currentColor\" stroke-width=\"3\" stroke-linecap=\"round\" stroke-linejoin=\"round\" xmlns=\"http:\/\/www.w3.org\/2000\/svg\"  aria-hidden=\"true\"><path d=\"M22 11.08V12a10 10 0 1 1-5.93-9.14\"\/><polyline points=\"22 4 12 14.01 9 11.01\"\/><\/svg><\/span><span class=\"kt-svg-icon-list-text\">Heben Sie sich hervor mit <strong>dezentes geometrisches Muster<\/strong> des G\u00fcrtels, das Ihren Outfits eine subtile Eleganz verleiht und gleichzeitig einen l\u00e4ssigen Look beh\u00e4lt.<\/span><\/li>\n\n\n<style>.kt-svg-icon-list-item-4475_4f1eb1-c9 .kt-svg-icon-list-text mark.kt-highlight{background-color:unset;font-style:normal;color:#f76a0c;-webkit-box-decoration-break:clone;box-decoration-break:clone;padding-top:0px;padding-right:0px;padding-bottom:0px;padding-left:0px;}<\/style>\n<li class=\"wp-block-kadence-listitem kt-svg-icon-list-item-wrap kt-svg-icon-list-item-4475_4f1eb1-c9\"><span class=\"kb-svg-icon-wrap kb-svg-icon-fe_checkCircle kt-svg-icon-list-single\"><svg viewBox=\"0 0 24 24\"  fill=\"none\" stroke=\"currentColor\" stroke-width=\"3\" stroke-linecap=\"round\" stroke-linejoin=\"round\" xmlns=\"http:\/\/www.w3.org\/2000\/svg\"  aria-hidden=\"true\"><path d=\"M22 11.08V12a10 10 0 1 1-5.93-9.14\"\/><polyline points=\"22 4 12 14.01 9 11.01\"\/><\/svg><\/span><span class=\"kt-svg-icon-list-text\">W\u00e4hlen Sie ein Produkt, das Ihren Werten entspricht, mit einem G\u00fcrtel, der unter Ber\u00fccksichtigung der Umwelt und ohne Tierqu\u00e4lerei hergestellt wurde.<\/span><\/li>\n<\/ul><\/div>\n\n\n\n<p>ohne Tierleder, ohne Kompromisse beim Stil, ohne Reue&#8230;<\/p>\n\n\n\n<p>Warum nicht f\u00fcr den Preis eines traditionellen Lederg\u00fcrtels eine ethische, nachhaltige und ebenso stilvolle Alternative w\u00e4hlen?<\/p>\n\n\n\n<p>Sind Sie also bereit, eine <strong>schwarzer Wildlederg\u00fcrtel<\/strong>, der Stil, Komfort und \u00f6kologische Vision vereint? Handeln Sie schnell, dieser G\u00fcrtel ist beliebt und die Vorr\u00e4te gehen schnell zur Neige. Verpassen Sie es nicht!<\/p>\n","protected":false},"excerpt":{"rendered":"<p>Suchen Sie ein Accessoire, das l\u00e4ssig-schicken Stil und \u00f6kologisches Engagement vereint? Weigern Sie sich, Ihre ethischen Grunds\u00e4tze auch bei der Wahl Ihrer Accessoires aufzugeben? Entdecken Sie den Minimalistischer schwarzer Wildlederg\u00fcrtel f\u00fcr Herren BeltJorba Black, ein veganer G\u00fcrtel mit modernem Design, hergestellt aus umweltfreundlichen und innovativen Materialien. Mit veganem Ceinture beltJorba Black : ohne Tierleder, ohne&#8230;<\/p>\n","protected":false},"featured_media":8126,"comment_status":"open","ping_status":"closed","template":"","meta":{"_acf_changed":false,"_kad_blocks_custom_css":"","_kad_blocks_head_custom_js":"","_kad_blocks_body_custom_js":"","_kad_blocks_footer_custom_js":"","_kad_post_transparent":"","_kad_post_title":"","_kad_post_layout":"","_kad_post_sidebar_id":"","_kad_post_content_style":"","_kad_post_vertical_padding":"","_kad_post_feature":"","_kad_post_feature_position":"","_kad_post_header":false,"_kad_post_footer":false,"_kad_post_classname":""},"product_brand":[],"product_cat":[454,491],"product_tag":[415],"product_brands":[685],"class_list":{"0":"post-11644","1":"product","2":"type-product","3":"status-publish","4":"has-post-thumbnail","6":"product_cat-accessoires-de","7":"product_cat-gurtel","8":"product_tag-mann","9":"product_brands-nae-vegan-shoes-de","11":"first","12":"outofstock","13":"taxable","14":"shipping-taxable","15":"purchasable","16":"product-type-variable","17":"has-default-attributes","18":"entry","19":"content-bg","20":"loop-entry"},"acf":{"avantages":"\u2699\ufe0f Verschlussart: Quadratische Schnalle mit glattem silberfarbenem Metallstift, garantiert nickelfrei.\r\n\r\n\ud83c\udfa9 Zehenform: Sattler f\u00fcr eine elegante Verarbeitung.\r\n\r\n\ud83d\udccf Riemenbreite: 1,5 Zoll f\u00fcr eine bequeme Passform.\ud83c\uddea\ud83c\uddf8 Hergestellt in Spanien: Mit gro\u00dfer Sorgfalt in Spanien hergestellt. Unterst\u00fctzt nachhaltige Materialien und Herstellungsprozesse.\r\n\r\n\ud83d\udc65 Fair Arbeitsbedingungen: Gew\u00e4hrleistet faire Arbeitsbedingungen f\u00fcr alle Mitarbeiter.","entretien":"Reinigen Sie das Produkt mit einem in Seifenwasser getr\u00e4nkten Tuch. Verwenden Sie f\u00fcr hartn\u00e4ckige Flecken eine weiche B\u00fcrste, ebenfalls in Seifenwasser getr\u00e4nkt, und reiben Sie sanft in kreisenden Bewegungen. Entfernen Sie dann die Seife mit einem feuchten Tuch. Lassen Sie es schlie\u00dflich 24 Stunden lang an der Luft trocknen, ohne es direkter Sonneneinstrahlung auszusetzen.Achtung:\r\n\r\n- Verwenden Sie keine Reinigungscreme.\r\n\r\n- Geben Sie dieses Produkt nicht in die Waschmaschine.\r\n\r\n- Tauchen Sie es nicht in Wasser ein, da es irreparable Sch\u00e4den erleiden k\u00f6nnte.Wenn Sie der Meinung sind, dass Ihr veganes Produkt das Ende seiner Lebensdauer erreicht hat oder Sie es nicht mehr ben\u00f6tigen, denken Sie daran, ihm ein zweites Leben zu schenken. Verwenden Sie es auf eine andere Weise f\u00fcr sich selbst oder lassen Sie jemand anderen davon profitieren.","marque":""},"taxonomy_info":{"product_cat":[{"value":454,"label":"Accessoires"},{"value":491,"label":"G\u00fcrtel"}],"product_tag":[{"value":415,"label":"Herrenboutique"}],"product_brands":[{"value":685,"label":"NAE Vegan Shoes"}]},"featured_image_src_large":["https:\/\/ekomfort.lu\/wp-content\/uploads\/2023\/08\/beltjorba-black-1024x1024.jpg",1024,1024,true],"author_info":[],"comment_info":0,"_links":{"self":[{"href":"https:\/\/ekomfort.lu\/de\/wp-json\/wp\/v2\/product\/11644","targetHints":{"allow":["GET"]}}],"collection":[{"href":"https:\/\/ekomfort.lu\/de\/wp-json\/wp\/v2\/product"}],"about":[{"href":"https:\/\/ekomfort.lu\/de\/wp-json\/wp\/v2\/types\/product"}],"replies":[{"embeddable":true,"href":"https:\/\/ekomfort.lu\/de\/wp-json\/wp\/v2\/comments?post=11644"}],"wp:featuredmedia":[{"embeddable":true,"href":"https:\/\/ekomfort.lu\/de\/wp-json\/wp\/v2\/media\/8126"}],"wp:attachment":[{"href":"https:\/\/ekomfort.lu\/de\/wp-json\/wp\/v2\/media?parent=11644"}],"wp:term":[{"taxonomy":"product_brand","embeddable":true,"href":"https:\/\/ekomfort.lu\/de\/wp-json\/wp\/v2\/product_brand?post=11644"},{"taxonomy":"product_cat","embeddable":true,"href":"https:\/\/ekomfort.lu\/de\/wp-json\/wp\/v2\/product_cat?post=11644"},{"taxonomy":"product_tag","embeddable":true,"href":"https:\/\/ekomfort.lu\/de\/wp-json\/wp\/v2\/product_tag?post=11644"},{"taxonomy":"product_brands","embeddable":true,"href":"https:\/\/ekomfort.lu\/de\/wp-json\/wp\/v2\/product_brands?post=11644"}],"curies":[{"name":"wp","href":"https:\/\/api.w.org\/{rel}","templated":true}]}}