{"id":11639,"date":"2023-08-16T14:50:09","date_gmt":"2023-08-16T12:50:09","guid":{"rendered":"https:\/\/ekomfort.lu\/shop\/guerteljorba-grey-ein-schicker-herrenguertel-fuer-laessige-und-dauerhafte-eleganz"},"modified":"2024-07-01T12:05:53","modified_gmt":"2024-07-01T10:05:53","slug":"guerteljorba-grey-ein-schicker-herrenguertel-fuer-laessige-und-dauerhafte-eleganz","status":"publish","type":"product","link":"https:\/\/ekomfort.lu\/de\/shop\/guerteljorba-grey-ein-schicker-herrenguertel-fuer-laessige-und-dauerhafte-eleganz\/","title":{"rendered":"G\u00fcrtelJorba Grey: Ein schicker Herreng\u00fcrtel f\u00fcr l\u00e4ssige und dauerhafte Eleganz"},"content":{"rendered":"\n<p>Haben Sie genug von G\u00fcrteln, die zu schnell verschlei\u00dfen und bereits nach wenigen Monaten ihr Aussehen verlieren? Suche nach <strong>trendiger, schicker Herreng\u00fcrtel<\/strong>, der der Zeit standh\u00e4lt und Ihre Freizeitgarderobe mit Finesse erg\u00e4nzt?<\/p>\n\n\n\n<p>Entdecken Sie <strong>BeltJorba Grey<\/strong>: ein Herreng\u00fcrtel aus veganem Nobuk, der Robustheit, Weichheit und l\u00e4ssigen Stil in Einklang bringt.<\/p>\n\n\n\n<p>Mit <strong>ceinture homme chic<\/strong> <strong>BeltJorba Grey<\/strong> :<\/p>\n\n\n<style>.wp-block-kadence-iconlist.kt-svg-icon-list-items11639_7313ee-37:not(.this-stops-third-party-issues){margin-top:0px;margin-bottom:0px;}.wp-block-kadence-iconlist.kt-svg-icon-list-items11639_7313ee-37 ul.kt-svg-icon-list:not(.this-prevents-issues):not(.this-stops-third-party-issues):not(.tijsloc){margin-top:0px;margin-right:0px;margin-bottom:var(--global-kb-spacing-sm, 1.5rem);margin-left:0px;}.wp-block-kadence-iconlist.kt-svg-icon-list-items11639_7313ee-37 ul.kt-svg-icon-list{grid-row-gap:5px;}.wp-block-kadence-iconlist.kt-svg-icon-list-items11639_7313ee-37 .kb-svg-icon-wrap{font-size:18px;color:var(--global-palette1, #3182CE);}.wp-block-kadence-iconlist.kt-svg-icon-list-items11639_7313ee-37 ul.kt-svg-icon-list .kt-svg-icon-list-item-wrap .kt-svg-icon-list-single{margin-right:10px;}.kt-svg-icon-list-items11639_7313ee-37 ul.kt-svg-icon-list .kt-svg-icon-list-level-0 .kt-svg-icon-list-single svg{font-size:20px;}<\/style>\n<div class=\"wp-block-kadence-iconlist kt-svg-icon-list-items kt-svg-icon-list-items11639_7313ee-37 kt-svg-icon-list-columns-1 alignnone\"><ul class=\"kt-svg-icon-list\"><style>.kt-svg-icon-list-item-4476_0e75eb-f3 .kt-svg-icon-list-text mark.kt-highlight{background-color:unset;font-style:normal;color:#f76a0c;-webkit-box-decoration-break:clone;box-decoration-break:clone;padding-top:0px;padding-right:0px;padding-bottom:0px;padding-left:0px;}<\/style>\n<li class=\"wp-block-kadence-listitem kt-svg-icon-list-item-wrap kt-svg-icon-list-item-4476_0e75eb-f3\"><span class=\"kb-svg-icon-wrap kb-svg-icon-fe_checkCircle kt-svg-icon-list-single\"><svg viewBox=\"0 0 24 24\"  fill=\"none\" stroke=\"currentColor\" stroke-width=\"3\" stroke-linecap=\"round\" stroke-linejoin=\"round\" xmlns=\"http:\/\/www.w3.org\/2000\/svg\"  aria-hidden=\"true\"><path d=\"M22 11.08V12a10 10 0 1 1-5.93-9.14\"\/><polyline points=\"22 4 12 14.01 9 11.01\"\/><\/svg><\/span><span class=\"kt-svg-icon-list-text\">Genie\u00dfen Sie die t\u00e4gliche sanfte Ber\u00fchrung dieses <strong>High-End-schicker Herreng\u00fcrtel<\/strong>, hergestellt aus veganem, umweltfreundlichem und tierversuchsfreiem Nobuk.<\/span><\/li>\n\n\n<style>.kt-svg-icon-list-item-4476_7c0bf9-d0 .kt-svg-icon-list-text mark.kt-highlight{background-color:unset;font-style:normal;color:#f76a0c;-webkit-box-decoration-break:clone;box-decoration-break:clone;padding-top:0px;padding-right:0px;padding-bottom:0px;padding-left:0px;}<\/style>\n<li class=\"wp-block-kadence-listitem kt-svg-icon-list-item-wrap kt-svg-icon-list-item-4476_7c0bf9-d0\"><span class=\"kb-svg-icon-wrap kb-svg-icon-fe_checkCircle kt-svg-icon-list-single\"><svg viewBox=\"0 0 24 24\"  fill=\"none\" stroke=\"currentColor\" stroke-width=\"3\" stroke-linecap=\"round\" stroke-linejoin=\"round\" xmlns=\"http:\/\/www.w3.org\/2000\/svg\"  aria-hidden=\"true\"><path d=\"M22 11.08V12a10 10 0 1 1-5.93-9.14\"\/><polyline points=\"22 4 12 14.01 9 11.01\"\/><\/svg><\/span><span class=\"kt-svg-icon-list-text\">Werten Sie jedes Outfit mit einem subtilen und raffinierten geometrischen Muster auf und verleihen Sie Ihren Freizeitlooks einen Hauch von Besonderheit, ohne zu aufdringlich zu wirken.<\/span><\/li>\n\n\n<style>.kt-svg-icon-list-item-4476_82df83-5b .kt-svg-icon-list-text mark.kt-highlight{background-color:unset;font-style:normal;color:#f76a0c;-webkit-box-decoration-break:clone;box-decoration-break:clone;padding-top:0px;padding-right:0px;padding-bottom:0px;padding-left:0px;}<\/style>\n<li class=\"wp-block-kadence-listitem kt-svg-icon-list-item-wrap kt-svg-icon-list-item-4476_82df83-5b\"><span class=\"kb-svg-icon-wrap kb-svg-icon-fe_checkCircle kt-svg-icon-list-single\"><svg viewBox=\"0 0 24 24\"  fill=\"none\" stroke=\"currentColor\" stroke-width=\"3\" stroke-linecap=\"round\" stroke-linejoin=\"round\" xmlns=\"http:\/\/www.w3.org\/2000\/svg\"  aria-hidden=\"true\"><path d=\"M22 11.08V12a10 10 0 1 1-5.93-9.14\"\/><polyline points=\"22 4 12 14.01 9 11.01\"\/><\/svg><\/span><span class=\"kt-svg-icon-list-text\">Passen Sie die Gr\u00f6\u00dfe Ihres G\u00fcrtels dank einer quadratischen silbernen Metallschnalle genau an und sorgen Sie so den ganzen Tag \u00fcber f\u00fcr perfekten Komfort.<\/span><\/li>\n<\/ul><\/div>\n\n\n\n<p>Keine giftigen Substanzen, keine Tierqu\u00e4lerei und keine Kompromisse beim Stil &#8230;<\/p>\n\n\n\n<p>Und das alles zu einem erschwinglichen Preis. Im Vergleich zu einem herk\u00f6mmlichen G\u00fcrtel ist der <strong>BeltJorba Grey<\/strong> bietet ein besseres Preis-Leistungs-Verh\u00e4ltnis, \u00fcberlegene Haltbarkeit und vor allem die Zufriedenheit, eine ethische und verantwortungsvolle Wahl getroffen zu haben.<\/p>\n\n\n\n<p>Sind Sie bereit, Ihren Alltagsoutfits einen Hauch l\u00e4ssiger Eleganz zu verleihen? Unsere Lagerbest\u00e4nde dieses Modells nehmen rapide ab. Lassen Sie sich diese Gelegenheit nicht entgehen!<\/p>\n","protected":false},"excerpt":{"rendered":"<p>Haben Sie genug von G\u00fcrteln, die zu schnell verschlei\u00dfen und bereits nach wenigen Monaten ihr Aussehen verlieren? Suche nach trendiger, schicker Herreng\u00fcrtel, der der Zeit standh\u00e4lt und Ihre Freizeitgarderobe mit Finesse erg\u00e4nzt? Entdecken Sie BeltJorba Grey: ein Herreng\u00fcrtel aus veganem Nobuk, der Robustheit, Weichheit und l\u00e4ssigen Stil in Einklang bringt. Mit ceinture homme chic BeltJorba&#8230;<\/p>\n","protected":false},"featured_media":8130,"comment_status":"open","ping_status":"closed","template":"","meta":{"_acf_changed":false,"_kad_blocks_custom_css":"","_kad_blocks_head_custom_js":"","_kad_blocks_body_custom_js":"","_kad_blocks_footer_custom_js":"","_kad_post_transparent":"","_kad_post_title":"","_kad_post_layout":"","_kad_post_sidebar_id":"","_kad_post_content_style":"","_kad_post_vertical_padding":"","_kad_post_feature":"","_kad_post_feature_position":"","_kad_post_header":false,"_kad_post_footer":false,"_kad_post_classname":""},"product_brand":[],"product_cat":[454,491],"product_tag":[415],"product_brands":[685],"class_list":{"0":"post-11639","1":"product","2":"type-product","3":"status-publish","4":"has-post-thumbnail","6":"product_cat-accessoires-de","7":"product_cat-gurtel","8":"product_tag-mann","9":"product_brands-nae-vegan-shoes-de","11":"first","12":"outofstock","13":"taxable","14":"shipping-taxable","15":"purchasable","16":"product-type-variable","17":"has-default-attributes","18":"entry","19":"content-bg","20":"loop-entry"},"acf":{"avantages":"\ud83c\udf3f Riemenmaterial: Hergestellt aus umweltfreundlichen Mikrofasern in veganem Nobuk-Leder, das das Aussehen von Leder mit Umweltfreundlichkeit kombiniert. Das Material ist ungiftig, hypoallergen, antibakteriell und antimikrobiell.\r\n\r\n\ud83d\udd12 Verschlusstyp: Der quadratische Schnallenverschluss mit glattem silberfarbenem Metall und nickelfreiem Verschluss sorgt f\u00fcr Stil und Sicherheit, insbesondere f\u00fcr Personen mit Nickelallergie.\r\n\r\n\ud83d\udc5e Zehenstil: Sattlerstil f\u00fcr einen klassischen und eleganten Look.\r\n\r\n\ud83d\udccf Riemenbreite: 1,5 Zoll f\u00fcr eine perfekte Balance zwischen Komfort und Stil.\r\n\r\n\ud83c\uddea\ud83c\uddf8 Sorgf\u00e4ltige Herstellung in Spanien: Hergestellt in Spanien mit besonderem Augenmerk auf umweltfreundliche Materialien und faire Herstellungsprozesse.\r\n\r\n\ud83e\uddfc Produktreinigung: Verwenden Sie zur Reinigung ein mit Seifenwasser getr\u00e4nktes Tuch. Bei hartn\u00e4ckigen Flecken verwenden Sie eine weiche B\u00fcrste mit Seifenwasser und reiben Sie sanft in kreisenden Bewegungen. Entfernen Sie dann die Seife mit einem feuchten Tuch. Trocknen Sie das Produkt 24 Stunden lang an der Luft, ohne direkte Sonneneinstrahlung. Beachten Sie, dass keine Reinigungscreme verwendet werden darf und das Produkt weder in der Maschine","entretien":"\"Reinigen Sie das Produkt mit einem in Seifenwasser getr\u00e4nkten Tuch. Verwenden Sie f\u00fcr hartn\u00e4ckige Flecken eine weiche B\u00fcrste, ebenfalls in Seifenwasser getr\u00e4nkt, und reiben Sie sanft in kreisenden Bewegungen. Entfernen Sie dann die Seife mit einem feuchten Tuch. Lassen Sie es schlie\u00dflich 24 Stunden lang an der Luft trocknen, ohne es direkter Sonneneinstrahlung auszusetzen.Achtung:\r\n\r\n- Verwenden Sie keine Reinigungscreme.\r\n\r\n- Geben Sie dieses Produkt nicht in die Waschmaschine.\r\n\r\n- Tauchen Sie es nicht in Wasser ein, da es irreparable Sch\u00e4den erleiden k\u00f6nnte.Wenn Sie der Meinung sind, dass Ihr veganes Produkt das Ende seiner Lebensdauer erreicht hat oder Sie es nicht mehr ben\u00f6tigen, denken Sie daran, ihm ein zweites Leben zu schenken. Verwenden Sie es auf eine andere Weise f\u00fcr sich selbst oder lassen Sie jemand anderen davon profitieren.\"","marque":""},"taxonomy_info":{"product_cat":[{"value":454,"label":"Accessoires"},{"value":491,"label":"G\u00fcrtel"}],"product_tag":[{"value":415,"label":"Herrenboutique"}],"product_brands":[{"value":685,"label":"NAE Vegan Shoes"}]},"featured_image_src_large":["https:\/\/ekomfort.lu\/wp-content\/uploads\/2023\/08\/beltjorba-grey-1024x1024.jpg",1024,1024,true],"author_info":[],"comment_info":0,"_links":{"self":[{"href":"https:\/\/ekomfort.lu\/de\/wp-json\/wp\/v2\/product\/11639","targetHints":{"allow":["GET"]}}],"collection":[{"href":"https:\/\/ekomfort.lu\/de\/wp-json\/wp\/v2\/product"}],"about":[{"href":"https:\/\/ekomfort.lu\/de\/wp-json\/wp\/v2\/types\/product"}],"replies":[{"embeddable":true,"href":"https:\/\/ekomfort.lu\/de\/wp-json\/wp\/v2\/comments?post=11639"}],"wp:featuredmedia":[{"embeddable":true,"href":"https:\/\/ekomfort.lu\/de\/wp-json\/wp\/v2\/media\/8130"}],"wp:attachment":[{"href":"https:\/\/ekomfort.lu\/de\/wp-json\/wp\/v2\/media?parent=11639"}],"wp:term":[{"taxonomy":"product_brand","embeddable":true,"href":"https:\/\/ekomfort.lu\/de\/wp-json\/wp\/v2\/product_brand?post=11639"},{"taxonomy":"product_cat","embeddable":true,"href":"https:\/\/ekomfort.lu\/de\/wp-json\/wp\/v2\/product_cat?post=11639"},{"taxonomy":"product_tag","embeddable":true,"href":"https:\/\/ekomfort.lu\/de\/wp-json\/wp\/v2\/product_tag?post=11639"},{"taxonomy":"product_brands","embeddable":true,"href":"https:\/\/ekomfort.lu\/de\/wp-json\/wp\/v2\/product_brands?post=11639"}],"curies":[{"name":"wp","href":"https:\/\/api.w.org\/{rel}","templated":true}]}}