{"id":11634,"date":"2023-08-16T14:50:09","date_gmt":"2023-08-16T12:50:09","guid":{"rendered":"https:\/\/ekomfort.lu\/shop\/beigefarbener-damenguertel-aus-veganem-leder-von-beltpera-camel-von-nae-der-elegante-und-ethische-schluessel-zu-all-ihren-outfits"},"modified":"2024-07-01T12:05:46","modified_gmt":"2024-07-01T10:05:46","slug":"beigefarbener-damenguertel-aus-veganem-leder-von-beltpera-camel-von-nae-der-elegante-und-ethische-schluessel-zu-all-ihren-outfits","status":"publish","type":"product","link":"https:\/\/ekomfort.lu\/de\/shop\/beigefarbener-damenguertel-aus-veganem-leder-von-beltpera-camel-von-nae-der-elegante-und-ethische-schluessel-zu-all-ihren-outfits\/","title":{"rendered":"Beigefarbener Dameng\u00fcrtel aus veganem Leder von BeltPera Camel von Nae: Der elegante und ethische Schl\u00fcssel zu all Ihren Outfits"},"content":{"rendered":"\n<p>Sind Sie auf der Suche nach einem vielseitigen Detail, das all Ihren Outfits einen eleganten Akzent verleiht? M\u00f6chten Sie ein langlebiges Accessoire, das Tiere und die Welt respektiert, ohne Kompromisse beim Stil einzugehen?<\/p>\n\n\n\n<p>La <strong>Ceinture BeltPera Camel<\/strong> dachte ich mir schon. Entworfen in <strong>OEKO-TEX STANDARD 100 zertifizierte Mikrofaser<\/strong> veranschaulicht perfekt die Kombination aus Stil und Umweltverantwortung.<\/p>\n\n\n\n<p>W\u00e4hlen Sie <strong>Beiger Dameng\u00fcrtel aus veganem Leder und Mikrofaser f\u00fcr Damen von BeltPera Camel<\/strong>:<\/p>\n\n\n<style>.wp-block-kadence-iconlist.kt-svg-icon-list-items11634_b93db2-2c:not(.this-stops-third-party-issues){margin-top:0px;margin-bottom:0px;}.wp-block-kadence-iconlist.kt-svg-icon-list-items11634_b93db2-2c ul.kt-svg-icon-list:not(.this-prevents-issues):not(.this-stops-third-party-issues):not(.tijsloc){margin-top:0px;margin-right:0px;margin-bottom:var(--global-kb-spacing-sm, 1.5rem);margin-left:0px;}.wp-block-kadence-iconlist.kt-svg-icon-list-items11634_b93db2-2c ul.kt-svg-icon-list{grid-row-gap:5px;}.wp-block-kadence-iconlist.kt-svg-icon-list-items11634_b93db2-2c .kb-svg-icon-wrap{font-size:18px;color:var(--global-palette1, #3182CE);}.wp-block-kadence-iconlist.kt-svg-icon-list-items11634_b93db2-2c ul.kt-svg-icon-list .kt-svg-icon-list-item-wrap .kt-svg-icon-list-single{margin-right:10px;}.kt-svg-icon-list-items11634_b93db2-2c ul.kt-svg-icon-list .kt-svg-icon-list-level-0 .kt-svg-icon-list-single svg{font-size:20px;}<\/style>\n<div class=\"wp-block-kadence-iconlist kt-svg-icon-list-items kt-svg-icon-list-items11634_b93db2-2c kt-svg-icon-list-columns-1 alignnone\"><ul class=\"kt-svg-icon-list\"><style>.kt-svg-icon-list-item-4479_eac866-e1 .kt-svg-icon-list-text mark.kt-highlight{background-color:unset;font-style:normal;color:#f76a0c;-webkit-box-decoration-break:clone;box-decoration-break:clone;padding-top:0px;padding-right:0px;padding-bottom:0px;padding-left:0px;}<\/style>\n<li class=\"wp-block-kadence-listitem kt-svg-icon-list-item-wrap kt-svg-icon-list-item-4479_eac866-e1\"><span class=\"kb-svg-icon-wrap kb-svg-icon-fe_checkCircle kt-svg-icon-list-single\"><svg viewBox=\"0 0 24 24\"  fill=\"none\" stroke=\"currentColor\" stroke-width=\"3\" stroke-linecap=\"round\" stroke-linejoin=\"round\" xmlns=\"http:\/\/www.w3.org\/2000\/svg\"  aria-hidden=\"true\"><path d=\"M22 11.08V12a10 10 0 1 1-5.93-9.14\"\/><polyline points=\"22 4 12 14.01 9 11.01\"\/><\/svg><\/span><span class=\"kt-svg-icon-list-text\">Erg\u00e4nzen Sie alle Ihre Outfits, ob l\u00e4ssig oder formell, mit diesem zeitlosen Accessoire. Seine silberne Schnalle und Garantie <strong>nickelfrei<\/strong>, verleiht jedem Ensemble eine raffinierte Note.<\/span><\/li>\n\n\n<style>.kt-svg-icon-list-item-4479_ca2db9-dd .kt-svg-icon-list-text mark.kt-highlight{background-color:unset;font-style:normal;color:#f76a0c;-webkit-box-decoration-break:clone;box-decoration-break:clone;padding-top:0px;padding-right:0px;padding-bottom:0px;padding-left:0px;}<\/style>\n<li class=\"wp-block-kadence-listitem kt-svg-icon-list-item-wrap kt-svg-icon-list-item-4479_ca2db9-dd\"><span class=\"kb-svg-icon-wrap kb-svg-icon-fe_checkCircle kt-svg-icon-list-single\"><svg viewBox=\"0 0 24 24\"  fill=\"none\" stroke=\"currentColor\" stroke-width=\"3\" stroke-linecap=\"round\" stroke-linejoin=\"round\" xmlns=\"http:\/\/www.w3.org\/2000\/svg\"  aria-hidden=\"true\"><path d=\"M22 11.08V12a10 10 0 1 1-5.93-9.14\"\/><polyline points=\"22 4 12 14.01 9 11.01\"\/><\/svg><\/span><span class=\"kt-svg-icon-list-text\">K\u00fcmmern Sie sich um sich und unseren sch\u00f6nen Planeten mit einem langlebigen, umweltfreundlichen und OEKO-TEX STANDARD 100 zertifizierten Mikrofaserg\u00fcrtel.<\/span><\/li>\n\n\n<style>.kt-svg-icon-list-item-4479_b767c5-51 .kt-svg-icon-list-text mark.kt-highlight{background-color:unset;font-style:normal;color:#f76a0c;-webkit-box-decoration-break:clone;box-decoration-break:clone;padding-top:0px;padding-right:0px;padding-bottom:0px;padding-left:0px;}<\/style>\n<li class=\"wp-block-kadence-listitem kt-svg-icon-list-item-wrap kt-svg-icon-list-item-4479_b767c5-51\"><span class=\"kb-svg-icon-wrap kb-svg-icon-fe_checkCircle kt-svg-icon-list-single\"><svg viewBox=\"0 0 24 24\"  fill=\"none\" stroke=\"currentColor\" stroke-width=\"3\" stroke-linecap=\"round\" stroke-linejoin=\"round\" xmlns=\"http:\/\/www.w3.org\/2000\/svg\"  aria-hidden=\"true\"><path d=\"M22 11.08V12a10 10 0 1 1-5.93-9.14\"\/><polyline points=\"22 4 12 14.01 9 11.01\"\/><\/svg><\/span><span class=\"kt-svg-icon-list-text\">Unterst\u00fctzen Sie spanische Handwerkskunst und faire Arbeitsbedingungen.<\/span><\/li>\n<\/ul><\/div>\n\n\n\n<p>Nickelfrei, tierversuchsfrei, ohne Kompromisse &#8230;<\/p>\n\n\n\n<p>Und zu einem Preis, der mit einem herk\u00f6mmlichen G\u00fcrtel vergleichbar ist, entscheiden Sie sich f\u00fcr eine Zukunft, die die Umwelt, die Arbeitnehmer und Ihre Gesundheit besser respektiert.<\/p>\n\n\n\n<p>Sind Sie also bereit, Ihren Stil und Ihre \u00dcberzeugungen jeden Tag zur Schau zu stellen? Beschaffen Sie sich die Seite <strong>Ceinture BeltPera Camel<\/strong>. Mit Nae ist ethische Mode in Ihrer Reichweite.<\/p>\n","protected":false},"excerpt":{"rendered":"<p>Sind Sie auf der Suche nach einem vielseitigen Detail, das all Ihren Outfits einen eleganten Akzent verleiht? M\u00f6chten Sie ein langlebiges Accessoire, das Tiere und die Welt respektiert, ohne Kompromisse beim Stil einzugehen? La Ceinture BeltPera Camel dachte ich mir schon. Entworfen in OEKO-TEX STANDARD 100 zertifizierte Mikrofaser veranschaulicht perfekt die Kombination aus Stil und&#8230;<\/p>\n","protected":false},"featured_media":8142,"comment_status":"open","ping_status":"closed","template":"","meta":{"_acf_changed":false,"_kad_blocks_custom_css":"","_kad_blocks_head_custom_js":"","_kad_blocks_body_custom_js":"","_kad_blocks_footer_custom_js":"","_kad_post_transparent":"","_kad_post_title":"","_kad_post_layout":"","_kad_post_sidebar_id":"","_kad_post_content_style":"","_kad_post_vertical_padding":"","_kad_post_feature":"","_kad_post_feature_position":"","_kad_post_header":false,"_kad_post_footer":false,"_kad_post_classname":""},"product_brand":[],"product_cat":[454,491],"product_tag":[447],"product_brands":[685],"class_list":{"0":"post-11634","1":"product","2":"type-product","3":"status-publish","4":"has-post-thumbnail","6":"product_cat-accessoires-de","7":"product_cat-gurtel","8":"product_tag-frau","9":"product_brands-nae-vegan-shoes-de","11":"first","12":"instock","13":"taxable","14":"shipping-taxable","15":"purchasable","16":"product-type-variable","17":"has-default-attributes","18":"entry","19":"content-bg","20":"loop-entry"},"acf":{"avantages":"\ud83d\udcaf Zusammensetzung: Hergestellt aus 100% OEKO-TEX STANDARD 100 zertifizierter Mikrofaser. Garantiert frei von sch\u00e4dlichen Substanzen f\u00fcr die Gesundheit.\r\n\r\n\ud83d\udd12 Nickelfreie silberne Schnalle: Geeignet f\u00fcr Personen mit Nickelallergie.\ud83c\uddea\ud83c\uddf8 Handgefertigt in Spanien: Wertet traditionelles Handwerk und Qualit\u00e4t der Herstellung auf.\r\n\r\n\ud83c\udf43 Nachhaltiger Dameng\u00fcrtel: Eine nachhaltige und umweltfreundliche Modeoption.","entretien":"Pflegetipps:1. Reinigen Sie Ihre Schuhe mit einem Tuch, das mit Wasser und Seife getr\u00e4nkt ist.\r\n\r\n2. Lassen Sie sie vor der Anwendung trocknen.\r\n\r\n3. Das Auftragen von Schuhcreme wird dringend empfohlen.\r\n\r\n4. Tragen Sie eine kleine Menge mit einem trockenen und weichen Tuch auf und reiben Sie sie sparsam mit kreisenden Bewegungen auf den Stoff.\r\n\r\n5. Lassen Sie sie nach dem Auftragen 24 Stunden lang nat\u00fcrlich trocknen.Produktnutzungsdauer:Wenn Sie der Meinung sind, dass Ihr Artikel seine Zeit erreicht hat oder Sie ihn nicht mehr ben\u00f6tigen, denken Sie daran, ihm ein zweites Leben zu schenken. Sie k\u00f6nnen auch einen neuen Artikel f\u00fcr sich selbst besorgen oder ihn verschenken.","marque":""},"taxonomy_info":{"product_cat":[{"value":454,"label":"Accessoires"},{"value":491,"label":"G\u00fcrtel"}],"product_tag":[{"value":447,"label":"Damenboutique"}],"product_brands":[{"value":685,"label":"NAE Vegan Shoes"}]},"featured_image_src_large":["https:\/\/ekomfort.lu\/wp-content\/uploads\/2023\/08\/beltpera-camel-1024x1024.jpg",1024,1024,true],"author_info":[],"comment_info":0,"_links":{"self":[{"href":"https:\/\/ekomfort.lu\/de\/wp-json\/wp\/v2\/product\/11634","targetHints":{"allow":["GET"]}}],"collection":[{"href":"https:\/\/ekomfort.lu\/de\/wp-json\/wp\/v2\/product"}],"about":[{"href":"https:\/\/ekomfort.lu\/de\/wp-json\/wp\/v2\/types\/product"}],"replies":[{"embeddable":true,"href":"https:\/\/ekomfort.lu\/de\/wp-json\/wp\/v2\/comments?post=11634"}],"wp:featuredmedia":[{"embeddable":true,"href":"https:\/\/ekomfort.lu\/de\/wp-json\/wp\/v2\/media\/8142"}],"wp:attachment":[{"href":"https:\/\/ekomfort.lu\/de\/wp-json\/wp\/v2\/media?parent=11634"}],"wp:term":[{"taxonomy":"product_brand","embeddable":true,"href":"https:\/\/ekomfort.lu\/de\/wp-json\/wp\/v2\/product_brand?post=11634"},{"taxonomy":"product_cat","embeddable":true,"href":"https:\/\/ekomfort.lu\/de\/wp-json\/wp\/v2\/product_cat?post=11634"},{"taxonomy":"product_tag","embeddable":true,"href":"https:\/\/ekomfort.lu\/de\/wp-json\/wp\/v2\/product_tag?post=11634"},{"taxonomy":"product_brands","embeddable":true,"href":"https:\/\/ekomfort.lu\/de\/wp-json\/wp\/v2\/product_brands?post=11634"}],"curies":[{"name":"wp","href":"https:\/\/api.w.org\/{rel}","templated":true}]}}