{"id":11624,"date":"2023-08-16T14:50:09","date_gmt":"2023-08-16T12:50:09","guid":{"rendered":"https:\/\/ekomfort.lu\/shop\/beltmura-blue-umweltbewusster-blauer-damenguertel-von-nae-fuer-angemessene-ethische-eleganz"},"modified":"2024-07-01T12:05:49","modified_gmt":"2024-07-01T10:05:49","slug":"beltmura-blue-umweltbewusster-blauer-damenguertel-von-nae-fuer-angemessene-ethische-eleganz","status":"publish","type":"product","link":"https:\/\/ekomfort.lu\/de\/shop\/beltmura-blue-umweltbewusster-blauer-damenguertel-von-nae-fuer-angemessene-ethische-eleganz\/","title":{"rendered":"BeltMura Blue: Umweltbewusster blauer Dameng\u00fcrtel von Nae f\u00fcr angemessene ethische Eleganz"},"content":{"rendered":"\n<p>M\u00f6chten Sie Ihrem Stil einen Hauch von Eleganz verleihen, ohne Ihr \u00f6kologisches Gewissen au\u00dfer Acht zu lassen? Tr\u00e4umen Sie von einem Accessoire, das jedes Outfit aufwertet und gleichzeitig Ihre \u00dcberzeugungen respektiert?<\/p>\n\n\n\n<p>Entdecken Sie <strong>BELTMura Blue<\/strong>, der <strong>Hochwertiger, umweltfreundlicher blauer Dameng\u00fcrtel<\/strong> aus veganem Leder von Nae, der moderne \u00c4sthetik, vorbildliche Haltbarkeit und ein tiefes Umweltengagement vereint.<\/p>\n\n\n\n<p>Durch die Wahl des veganen G\u00fcrtels f\u00fcr Damen <strong>BELTMura Blue<\/strong>, profitieren Sie von:<\/p>\n\n\n<style>.wp-block-kadence-iconlist.kt-svg-icon-list-items11624_1465ed-76:not(.this-stops-third-party-issues){margin-top:0px;margin-bottom:0px;}.wp-block-kadence-iconlist.kt-svg-icon-list-items11624_1465ed-76 ul.kt-svg-icon-list:not(.this-prevents-issues):not(.this-stops-third-party-issues):not(.tijsloc){margin-top:0px;margin-right:0px;margin-bottom:var(--global-kb-spacing-sm, 1.5rem);margin-left:0px;}.wp-block-kadence-iconlist.kt-svg-icon-list-items11624_1465ed-76 ul.kt-svg-icon-list{grid-row-gap:5px;}.wp-block-kadence-iconlist.kt-svg-icon-list-items11624_1465ed-76 .kb-svg-icon-wrap{font-size:18px;color:var(--global-palette1, #3182CE);}.wp-block-kadence-iconlist.kt-svg-icon-list-items11624_1465ed-76 ul.kt-svg-icon-list .kt-svg-icon-list-item-wrap .kt-svg-icon-list-single{margin-right:10px;}.kt-svg-icon-list-items11624_1465ed-76 ul.kt-svg-icon-list .kt-svg-icon-list-level-0 .kt-svg-icon-list-single svg{font-size:20px;}<\/style>\n<div class=\"wp-block-kadence-iconlist kt-svg-icon-list-items kt-svg-icon-list-items11624_1465ed-76 kt-svg-icon-list-columns-1 alignnone\"><ul class=\"kt-svg-icon-list\"><style>.kt-svg-icon-list-item-4477_78a656-d8 .kt-svg-icon-list-text mark.kt-highlight{background-color:unset;font-style:normal;color:#f76a0c;-webkit-box-decoration-break:clone;box-decoration-break:clone;padding-top:0px;padding-right:0px;padding-bottom:0px;padding-left:0px;}<\/style>\n<li class=\"wp-block-kadence-listitem kt-svg-icon-list-item-wrap kt-svg-icon-list-item-4477_78a656-d8\"><span class=\"kb-svg-icon-wrap kb-svg-icon-fe_checkCircle kt-svg-icon-list-single\"><svg viewBox=\"0 0 24 24\"  fill=\"none\" stroke=\"currentColor\" stroke-width=\"3\" stroke-linecap=\"round\" stroke-linejoin=\"round\" xmlns=\"http:\/\/www.w3.org\/2000\/svg\"  aria-hidden=\"true\"><path d=\"M22 11.08V12a10 10 0 1 1-5.93-9.14\"\/><polyline points=\"22 4 12 14.01 9 11.01\"\/><\/svg><\/span><span class=\"kt-svg-icon-list-text\">Ein weiches, luxuri\u00f6ses Gef\u00fchl dank OEKO-TEX-zertifiziertem veganem Leder, einem revolution\u00e4ren, umweltfreundlichen und tierversuchsfreien Material.<\/span><\/li>\n\n\n<style>.kt-svg-icon-list-item-4477_f14867-de .kt-svg-icon-list-text mark.kt-highlight{background-color:unset;font-style:normal;color:#f76a0c;-webkit-box-decoration-break:clone;box-decoration-break:clone;padding-top:0px;padding-right:0px;padding-bottom:0px;padding-left:0px;}<\/style>\n<li class=\"wp-block-kadence-listitem kt-svg-icon-list-item-wrap kt-svg-icon-list-item-4477_f14867-de\"><span class=\"kb-svg-icon-wrap kb-svg-icon-fe_checkCircle kt-svg-icon-list-single\"><svg viewBox=\"0 0 24 24\"  fill=\"none\" stroke=\"currentColor\" stroke-width=\"3\" stroke-linecap=\"round\" stroke-linejoin=\"round\" xmlns=\"http:\/\/www.w3.org\/2000\/svg\"  aria-hidden=\"true\"><path d=\"M22 11.08V12a10 10 0 1 1-5.93-9.14\"\/><polyline points=\"22 4 12 14.01 9 11.01\"\/><\/svg><\/span><span class=\"kt-svg-icon-list-text\">Ein unverzichtbares Accessoire, das zu all Ihren Outfits passt. Sein raffinierter Blauton macht diesen G\u00fcrtel zu einem Must-Have in Ihrer Garderobe.<\/span><\/li>\n\n\n<style>.kt-svg-icon-list-item-4477_244ef1-34 .kt-svg-icon-list-text mark.kt-highlight{background-color:unset;font-style:normal;color:#f76a0c;-webkit-box-decoration-break:clone;box-decoration-break:clone;padding-top:0px;padding-right:0px;padding-bottom:0px;padding-left:0px;}<\/style>\n<li class=\"wp-block-kadence-listitem kt-svg-icon-list-item-wrap kt-svg-icon-list-item-4477_244ef1-34\"><span class=\"kb-svg-icon-wrap kb-svg-icon-fe_checkCircle kt-svg-icon-list-single\"><svg viewBox=\"0 0 24 24\"  fill=\"none\" stroke=\"currentColor\" stroke-width=\"3\" stroke-linecap=\"round\" stroke-linejoin=\"round\" xmlns=\"http:\/\/www.w3.org\/2000\/svg\"  aria-hidden=\"true\"><path d=\"M22 11.08V12a10 10 0 1 1-5.93-9.14\"\/><polyline points=\"22 4 12 14.01 9 11.01\"\/><\/svg><\/span><span class=\"kt-svg-icon-list-text\">Hautvertr\u00e4glich mit einer nickelfreien Schnalle, perfekt f\u00fcr allergieempfindliche Haut.<\/span><\/li>\n<\/ul><\/div>\n\n\n\n<p>Ohne Tierversuche, frei von Giftstoffen und ohne Kompromisse bei der Eleganz &#8230;<\/p>\n\n\n\n<p>F\u00fcr den Preis eines Standardg\u00fcrtels investieren Sie in einen blauen, <strong>umweltfreundlichen <strong>Dameng\u00fcrtel im<\/strong> Sale, der nicht nur lange h\u00e4lt<\/strong>, sondern auch Ihre Werte widerspiegelt und Ihre Outfits veredelt.<\/p>\n\n\n\n<p>Sind Sie also bereit, sich ein Accessoire zuzulegen, das Mode und Ethik in Einklang bringt? Bitte beachten Sie, dass dieses Modell sehr begehrt ist und die Lagerbest\u00e4nde begrenzt sind. Sei nicht zu lange!<\/p>\n","protected":false},"excerpt":{"rendered":"<p>M\u00f6chten Sie Ihrem Stil einen Hauch von Eleganz verleihen, ohne Ihr \u00f6kologisches Gewissen au\u00dfer Acht zu lassen? Tr\u00e4umen Sie von einem Accessoire, das jedes Outfit aufwertet und gleichzeitig Ihre \u00dcberzeugungen respektiert? Entdecken Sie BELTMura Blue, der Hochwertiger, umweltfreundlicher blauer Dameng\u00fcrtel aus veganem Leder von Nae, der moderne \u00c4sthetik, vorbildliche Haltbarkeit und ein tiefes Umweltengagement vereint&#8230;.<\/p>\n","protected":false},"featured_media":8134,"comment_status":"open","ping_status":"closed","template":"","meta":{"_acf_changed":false,"_kad_blocks_custom_css":"","_kad_blocks_head_custom_js":"","_kad_blocks_body_custom_js":"","_kad_blocks_footer_custom_js":"","_kad_post_transparent":"","_kad_post_title":"","_kad_post_layout":"","_kad_post_sidebar_id":"","_kad_post_content_style":"","_kad_post_vertical_padding":"","_kad_post_feature":"","_kad_post_feature_position":"","_kad_post_header":false,"_kad_post_footer":false,"_kad_post_classname":""},"product_brand":[],"product_cat":[454,491],"product_tag":[447],"product_brands":[685],"class_list":{"0":"post-11624","1":"product","2":"type-product","3":"status-publish","4":"has-post-thumbnail","6":"product_cat-accessoires-de","7":"product_cat-gurtel","8":"product_tag-frau","9":"product_brands-nae-vegan-shoes-de","11":"first","12":"outofstock","13":"taxable","14":"shipping-taxable","15":"purchasable","16":"product-type-variable","17":"has-default-attributes","18":"entry","19":"content-bg","20":"loop-entry"},"acf":{"avantages":"\ud83d\udcaf Zusammensetzung: Hergestellt aus 100% OEKO-TEX STANDARD 100 zertifizierten Mikrofasern, die Materialien gew\u00e4hrleisten, die f\u00fcr die menschliche Gesundheit und die Umwelt unbedenklich sind.\r\n\r\n\ud83d\udd10 Schnalle: Enth\u00e4lt eine nickelfreie, allergenfreie silberne Schnalle.\ud83c\uddea\ud83c\uddf8 Herstellung: Handgefertigt mit Fachkenntnis in Spanien. Wertet traditionelles Handwerk und Qualit\u00e4t der Herstellung auf.\r\n\r\n\ud83c\udf43 Umweltbewusst: Ein modischer G\u00fcrtel f\u00fcr Frauen, der eine nachhaltige und umweltfreundliche Alternative zur konventionellen Mode bietet.","entretien":"Pflegetipps:1. Reinigen Sie Ihre Schuhe mit einem Tuch, das mit Wasser und Seife getr\u00e4nkt ist.\r\n\r\n2. Lassen Sie sie vor der Anwendung trocknen.\r\n\r\n3. Das Auftragen von Schuhcreme wird dringend empfohlen.\r\n\r\n4. Tragen Sie eine kleine Menge mit einem trockenen, weichen Tuch auf und reiben Sie sie sparsam mit kreisenden Bewegungen auf das Material.\r\n\r\n5. Lassen Sie sie nach dem Auftragen 24 Stunden lang nat\u00fcrlich trocknen.Produktnutzungsdauer:Wenn Sie der Meinung sind, dass Ihr Artikel seine Zeit hinter sich hat oder Sie ihn nicht mehr ben\u00f6tigen, denken Sie daran, ihm ein zweites Leben zu schenken. Sie k\u00f6nnen auch einen neuen Artikel f\u00fcr sich selbst besorgen oder ihn verschenken.","marque":""},"taxonomy_info":{"product_cat":[{"value":454,"label":"Accessoires"},{"value":491,"label":"G\u00fcrtel"}],"product_tag":[{"value":447,"label":"Damenboutique"}],"product_brands":[{"value":685,"label":"NAE Vegan Shoes"}]},"featured_image_src_large":["https:\/\/ekomfort.lu\/wp-content\/uploads\/2023\/08\/beltmura-blue-1024x1024.jpg",1024,1024,true],"author_info":[],"comment_info":0,"_links":{"self":[{"href":"https:\/\/ekomfort.lu\/de\/wp-json\/wp\/v2\/product\/11624","targetHints":{"allow":["GET"]}}],"collection":[{"href":"https:\/\/ekomfort.lu\/de\/wp-json\/wp\/v2\/product"}],"about":[{"href":"https:\/\/ekomfort.lu\/de\/wp-json\/wp\/v2\/types\/product"}],"replies":[{"embeddable":true,"href":"https:\/\/ekomfort.lu\/de\/wp-json\/wp\/v2\/comments?post=11624"}],"wp:featuredmedia":[{"embeddable":true,"href":"https:\/\/ekomfort.lu\/de\/wp-json\/wp\/v2\/media\/8134"}],"wp:attachment":[{"href":"https:\/\/ekomfort.lu\/de\/wp-json\/wp\/v2\/media?parent=11624"}],"wp:term":[{"taxonomy":"product_brand","embeddable":true,"href":"https:\/\/ekomfort.lu\/de\/wp-json\/wp\/v2\/product_brand?post=11624"},{"taxonomy":"product_cat","embeddable":true,"href":"https:\/\/ekomfort.lu\/de\/wp-json\/wp\/v2\/product_cat?post=11624"},{"taxonomy":"product_tag","embeddable":true,"href":"https:\/\/ekomfort.lu\/de\/wp-json\/wp\/v2\/product_tag?post=11624"},{"taxonomy":"product_brands","embeddable":true,"href":"https:\/\/ekomfort.lu\/de\/wp-json\/wp\/v2\/product_brands?post=11624"}],"curies":[{"name":"wp","href":"https:\/\/api.w.org\/{rel}","templated":true}]}}