{"id":11609,"date":"2023-08-16T14:50:09","date_gmt":"2023-08-16T12:50:09","guid":{"rendered":"https:\/\/ekomfort.lu\/shop\/beltpera-black-damenguertel-aus-schwarzem-veganem-leder-das-high-end-accessoire-das-alle-ihre-outfits-aufwertet"},"modified":"2024-07-01T12:05:47","modified_gmt":"2024-07-01T10:05:47","slug":"beltpera-black-damenguertel-aus-schwarzem-veganem-leder-das-high-end-accessoire-das-alle-ihre-outfits-aufwertet","status":"publish","type":"product","link":"https:\/\/ekomfort.lu\/de\/shop\/beltpera-black-damenguertel-aus-schwarzem-veganem-leder-das-high-end-accessoire-das-alle-ihre-outfits-aufwertet\/","title":{"rendered":"BeltPera Black \u2013 Dameng\u00fcrtel aus schwarzem veganem Leder: Das High-End-Accessoire, das alle Ihre Outfits aufwertet"},"content":{"rendered":"\n<p>Sie suchen nach einer <strong>High-End-Dameng\u00fcrtel<\/strong>, der Ihren einzigartigen Stil unterstreicht und gleichzeitig Ihrem \u00f6kologischen Gewissen treu bleibt? Haben Sie genug von minderwertigem Zubeh\u00f6r, das nach nur wenigen Anwendungen seine Qualit\u00e4t verliert?<\/p>\n\n\n\n<p>Lassen Sie sich vom <strong>BeltPera Black<\/strong>, ein <strong>moderner Dameng\u00fcrtel<\/strong> aus hochwertigem veganem Leder, das Raffinesse und Respekt f\u00fcr die Umwelt vereint.<\/p>\n\n\n\n<p>Option f\u00fcr <strong>Ceinture Femme Schwarz Veganes Leder BeltPera Black<\/strong> und:<\/p>\n\n\n<style>.wp-block-kadence-iconlist.kt-svg-icon-list-items11609_2277e1-33:not(.this-stops-third-party-issues){margin-top:0px;margin-bottom:0px;}.wp-block-kadence-iconlist.kt-svg-icon-list-items11609_2277e1-33 ul.kt-svg-icon-list:not(.this-prevents-issues):not(.this-stops-third-party-issues):not(.tijsloc){margin-top:0px;margin-right:0px;margin-bottom:var(--global-kb-spacing-sm, 1.5rem);margin-left:0px;}.wp-block-kadence-iconlist.kt-svg-icon-list-items11609_2277e1-33 ul.kt-svg-icon-list{grid-row-gap:5px;}.wp-block-kadence-iconlist.kt-svg-icon-list-items11609_2277e1-33 .kb-svg-icon-wrap{font-size:18px;color:var(--global-palette1, #3182CE);}.wp-block-kadence-iconlist.kt-svg-icon-list-items11609_2277e1-33 ul.kt-svg-icon-list .kt-svg-icon-list-item-wrap .kt-svg-icon-list-single{margin-right:10px;}.kt-svg-icon-list-items11609_2277e1-33 ul.kt-svg-icon-list .kt-svg-icon-list-level-0 .kt-svg-icon-list-single svg{font-size:20px;}<\/style>\n<div class=\"wp-block-kadence-iconlist kt-svg-icon-list-items kt-svg-icon-list-items11609_2277e1-33 kt-svg-icon-list-columns-1 alignnone\"><ul class=\"kt-svg-icon-list\"><style>.kt-svg-icon-list-item-4478_8477df-d3 .kt-svg-icon-list-text mark.kt-highlight{background-color:unset;font-style:normal;color:#f76a0c;-webkit-box-decoration-break:clone;box-decoration-break:clone;padding-top:0px;padding-right:0px;padding-bottom:0px;padding-left:0px;}<\/style>\n<li class=\"wp-block-kadence-listitem kt-svg-icon-list-item-wrap kt-svg-icon-list-item-4478_8477df-d3\"><span class=\"kb-svg-icon-wrap kb-svg-icon-fe_checkCircle kt-svg-icon-list-single\"><svg viewBox=\"0 0 24 24\"  fill=\"none\" stroke=\"currentColor\" stroke-width=\"3\" stroke-linecap=\"round\" stroke-linejoin=\"round\" xmlns=\"http:\/\/www.w3.org\/2000\/svg\"  aria-hidden=\"true\"><path d=\"M22 11.08V12a10 10 0 1 1-5.93-9.14\"\/><polyline points=\"22 4 12 14.01 9 11.01\"\/><\/svg><\/span><span class=\"kt-svg-icon-list-text\">Zeigen Sie Ihre Individualit\u00e4t mit diesem raffinierten G\u00fcrtel. Dieser G\u00fcrtel ist eine ideale Erg\u00e4nzung f\u00fcr viele Anl\u00e4sse und verleiht all Ihren Outfits einen Hauch von Charakter.<\/span><\/li>\n\n\n<style>.kt-svg-icon-list-item-4478_fe0297-54 .kt-svg-icon-list-text mark.kt-highlight{background-color:unset;font-style:normal;color:#f76a0c;-webkit-box-decoration-break:clone;box-decoration-break:clone;padding-top:0px;padding-right:0px;padding-bottom:0px;padding-left:0px;}<\/style>\n<li class=\"wp-block-kadence-listitem kt-svg-icon-list-item-wrap kt-svg-icon-list-item-4478_fe0297-54\"><span class=\"kb-svg-icon-wrap kb-svg-icon-fe_checkCircle kt-svg-icon-list-single\"><svg viewBox=\"0 0 24 24\"  fill=\"none\" stroke=\"currentColor\" stroke-width=\"3\" stroke-linecap=\"round\" stroke-linejoin=\"round\" xmlns=\"http:\/\/www.w3.org\/2000\/svg\"  aria-hidden=\"true\"><path d=\"M22 11.08V12a10 10 0 1 1-5.93-9.14\"\/><polyline points=\"22 4 12 14.01 9 11.01\"\/><\/svg><\/span><span class=\"kt-svg-icon-list-text\">Erleben Sie den Komfort und die Widerstandsf\u00e4higkeit eines G\u00fcrtels aus OEKO-TEX STANDARD 100 zertifizierter Mikrofaser, einem langlebigen und umweltfreundlichen Material.<\/span><\/li>\n\n\n<style>.kt-svg-icon-list-item-4478_ef97a6-f5 .kt-svg-icon-list-text mark.kt-highlight{background-color:unset;font-style:normal;color:#f76a0c;-webkit-box-decoration-break:clone;box-decoration-break:clone;padding-top:0px;padding-right:0px;padding-bottom:0px;padding-left:0px;}<\/style>\n<li class=\"wp-block-kadence-listitem kt-svg-icon-list-item-wrap kt-svg-icon-list-item-4478_ef97a6-f5\"><span class=\"kb-svg-icon-wrap kb-svg-icon-fe_checkCircle kt-svg-icon-list-single\"><svg viewBox=\"0 0 24 24\"  fill=\"none\" stroke=\"currentColor\" stroke-width=\"3\" stroke-linecap=\"round\" stroke-linejoin=\"round\" xmlns=\"http:\/\/www.w3.org\/2000\/svg\"  aria-hidden=\"true\"><path d=\"M22 11.08V12a10 10 0 1 1-5.93-9.14\"\/><polyline points=\"22 4 12 14.01 9 11.01\"\/><\/svg><\/span><span class=\"kt-svg-icon-list-text\">Verk\u00f6rpern Sie Ihre Werte, indem Sie sich f\u00fcr einen in Spanien entworfenen G\u00fcrtel entscheiden, der faire Arbeitsbedingungen respektiert.<\/span><\/li>\n<\/ul><\/div>\n\n\n\n<p>Nickelfrei, tierversuchsfrei, einfach ein Bekenntnis zur Qualit\u00e4t &#8230;<\/p>\n\n\n\n<p>G\u00f6nnen Sie sich zum Preis eines Standardg\u00fcrtels einen <strong>High-End-Dameng\u00fcrtel<\/strong>, elegant und respektvoll, der Sie Saison f\u00fcr Saison begleiten wird.<\/p>\n\n\n\n<p>Sind Sie also bereit, Ihre Garderobe mit Accessoires aufzupeppen, die einen Unterschied machen? Best\u00e4nde davon <strong>Schwarze Dameng\u00fcrtel aus veganem Leder<\/strong> sind selten und dieses Modell sehr begehrt. Warten Sie nicht zu lange!<\/p>\n","protected":false},"excerpt":{"rendered":"<p>Sie suchen nach einer High-End-Dameng\u00fcrtel, der Ihren einzigartigen Stil unterstreicht und gleichzeitig Ihrem \u00f6kologischen Gewissen treu bleibt? Haben Sie genug von minderwertigem Zubeh\u00f6r, das nach nur wenigen Anwendungen seine Qualit\u00e4t verliert? Lassen Sie sich vom BeltPera Black, ein moderner Dameng\u00fcrtel aus hochwertigem veganem Leder, das Raffinesse und Respekt f\u00fcr die Umwelt vereint. Option f\u00fcr Ceinture&#8230;<\/p>\n","protected":false},"featured_media":8138,"comment_status":"open","ping_status":"closed","template":"","meta":{"_acf_changed":false,"_kad_blocks_custom_css":"","_kad_blocks_head_custom_js":"","_kad_blocks_body_custom_js":"","_kad_blocks_footer_custom_js":"","_kad_post_transparent":"","_kad_post_title":"","_kad_post_layout":"","_kad_post_sidebar_id":"","_kad_post_content_style":"","_kad_post_vertical_padding":"","_kad_post_feature":"","_kad_post_feature_position":"","_kad_post_header":false,"_kad_post_footer":false,"_kad_post_classname":""},"product_brand":[],"product_cat":[491,454],"product_tag":[447],"product_brands":[685],"class_list":{"0":"post-11609","1":"product","2":"type-product","3":"status-publish","4":"has-post-thumbnail","6":"product_cat-gurtel","7":"product_cat-accessoires-de","8":"product_tag-frau","9":"product_brands-nae-vegan-shoes-de","11":"first","12":"outofstock","13":"taxable","14":"shipping-taxable","15":"purchasable","16":"product-type-variable","17":"has-default-attributes","18":"entry","19":"content-bg","20":"loop-entry"},"acf":{"avantages":"\ud83d\udca0 100% Mikrofaser: Zertifiziert nach OEKO-TEX STANDARD 100 - garantiert die Verwendung von schadstofffreien Materialien.\r\n\r\n\ud83d\udd17 Silberne Schnalle: Kein Nickel, um das Risiko von Allergien zu minimieren.\r\n\r\n\ud83c\uddea\ud83c\uddf8 Hergestellt in Spanien: Handgefertigt, um traditionelles Handwerk und Qualit\u00e4t zu w\u00fcrdigen.\r\n\r\n\ud83c\udf3f Nachhaltige Mode: Damen G\u00fcrtel, der eine nachhaltige und umweltfreundliche Option bietet.","entretien":"1. Reinigen Sie Ihre Schuhe mit einem Tuch, das mit Wasser und Seife getr\u00e4nkt ist.\r\n\r\n2. Lassen Sie sie vor dem Auftragen trocknen.\r\n\r\n3. Das Auftragen von Schuhcreme wird dringend empfohlen.\r\n\r\n4. Tragen Sie eine kleine Menge mit einem trockenen, weichen Tuch auf und reiben Sie sie sparsam mit kreisenden Bewegungen auf das Material.\r\n\r\n5. Lassen Sie sie nach dem Auftragen 24 Stunden lang nat\u00fcrlich trocknen.Produktnutzungsdauer:Wenn Sie der Meinung sind, dass Ihr Artikel seine Zeit erreicht hat oder Sie ihn nicht mehr ben\u00f6tigen, denken Sie daran, ihm ein zweites Leben zu schenken. Sie k\u00f6nnen auch einen neuen Artikel f\u00fcr sich selbst besorgen oder ihn verschenken.","marque":""},"taxonomy_info":{"product_cat":[{"value":491,"label":"G\u00fcrtel"},{"value":454,"label":"Accessoires"}],"product_tag":[{"value":447,"label":"Damenboutique"}],"product_brands":[{"value":685,"label":"NAE Vegan Shoes"}]},"featured_image_src_large":["https:\/\/ekomfort.lu\/wp-content\/uploads\/2023\/08\/belt-pera-black-1024x1024.jpg",1024,1024,true],"author_info":[],"comment_info":0,"_links":{"self":[{"href":"https:\/\/ekomfort.lu\/de\/wp-json\/wp\/v2\/product\/11609","targetHints":{"allow":["GET"]}}],"collection":[{"href":"https:\/\/ekomfort.lu\/de\/wp-json\/wp\/v2\/product"}],"about":[{"href":"https:\/\/ekomfort.lu\/de\/wp-json\/wp\/v2\/types\/product"}],"replies":[{"embeddable":true,"href":"https:\/\/ekomfort.lu\/de\/wp-json\/wp\/v2\/comments?post=11609"}],"wp:featuredmedia":[{"embeddable":true,"href":"https:\/\/ekomfort.lu\/de\/wp-json\/wp\/v2\/media\/8138"}],"wp:attachment":[{"href":"https:\/\/ekomfort.lu\/de\/wp-json\/wp\/v2\/media?parent=11609"}],"wp:term":[{"taxonomy":"product_brand","embeddable":true,"href":"https:\/\/ekomfort.lu\/de\/wp-json\/wp\/v2\/product_brand?post=11609"},{"taxonomy":"product_cat","embeddable":true,"href":"https:\/\/ekomfort.lu\/de\/wp-json\/wp\/v2\/product_cat?post=11609"},{"taxonomy":"product_tag","embeddable":true,"href":"https:\/\/ekomfort.lu\/de\/wp-json\/wp\/v2\/product_tag?post=11609"},{"taxonomy":"product_brands","embeddable":true,"href":"https:\/\/ekomfort.lu\/de\/wp-json\/wp\/v2\/product_brands?post=11609"}],"curies":[{"name":"wp","href":"https:\/\/api.w.org\/{rel}","templated":true}]}}