{"id":11604,"date":"2023-08-16T14:50:08","date_gmt":"2023-08-16T12:50:08","guid":{"rendered":"https:\/\/ekomfort.lu\/shop\/beltfalset-blue-der-vegane-damen-lederguertel-in-blau-ein-hochwertiges-accessoire-das-eleganz-und-langlebigkeit-vereint"},"modified":"2024-07-01T12:06:40","modified_gmt":"2024-07-01T10:06:40","slug":"beltfalset-blue-der-vegane-damen-lederguertel-in-blau-ein-hochwertiges-accessoire-das-eleganz-und-langlebigkeit-vereint","status":"publish","type":"product","link":"https:\/\/ekomfort.lu\/de\/shop\/beltfalset-blue-der-vegane-damen-lederguertel-in-blau-ein-hochwertiges-accessoire-das-eleganz-und-langlebigkeit-vereint\/","title":{"rendered":"BeltFalset Blue: Der vegane Damen-Lederg\u00fcrtel in Blau: Ein hochwertiges Accessoire, das Eleganz und Langlebigkeit vereint"},"content":{"rendered":"\n<p>Sie m\u00f6chten Ihren Outfits den letzten Schliff verleihen, ohne dabei Ihre \u00f6koverantwortlichen Prinzipien aufzugeben? M\u00f6chten Sie einen robusten, eleganten und umweltfreundlichen G\u00fcrtel?<\/p>\n\n\n\n<p>Stellen Sie <strong>BeltFalset Blue<\/strong> vor, den <strong>veganen Lederg\u00fcrtel f\u00fcr Frauen <\/strong>, der Stil, Ethik und Langlebigkeit perfekt verk\u00f6rpert.<\/p>\n\n\n\n<p>Bestellen Sie jetzt den veganen Lederg\u00fcrtel f\u00fcr Damen <strong>BeltFalset Blue<\/strong> und:<\/p>\n\n\n<style>.wp-block-kadence-iconlist.kt-svg-icon-list-items11604_b63fce-61:not(.this-stops-third-party-issues){margin-top:0px;margin-bottom:0px;}.wp-block-kadence-iconlist.kt-svg-icon-list-items11604_b63fce-61 ul.kt-svg-icon-list:not(.this-prevents-issues):not(.this-stops-third-party-issues):not(.tijsloc){margin-top:0px;margin-right:0px;margin-bottom:var(--global-kb-spacing-sm, 1.5rem);margin-left:0px;}.wp-block-kadence-iconlist.kt-svg-icon-list-items11604_b63fce-61 ul.kt-svg-icon-list{grid-row-gap:5px;}.wp-block-kadence-iconlist.kt-svg-icon-list-items11604_b63fce-61 .kb-svg-icon-wrap{font-size:18px;color:var(--global-palette1, #3182CE);}.wp-block-kadence-iconlist.kt-svg-icon-list-items11604_b63fce-61 ul.kt-svg-icon-list .kt-svg-icon-list-item-wrap .kt-svg-icon-list-single{margin-right:10px;}.kt-svg-icon-list-items11604_b63fce-61 ul.kt-svg-icon-list .kt-svg-icon-list-level-0 .kt-svg-icon-list-single svg{font-size:20px;}<\/style>\n<div class=\"wp-block-kadence-iconlist kt-svg-icon-list-items kt-svg-icon-list-items11604_b63fce-61 kt-svg-icon-list-columns-1 alignnone\"><ul class=\"kt-svg-icon-list\"><style>.kt-svg-icon-list-item-4472_9491eb-8c .kt-svg-icon-list-text mark.kt-highlight{background-color:unset;font-style:normal;color:#f76a0c;-webkit-box-decoration-break:clone;box-decoration-break:clone;padding-top:0px;padding-right:0px;padding-bottom:0px;padding-left:0px;}<\/style>\n<li class=\"wp-block-kadence-listitem kt-svg-icon-list-item-wrap kt-svg-icon-list-item-4472_9491eb-8c\"><span class=\"kb-svg-icon-wrap kb-svg-icon-fe_checkCircle kt-svg-icon-list-single\"><svg viewBox=\"0 0 24 24\"  fill=\"none\" stroke=\"currentColor\" stroke-width=\"3\" stroke-linecap=\"round\" stroke-linejoin=\"round\" xmlns=\"http:\/\/www.w3.org\/2000\/svg\"  aria-hidden=\"true\"><path d=\"M22 11.08V12a10 10 0 1 1-5.93-9.14\"\/><polyline points=\"22 4 12 14.01 9 11.01\"\/><\/svg><\/span><span class=\"kt-svg-icon-list-text\">Inkarniere subtile Eleganz mit einem charmanten <strong>modischen G\u00fcrtel mit geometrischem Muster<\/strong> und einer nickelfreien silbernen Schnalle, die jedem Outfit eine raffinierte Raffinesse verleiht.<\/span><\/li>\n\n\n<style>.kt-svg-icon-list-item-4472_dd00d0-25 .kt-svg-icon-list-text mark.kt-highlight{background-color:unset;font-style:normal;color:#f76a0c;-webkit-box-decoration-break:clone;box-decoration-break:clone;padding-top:0px;padding-right:0px;padding-bottom:0px;padding-left:0px;}<\/style>\n<li class=\"wp-block-kadence-listitem kt-svg-icon-list-item-wrap kt-svg-icon-list-item-4472_dd00d0-25\"><span class=\"kb-svg-icon-wrap kb-svg-icon-fe_checkCircle kt-svg-icon-list-single\"><svg viewBox=\"0 0 24 24\"  fill=\"none\" stroke=\"currentColor\" stroke-width=\"3\" stroke-linecap=\"round\" stroke-linejoin=\"round\" xmlns=\"http:\/\/www.w3.org\/2000\/svg\"  aria-hidden=\"true\"><path d=\"M22 11.08V12a10 10 0 1 1-5.93-9.14\"\/><polyline points=\"22 4 12 14.01 9 11.01\"\/><\/svg><\/span><span class=\"kt-svg-icon-list-text\">Passen Sie Ihren Komfort mit einer einstellbaren Schlaufe und einem perfekt geschnittenen Ende an, f\u00fcr un\u00fcbertroffenen Komfort den ganzen Tag \u00fcber.<\/span><\/li>\n\n\n<style>.kt-svg-icon-list-item-4472_de5893-51 .kt-svg-icon-list-text mark.kt-highlight{background-color:unset;font-style:normal;color:#f76a0c;-webkit-box-decoration-break:clone;box-decoration-break:clone;padding-top:0px;padding-right:0px;padding-bottom:0px;padding-left:0px;}<\/style>\n<li class=\"wp-block-kadence-listitem kt-svg-icon-list-item-wrap kt-svg-icon-list-item-4472_de5893-51\"><span class=\"kb-svg-icon-wrap kb-svg-icon-fe_checkCircle kt-svg-icon-list-single\"><svg viewBox=\"0 0 24 24\"  fill=\"none\" stroke=\"currentColor\" stroke-width=\"3\" stroke-linecap=\"round\" stroke-linejoin=\"round\" xmlns=\"http:\/\/www.w3.org\/2000\/svg\"  aria-hidden=\"true\"><path d=\"M22 11.08V12a10 10 0 1 1-5.93-9.14\"\/><polyline points=\"22 4 12 14.01 9 11.01\"\/><\/svg><\/span><span class=\"kt-svg-icon-list-text\">Treffen Sie die umweltbewusste Wahl mit einem veganen Nubukg\u00fcrtel: ein wasserbest\u00e4ndiges, langlebiges und umweltfreundliches Material.<\/span><\/li>\n<\/ul><\/div>\n\n\n\n<p>Ohne Kompromisse beim Stil, ohne Tierqu\u00e4lerei, ohne einen einzigen Bedauern&#8230;<\/p>\n\n\n\n<p>F\u00fcr den Preis einer Mahlzeit im Restaurant entscheiden Sie sich f\u00fcr ein modisches Accessoire, das Sie jahrelang begleiten wird und gleichzeitig Ihre Werte widerspiegelt.<\/p>\n\n\n\n<p>Bereit, Ihrem Kleiderschrank mit dem <strong>BeltFalset Blue<\/strong> einen schicken und ethischen Touch zu verleihen? Dieses Accessoire ist ein Muss f\u00fcr jeden umweltbewussten Kleiderschrank. N&#8217;warten Sie nicht, die Best\u00e4nde sind begrenzt!<\/p>\n","protected":false},"excerpt":{"rendered":"<p>Sie m\u00f6chten Ihren Outfits den letzten Schliff verleihen, ohne dabei Ihre \u00f6koverantwortlichen Prinzipien aufzugeben? M\u00f6chten Sie einen robusten, eleganten und umweltfreundlichen G\u00fcrtel? Stellen Sie BeltFalset Blue vor, den veganen Lederg\u00fcrtel f\u00fcr Frauen , der Stil, Ethik und Langlebigkeit perfekt verk\u00f6rpert. Bestellen Sie jetzt den veganen Lederg\u00fcrtel f\u00fcr Damen BeltFalset Blue und: Ohne Kompromisse beim Stil,&#8230;<\/p>\n","protected":false},"featured_media":8112,"comment_status":"open","ping_status":"closed","template":"","meta":{"_acf_changed":false,"_kad_blocks_custom_css":"","_kad_blocks_head_custom_js":"","_kad_blocks_body_custom_js":"","_kad_blocks_footer_custom_js":"","_kad_post_transparent":"","_kad_post_title":"","_kad_post_layout":"","_kad_post_sidebar_id":"","_kad_post_content_style":"","_kad_post_vertical_padding":"","_kad_post_feature":"","_kad_post_feature_position":"","_kad_post_header":false,"_kad_post_footer":false},"product_brand":[],"product_cat":[491,454],"product_tag":[447],"product_brands":[685],"class_list":{"0":"post-11604","1":"product","2":"type-product","3":"status-publish","4":"has-post-thumbnail","6":"product_cat-gurtel","7":"product_cat-accessoires-de","8":"product_tag-frau","9":"product_brands-nae-vegan-shoes-de","11":"first","12":"outofstock","13":"taxable","14":"shipping-taxable","15":"purchasable","16":"product-type-variable","17":"has-default-attributes","18":"entry","19":"content-bg","20":"loop-entry"},"acf":{"avantages":"\ud83c\udf3f Riemenmaterial: Umweltfreundliches Nobuk-Veganleder aus Mikrofasern. Frei von giftigen Stoffen, hypoallergen, antibakteriell und antimikrobiell.\r\n\r\n\u267b\ufe0f Herstellungsprozess: Umweltfreundlich, emittiert kein CO2 und verschwendet weder Wasser noch Energie.\r\n\r\n\ud83d\udd12 Verschlusstyp: Runde Schnalle mit glattem, nickelfreiem silberfarbenem Metallstift.\r\n\r\n\ud83d\udc5e Zehenstil: Sattlerstil f\u00fcr eine elegante und langlebige Optik.\r\n\r\n\ud83d\udccf Riemenbreite: 3 cm, f\u00fcr guten Halt und bequeme Passform.\ud83c\uddea\ud83c\uddf8 Made in Spain: Mit Liebe und Fachkenntnis in Spanien hergestellt. Fokus auf umweltfreundliche Materialien und faire Herstellungsprozesse.","entretien":"Reinigen Sie das Produkt mit einem in Seifenwasser getr\u00e4nkten Tuch. Verwenden Sie f\u00fcr hartn\u00e4ckige Flecken eine weiche Schuhb\u00fcrste, ebenfalls in Seifenwasser getr\u00e4nkt, und reiben Sie sanft in kreisenden Bewegungen. Entfernen Sie dann die Seife mit einem feuchten Tuch. Lassen Sie es schlie\u00dflich 24 Stunden lang an der Luft trocknen, ohne es direkter Sonneneinstrahlung auszusetzen.Achtung: Die Verwendung einer Reinigungscreme wird nicht empfohlen. Geben Sie dieses Produkt nicht in die Waschmaschine. Tauchen Sie es auch nicht in Wasser ein, da es irreparable Sch\u00e4den erleiden k\u00f6nnte.Wenn Sie der Meinung sind, dass Ihr veganes Produkt seine Zeit hatte oder Sie es nicht mehr ben\u00f6tigen, \u00fcberlegen Sie, ihm ein zweites Leben zu schenken. Verwenden Sie es auf eine andere Weise f\u00fcr sich selbst oder lassen Sie jemand anderen davon profitieren.","marque":""},"_wp_attached_file":null,"_wp_attachment_image_alt":null,"rank_math_facebook_image":null,"rank_math_facebook_image_id":null,"wpml_language":null,"_wp_attachment_metadata":null,"rank_math_focus_keyword":"BeltFalset Blau, veganes Lederdamen G\u00fcrtel","rank_math_title":"G\u00fcrtel aus veganem Leder f\u00fcr DamenBeltFalset Blau - Eleganz und Langlebigkeit","rank_math_description":"Betonen Sie Ihren ethischen Stil mit unserem veganen Lederg\u00fcrtel BeltFalset Blue f\u00fcr Damen. F\u00fcgen Sie Ihrem Outfit einen authentischen Touch hinzu. Bestellen Sie jetzt!","taxonomy_info":{"product_cat":[{"value":491,"label":"G\u00fcrtel"},{"value":454,"label":"Accessoires"}],"product_tag":[{"value":447,"label":"Damenboutique"}],"product_brands":[{"value":685,"label":"NAE Vegan Shoes"}]},"featured_image_src_large":["https:\/\/ekomfort.lu\/wp-content\/uploads\/2023\/08\/belt-falset-blue-1024x1024.jpg",1024,1024,true],"author_info":[],"comment_info":0,"_links":{"self":[{"href":"https:\/\/ekomfort.lu\/de\/wp-json\/wp\/v2\/product\/11604","targetHints":{"allow":["GET"]}}],"collection":[{"href":"https:\/\/ekomfort.lu\/de\/wp-json\/wp\/v2\/product"}],"about":[{"href":"https:\/\/ekomfort.lu\/de\/wp-json\/wp\/v2\/types\/product"}],"replies":[{"embeddable":true,"href":"https:\/\/ekomfort.lu\/de\/wp-json\/wp\/v2\/comments?post=11604"}],"wp:featuredmedia":[{"embeddable":true,"href":"https:\/\/ekomfort.lu\/de\/wp-json\/wp\/v2\/media\/8112"}],"wp:attachment":[{"href":"https:\/\/ekomfort.lu\/de\/wp-json\/wp\/v2\/media?parent=11604"}],"wp:term":[{"taxonomy":"product_brand","embeddable":true,"href":"https:\/\/ekomfort.lu\/de\/wp-json\/wp\/v2\/product_brand?post=11604"},{"taxonomy":"product_cat","embeddable":true,"href":"https:\/\/ekomfort.lu\/de\/wp-json\/wp\/v2\/product_cat?post=11604"},{"taxonomy":"product_tag","embeddable":true,"href":"https:\/\/ekomfort.lu\/de\/wp-json\/wp\/v2\/product_tag?post=11604"},{"taxonomy":"product_brands","embeddable":true,"href":"https:\/\/ekomfort.lu\/de\/wp-json\/wp\/v2\/product_brands?post=11604"}],"curies":[{"name":"wp","href":"https:\/\/api.w.org\/{rel}","templated":true}]}}