{"id":11588,"date":"2023-08-16T14:50:09","date_gmt":"2023-08-16T12:50:09","guid":{"rendered":"https:\/\/ekomfort.lu\/shop\/beltprat-green-professioneller-gruener-herrenguertel-ein-hauch-verantwortungsvoller-raffinesse-fuer-alle-stile"},"modified":"2024-08-05T23:41:00","modified_gmt":"2024-08-05T21:41:00","slug":"beltprat-green-professioneller-gruener-herrenguertel-ein-hauch-verantwortungsvoller-raffinesse-fuer-alle-stile","status":"publish","type":"product","link":"https:\/\/ekomfort.lu\/de\/shop\/beltprat-green-professioneller-gruener-herrenguertel-ein-hauch-verantwortungsvoller-raffinesse-fuer-alle-stile\/","title":{"rendered":"BeltPrat Green, professioneller gr\u00fcner Herreng\u00fcrtel: Ein Hauch verantwortungsvoller Raffinesse f\u00fcr alle Stile"},"content":{"rendered":"\n<p>M\u00f6chten Sie Ihre Kollektion mit einem Accessoire versch\u00f6nern, das sowohl schick ist als auch Ihren Werten entspricht? M\u00f6chten Sie bei der Auswahl Ihrer Kleidung sicher sein, ohne Ihre ethischen \u00dcberzeugungen aufzugeben?<\/p>\n\n\n\n<p>Erleben Sie <strong>BeltPrat Green<\/strong>, der <strong>Professioneller gr\u00fcner geflochtener Herreng\u00fcrtel aus veganem Leder<\/strong>, der ein modernes und einzigartiges Design mit einem bekr\u00e4ftigten \u00f6kologischen Engagement verbindet.<\/p>\n\n\n\n<p>W\u00e4hlen Sie <strong>Gr\u00fcner, professioneller, veganer, harter Mann f\u00fcr M\u00e4nner<\/strong> und:<\/p>\n\n\n<style>.wp-block-kadence-iconlist.kt-svg-icon-list-items11588_69c413-c1:not(.this-stops-third-party-issues){margin-top:0px;margin-bottom:0px;}.wp-block-kadence-iconlist.kt-svg-icon-list-items11588_69c413-c1 ul.kt-svg-icon-list:not(.this-prevents-issues):not(.this-stops-third-party-issues):not(.tijsloc){margin-top:0px;margin-right:0px;margin-bottom:var(--global-kb-spacing-sm, 1.5rem);margin-left:0px;}.wp-block-kadence-iconlist.kt-svg-icon-list-items11588_69c413-c1 ul.kt-svg-icon-list{grid-row-gap:5px;}.wp-block-kadence-iconlist.kt-svg-icon-list-items11588_69c413-c1 .kb-svg-icon-wrap{font-size:18px;color:var(--global-palette1, #3182CE);}.wp-block-kadence-iconlist.kt-svg-icon-list-items11588_69c413-c1 ul.kt-svg-icon-list .kt-svg-icon-list-item-wrap .kt-svg-icon-list-single{margin-right:10px;}.kt-svg-icon-list-items11588_69c413-c1 ul.kt-svg-icon-list .kt-svg-icon-list-level-0 .kt-svg-icon-list-single svg{font-size:20px;}<\/style>\n<div class=\"wp-block-kadence-iconlist kt-svg-icon-list-items kt-svg-icon-list-items11588_69c413-c1 kt-svg-icon-list-columns-1 alignnone\"><ul class=\"kt-svg-icon-list\"><style>.kt-svg-icon-list-item-4481_3c6b1d-05 .kt-svg-icon-list-text mark.kt-highlight{background-color:unset;font-style:normal;color:#f76a0c;-webkit-box-decoration-break:clone;box-decoration-break:clone;padding-top:0px;padding-right:0px;padding-bottom:0px;padding-left:0px;}<\/style>\n<li class=\"wp-block-kadence-listitem kt-svg-icon-list-item-wrap kt-svg-icon-list-item-4481_3c6b1d-05\"><span class=\"kb-svg-icon-wrap kb-svg-icon-fe_checkCircle kt-svg-icon-list-single\"><svg viewBox=\"0 0 24 24\"  fill=\"none\" stroke=\"currentColor\" stroke-width=\"3\" stroke-linecap=\"round\" stroke-linejoin=\"round\" xmlns=\"http:\/\/www.w3.org\/2000\/svg\"  aria-hidden=\"true\"><path d=\"M22 11.08V12a10 10 0 1 1-5.93-9.14\"\/><polyline points=\"22 4 12 14.01 9 11.01\"\/><\/svg><\/span><span class=\"kt-svg-icon-list-text\">Heben Sie sich von der Masse ab mit einem umweltfreundlichen veganen Lederg\u00fcrtel, der sowohl Ihren formellen als auch Ihren l\u00e4ssigen Look stilvoll aufwertet.<\/span><\/li>\n\n\n<style>.kt-svg-icon-list-item-4481_878a9d-0f .kt-svg-icon-list-text mark.kt-highlight{background-color:unset;font-style:normal;color:#f76a0c;-webkit-box-decoration-break:clone;box-decoration-break:clone;padding-top:0px;padding-right:0px;padding-bottom:0px;padding-left:0px;}<\/style>\n<li class=\"wp-block-kadence-listitem kt-svg-icon-list-item-wrap kt-svg-icon-list-item-4481_878a9d-0f\"><span class=\"kb-svg-icon-wrap kb-svg-icon-fe_checkCircle kt-svg-icon-list-single\"><svg viewBox=\"0 0 24 24\"  fill=\"none\" stroke=\"currentColor\" stroke-width=\"3\" stroke-linecap=\"round\" stroke-linejoin=\"round\" xmlns=\"http:\/\/www.w3.org\/2000\/svg\"  aria-hidden=\"true\"><path d=\"M22 11.08V12a10 10 0 1 1-5.93-9.14\"\/><polyline points=\"22 4 12 14.01 9 11.01\"\/><\/svg><\/span><span class=\"kt-svg-icon-list-text\">Genie\u00dfen Sie den Komfort und die Weichheit von hochwertigem veganem Leder, das neben Finesse auch Langlebigkeit bietet.<\/span><\/li>\n\n\n<style>.kt-svg-icon-list-item-4481_c3ae1c-bd .kt-svg-icon-list-text mark.kt-highlight{background-color:unset;font-style:normal;color:#f76a0c;-webkit-box-decoration-break:clone;box-decoration-break:clone;padding-top:0px;padding-right:0px;padding-bottom:0px;padding-left:0px;}<\/style>\n<li class=\"wp-block-kadence-listitem kt-svg-icon-list-item-wrap kt-svg-icon-list-item-4481_c3ae1c-bd\"><span class=\"kb-svg-icon-wrap kb-svg-icon-fe_checkCircle kt-svg-icon-list-single\"><svg viewBox=\"0 0 24 24\"  fill=\"none\" stroke=\"currentColor\" stroke-width=\"3\" stroke-linecap=\"round\" stroke-linejoin=\"round\" xmlns=\"http:\/\/www.w3.org\/2000\/svg\"  aria-hidden=\"true\"><path d=\"M22 11.08V12a10 10 0 1 1-5.93-9.14\"\/><polyline points=\"22 4 12 14.01 9 11.01\"\/><\/svg><\/span><span class=\"kt-svg-icon-list-text\">Genie\u00dfen Sie die Liebe zum Detail, die nickelfreie Metallschnalle und die Raffinesse einer Verarbeitung, die \u00fcber klassische Standards hinausgeht.<\/span><\/li>\n<\/ul><\/div>\n\n\n\n<p>ohne Tierqu\u00e4lerei, ohne Schadstoffe, ohne Reue&#8230;<\/p>\n\n\n\n<p>Investieren Sie zum Preis eines Standardg\u00fcrtels in einen <strong>Professioneller gr\u00fcner Herreng\u00fcrtel<\/strong>, der die Umwelt respektiert und Sie Tag f\u00fcr Tag elegant begleitet.<\/p>\n\n\n\n<p>Sind Sie bereit, ethische Mode auf die n\u00e4chste Stufe zu heben? Diese G\u00fcrtel sind sehr gefragt und unsere Lagerbest\u00e4nde sind begrenzt. Lassen Sie sich diese Gelegenheit nicht entgehen!<\/p>\n","protected":false},"excerpt":{"rendered":"<p>M\u00f6chten Sie Ihre Kollektion mit einem Accessoire versch\u00f6nern, das sowohl schick ist als auch Ihren Werten entspricht? M\u00f6chten Sie bei der Auswahl Ihrer Kleidung sicher sein, ohne Ihre ethischen \u00dcberzeugungen aufzugeben? Erleben Sie BeltPrat Green, der Professioneller gr\u00fcner geflochtener Herreng\u00fcrtel aus veganem Leder, der ein modernes und einzigartiges Design mit einem bekr\u00e4ftigten \u00f6kologischen Engagement verbindet&#8230;.<\/p>\n","protected":false},"featured_media":8152,"comment_status":"open","ping_status":"closed","template":"","meta":{"_acf_changed":false,"_kad_blocks_custom_css":"","_kad_blocks_head_custom_js":"","_kad_blocks_body_custom_js":"","_kad_blocks_footer_custom_js":"","_kad_post_transparent":"","_kad_post_title":"","_kad_post_layout":"","_kad_post_sidebar_id":"","_kad_post_content_style":"","_kad_post_vertical_padding":"","_kad_post_feature":"","_kad_post_feature_position":"","_kad_post_header":false,"_kad_post_footer":false,"_kad_post_classname":""},"product_brand":[],"product_cat":[454,491],"product_tag":[415],"product_brands":[685],"class_list":{"0":"post-11588","1":"product","2":"type-product","3":"status-publish","4":"has-post-thumbnail","6":"product_cat-accessoires-de","7":"product_cat-gurtel","8":"product_tag-mann","9":"product_brands-nae-vegan-shoes-de","11":"first","12":"outofstock","13":"taxable","14":"shipping-taxable","15":"purchasable","16":"product-type-variable","17":"has-default-attributes","18":"entry","19":"content-bg","20":"loop-entry"},"acf":{"avantages":"\ud83c\udf31 Riemenmaterial: 100% veganes Leder aus laminierten Mikrofasern mit PU. OEKO-TEX STANDARD 100 zertifiziert, hypoallergen und umweltfreundlich.\r\n\r\n\u274c Ohne giftige Stoffe: Keine Gefahr f\u00fcr unseren K\u00f6rper. Gew\u00e4hrleistet eine sichere Verwendung.\r\n\r\n\u2728 Antibakteriell und antimikrobiell: Gew\u00e4hrleistet optimale Hygiene.\r\n\r\n\ud83c\udf0d Umweltfreundlich: Hergestellt in einem innovativen Verfahren, das die Umwelt respektiert.\r\n\r\n\ud83d\udd4a\ufe0f Komfort: Leicht, strapazierf\u00e4hig und flexibel f\u00fcr optimalen Komfort.\r\n\r\n\ud83d\udd10 Verschlusstyp: Quadratische Schnalle mit silberfarbener, nickelfreier Dornschlie\u00dfe.\r\n\r\n\ud83d\udd28 Zehenstil: Glattes, gefaltetes veganes Leder mit verst\u00e4rkter Naht und symmetrischer Form.\r\n\r\n\ud83d\udccf Abmessungen: Riemenbreite von 3,5 cm (1,4 Zoll). Dicke von 3 mm (0,12 Zoll).\ud83c\uddea\ud83c\uddf8 Made in Spain: Mit gro\u00dfer Sorgfalt in Spanien hergestellt, unter Verwendung von umweltfreundlichen Materialien und Prozessen und unter fairen Arbeitsbedingungen.","entretien":"1. Reinigen Sie das Produkt mit einem in Seifenwasser getr\u00e4nkten Tuch.\r\n\r\n2. Verwenden Sie f\u00fcr hartn\u00e4ckige Flecken eine weiche Schuhb\u00fcrste, ebenfalls in Seifenwasser getr\u00e4nkt, und reiben Sie sanft in kreisenden Bewegungen.\r\n\r\n3. Entfernen Sie die Seife mit einem feuchten Tuch.\r\n\r\n4. Lassen Sie das Produkt 24 Stunden lang an der Luft trocknen, ohne es direkter Sonneneinstrahlung auszusetzen.Achtung:\r\n\r\n- Verwenden Sie keine Reinigungscreme.\r\n\r\n- Geben Sie dieses Produkt nicht in die Waschmaschine.\r\n\r\n- Tauchen Sie es nicht in Wasser ein, da es irreparable Sch\u00e4den erleiden k\u00f6nnte.","marque":""},"taxonomy_info":{"product_cat":[{"value":454,"label":"Accessoires"},{"value":491,"label":"G\u00fcrtel"}],"product_tag":[{"value":415,"label":"Herrenboutique"}],"product_brands":[{"value":685,"label":"NAE Vegan Shoes"}]},"featured_image_src_large":["https:\/\/ekomfort.lu\/wp-content\/uploads\/2023\/08\/beltprat-green-1024x1024.jpg",1024,1024,true],"author_info":[],"comment_info":0,"_links":{"self":[{"href":"https:\/\/ekomfort.lu\/de\/wp-json\/wp\/v2\/product\/11588","targetHints":{"allow":["GET"]}}],"collection":[{"href":"https:\/\/ekomfort.lu\/de\/wp-json\/wp\/v2\/product"}],"about":[{"href":"https:\/\/ekomfort.lu\/de\/wp-json\/wp\/v2\/types\/product"}],"replies":[{"embeddable":true,"href":"https:\/\/ekomfort.lu\/de\/wp-json\/wp\/v2\/comments?post=11588"}],"wp:featuredmedia":[{"embeddable":true,"href":"https:\/\/ekomfort.lu\/de\/wp-json\/wp\/v2\/media\/8152"}],"wp:attachment":[{"href":"https:\/\/ekomfort.lu\/de\/wp-json\/wp\/v2\/media?parent=11588"}],"wp:term":[{"taxonomy":"product_brand","embeddable":true,"href":"https:\/\/ekomfort.lu\/de\/wp-json\/wp\/v2\/product_brand?post=11588"},{"taxonomy":"product_cat","embeddable":true,"href":"https:\/\/ekomfort.lu\/de\/wp-json\/wp\/v2\/product_cat?post=11588"},{"taxonomy":"product_tag","embeddable":true,"href":"https:\/\/ekomfort.lu\/de\/wp-json\/wp\/v2\/product_tag?post=11588"},{"taxonomy":"product_brands","embeddable":true,"href":"https:\/\/ekomfort.lu\/de\/wp-json\/wp\/v2\/product_brands?post=11588"}],"curies":[{"name":"wp","href":"https:\/\/api.w.org\/{rel}","templated":true}]}}