{"id":11581,"date":"2023-08-16T14:50:09","date_gmt":"2023-08-16T12:50:09","guid":{"rendered":"https:\/\/ekomfort.lu\/shop\/geflochtener-veganer-guertel-fuer-herren-prat-blue"},"modified":"2024-05-07T13:37:47","modified_gmt":"2024-05-07T11:37:47","slug":"geflochtener-veganer-guertel-fuer-herren-prat-blue","status":"publish","type":"product","link":"https:\/\/ekomfort.lu\/de\/shop\/geflochtener-veganer-guertel-fuer-herren-prat-blue\/","title":{"rendered":"Geflochtener veganer G\u00fcrtel f\u00fcr Herren Prat Blue"},"content":{"rendered":"\n<p>Suchen Sie einen eleganten und umweltfreundlichen G\u00fcrtel f\u00fcr Herren? M\u00f6chten Sie Ihren professionellen Stil unter Beweis stellen und gleichzeitig die Umwelt respektieren?<\/p>\n\n\n\n<p>Tragen Sie den G\u00fcrtel <strong>Prat Bleue<\/strong> und entdecken Sie die perfekte Verbindung zwischen Eleganz, Nachhaltigkeit und Respekt f\u00fcr die Umwelt.<\/p>\n\n\n\n<p>Mit <strong>veganes Tress\u00e9e f\u00fcr M\u00e4nner Prat Bleue<\/strong>:<\/p>\n\n\n<style>.wp-block-kadence-iconlist.kt-svg-icon-list-items11581_41e144-66:not(.this-stops-third-party-issues){margin-top:0px;margin-bottom:0px;}.wp-block-kadence-iconlist.kt-svg-icon-list-items11581_41e144-66 ul.kt-svg-icon-list:not(.this-prevents-issues):not(.this-stops-third-party-issues):not(.tijsloc){margin-top:0px;margin-right:0px;margin-bottom:var(--global-kb-spacing-sm, 1.5rem);margin-left:0px;}.wp-block-kadence-iconlist.kt-svg-icon-list-items11581_41e144-66 ul.kt-svg-icon-list{grid-row-gap:20px;}.wp-block-kadence-iconlist.kt-svg-icon-list-items11581_41e144-66 .kb-svg-icon-wrap{font-size:18px;color:var(--global-palette1, #3182CE);}.wp-block-kadence-iconlist.kt-svg-icon-list-items11581_41e144-66 ul.kt-svg-icon-list .kt-svg-icon-list-item-wrap .kt-svg-icon-list-single{margin-right:10px;}.kt-svg-icon-list-items11581_41e144-66 ul.kt-svg-icon-list .kt-svg-icon-list-level-0 .kt-svg-icon-list-single svg{font-size:20px;}<\/style>\n<div class=\"wp-block-kadence-iconlist kt-svg-icon-list-items kt-svg-icon-list-items11581_41e144-66 kt-svg-icon-list-columns-1 alignnone\"><ul class=\"kt-svg-icon-list\"><style>.kt-svg-icon-list-item-4480_d50418-36 .kt-svg-icon-list-text mark.kt-highlight{background-color:unset;font-style:normal;color:#f76a0c;-webkit-box-decoration-break:clone;box-decoration-break:clone;padding-top:0px;padding-right:0px;padding-bottom:0px;padding-left:0px;}<\/style>\n<li class=\"wp-block-kadence-listitem kt-svg-icon-list-item-wrap kt-svg-icon-list-item-4480_d50418-36\"><span class=\"kb-svg-icon-wrap kb-svg-icon-fe_checkCircle kt-svg-icon-list-single\"><svg viewBox=\"0 0 24 24\"  fill=\"none\" stroke=\"currentColor\" stroke-width=\"3\" stroke-linecap=\"round\" stroke-linejoin=\"round\" xmlns=\"http:\/\/www.w3.org\/2000\/svg\"  aria-hidden=\"true\"><path d=\"M22 11.08V12a10 10 0 1 1-5.93-9.14\"\/><polyline points=\"22 4 12 14.01 9 11.01\"\/><\/svg><\/span><span class=\"kt-svg-icon-list-text\">Genie\u00dfen Sie einen langlebigen und trendigen geflochtenen G\u00fcrtel aus umweltfreundlichen Mikrofasern f\u00fcr ein makelloses Aussehen und einen gesch\u00fctzten Planeten &#8230;<\/span><\/li>\n\n\n<style>.kt-svg-icon-list-item-4480_4e1fda-18 .kt-svg-icon-list-text mark.kt-highlight{background-color:unset;font-style:normal;color:#f76a0c;-webkit-box-decoration-break:clone;box-decoration-break:clone;padding-top:0px;padding-right:0px;padding-bottom:0px;padding-left:0px;}<\/style>\n<li class=\"wp-block-kadence-listitem kt-svg-icon-list-item-wrap kt-svg-icon-list-item-4480_4e1fda-18\"><span class=\"kb-svg-icon-wrap kb-svg-icon-fe_checkCircle kt-svg-icon-list-single\"><svg viewBox=\"0 0 24 24\"  fill=\"none\" stroke=\"currentColor\" stroke-width=\"3\" stroke-linecap=\"round\" stroke-linejoin=\"round\" xmlns=\"http:\/\/www.w3.org\/2000\/svg\"  aria-hidden=\"true\"><path d=\"M22 11.08V12a10 10 0 1 1-5.93-9.14\"\/><polyline points=\"22 4 12 14.01 9 11.01\"\/><\/svg><\/span><span class=\"kt-svg-icon-list-text\">Unterstreichen Sie Ihren professionellen Stil mit der Schnalle aus Neusilber und verleihen Sie all Ihren Arbeitsoutfits einen Hauch von Eleganz &#8230;<\/span><\/li>\n\n\n<style>.kt-svg-icon-list-item-4480_e51bb6-1e .kt-svg-icon-list-text mark.kt-highlight{background-color:unset;font-style:normal;color:#f76a0c;-webkit-box-decoration-break:clone;box-decoration-break:clone;padding-top:0px;padding-right:0px;padding-bottom:0px;padding-left:0px;}<\/style>\n<li class=\"wp-block-kadence-listitem kt-svg-icon-list-item-wrap kt-svg-icon-list-item-4480_e51bb6-1e\"><span class=\"kb-svg-icon-wrap kb-svg-icon-fe_checkCircle kt-svg-icon-list-single\"><svg viewBox=\"0 0 24 24\"  fill=\"none\" stroke=\"currentColor\" stroke-width=\"3\" stroke-linecap=\"round\" stroke-linejoin=\"round\" xmlns=\"http:\/\/www.w3.org\/2000\/svg\"  aria-hidden=\"true\"><path d=\"M22 11.08V12a10 10 0 1 1-5.93-9.14\"\/><polyline points=\"22 4 12 14.01 9 11.01\"\/><\/svg><\/span><span class=\"kt-svg-icon-list-text\">Treffen Sie eine ethische Entscheidung, indem Sie dank der handwerklichen Herstellung in Spanien faire Arbeitsbedingungen unterst\u00fctzen und gleichzeitig auf dem neuesten Stand der Mode bleiben &#8230;<\/span><\/li>\n<\/ul><\/div>\n\n\n\n<p>OHNE Verschmutzung durch die traditionelle Lederindustrie, OHNE Tierqu\u00e4lerei, OHNE nickelhaltige Schnallen\u2026<\/p>\n\n\n\n<p>Erg\u00e4nzen Sie Ihre Garderobe f\u00fcr eine angemessene Investition um einen hochwertigen G\u00fcrtel, der Ihre ethischen Werte respektiert &#8230;<\/p>\n\n\n\n<p>Treffen Sie die kluge Wahl, indem Sie sich f\u00fcr den geflochtenen veganen G\u00fcrtel Prat Bleue entscheiden. Holen Sie es sich jetzt, um Ihren Stil mit diesem einzigartigen Accessoire zu vervollst\u00e4ndigen! Lassen Sie sich diese begrenzte Gelegenheit nicht entgehen!<\/p>\n","protected":false},"excerpt":{"rendered":"<p>Suchen Sie einen eleganten und umweltfreundlichen G\u00fcrtel f\u00fcr Herren? M\u00f6chten Sie Ihren professionellen Stil unter Beweis stellen und gleichzeitig die Umwelt respektieren? Tragen Sie den G\u00fcrtel Prat Bleue und entdecken Sie die perfekte Verbindung zwischen Eleganz, Nachhaltigkeit und Respekt f\u00fcr die Umwelt. Mit veganes Tress\u00e9e f\u00fcr M\u00e4nner Prat Bleue: OHNE Verschmutzung durch die traditionelle Lederindustrie,&#8230;<\/p>\n","protected":false},"featured_media":8146,"comment_status":"open","ping_status":"closed","template":"","meta":{"_acf_changed":false,"_kad_blocks_custom_css":"","_kad_blocks_head_custom_js":"","_kad_blocks_body_custom_js":"","_kad_blocks_footer_custom_js":"","_kad_post_transparent":"","_kad_post_title":"","_kad_post_layout":"","_kad_post_sidebar_id":"","_kad_post_content_style":"","_kad_post_vertical_padding":"","_kad_post_feature":"","_kad_post_feature_position":"","_kad_post_header":false,"_kad_post_footer":false,"_kad_post_classname":""},"product_brand":[],"product_cat":[454,491],"product_tag":[415],"product_brands":[685],"class_list":{"0":"post-11581","1":"product","2":"type-product","3":"status-publish","4":"has-post-thumbnail","6":"product_cat-accessoires-de","7":"product_cat-gurtel","8":"product_tag-mann","9":"product_brands-nae-vegan-shoes-de","11":"first","12":"outofstock","13":"taxable","14":"shipping-taxable","15":"product-type-variable","16":"entry","17":"content-bg","18":"loop-entry"},"acf":{"avantages":"\ud83d\udcab Geflochten: F\u00fcr einen einzigartigen und stilvollen Look.\r\n\r\n\ud83d\udd12 Silberne Schnalle ohne Nickel: Vermeiden von Allergien und Hautreizungen.\ud83c\uddea\ud83c\uddf8 Hergestellt in Spanien: Betont traditionelles Handwerk und Qualit\u00e4t.\r\n\r\n\ud83c\udf3f Umweltfreundlich: Eine modische G\u00fcrtel f\u00fcr M\u00e4nner, die die Umwelt respektiert.","entretien":"Reinigen Sie Ihre Schuhe mit einem Tuch, das mit Wasser und Seife getr\u00e4nkt ist. Lassen Sie sie vor der Anwendung trocknen.Wenn Sie der Meinung sind, dass Ihr Artikel seine Zeit hinter sich hat oder Sie ihn nicht mehr ben\u00f6tigen, denken Sie daran, ihm ein zweites Leben zu schenken. Sie k\u00f6nnen sich auch einen neuen Artikel f\u00fcr sich selbst besorgen oder ihn verschenken.","marque":""},"taxonomy_info":{"product_cat":[{"value":454,"label":"Accessoires"},{"value":491,"label":"G\u00fcrtel"}],"product_tag":[{"value":415,"label":"Herrenboutique"}],"product_brands":[{"value":685,"label":"NAE Vegan Shoes"}]},"featured_image_src_large":["https:\/\/ekomfort.lu\/wp-content\/uploads\/2023\/08\/belt-prat-blue-1024x1024.jpg",1024,1024,true],"author_info":[],"comment_info":0,"_links":{"self":[{"href":"https:\/\/ekomfort.lu\/de\/wp-json\/wp\/v2\/product\/11581","targetHints":{"allow":["GET"]}}],"collection":[{"href":"https:\/\/ekomfort.lu\/de\/wp-json\/wp\/v2\/product"}],"about":[{"href":"https:\/\/ekomfort.lu\/de\/wp-json\/wp\/v2\/types\/product"}],"replies":[{"embeddable":true,"href":"https:\/\/ekomfort.lu\/de\/wp-json\/wp\/v2\/comments?post=11581"}],"wp:featuredmedia":[{"embeddable":true,"href":"https:\/\/ekomfort.lu\/de\/wp-json\/wp\/v2\/media\/8146"}],"wp:attachment":[{"href":"https:\/\/ekomfort.lu\/de\/wp-json\/wp\/v2\/media?parent=11581"}],"wp:term":[{"taxonomy":"product_brand","embeddable":true,"href":"https:\/\/ekomfort.lu\/de\/wp-json\/wp\/v2\/product_brand?post=11581"},{"taxonomy":"product_cat","embeddable":true,"href":"https:\/\/ekomfort.lu\/de\/wp-json\/wp\/v2\/product_cat?post=11581"},{"taxonomy":"product_tag","embeddable":true,"href":"https:\/\/ekomfort.lu\/de\/wp-json\/wp\/v2\/product_tag?post=11581"},{"taxonomy":"product_brands","embeddable":true,"href":"https:\/\/ekomfort.lu\/de\/wp-json\/wp\/v2\/product_brands?post=11581"}],"curies":[{"name":"wp","href":"https:\/\/api.w.org\/{rel}","templated":true}]}}