{"id":11576,"date":"2023-08-16T14:50:08","date_gmt":"2023-08-16T12:50:08","guid":{"rendered":"https:\/\/ekomfort.lu\/shop\/damen-guertel-espot-grey-von-nae-laessige-eleganz-aus-veganem-veloursleder"},"modified":"2024-07-01T12:06:34","modified_gmt":"2024-07-01T10:06:34","slug":"damen-guertel-espot-grey-von-nae-laessige-eleganz-aus-veganem-veloursleder","status":"publish","type":"product","link":"https:\/\/ekomfort.lu\/de\/shop\/damen-guertel-espot-grey-von-nae-laessige-eleganz-aus-veganem-veloursleder\/","title":{"rendered":"Damen-G\u00fcrtel Espot Grey von Nae: L\u00e4ssige Eleganz aus veganem Veloursleder"},"content":{"rendered":"\n<p>Sie streben nach einem Accessoire, das einfach zu tragen, umweltfreundlich und stilvoll ist? M\u00f6chten Sie einen <strong>sch\u00f6nen grauen Dameng\u00fcrtel<\/strong>, der Ihre Outfits begleitet und Ihre Werte respektiert?<\/p>\n\n\n\n<p>Stellen wir vor: Der <strong>Espot Grey<\/strong>: ein moderner G\u00fcrtel f\u00fcr Frauen aus veganem Nubukleder, eine perfekte Verbindung aus zeitloser Eleganz, Leichtigkeit und \u00f6kologischer Nachhaltigkeit.<\/p>\n\n\n\n<p>Entscheiden Sie sich f\u00fcr das <strong>Espot Grey<\/strong> und:<\/p>\n\n\n<style>.wp-block-kadence-iconlist.kt-svg-icon-list-items11576_34ac76-f5:not(.this-stops-third-party-issues){margin-top:0px;margin-bottom:0px;}.wp-block-kadence-iconlist.kt-svg-icon-list-items11576_34ac76-f5 ul.kt-svg-icon-list:not(.this-prevents-issues):not(.this-stops-third-party-issues):not(.tijsloc){margin-top:0px;margin-right:0px;margin-bottom:var(--global-kb-spacing-sm, 1.5rem);margin-left:0px;}.wp-block-kadence-iconlist.kt-svg-icon-list-items11576_34ac76-f5 ul.kt-svg-icon-list{grid-row-gap:5px;}.wp-block-kadence-iconlist.kt-svg-icon-list-items11576_34ac76-f5 .kb-svg-icon-wrap{font-size:18px;color:var(--global-palette1, #3182CE);}.wp-block-kadence-iconlist.kt-svg-icon-list-items11576_34ac76-f5 ul.kt-svg-icon-list .kt-svg-icon-list-item-wrap .kt-svg-icon-list-single{margin-right:10px;}.kt-svg-icon-list-items11576_34ac76-f5 ul.kt-svg-icon-list .kt-svg-icon-list-level-0 .kt-svg-icon-list-single svg{font-size:20px;}<\/style>\n<div class=\"wp-block-kadence-iconlist kt-svg-icon-list-items kt-svg-icon-list-items11576_34ac76-f5 kt-svg-icon-list-columns-1 alignnone\"><ul class=\"kt-svg-icon-list\"><style>.kt-svg-icon-list-item-4470_b71ace-65 .kt-svg-icon-list-text mark.kt-highlight{background-color:unset;font-style:normal;color:#f76a0c;-webkit-box-decoration-break:clone;box-decoration-break:clone;padding-top:0px;padding-right:0px;padding-bottom:0px;padding-left:0px;}<\/style>\n<li class=\"wp-block-kadence-listitem kt-svg-icon-list-item-wrap kt-svg-icon-list-item-4470_b71ace-65\"><span class=\"kb-svg-icon-wrap kb-svg-icon-fe_checkCircle kt-svg-icon-list-single\"><svg viewBox=\"0 0 24 24\"  fill=\"none\" stroke=\"currentColor\" stroke-width=\"3\" stroke-linecap=\"round\" stroke-linejoin=\"round\" xmlns=\"http:\/\/www.w3.org\/2000\/svg\"  aria-hidden=\"true\"><path d=\"M22 11.08V12a10 10 0 1 1-5.93-9.14\"\/><polyline points=\"22 4 12 14.01 9 11.01\"\/><\/svg><\/span><span class=\"kt-svg-icon-list-text\">Entdecken Sie die Weichheit und den Komfort von veganem Nubuk, einem innovativen Material, das wasserabweisend und frei von Grausamkeit ist.<\/span><\/li>\n\n\n<style>.kt-svg-icon-list-item-4470_3a3f20-83 .kt-svg-icon-list-text mark.kt-highlight{background-color:unset;font-style:normal;color:#f76a0c;-webkit-box-decoration-break:clone;box-decoration-break:clone;padding-top:0px;padding-right:0px;padding-bottom:0px;padding-left:0px;}<\/style>\n<li class=\"wp-block-kadence-listitem kt-svg-icon-list-item-wrap kt-svg-icon-list-item-4470_3a3f20-83\"><span class=\"kb-svg-icon-wrap kb-svg-icon-fe_checkCircle kt-svg-icon-list-single\"><svg viewBox=\"0 0 24 24\"  fill=\"none\" stroke=\"currentColor\" stroke-width=\"3\" stroke-linecap=\"round\" stroke-linejoin=\"round\" xmlns=\"http:\/\/www.w3.org\/2000\/svg\"  aria-hidden=\"true\"><path d=\"M22 11.08V12a10 10 0 1 1-5.93-9.14\"\/><polyline points=\"22 4 12 14.01 9 11.01\"\/><\/svg><\/span><span class=\"kt-svg-icon-list-text\">Genie\u00dfen Sie die Universalit\u00e4t dieses G\u00fcrtels, der perfekt zu Ihren l\u00e4ssigen Outfits und B\u00fcroensembles passt.<\/span><\/li>\n\n\n<style>.kt-svg-icon-list-item-4470_be99dd-62 .kt-svg-icon-list-text mark.kt-highlight{background-color:unset;font-style:normal;color:#f76a0c;-webkit-box-decoration-break:clone;box-decoration-break:clone;padding-top:0px;padding-right:0px;padding-bottom:0px;padding-left:0px;}<\/style>\n<li class=\"wp-block-kadence-listitem kt-svg-icon-list-item-wrap kt-svg-icon-list-item-4470_be99dd-62\"><span class=\"kb-svg-icon-wrap kb-svg-icon-fe_checkCircle kt-svg-icon-list-single\"><svg viewBox=\"0 0 24 24\"  fill=\"none\" stroke=\"currentColor\" stroke-width=\"3\" stroke-linecap=\"round\" stroke-linejoin=\"round\" xmlns=\"http:\/\/www.w3.org\/2000\/svg\"  aria-hidden=\"true\"><path d=\"M22 11.08V12a10 10 0 1 1-5.93-9.14\"\/><polyline points=\"22 4 12 14.01 9 11.01\"\/><\/svg><\/span><span class=\"kt-svg-icon-list-text\">Genie\u00dfen Sie die Raffinesse und Qualit\u00e4t dieses <strong>schicken Damen G\u00fcrtels<\/strong>, der durch eine unterst\u00fctzende Naht und eine nickelfreie silberne Metallschnalle aufgewertet wird.<\/span><\/li>\n<\/ul><\/div>\n\n\n\n<p>Ohne tierische Bestandteile, ohne unn\u00f6tigen Ballast und ohne Kompromisse beim Stil&#8230;<\/p>\n\n\n\n<p>Stellen Sie sich diesen G\u00fcrtel vor, der sanft um Ihre Taille geschlossen ist, sein angenehmes Gef\u00fchl, seine Leichtigkeit&#8230; All das zu einem erschwinglichen Preis im Vergleich zu \u00e4hnlichen Produkten, die von Luxusmarken angeboten werden.<\/p>\n\n\n\n<p>Also, bereit, eine l\u00e4ssige Eleganz in Ihren Alltag mit dem <strong>Espot Grey<\/strong> hinzuzuf\u00fcgen? Diese <strong>sch\u00f6ne<\/strong> <strong>graue Leder-Dameng\u00fcrtel im Sale<\/strong> ist \u00e4u\u00dferst beliebt und die Best\u00e4nde werden schnell knapp. Verpassen Sie diese Gelegenheit nicht!<\/p>\n","protected":false},"excerpt":{"rendered":"<p>Sie streben nach einem Accessoire, das einfach zu tragen, umweltfreundlich und stilvoll ist? M\u00f6chten Sie einen sch\u00f6nen grauen Dameng\u00fcrtel, der Ihre Outfits begleitet und Ihre Werte respektiert? Stellen wir vor: Der Espot Grey: ein moderner G\u00fcrtel f\u00fcr Frauen aus veganem Nubukleder, eine perfekte Verbindung aus zeitloser Eleganz, Leichtigkeit und \u00f6kologischer Nachhaltigkeit. Entscheiden Sie sich f\u00fcr&#8230;<\/p>\n","protected":false},"featured_media":8048,"comment_status":"open","ping_status":"closed","template":"","meta":{"_acf_changed":false,"_kad_blocks_custom_css":"","_kad_blocks_head_custom_js":"","_kad_blocks_body_custom_js":"","_kad_blocks_footer_custom_js":"","_kad_post_transparent":"","_kad_post_title":"","_kad_post_layout":"","_kad_post_sidebar_id":"","_kad_post_content_style":"","_kad_post_vertical_padding":"","_kad_post_feature":"","_kad_post_feature_position":"","_kad_post_header":false,"_kad_post_footer":false,"_kad_post_classname":""},"product_brand":[],"product_cat":[454,491],"product_tag":[447],"product_brands":[685],"class_list":{"0":"post-11576","1":"product","2":"type-product","3":"status-publish","4":"has-post-thumbnail","6":"product_cat-accessoires-de","7":"product_cat-gurtel","8":"product_tag-frau","9":"product_brands-nae-vegan-shoes-de","11":"first","12":"instock","13":"taxable","14":"shipping-taxable","15":"purchasable","16":"product-type-variable","17":"has-default-attributes","18":"entry","19":"content-bg","20":"loop-entry"},"acf":{"avantages":"\ud83c\udf31 Riemen aus umweltfreundlichen Mikrofaser-Nobuk-Veganen: Hypoallergen, antibakteriell und antimikrobiell. Umweltfreundlich hergestellt ohne Wasserverschwendung oder Energieverschwendung.\r\n\r\n\ud83d\udd12 Verschluss mit leicht gebogener, nickelfreier silberner Metallschnalle: Sicher, \u00e4sthetisch und langlebig.\r\n\r\n\ud83d\udc5e Sattlernaht: Verleiht eine klassische Eleganz.\r\n\r\n\ud83d\udccf Riemenbreite: Misst 2,8 cm f\u00fcr eine bequeme und sichere Passform.\ud83c\uddea\ud83c\uddf8 Mit gro\u00dfer Sorgfalt in Spanien hergestellt: Einhaltung strenger Standards f\u00fcr Umweltvertr\u00e4glichkeit und soziale Gerechtigkeit. F\u00fcr ein hochwertiges Produkt.","entretien":"1. Reinigen Sie das Produkt mit einem in Seifenwasser getr\u00e4nkten Tuch.\r\n\r\n2. Verwenden Sie f\u00fcr hartn\u00e4ckige Flecken eine weiche Schuhb\u00fcrste, ebenfalls in Seifenwasser getr\u00e4nkt, und reiben Sie sanft in kreisenden Bewegungen.3. Entfernen Sie die Seife mit einem feuchten Tuch.\r\n\r\n4. Lassen Sie das Produkt 24 Stunden lang an der Luft trocknen, ohne es direkter Sonneneinstrahlung auszusetzen.Achtung:\r\n\r\n\u2022 Verwenden Sie keine Reinigungscreme.\r\n\r\n\u2022 Geben Sie dieses Produkt nicht in die Waschmaschine.\r\n\r\n\u2022 Tauchen Sie es nicht in Wasser ein, da es irreparable Sch\u00e4den erleiden k\u00f6nnte.Wenn Sie der Meinung sind, dass Ihr veganes Produkt seine Zeit hatte oder Sie es nicht mehr ben\u00f6tigen, denken Sie daran, ihm ein zweites Leben zu schenken. Verwenden Sie es auf eine andere Weise selbst oder lassen Sie eine andere Person davon profitieren.","marque":""},"taxonomy_info":{"product_cat":[{"value":454,"label":"Accessoires"},{"value":491,"label":"G\u00fcrtel"}],"product_tag":[{"value":447,"label":"Damenboutique"}],"product_brands":[{"value":685,"label":"NAE Vegan Shoes"}]},"featured_image_src_large":["https:\/\/ekomfort.lu\/wp-content\/uploads\/2023\/08\/beletespot-grey-1024x1024.jpg",1024,1024,true],"author_info":[],"comment_info":0,"_links":{"self":[{"href":"https:\/\/ekomfort.lu\/de\/wp-json\/wp\/v2\/product\/11576","targetHints":{"allow":["GET"]}}],"collection":[{"href":"https:\/\/ekomfort.lu\/de\/wp-json\/wp\/v2\/product"}],"about":[{"href":"https:\/\/ekomfort.lu\/de\/wp-json\/wp\/v2\/types\/product"}],"replies":[{"embeddable":true,"href":"https:\/\/ekomfort.lu\/de\/wp-json\/wp\/v2\/comments?post=11576"}],"wp:featuredmedia":[{"embeddable":true,"href":"https:\/\/ekomfort.lu\/de\/wp-json\/wp\/v2\/media\/8048"}],"wp:attachment":[{"href":"https:\/\/ekomfort.lu\/de\/wp-json\/wp\/v2\/media?parent=11576"}],"wp:term":[{"taxonomy":"product_brand","embeddable":true,"href":"https:\/\/ekomfort.lu\/de\/wp-json\/wp\/v2\/product_brand?post=11576"},{"taxonomy":"product_cat","embeddable":true,"href":"https:\/\/ekomfort.lu\/de\/wp-json\/wp\/v2\/product_cat?post=11576"},{"taxonomy":"product_tag","embeddable":true,"href":"https:\/\/ekomfort.lu\/de\/wp-json\/wp\/v2\/product_tag?post=11576"},{"taxonomy":"product_brands","embeddable":true,"href":"https:\/\/ekomfort.lu\/de\/wp-json\/wp\/v2\/product_brands?post=11576"}],"curies":[{"name":"wp","href":"https:\/\/api.w.org\/{rel}","templated":true}]}}