{"id":11565,"date":"2023-08-16T14:50:10","date_gmt":"2023-08-16T12:50:10","guid":{"rendered":"https:\/\/ekomfort.lu\/shop\/brauner-damenguertel-beltvila-brown-von-nae-umweltbewusste-eleganz-in-aller-schlichtheit"},"modified":"2024-07-01T12:05:42","modified_gmt":"2024-07-01T10:05:42","slug":"brauner-damenguertel-beltvila-brown-von-nae-umweltbewusste-eleganz-in-aller-schlichtheit","status":"publish","type":"product","link":"https:\/\/ekomfort.lu\/de\/shop\/brauner-damenguertel-beltvila-brown-von-nae-umweltbewusste-eleganz-in-aller-schlichtheit\/","title":{"rendered":"Brauner Dameng\u00fcrtel BeltVila Brown von Nae: Umweltbewusste Eleganz in aller Schlichtheit"},"content":{"rendered":"\n<p>Suchen Sie einen G\u00fcrtel, der Ihre Outfits aufwertet und gleichzeitig Ihren ethischen Verpflichtungen entspricht? M\u00f6chten Sie ein umweltbewusstes Accessoire, das keine Kompromisse bei der Eleganz eingeht?<\/p>\n\n\n\n<p>Entdecken Sie den <strong>BeltVila Brown<\/strong>, ein <strong>veganer G\u00fcrtel f\u00fcr Damen<\/strong> aus veganem Leder, der modernen Stil, Nachhaltigkeit und Umweltbewusstsein perfekt vereint.<\/p>\n\n\n\n<p>W\u00e4hlen Sie <strong>Kunsthandwerk aus veganem Leder BeltVila Brown<\/strong>, Sie:<\/p>\n\n\n<style>.wp-block-kadence-iconlist.kt-svg-icon-list-items11565_6a5e04-10:not(.this-stops-third-party-issues){margin-top:0px;margin-bottom:0px;}.wp-block-kadence-iconlist.kt-svg-icon-list-items11565_6a5e04-10 ul.kt-svg-icon-list:not(.this-prevents-issues):not(.this-stops-third-party-issues):not(.tijsloc){margin-top:0px;margin-right:0px;margin-bottom:var(--global-kb-spacing-sm, 1.5rem);margin-left:0px;}.wp-block-kadence-iconlist.kt-svg-icon-list-items11565_6a5e04-10 ul.kt-svg-icon-list{grid-row-gap:5px;}.wp-block-kadence-iconlist.kt-svg-icon-list-items11565_6a5e04-10 .kb-svg-icon-wrap{font-size:18px;color:var(--global-palette1, #3182CE);}.wp-block-kadence-iconlist.kt-svg-icon-list-items11565_6a5e04-10 ul.kt-svg-icon-list .kt-svg-icon-list-item-wrap .kt-svg-icon-list-single{margin-right:10px;}.kt-svg-icon-list-items11565_6a5e04-10 ul.kt-svg-icon-list .kt-svg-icon-list-level-0 .kt-svg-icon-list-single svg{font-size:20px;}<\/style>\n<div class=\"wp-block-kadence-iconlist kt-svg-icon-list-items kt-svg-icon-list-items11565_6a5e04-10 kt-svg-icon-list-columns-1 alignnone\"><ul class=\"kt-svg-icon-list\"><style>.kt-svg-icon-list-item-4484_2bd49f-fa .kt-svg-icon-list-text mark.kt-highlight{background-color:unset;font-style:normal;color:#f76a0c;-webkit-box-decoration-break:clone;box-decoration-break:clone;padding-top:0px;padding-right:0px;padding-bottom:0px;padding-left:0px;}<\/style>\n<li class=\"wp-block-kadence-listitem kt-svg-icon-list-item-wrap kt-svg-icon-list-item-4484_2bd49f-fa\"><span class=\"kb-svg-icon-wrap kb-svg-icon-fe_checkCircle kt-svg-icon-list-single\"><svg viewBox=\"0 0 24 24\"  fill=\"none\" stroke=\"currentColor\" stroke-width=\"3\" stroke-linecap=\"round\" stroke-linejoin=\"round\" xmlns=\"http:\/\/www.w3.org\/2000\/svg\"  aria-hidden=\"true\"><path d=\"M22 11.08V12a10 10 0 1 1-5.93-9.14\"\/><polyline points=\"22 4 12 14.01 9 11.01\"\/><\/svg><\/span><span class=\"kt-svg-icon-list-text\">Verleihen Sie Ihren Outfits ein schickes Finish mit diesem braunen G\u00fcrtel aus veganem Leder, einer echten, charmanten Bereicherung.<\/span><\/li>\n\n\n<style>.kt-svg-icon-list-item-4484_ca46d2-00 .kt-svg-icon-list-text mark.kt-highlight{background-color:unset;font-style:normal;color:#f76a0c;-webkit-box-decoration-break:clone;box-decoration-break:clone;padding-top:0px;padding-right:0px;padding-bottom:0px;padding-left:0px;}<\/style>\n<li class=\"wp-block-kadence-listitem kt-svg-icon-list-item-wrap kt-svg-icon-list-item-4484_ca46d2-00\"><span class=\"kb-svg-icon-wrap kb-svg-icon-fe_checkCircle kt-svg-icon-list-single\"><svg viewBox=\"0 0 24 24\"  fill=\"none\" stroke=\"currentColor\" stroke-width=\"3\" stroke-linecap=\"round\" stroke-linejoin=\"round\" xmlns=\"http:\/\/www.w3.org\/2000\/svg\"  aria-hidden=\"true\"><path d=\"M22 11.08V12a10 10 0 1 1-5.93-9.14\"\/><polyline points=\"22 4 12 14.01 9 11.01\"\/><\/svg><\/span><span class=\"kt-svg-icon-list-text\">Genie\u00dfen Sie den Komfort und die Flexibilit\u00e4t eines robusten und anpassungsf\u00e4higen Materials, das die Kurven Ihrer Figur respektiert.<\/span><\/li>\n\n\n<style>.kt-svg-icon-list-item-4484_0535bb-fe .kt-svg-icon-list-text mark.kt-highlight{background-color:unset;font-style:normal;color:#f76a0c;-webkit-box-decoration-break:clone;box-decoration-break:clone;padding-top:0px;padding-right:0px;padding-bottom:0px;padding-left:0px;}<\/style>\n<li class=\"wp-block-kadence-listitem kt-svg-icon-list-item-wrap kt-svg-icon-list-item-4484_0535bb-fe\"><span class=\"kb-svg-icon-wrap kb-svg-icon-fe_checkCircle kt-svg-icon-list-single\"><svg viewBox=\"0 0 24 24\"  fill=\"none\" stroke=\"currentColor\" stroke-width=\"3\" stroke-linecap=\"round\" stroke-linejoin=\"round\" xmlns=\"http:\/\/www.w3.org\/2000\/svg\"  aria-hidden=\"true\"><path d=\"M22 11.08V12a10 10 0 1 1-5.93-9.14\"\/><polyline points=\"22 4 12 14.01 9 11.01\"\/><\/svg><\/span><span class=\"kt-svg-icon-list-text\">Werden Sie Teil der umweltbewussten Bewegung mit einem G\u00fcrtel, der aus OEKO-TEX-zertifizierter Mikrofaser hergestellt wird, ohne CO2-Emissionen.<\/span><\/li>\n<\/ul><\/div>\n\n\n\n<p>Tierversuchsfrei, nickelfrei und tadelloser Stil, immer auf den Punkt &#8230;<\/p>\n\n\n\n<p>Sichern Sie sich zu einem vern\u00fcnftigen Preis einen G\u00fcrtel, der Ihr Aussehen aufwertet und gleichzeitig die Bedeutung des Schutzes unserer Umwelt ber\u00fccksichtigt.<\/p>\n\n\n\n<p>Sind Sie bereit, Ihre Garderobe mit einem Hauch umweltfreundlicher Eleganz zu bereichern? Der <strong>BeltVila Brown<\/strong> ist sehr beliebt, also warten Sie nicht mit Ihrer Wahl!<\/p>\n","protected":false},"excerpt":{"rendered":"<p>Suchen Sie einen G\u00fcrtel, der Ihre Outfits aufwertet und gleichzeitig Ihren ethischen Verpflichtungen entspricht? M\u00f6chten Sie ein umweltbewusstes Accessoire, das keine Kompromisse bei der Eleganz eingeht? Entdecken Sie den BeltVila Brown, ein veganer G\u00fcrtel f\u00fcr Damen aus veganem Leder, der modernen Stil, Nachhaltigkeit und Umweltbewusstsein perfekt vereint. W\u00e4hlen Sie Kunsthandwerk aus veganem Leder BeltVila Brown,&#8230;<\/p>\n","protected":false},"featured_media":8546,"comment_status":"open","ping_status":"closed","template":"","meta":{"_acf_changed":false,"_kad_blocks_custom_css":"","_kad_blocks_head_custom_js":"","_kad_blocks_body_custom_js":"","_kad_blocks_footer_custom_js":"","_kad_post_transparent":"","_kad_post_title":"","_kad_post_layout":"","_kad_post_sidebar_id":"","_kad_post_content_style":"","_kad_post_vertical_padding":"","_kad_post_feature":"","_kad_post_feature_position":"","_kad_post_header":false,"_kad_post_footer":false,"_kad_post_classname":""},"product_brand":[],"product_cat":[454,491],"product_tag":[447],"product_brands":[685],"class_list":{"0":"post-11565","1":"product","2":"type-product","3":"status-publish","4":"has-post-thumbnail","6":"product_cat-accessoires-de","7":"product_cat-gurtel","8":"product_tag-frau","9":"product_brands-nae-vegan-shoes-de","11":"first","12":"outofstock","13":"taxable","14":"shipping-taxable","15":"purchasable","16":"product-type-variable","17":"has-default-attributes","18":"entry","19":"content-bg","20":"loop-entry"},"acf":{"avantages":"\ud83e\uddf5 Geflochten: Hergestellt mit einer Flechttechnik f\u00fcr einen Hauch von Stil und Originalit\u00e4t.\r\n\r\n\ud83d\udd17 Nickelfreie silberne Schnalle: Die G\u00fcrtelschnalle ist aus nickelfreiem Silber, um Irritationen und Allergien zu vermeiden.\ud83c\uddea\ud83c\uddf8 Handgefertigt in Spanien: Jeder G\u00fcrtel wird in Spanien von Hand gefertigt, um traditionelles Handwerk und Qualit\u00e4t zu betonen.\r\n\r\n\ud83c\udf3f Nachhaltiger Dameng\u00fcrtel: Entworfen mit einem umweltbewussten Ansatz, unter Verwendung von umweltfreundlichen und langlebigen Materialien.","entretien":"Reinigen Sie Ihre Schuhe mit einem Tuch, das mit Wasser und Seife getr\u00e4nkt ist. Lassen Sie sie vor der Anwendung trocknen.Wenn Sie der Meinung sind, dass Ihr Artikel seine Zeit hinter sich hat oder Sie ihn nicht mehr ben\u00f6tigen, denken Sie daran, ihm ein zweites Leben zu schenken. Sie k\u00f6nnen sich auch einen neuen Artikel f\u00fcr sich selbst besorgen oder ihn verschenken.","marque":""},"taxonomy_info":{"product_cat":[{"value":454,"label":"Accessoires"},{"value":491,"label":"G\u00fcrtel"}],"product_tag":[{"value":447,"label":"Damenboutique"}],"product_brands":[{"value":685,"label":"NAE Vegan Shoes"}]},"featured_image_src_large":["https:\/\/ekomfort.lu\/wp-content\/uploads\/2023\/08\/beltvila-brown-ceinture-marron.jpg",700,700,false],"author_info":[],"comment_info":0,"_links":{"self":[{"href":"https:\/\/ekomfort.lu\/de\/wp-json\/wp\/v2\/product\/11565","targetHints":{"allow":["GET"]}}],"collection":[{"href":"https:\/\/ekomfort.lu\/de\/wp-json\/wp\/v2\/product"}],"about":[{"href":"https:\/\/ekomfort.lu\/de\/wp-json\/wp\/v2\/types\/product"}],"replies":[{"embeddable":true,"href":"https:\/\/ekomfort.lu\/de\/wp-json\/wp\/v2\/comments?post=11565"}],"wp:featuredmedia":[{"embeddable":true,"href":"https:\/\/ekomfort.lu\/de\/wp-json\/wp\/v2\/media\/8546"}],"wp:attachment":[{"href":"https:\/\/ekomfort.lu\/de\/wp-json\/wp\/v2\/media?parent=11565"}],"wp:term":[{"taxonomy":"product_brand","embeddable":true,"href":"https:\/\/ekomfort.lu\/de\/wp-json\/wp\/v2\/product_brand?post=11565"},{"taxonomy":"product_cat","embeddable":true,"href":"https:\/\/ekomfort.lu\/de\/wp-json\/wp\/v2\/product_cat?post=11565"},{"taxonomy":"product_tag","embeddable":true,"href":"https:\/\/ekomfort.lu\/de\/wp-json\/wp\/v2\/product_tag?post=11565"},{"taxonomy":"product_brands","embeddable":true,"href":"https:\/\/ekomfort.lu\/de\/wp-json\/wp\/v2\/product_brands?post=11565"}],"curies":[{"name":"wp","href":"https:\/\/api.w.org\/{rel}","templated":true}]}}