{"id":11557,"date":"2023-08-16T14:50:10","date_gmt":"2023-08-16T12:50:10","guid":{"rendered":"https:\/\/ekomfort.lu\/shop\/sandalen-mit-5-cm-absatz-aus-naturkork-cora-brown-von-nae-perfekte-harmonie-aus-stil-und-oekologischem-engagement"},"modified":"2024-07-01T12:05:15","modified_gmt":"2024-07-01T10:05:15","slug":"sandalen-mit-5-cm-absatz-aus-naturkork-cora-brown-von-nae-perfekte-harmonie-aus-stil-und-oekologischem-engagement","status":"publish","type":"product","link":"https:\/\/ekomfort.lu\/de\/shop\/sandalen-mit-5-cm-absatz-aus-naturkork-cora-brown-von-nae-perfekte-harmonie-aus-stil-und-oekologischem-engagement\/","title":{"rendered":"Sandalen mit 5 cm Absatz aus Naturkork, Cora Brown von Nae: Perfekte Harmonie aus Stil und \u00f6kologischem Engagement"},"content":{"rendered":"\n<p>Suchen Sie nach <strong>umweltfreundlichen Sandalen f\u00fcr Frauen<\/strong>, die \u00c4sthetik, Komfort und den Respekt f\u00fcr unseren Planeten vereinen? M\u00f6chten Sie nicht auf Ihren Stil verzichten, um im Einklang mit Ihren Werten zu leben?<\/p>\n\n\n\n<p>Entdecken Sie die <strong>Cora Brown<\/strong>, die aus gepr\u00e4gtem Naturkork gefertigt sind und den Prinzipien einer umweltfreundlichen Mode treu bleiben. Die <strong>mittelhohen Absatzsandalen<\/strong>.<\/p>\n\n\n\n<p>Mit den Sandalen <strong>Cora Brown<\/strong> an deinen F\u00fc\u00dfen:<\/p>\n\n\n<style>.wp-block-kadence-iconlist.kt-svg-icon-list-items11557_69273b-12:not(.this-stops-third-party-issues){margin-top:0px;margin-bottom:0px;}.wp-block-kadence-iconlist.kt-svg-icon-list-items11557_69273b-12 ul.kt-svg-icon-list:not(.this-prevents-issues):not(.this-stops-third-party-issues):not(.tijsloc){margin-top:0px;margin-right:0px;margin-bottom:var(--global-kb-spacing-sm, 1.5rem);margin-left:0px;}.wp-block-kadence-iconlist.kt-svg-icon-list-items11557_69273b-12 ul.kt-svg-icon-list{grid-row-gap:5px;}.wp-block-kadence-iconlist.kt-svg-icon-list-items11557_69273b-12 .kb-svg-icon-wrap{font-size:18px;color:var(--global-palette1, #3182CE);}.wp-block-kadence-iconlist.kt-svg-icon-list-items11557_69273b-12 ul.kt-svg-icon-list .kt-svg-icon-list-item-wrap .kt-svg-icon-list-single{margin-right:10px;}.kt-svg-icon-list-items11557_69273b-12 ul.kt-svg-icon-list .kt-svg-icon-list-level-0 .kt-svg-icon-list-single svg{font-size:20px;}<\/style>\n<div class=\"wp-block-kadence-iconlist kt-svg-icon-list-items kt-svg-icon-list-items11557_69273b-12 kt-svg-icon-list-columns-1 alignnone\"><ul class=\"kt-svg-icon-list\"><style>.kt-svg-icon-list-item-4491_117206-88 .kt-svg-icon-list-text mark.kt-highlight{background-color:unset;font-style:normal;color:#f76a0c;-webkit-box-decoration-break:clone;box-decoration-break:clone;padding-top:0px;padding-right:0px;padding-bottom:0px;padding-left:0px;}<\/style>\n<li class=\"wp-block-kadence-listitem kt-svg-icon-list-item-wrap kt-svg-icon-list-item-4491_117206-88\"><span class=\"kb-svg-icon-wrap kb-svg-icon-fe_checkCircle kt-svg-icon-list-single\"><svg viewBox=\"0 0 24 24\"  fill=\"none\" stroke=\"currentColor\" stroke-width=\"3\" stroke-linecap=\"round\" stroke-linejoin=\"round\" xmlns=\"http:\/\/www.w3.org\/2000\/svg\"  aria-hidden=\"true\"><path d=\"M22 11.08V12a10 10 0 1 1-5.93-9.14\"\/><polyline points=\"22 4 12 14.01 9 11.01\"\/><\/svg><\/span><span class=\"kt-svg-icon-list-text\">Stellen Sie sich den sanften Kontakt des nat\u00fcrlichen Korks vor, eines umweltfreundlichen und atmungsaktiven Materials, das Ihre F\u00fc\u00dfe streichelt.<\/span><\/li>\n\n\n<style>.kt-svg-icon-list-item-4491_de9b59-ff .kt-svg-icon-list-text mark.kt-highlight{background-color:unset;font-style:normal;color:#f76a0c;-webkit-box-decoration-break:clone;box-decoration-break:clone;padding-top:0px;padding-right:0px;padding-bottom:0px;padding-left:0px;}<\/style>\n<li class=\"wp-block-kadence-listitem kt-svg-icon-list-item-wrap kt-svg-icon-list-item-4491_de9b59-ff\"><span class=\"kb-svg-icon-wrap kb-svg-icon-fe_checkCircle kt-svg-icon-list-single\"><svg viewBox=\"0 0 24 24\"  fill=\"none\" stroke=\"currentColor\" stroke-width=\"3\" stroke-linecap=\"round\" stroke-linejoin=\"round\" xmlns=\"http:\/\/www.w3.org\/2000\/svg\"  aria-hidden=\"true\"><path d=\"M22 11.08V12a10 10 0 1 1-5.93-9.14\"\/><polyline points=\"22 4 12 14.01 9 11.01\"\/><\/svg><\/span><span class=\"kt-svg-icon-list-text\">Genie\u00dfen Sie ein Gef\u00fchl von Frische dank einer antibakteriellen und antimikrobiellen Mikrofaserf\u00fctterung, die unangenehme Ger\u00fcche fernh\u00e4lt.<\/span><\/li>\n\n\n<style>.kt-svg-icon-list-item-4491_93edc8-a8 .kt-svg-icon-list-text mark.kt-highlight{background-color:unset;font-style:normal;color:#f76a0c;-webkit-box-decoration-break:clone;box-decoration-break:clone;padding-top:0px;padding-right:0px;padding-bottom:0px;padding-left:0px;}<\/style>\n<li class=\"wp-block-kadence-listitem kt-svg-icon-list-item-wrap kt-svg-icon-list-item-4491_93edc8-a8\"><span class=\"kb-svg-icon-wrap kb-svg-icon-fe_checkCircle kt-svg-icon-list-single\"><svg viewBox=\"0 0 24 24\"  fill=\"none\" stroke=\"currentColor\" stroke-width=\"3\" stroke-linecap=\"round\" stroke-linejoin=\"round\" xmlns=\"http:\/\/www.w3.org\/2000\/svg\"  aria-hidden=\"true\"><path d=\"M22 11.08V12a10 10 0 1 1-5.93-9.14\"\/><polyline points=\"22 4 12 14.01 9 11.01\"\/><\/svg><\/span><span class=\"kt-svg-icon-list-text\">Genie\u00dfen Sie den Charme sorgf\u00e4ltig handgefertigter Veredelungen in Portugal, die unter Ber\u00fccksichtigung fairer Arbeit durchgef\u00fchrt wurden.<\/span><\/li>\n\n\n<style>.kt-svg-icon-list-item-4491_68cd0f-63 .kt-svg-icon-list-text mark.kt-highlight{background-color:unset;font-style:normal;color:#f76a0c;-webkit-box-decoration-break:clone;box-decoration-break:clone;padding-top:0px;padding-right:0px;padding-bottom:0px;padding-left:0px;}<\/style>\n<li class=\"wp-block-kadence-listitem kt-svg-icon-list-item-wrap kt-svg-icon-list-item-4491_68cd0f-63\"><span class=\"kb-svg-icon-wrap kb-svg-icon-fe_checkCircle kt-svg-icon-list-single\"><svg viewBox=\"0 0 24 24\"  fill=\"none\" stroke=\"currentColor\" stroke-width=\"3\" stroke-linecap=\"round\" stroke-linejoin=\"round\" xmlns=\"http:\/\/www.w3.org\/2000\/svg\"  aria-hidden=\"true\"><path d=\"M22 11.08V12a10 10 0 1 1-5.93-9.14\"\/><polyline points=\"22 4 12 14.01 9 11.01\"\/><\/svg><\/span><span class=\"kt-svg-icon-list-text\">Bewundern Sie das schicke Detail der nickelfreien goldenen Schnalle, die diesen Sandalen eine Note von Raffinesse verleiht.<\/span><\/li>\n<\/ul><\/div>\n\n\n\n<p>100% umweltvertr\u00e4glich, hypoallergen und komfortabel&#8230;<\/p>\n\n\n\n<p>Zu einem erschwinglichen Preis erwerben Sie nicht nur ein Paar Sandalen, sondern auch einen bewussten Akt f\u00fcr das Wohlergehen unseres Planeten.<\/p>\n\n\n\n<p>Also, sind Sie bereit, Kork zu umarmen, dieses nat\u00fcrliche, nachhaltige und ethische Material? Diese <strong>\u00d6kologisch verantwortungsvolle Sandalen f\u00fcr Frauen<\/strong> sind sehr beliebt und die Best\u00e4nde gehen schnell zur Neige. Lassen Sie sich diese Gelegenheit nicht entgehen!<\/p>\n","protected":false},"excerpt":{"rendered":"<p>Suchen Sie nach umweltfreundlichen Sandalen f\u00fcr Frauen, die \u00c4sthetik, Komfort und den Respekt f\u00fcr unseren Planeten vereinen? M\u00f6chten Sie nicht auf Ihren Stil verzichten, um im Einklang mit Ihren Werten zu leben? Entdecken Sie die Cora Brown, die aus gepr\u00e4gtem Naturkork gefertigt sind und den Prinzipien einer umweltfreundlichen Mode treu bleiben. Die mittelhohen Absatzsandalen. Mit&#8230;<\/p>\n","protected":false},"featured_media":8506,"comment_status":"open","ping_status":"closed","template":"","meta":{"_acf_changed":false,"_kad_blocks_custom_css":"","_kad_blocks_head_custom_js":"","_kad_blocks_body_custom_js":"","_kad_blocks_footer_custom_js":"","_kad_post_transparent":"","_kad_post_title":"","_kad_post_layout":"","_kad_post_sidebar_id":"","_kad_post_content_style":"","_kad_post_vertical_padding":"","_kad_post_feature":"","_kad_post_feature_position":"","_kad_post_header":false,"_kad_post_footer":false},"product_brand":[],"product_cat":[459,413],"product_tag":[447],"product_brands":[685],"class_list":{"0":"post-11557","1":"product","2":"type-product","3":"status-publish","4":"has-post-thumbnail","6":"product_cat-sandalen","7":"product_cat-schuhe-fuer-maenner-und-frauen","8":"product_tag-frau","9":"product_brands-nae-vegan-shoes-de","11":"first","12":"outofstock","13":"taxable","14":"shipping-taxable","15":"purchasable","16":"product-type-variable","17":"has-default-attributes","18":"entry","19":"content-bg","20":"loop-entry"},"acf":{"avantages":"\ud83c\udf2c\ufe0f Atmungsaktiver Komfort: Die laminierte Korksohle sorgt f\u00fcr eine gute Luftzirkulation, w\u00e4hrend das Baumwollfutter die F\u00fc\u00dfe frisch und trocken h\u00e4lt.\r\n\r\n\ud83c\udf31 Materialien ohne sch\u00e4dliche Substanzen: Das Futter besteht zu 90% aus Mikrofaser und zu 10% aus PU und ist nach dem OEKO-TEX Standard 100 zertifiziert.\r\n\r\n\ud83d\udee1\ufe0f Optimale Hygiene: Das Futter und die Innensohle sind antibakteriell, antimikrobiell und hypoallergen.\r\n\r\n\ud83d\udc63 Haftung und Langlebigkeit: Die Neolite-Sohle bietet optimale Haftung und Langlebigkeit, w\u00e4hrend die nickelfreie goldene Schnalle Hautreizungen vermeidet.\r\n\r\n\ud83c\uddf5\ud83c\uddf9 Handgefertigt in Portugal: Traditionelles Handwerk und Qualit\u00e4t werden bei der handgefertigten Herstellung in Portugal gesch\u00e4tzt.","entretien":"1. Entfernen Sie Staub und Schmutz mit einem trockenen Tuch.\r\n\r\n2. Verwenden Sie ein feuchtes Tuch und reiben Sie sanft in kreisenden Bewegungen, um den gesamten Schuh zu reinigen.\r\n\r\n3. Reinigen Sie regelm\u00e4\u00dfig Ihr Tuch, um eine Verschmutzung zu vermeiden.\r\n\r\n4. Verwenden Sie f\u00fcr hartn\u00e4ckige Flecken eine weiche B\u00fcrste und Wasser, und reiben Sie sanft in kreisenden Bewegungen. Seien Sie vorsichtig beim Reinigen von Kork, da es ein sehr empfindliches Material ist.\r\n\r\n5. Stellen Sie sicher, dass Ihre Schuhe trocken sind, bevor Sie eine Politur auftragen.\r\n\r\n6. Das Auftragen einer Politur wird dringend empfohlen. Tragen Sie eine kleine Menge mit einem trockenen und weichen Tuch auf und reiben Sie sparsam in kreisenden Bewegungen auf den Stoff.\r\n\r\n7. Lassen Sie die Schuhe nach dem Auftragen 24 Stunden lang nat\u00fcrlich trocknen.Produktnutzungsdauer:Wenn Sie der Meinung sind, dass Ihr Artikel seine Zeit erreicht hat oder Sie ihn nicht mehr ben\u00f6tigen, \u00fcberlegen Sie, ihm ein zweites Leben zu geben. Sie k\u00f6nnen auch einen neuen Artikel f\u00fcr sich selbst besorgen oder ihn verschenken.","marque":""},"_wp_attached_file":null,"_wp_attachment_image_alt":null,"rank_math_facebook_image":null,"rank_math_facebook_image_id":null,"wpml_language":null,"_wp_attachment_metadata":null,"rank_math_focus_keyword":"Cora Brown, umweltbewusste Sandalen f\u00fcr Frauen","rank_math_title":"\u00d6ko-verantwortliche Sandalen f\u00fcr Frauen, Cora Braun - Komfort und Langlebigkeit.","rank_math_description":"Adoptieren Sie einen umweltbewussten Stil mit unseren Cora Brown Damen-Sandalen. Bequem und modisch, sie sind perfekt f\u00fcr den Sommer. Bestellen Sie jetzt!","taxonomy_info":{"product_cat":[{"value":459,"label":"Sandalen"},{"value":413,"label":"Schuhe"}],"product_tag":[{"value":447,"label":"Damenboutique"}],"product_brands":[{"value":685,"label":"NAE Vegan Shoes"}]},"featured_image_src_large":["https:\/\/ekomfort.lu\/wp-content\/uploads\/2023\/08\/cora-brown-escarpins.jpg",700,700,false],"author_info":[],"comment_info":0,"_links":{"self":[{"href":"https:\/\/ekomfort.lu\/de\/wp-json\/wp\/v2\/product\/11557","targetHints":{"allow":["GET"]}}],"collection":[{"href":"https:\/\/ekomfort.lu\/de\/wp-json\/wp\/v2\/product"}],"about":[{"href":"https:\/\/ekomfort.lu\/de\/wp-json\/wp\/v2\/types\/product"}],"replies":[{"embeddable":true,"href":"https:\/\/ekomfort.lu\/de\/wp-json\/wp\/v2\/comments?post=11557"}],"wp:featuredmedia":[{"embeddable":true,"href":"https:\/\/ekomfort.lu\/de\/wp-json\/wp\/v2\/media\/8506"}],"wp:attachment":[{"href":"https:\/\/ekomfort.lu\/de\/wp-json\/wp\/v2\/media?parent=11557"}],"wp:term":[{"taxonomy":"product_brand","embeddable":true,"href":"https:\/\/ekomfort.lu\/de\/wp-json\/wp\/v2\/product_brand?post=11557"},{"taxonomy":"product_cat","embeddable":true,"href":"https:\/\/ekomfort.lu\/de\/wp-json\/wp\/v2\/product_cat?post=11557"},{"taxonomy":"product_tag","embeddable":true,"href":"https:\/\/ekomfort.lu\/de\/wp-json\/wp\/v2\/product_tag?post=11557"},{"taxonomy":"product_brands","embeddable":true,"href":"https:\/\/ekomfort.lu\/de\/wp-json\/wp\/v2\/product_brands?post=11557"}],"curies":[{"name":"wp","href":"https:\/\/api.w.org\/{rel}","templated":true}]}}