{"id":11546,"date":"2023-08-16T14:50:10","date_gmt":"2023-08-16T12:50:10","guid":{"rendered":"https:\/\/ekomfort.lu\/shop\/mocassin-herren-aus-veganem-leder-colen-grey-von-nae-komfort-und-stil-in-perfekter-harmonie"},"modified":"2024-07-01T12:05:19","modified_gmt":"2024-07-01T10:05:19","slug":"mocassin-herren-aus-veganem-leder-colen-grey-von-nae-komfort-und-stil-in-perfekter-harmonie","status":"publish","type":"product","link":"https:\/\/ekomfort.lu\/de\/shop\/mocassin-herren-aus-veganem-leder-colen-grey-von-nae-komfort-und-stil-in-perfekter-harmonie\/","title":{"rendered":"Mocassin herren aus veganem Leder Colen Grey von Nae: Komfort und Stil in perfekter Harmonie"},"content":{"rendered":"\n<p>Suchen Sie nach Komfort und Eleganz bei Ihrer Auswahl an Schuhen? Tr\u00e4umen Sie von einer Option, die ohne Kompromisse Wohlbefinden, Stil und Ethik vereint?<\/p>\n\n\n\n<p>Entdecken Sie den <strong>Colen Grey<\/strong>: Der trendige vegane <strong>Mokassin f\u00fcr M\u00e4nner<\/strong>, eine perfekte Fusion aus zeitloser Eleganz, unvergleichlichem Komfort und Umweltengagement.<\/p>\n\n\n\n<p>Mit dem <strong>Colen Grey<\/strong> k\u00f6nnen Sie:<\/p>\n\n\n<style>.wp-block-kadence-iconlist.kt-svg-icon-list-items11546_c6da3e-38:not(.this-stops-third-party-issues){margin-top:0px;margin-bottom:0px;}.wp-block-kadence-iconlist.kt-svg-icon-list-items11546_c6da3e-38 ul.kt-svg-icon-list:not(.this-prevents-issues):not(.this-stops-third-party-issues):not(.tijsloc){margin-top:0px;margin-right:0px;margin-bottom:var(--global-kb-spacing-sm, 1.5rem);margin-left:0px;}.wp-block-kadence-iconlist.kt-svg-icon-list-items11546_c6da3e-38 ul.kt-svg-icon-list{grid-row-gap:5px;}.wp-block-kadence-iconlist.kt-svg-icon-list-items11546_c6da3e-38 .kb-svg-icon-wrap{font-size:18px;color:var(--global-palette1, #3182CE);}.wp-block-kadence-iconlist.kt-svg-icon-list-items11546_c6da3e-38 ul.kt-svg-icon-list .kt-svg-icon-list-item-wrap .kt-svg-icon-list-single{margin-right:10px;}.kt-svg-icon-list-items11546_c6da3e-38 ul.kt-svg-icon-list .kt-svg-icon-list-level-0 .kt-svg-icon-list-single svg{font-size:20px;}<\/style>\n<div class=\"wp-block-kadence-iconlist kt-svg-icon-list-items kt-svg-icon-list-items11546_c6da3e-38 kt-svg-icon-list-columns-1 alignnone\"><ul class=\"kt-svg-icon-list\"><style>.kt-svg-icon-list-item-4489_45e81e-9a .kt-svg-icon-list-text mark.kt-highlight{background-color:unset;font-style:normal;color:#f76a0c;-webkit-box-decoration-break:clone;box-decoration-break:clone;padding-top:0px;padding-right:0px;padding-bottom:0px;padding-left:0px;}<\/style>\n<li class=\"wp-block-kadence-listitem kt-svg-icon-list-item-wrap kt-svg-icon-list-item-4489_45e81e-9a\"><span class=\"kb-svg-icon-wrap kb-svg-icon-fe_checkCircle kt-svg-icon-list-single\"><svg viewBox=\"0 0 24 24\"  fill=\"none\" stroke=\"currentColor\" stroke-width=\"3\" stroke-linecap=\"round\" stroke-linejoin=\"round\" xmlns=\"http:\/\/www.w3.org\/2000\/svg\"  aria-hidden=\"true\"><path d=\"M22 11.08V12a10 10 0 1 1-5.93-9.14\"\/><polyline points=\"22 4 12 14.01 9 11.01\"\/><\/svg><\/span><span class=\"kt-svg-icon-list-text\">Profitieren Sie von \u00fcberlegener Komfort dank einer feuchtigkeitsabweisenden EVA-Gummisohle, die Ihren Fu\u00dfgew\u00f6lbe unterst\u00fctzt, sowie einem Futter, das Reibungen und Blasenbildung verhindert.<\/span><\/li>\n\n\n<style>.kt-svg-icon-list-item-4489_e2556f-1f .kt-svg-icon-list-text mark.kt-highlight{background-color:unset;font-style:normal;color:#f76a0c;-webkit-box-decoration-break:clone;box-decoration-break:clone;padding-top:0px;padding-right:0px;padding-bottom:0px;padding-left:0px;}<\/style>\n<li class=\"wp-block-kadence-listitem kt-svg-icon-list-item-wrap kt-svg-icon-list-item-4489_e2556f-1f\"><span class=\"kb-svg-icon-wrap kb-svg-icon-fe_checkCircle kt-svg-icon-list-single\"><svg viewBox=\"0 0 24 24\"  fill=\"none\" stroke=\"currentColor\" stroke-width=\"3\" stroke-linecap=\"round\" stroke-linejoin=\"round\" xmlns=\"http:\/\/www.w3.org\/2000\/svg\"  aria-hidden=\"true\"><path d=\"M22 11.08V12a10 10 0 1 1-5.93-9.14\"\/><polyline points=\"22 4 12 14.01 9 11.01\"\/><\/svg><\/span><span class=\"kt-svg-icon-list-text\">Zeigen Sie Ihren Stil mit einem <strong> eleganter Herren-Mokassin-Schuh<\/strong>, der den traditionellen Charme des Mokassins perfekt mit einem Hauch von Modernit\u00e4t kombiniert.<\/span><\/li>\n\n\n<style>.kt-svg-icon-list-item-4489_159d85-0d .kt-svg-icon-list-text mark.kt-highlight{background-color:unset;font-style:normal;color:#f76a0c;-webkit-box-decoration-break:clone;box-decoration-break:clone;padding-top:0px;padding-right:0px;padding-bottom:0px;padding-left:0px;}<\/style>\n<li class=\"wp-block-kadence-listitem kt-svg-icon-list-item-wrap kt-svg-icon-list-item-4489_159d85-0d\"><span class=\"kb-svg-icon-wrap kb-svg-icon-fe_checkCircle kt-svg-icon-list-single\"><svg viewBox=\"0 0 24 24\"  fill=\"none\" stroke=\"currentColor\" stroke-width=\"3\" stroke-linecap=\"round\" stroke-linejoin=\"round\" xmlns=\"http:\/\/www.w3.org\/2000\/svg\"  aria-hidden=\"true\"><path d=\"M22 11.08V12a10 10 0 1 1-5.93-9.14\"\/><polyline points=\"22 4 12 14.01 9 11.01\"\/><\/svg><\/span><span class=\"kt-svg-icon-list-text\">Einen Beitrag f\u00fcr die Umwelt leisten mit einem Schuh aus nachhaltigem und hypoallergenem veganem Leder, frei von jeglicher Grausamkeit.<\/span><\/li>\n<\/ul><\/div>\n\n\n\n<p>ohne Kompromisse beim Komfort, ohne Schuldgef\u00fchle gegen\u00fcber der Umwelt, ohne Abstriche bei Ihrem Stilbewusstsein&#8230;<\/p>\n\n\n\n<p>F\u00fcr den Preis eines gew\u00f6hnlichen Schuhpaars entscheiden Sie sich f\u00fcr <strong>Colen Grey<\/strong>, ein Paar, das Stil und Komfort \u00fcberwindet und Ihre Leidenschaft f\u00fcr Mode mit Ihrem Engagement f\u00fcr ein ethischeres Leben vereint.<\/p>\n\n\n\n<p>Bereit, mit Vertrauen, Komfort und Bewusstsein zu gehen? Unser Bestand an <strong>Colen Grey<\/strong> ist begrenzt und dieses Modell ist sehr gefragt. Verpassen Sie diese einzigartige Gelegenheit nicht!<\/p>\n","protected":false},"excerpt":{"rendered":"<p>Suchen Sie nach Komfort und Eleganz bei Ihrer Auswahl an Schuhen? Tr\u00e4umen Sie von einer Option, die ohne Kompromisse Wohlbefinden, Stil und Ethik vereint? Entdecken Sie den Colen Grey: Der trendige vegane Mokassin f\u00fcr M\u00e4nner, eine perfekte Fusion aus zeitloser Eleganz, unvergleichlichem Komfort und Umweltengagement. Mit dem Colen Grey k\u00f6nnen Sie: ohne Kompromisse beim Komfort,&#8230;<\/p>\n","protected":false},"featured_media":7826,"comment_status":"open","ping_status":"closed","template":"","meta":{"_acf_changed":false,"_kad_blocks_custom_css":"","_kad_blocks_head_custom_js":"","_kad_blocks_body_custom_js":"","_kad_blocks_footer_custom_js":"","_kad_post_transparent":"","_kad_post_title":"","_kad_post_layout":"","_kad_post_sidebar_id":"","_kad_post_content_style":"","_kad_post_vertical_padding":"","_kad_post_feature":"","_kad_post_feature_position":"","_kad_post_header":false,"_kad_post_footer":false,"_kad_post_classname":""},"product_brand":[],"product_cat":[425,413],"product_tag":[415],"product_brands":[685],"class_list":{"0":"post-11546","1":"product","2":"type-product","3":"status-publish","4":"has-post-thumbnail","6":"product_cat-flache-schuhe","7":"product_cat-schuhe-fuer-maenner-und-frauen","8":"product_tag-mann","9":"product_brands-nae-vegan-shoes-de","11":"first","12":"outofstock","13":"taxable","14":"shipping-taxable","15":"purchasable","16":"product-type-variable","17":"has-default-attributes","18":"entry","19":"content-bg","20":"loop-entry"},"acf":{"avantages":"\ud83d\udca7 Wasserdicht, um immer trockene F\u00fc\u00dfe zu haben.\r\n\r\n\ud83c\udf2c\ufe0f Atmungsaktiv f\u00fcr optimale Luftzirkulation.\r\n\r\n\ud83d\udd2c Antimikrobiell und hypoallergen f\u00fcr perfekte Hygiene und minimierte allergische Reaktionen.\r\n\r\n\ud83c\udf0d Umweltfreundliche Materialien zum Schutz unseres Planeten.\r\n\r\n\ud83d\udc63 Veganes Nobuk-Obermaterial, ein tierfreundliches synthetisches Material.\r\n\r\n\ud83d\udcab Futter aus 90% Mikrofasern und 10% PU f\u00fcr langanhaltenden Komfort.\r\n\r\n\u26a1 Gepolsterte EVA-Gummisohle gegen Feuchtigkeit f\u00fcr mehr Komfort und Schutz.\r\n\r\n\ud83d\udc5f Rutschfeste und strapazierf\u00e4hige Neolite-Gummisohle f\u00fcr optimale Haftung und Langlebigkeit.\r\n\r\n\ud83c\uddf5\ud83c\uddf9 Mit Leidenschaft in Portugal hergestellt unter Beachtung der Umwelt und fairer Arbeitsbedingungen.","entretien":"1. Reinigen Sie die Schuhe mit einem in Seifenwasser getr\u00e4nkten Tuch.\r\n\r\n2. Verwenden Sie f\u00fcr hartn\u00e4ckige Flecken eine weiche Schuhb\u00fcrste, ebenfalls in Seifenwasser getr\u00e4nkt, und reiben Sie sanft in kreisenden Bewegungen.\r\n\r\n3. Entfernen Sie die Seife mit einem feuchten Tuch.\r\n\r\n4. Lassen Sie die Schuhe 24 Stunden lang an der Luft trocknen, ohne sie direkter Sonneneinstrahlung auszusetzen.Achtung:\r\n\r\n\u2022 Verwenden Sie keine Reinigungscreme.\r\n\r\n\u2022 Geben Sie Ihre Schuhe nicht in die Waschmaschine.\r\n\r\n\u2022 Tauchen Sie sie nicht in Wasser ein, da sie irreparable Sch\u00e4den erleiden k\u00f6nnten.Produktlebensdauer:Wenn Ihre veganen Schuhe das Ende ihrer Lebensdauer erreicht haben oder Sie sie nicht mehr ben\u00f6tigen, erw\u00e4gen Sie, ihnen ein zweites Leben zu geben. Verwenden Sie sie auf eine andere Weise selbst oder geben Sie sie jemand anderem.","marque":""},"taxonomy_info":{"product_cat":[{"value":425,"label":"Flache Schuhe"},{"value":413,"label":"Schuhe"}],"product_tag":[{"value":415,"label":"Herrenboutique"}],"product_brands":[{"value":685,"label":"NAE Vegan Shoes"}]},"featured_image_src_large":["https:\/\/ekomfort.lu\/wp-content\/uploads\/2023\/08\/Colen_Grey.jpg",700,700,false],"author_info":[],"comment_info":0,"_links":{"self":[{"href":"https:\/\/ekomfort.lu\/de\/wp-json\/wp\/v2\/product\/11546","targetHints":{"allow":["GET"]}}],"collection":[{"href":"https:\/\/ekomfort.lu\/de\/wp-json\/wp\/v2\/product"}],"about":[{"href":"https:\/\/ekomfort.lu\/de\/wp-json\/wp\/v2\/types\/product"}],"replies":[{"embeddable":true,"href":"https:\/\/ekomfort.lu\/de\/wp-json\/wp\/v2\/comments?post=11546"}],"wp:featuredmedia":[{"embeddable":true,"href":"https:\/\/ekomfort.lu\/de\/wp-json\/wp\/v2\/media\/7826"}],"wp:attachment":[{"href":"https:\/\/ekomfort.lu\/de\/wp-json\/wp\/v2\/media?parent=11546"}],"wp:term":[{"taxonomy":"product_brand","embeddable":true,"href":"https:\/\/ekomfort.lu\/de\/wp-json\/wp\/v2\/product_brand?post=11546"},{"taxonomy":"product_cat","embeddable":true,"href":"https:\/\/ekomfort.lu\/de\/wp-json\/wp\/v2\/product_cat?post=11546"},{"taxonomy":"product_tag","embeddable":true,"href":"https:\/\/ekomfort.lu\/de\/wp-json\/wp\/v2\/product_tag?post=11546"},{"taxonomy":"product_brands","embeddable":true,"href":"https:\/\/ekomfort.lu\/de\/wp-json\/wp\/v2\/product_brands?post=11546"}],"curies":[{"name":"wp","href":"https:\/\/api.w.org\/{rel}","templated":true}]}}