{"id":11537,"date":"2023-08-16T14:50:10","date_gmt":"2023-08-16T12:50:10","guid":{"rendered":"https:\/\/ekomfort.lu\/shop\/mocassin-damen-vegan-leder-schwarz-brina-black-von-nae-ein-eleganter-klassiker-fuer-ein-umweltbewusstes-leben"},"modified":"2024-07-01T12:05:09","modified_gmt":"2024-07-01T10:05:09","slug":"mocassin-damen-vegan-leder-schwarz-brina-black-von-nae-ein-eleganter-klassiker-fuer-ein-umweltbewusstes-leben","status":"publish","type":"product","link":"https:\/\/ekomfort.lu\/de\/shop\/mocassin-damen-vegan-leder-schwarz-brina-black-von-nae-ein-eleganter-klassiker-fuer-ein-umweltbewusstes-leben\/","title":{"rendered":"Mocassin Damen Vegan Leder Schwarz Brina Black von Nae: Ein eleganter Klassiker f\u00fcr ein umweltbewusstes Leben"},"content":{"rendered":"\n<p>Auf der Suche nach <strong>sophisticated flat black shoes<\/strong>, die Ihre ethischen Werte nicht verleugnen w\u00fcrden? Du tr\u00e4umst davon, einen zeitlosen Stil zu verk\u00f6rpern und gleichzeitig dein Engagement f\u00fcr eine ges\u00fcndere Welt deutlich zu machen?<\/p>\n\n\n\n<p>Entdecken Sie die <strong>Brina Black<\/strong>, ein <strong>vegane schwarze Damenschlupfschuhe aus Leder<\/strong>, die elegantes klassisches Design und zuk\u00fcnftige Werte harmonisch verbindet.<\/p>\n\n\n\n<p>W\u00e4hlen Sie die <strong>veganen schwarzen Damenleder Mokassins Brina Black<\/strong> und:<\/p>\n\n\n<style>.wp-block-kadence-iconlist.kt-svg-icon-list-items11537_b2b684-26:not(.this-stops-third-party-issues){margin-top:0px;margin-bottom:0px;}.wp-block-kadence-iconlist.kt-svg-icon-list-items11537_b2b684-26 ul.kt-svg-icon-list:not(.this-prevents-issues):not(.this-stops-third-party-issues):not(.tijsloc){margin-top:0px;margin-right:0px;margin-bottom:var(--global-kb-spacing-sm, 1.5rem);margin-left:0px;}.wp-block-kadence-iconlist.kt-svg-icon-list-items11537_b2b684-26 ul.kt-svg-icon-list{grid-row-gap:5px;}.wp-block-kadence-iconlist.kt-svg-icon-list-items11537_b2b684-26 .kb-svg-icon-wrap{font-size:18px;color:var(--global-palette1, #3182CE);}.wp-block-kadence-iconlist.kt-svg-icon-list-items11537_b2b684-26 ul.kt-svg-icon-list .kt-svg-icon-list-item-wrap .kt-svg-icon-list-single{margin-right:10px;}.kt-svg-icon-list-items11537_b2b684-26 ul.kt-svg-icon-list .kt-svg-icon-list-level-0 .kt-svg-icon-list-single svg{font-size:20px;}<\/style>\n<div class=\"wp-block-kadence-iconlist kt-svg-icon-list-items kt-svg-icon-list-items11537_b2b684-26 kt-svg-icon-list-columns-1 alignnone\"><ul class=\"kt-svg-icon-list\"><style>.kt-svg-icon-list-item-4485_ae7827-ec .kt-svg-icon-list-text mark.kt-highlight{background-color:unset;font-style:normal;color:#f76a0c;-webkit-box-decoration-break:clone;box-decoration-break:clone;padding-top:0px;padding-right:0px;padding-bottom:0px;padding-left:0px;}<\/style>\n<li class=\"wp-block-kadence-listitem kt-svg-icon-list-item-wrap kt-svg-icon-list-item-4485_ae7827-ec\"><span class=\"kb-svg-icon-wrap kb-svg-icon-fe_checkCircle kt-svg-icon-list-single\"><svg viewBox=\"0 0 24 24\"  fill=\"none\" stroke=\"currentColor\" stroke-width=\"3\" stroke-linecap=\"round\" stroke-linejoin=\"round\" xmlns=\"http:\/\/www.w3.org\/2000\/svg\"  aria-hidden=\"true\"><path d=\"M22 11.08V12a10 10 0 1 1-5.93-9.14\"\/><polyline points=\"22 4 12 14.01 9 11.01\"\/><\/svg><\/span><span class=\"kt-svg-icon-list-text\">Machen Sie den Unterschied mit einem eleganten klassischen Schuh mit fein gefalteten Fransen, ideal zur Aufwertung all Ihrer Outfits, sei es im beruflichen Rahmen oder bei einem schicken Abend.<\/span><\/li>\n\n\n<style>.kt-svg-icon-list-item-4485_ef1c31-fc .kt-svg-icon-list-text mark.kt-highlight{background-color:unset;font-style:normal;color:#f76a0c;-webkit-box-decoration-break:clone;box-decoration-break:clone;padding-top:0px;padding-right:0px;padding-bottom:0px;padding-left:0px;}<\/style>\n<li class=\"wp-block-kadence-listitem kt-svg-icon-list-item-wrap kt-svg-icon-list-item-4485_ef1c31-fc\"><span class=\"kb-svg-icon-wrap kb-svg-icon-fe_checkCircle kt-svg-icon-list-single\"><svg viewBox=\"0 0 24 24\"  fill=\"none\" stroke=\"currentColor\" stroke-width=\"3\" stroke-linecap=\"round\" stroke-linejoin=\"round\" xmlns=\"http:\/\/www.w3.org\/2000\/svg\"  aria-hidden=\"true\"><path d=\"M22 11.08V12a10 10 0 1 1-5.93-9.14\"\/><polyline points=\"22 4 12 14.01 9 11.01\"\/><\/svg><\/span><span class=\"kt-svg-icon-list-text\">Profitieren Sie von unvergleichlichem Komfort dank eines OEKO-TEX STANDARD 100 zertifizierten Futters, das hypoallergen, antimikrobiell und antibakteriell ist und dazu beitr\u00e4gt, unangenehme Ger\u00fcche zu reduzieren.<\/span><\/li>\n\n\n<style>.kt-svg-icon-list-item-4485_ebaf47-d1 .kt-svg-icon-list-text mark.kt-highlight{background-color:unset;font-style:normal;color:#f76a0c;-webkit-box-decoration-break:clone;box-decoration-break:clone;padding-top:0px;padding-right:0px;padding-bottom:0px;padding-left:0px;}<\/style>\n<li class=\"wp-block-kadence-listitem kt-svg-icon-list-item-wrap kt-svg-icon-list-item-4485_ebaf47-d1\"><span class=\"kb-svg-icon-wrap kb-svg-icon-fe_checkCircle kt-svg-icon-list-single\"><svg viewBox=\"0 0 24 24\"  fill=\"none\" stroke=\"currentColor\" stroke-width=\"3\" stroke-linecap=\"round\" stroke-linejoin=\"round\" xmlns=\"http:\/\/www.w3.org\/2000\/svg\"  aria-hidden=\"true\"><path d=\"M22 11.08V12a10 10 0 1 1-5.93-9.14\"\/><polyline points=\"22 4 12 14.01 9 11.01\"\/><\/svg><\/span><span class=\"kt-svg-icon-list-text\">Seien Sie stolz darauf, eine umweltverantwortliche Produktion zu unterst\u00fctzen, die keine CO2-Emissionen freisetzt und unter gerechten Bedingungen in Portugal hergestellt wird.<\/span><\/li>\n<\/ul><\/div>\n\n\n\n<p>Ohne Tierausbeutung, ohne sch\u00e4dliche Chemikalien, nur eine gelungene Eleganz&#8230;<\/p>\n\n\n\n<p>F\u00fcr den Preis eines Ausflugs investieren Sie in ein zeitloses Paar <strong>vegan schwarze Leder-Mokassins f\u00fcr Damen<\/strong>, die Ihren Kleiderschrank versch\u00f6nern und Ihre Tage f\u00fcr Jahre erhellen werden.<\/p>\n\n\n\n<p>Bereit, mit Stil und Bewusstsein im Leben voranzuschreiten? Die Best\u00e4nde dieses begehrten Modells werden schnell knapp. Warten Sie nicht l\u00e4nger, um diesen bedeutenden Schritt hin zu Ihrem umweltbewussten Engagement zu machen!<\/p>\n","protected":false},"excerpt":{"rendered":"<p>Auf der Suche nach sophisticated flat black shoes, die Ihre ethischen Werte nicht verleugnen w\u00fcrden? Du tr\u00e4umst davon, einen zeitlosen Stil zu verk\u00f6rpern und gleichzeitig dein Engagement f\u00fcr eine ges\u00fcndere Welt deutlich zu machen? Entdecken Sie die Brina Black, ein vegane schwarze Damenschlupfschuhe aus Leder, die elegantes klassisches Design und zuk\u00fcnftige Werte harmonisch verbindet. W\u00e4hlen&#8230;<\/p>\n","protected":false},"featured_media":8540,"comment_status":"open","ping_status":"closed","template":"","meta":{"_acf_changed":false,"_kad_blocks_custom_css":"","_kad_blocks_head_custom_js":"","_kad_blocks_body_custom_js":"","_kad_blocks_footer_custom_js":"","_kad_post_transparent":"","_kad_post_title":"","_kad_post_layout":"","_kad_post_sidebar_id":"","_kad_post_content_style":"","_kad_post_vertical_padding":"","_kad_post_feature":"","_kad_post_feature_position":"","_kad_post_header":false,"_kad_post_footer":false,"_kad_post_classname":""},"product_brand":[],"product_cat":[425,413],"product_tag":[447],"product_brands":[685],"class_list":{"0":"post-11537","1":"product","2":"type-product","3":"status-publish","4":"has-post-thumbnail","6":"product_cat-flache-schuhe","7":"product_cat-schuhe-fuer-maenner-und-frauen","8":"product_tag-frau","9":"product_brands-nae-vegan-shoes-de","11":"first","12":"outofstock","13":"taxable","14":"shipping-taxable","15":"purchasable","16":"product-type-variable","17":"has-default-attributes","18":"entry","19":"content-bg","20":"loop-entry"},"acf":{"avantages":"\ud83c\udf31 Umweltfreundliches Material: Hergestellt aus 90% Mikrofaser und 10% PU, sind diese Schuhe nach dem OEKO-TEX Standard 100 zertifiziert und garantieren schadstofffreie Materialien.\r\n\r\n\ud83d\udc63 Komfort und Langlebigkeit: Mit einer Neolite-Au\u00dfensohle bieten sie optimale Haftung und Haltbarkeit.\r\n\r\n\ud83c\udf21\ufe0f Optimale Hygiene: Das hypoallergene, antibakterielle und antimikrobielle Innenfutter sorgt f\u00fcr perfekte Hygiene und minimiert allergische Reaktionen.\r\n\r\n\ud83d\udca6 Wasserbest\u00e4ndig und atmungsaktiv: Dank ihrer veganen Konstruktion sind diese Schuhe sowohl atmungsaktiv als auch wasserbest\u00e4ndig und halten Ihre F\u00fc\u00dfe trocken und bequem.\r\n\r\n\ud83c\uddf5\ud83c\uddf9 Handgefertigt in Portugal: Hergestellt mit handwerklichem Geschick und aus hochwertigen Materialien, sind diese Schuhe das Ergebnis handwerklicher Arbeit in Portugal.\r\n\r\n\ud83c\udf0d Nachhaltige und verantwortungsbewusste Mode: Diese Schuhe sind darauf ausgelegt, verantwortungsbewussten und ethischen Konsum zu unterst\u00fctzen und Ihnen zu erm\u00f6glichen, modisch zu bleiben und gleichzeitig einen positiven Einfluss auf die Umwelt zu haben.\r\n\r\n\ud83d\udc50 Handgefertigt aus Mikrofaser: Sie werden von Hand aus Mikrofaser, einem langlebigen und umweltfreundlichen Material, hergestellt.","entretien":"Pflege:1. Reinigen Sie Ihre veganen Schuhe mit einem feuchten Tuch, das mit Seifenwasser getr\u00e4nkt ist.\r\n\r\n2. Verwenden Sie eine weiche B\u00fcrste f\u00fcr hartn\u00e4ckige Flecken; befeuchten Sie sie leicht und reiben Sie in kreisenden Bewegungen.\r\n\r\n3. Entfernen Sie die Seife mit einem trockenen Tuch.\r\n\r\n4. Lassen Sie die Schuhe an der Luft trocknen, bevor Sie eine spezielle Schuhreinigungscreme auftragen. Geben Sie eine kleine Menge Creme auf ein weiches, trockenes Tuch und reiben Sie sie mit kreisenden Bewegungen ein, bis sie vollst\u00e4ndig eingezogen ist.\r\n\r\n5. Warten Sie dann mindestens 24 Stunden, bevor Sie Ihre Schuhe wieder tragen.Lebensdauer:Wenn Ihre veganen Ballerinas das Ende ihrer n\u00fctzlichen Lebensdauer erreichen, wenn sie abgenutzt oder veraltet sind oder wenn Sie sie einfach nicht mehr ben\u00f6tigen oder m\u00f6chten, denken Sie daran, ihnen ein anderes Leben, eine andere Verwendung zu geben. Oder geben Sie sie weiter.","marque":""},"taxonomy_info":{"product_cat":[{"value":425,"label":"Flache Schuhe"},{"value":413,"label":"Schuhe"}],"product_tag":[{"value":447,"label":"Damenboutique"}],"product_brands":[{"value":685,"label":"NAE Vegan Shoes"}]},"featured_image_src_large":["https:\/\/ekomfort.lu\/wp-content\/uploads\/2023\/08\/brina-black-mocassins-noires.jpg",700,700,false],"author_info":[],"comment_info":0,"_links":{"self":[{"href":"https:\/\/ekomfort.lu\/de\/wp-json\/wp\/v2\/product\/11537","targetHints":{"allow":["GET"]}}],"collection":[{"href":"https:\/\/ekomfort.lu\/de\/wp-json\/wp\/v2\/product"}],"about":[{"href":"https:\/\/ekomfort.lu\/de\/wp-json\/wp\/v2\/types\/product"}],"replies":[{"embeddable":true,"href":"https:\/\/ekomfort.lu\/de\/wp-json\/wp\/v2\/comments?post=11537"}],"wp:featuredmedia":[{"embeddable":true,"href":"https:\/\/ekomfort.lu\/de\/wp-json\/wp\/v2\/media\/8540"}],"wp:attachment":[{"href":"https:\/\/ekomfort.lu\/de\/wp-json\/wp\/v2\/media?parent=11537"}],"wp:term":[{"taxonomy":"product_brand","embeddable":true,"href":"https:\/\/ekomfort.lu\/de\/wp-json\/wp\/v2\/product_brand?post=11537"},{"taxonomy":"product_cat","embeddable":true,"href":"https:\/\/ekomfort.lu\/de\/wp-json\/wp\/v2\/product_cat?post=11537"},{"taxonomy":"product_tag","embeddable":true,"href":"https:\/\/ekomfort.lu\/de\/wp-json\/wp\/v2\/product_tag?post=11537"},{"taxonomy":"product_brands","embeddable":true,"href":"https:\/\/ekomfort.lu\/de\/wp-json\/wp\/v2\/product_brands?post=11537"}],"curies":[{"name":"wp","href":"https:\/\/api.w.org\/{rel}","templated":true}]}}