{"id":11522,"date":"2023-08-16T14:50:10","date_gmt":"2023-08-16T12:50:10","guid":{"rendered":"https:\/\/ekomfort.lu\/shop\/clove-black-weisse-und-schwarze-herrensneaker-von-nae-perfekte-kombination-aus-urbanem-style-und-oekologie"},"modified":"2024-07-01T12:05:39","modified_gmt":"2024-07-01T10:05:39","slug":"clove-black-weisse-und-schwarze-herrensneaker-von-nae-perfekte-kombination-aus-urbanem-style-und-oekologie","status":"publish","type":"product","link":"https:\/\/ekomfort.lu\/de\/shop\/clove-black-weisse-und-schwarze-herrensneaker-von-nae-perfekte-kombination-aus-urbanem-style-und-oekologie\/","title":{"rendered":"Clove BLACK: Wei\u00dfe und schwarze Herrensneaker von Nae Perfekte Kombination aus Urbanem Style und \u00d6kologie"},"content":{"rendered":"\n<p>Sie streben nach <strong>wei\u00dfen Sportschuhen<\/strong>, die den Schwung der Mode einfangen und gleichzeitig optimalen Komfort bieten? M\u00f6chten Sie Ihren Stil zeigen, ohne Ihre Umweltwerte zu verraten?<\/p>\n\n\n\n<p>Erleben Sie den urbanen Rhythmus mit <strong>Clove Black<\/strong>, den Unisex-Sneakers aus Apple Leather, die perfekt modernes Aussehen, un\u00fcbertroffenen Komfort und Umweltbewusstsein kombinieren.<\/p>\n\n\n\n<p>Bestellen Sie jetzt Ihre <strong>Wei\u00dfen und Schwarzen Herren-Sneaker<\/strong>, <strong>Clove Black<\/strong> und:<\/p>\n\n\n<style>.wp-block-kadence-iconlist.kt-svg-icon-list-items11522_081a13-5d:not(.this-stops-third-party-issues){margin-top:0px;margin-bottom:0px;}.wp-block-kadence-iconlist.kt-svg-icon-list-items11522_081a13-5d ul.kt-svg-icon-list:not(.this-prevents-issues):not(.this-stops-third-party-issues):not(.tijsloc){margin-top:0px;margin-right:0px;margin-bottom:var(--global-kb-spacing-sm, 1.5rem);margin-left:0px;}.wp-block-kadence-iconlist.kt-svg-icon-list-items11522_081a13-5d ul.kt-svg-icon-list{grid-row-gap:5px;}.wp-block-kadence-iconlist.kt-svg-icon-list-items11522_081a13-5d .kb-svg-icon-wrap{font-size:18px;color:var(--global-palette1, #3182CE);}.wp-block-kadence-iconlist.kt-svg-icon-list-items11522_081a13-5d ul.kt-svg-icon-list .kt-svg-icon-list-item-wrap .kt-svg-icon-list-single{margin-right:10px;}.kt-svg-icon-list-items11522_081a13-5d ul.kt-svg-icon-list .kt-svg-icon-list-level-0 .kt-svg-icon-list-single svg{font-size:20px;}<\/style>\n<div class=\"wp-block-kadence-iconlist kt-svg-icon-list-items kt-svg-icon-list-items11522_081a13-5d kt-svg-icon-list-columns-1 alignnone\"><ul class=\"kt-svg-icon-list\"><style>.kt-svg-icon-list-item-4486_7f27d2-be .kt-svg-icon-list-text mark.kt-highlight{background-color:unset;font-style:normal;color:#f76a0c;-webkit-box-decoration-break:clone;box-decoration-break:clone;padding-top:0px;padding-right:0px;padding-bottom:0px;padding-left:0px;}<\/style>\n<li class=\"wp-block-kadence-listitem kt-svg-icon-list-item-wrap kt-svg-icon-list-item-4486_7f27d2-be\"><span class=\"kb-svg-icon-wrap kb-svg-icon-fe_checkCircle kt-svg-icon-list-single\"><svg viewBox=\"0 0 24 24\"  fill=\"none\" stroke=\"currentColor\" stroke-width=\"3\" stroke-linecap=\"round\" stroke-linejoin=\"round\" xmlns=\"http:\/\/www.w3.org\/2000\/svg\"  aria-hidden=\"true\"><path d=\"M22 11.08V12a10 10 0 1 1-5.93-9.14\"\/><polyline points=\"22 4 12 14.01 9 11.01\"\/><\/svg><\/span><span class=\"kt-svg-icon-list-text\">Versch\u00f6nern Sie Ihren Look mit ihrem zeitgen\u00f6ssischen und zeitlosen Design, das die Essenz des st\u00e4dtischen Geistes verk\u00f6rpert und Ihnen gleichzeitig garantiert, immer auf dem neuesten Stand des Trends zu sein.<\/span><\/li>\n\n\n<style>.kt-svg-icon-list-item-4486_e47077-ef .kt-svg-icon-list-text mark.kt-highlight{background-color:unset;font-style:normal;color:#f76a0c;-webkit-box-decoration-break:clone;box-decoration-break:clone;padding-top:0px;padding-right:0px;padding-bottom:0px;padding-left:0px;}<\/style>\n<li class=\"wp-block-kadence-listitem kt-svg-icon-list-item-wrap kt-svg-icon-list-item-4486_e47077-ef\"><span class=\"kb-svg-icon-wrap kb-svg-icon-fe_checkCircle kt-svg-icon-list-single\"><svg viewBox=\"0 0 24 24\"  fill=\"none\" stroke=\"currentColor\" stroke-width=\"3\" stroke-linecap=\"round\" stroke-linejoin=\"round\" xmlns=\"http:\/\/www.w3.org\/2000\/svg\"  aria-hidden=\"true\"><path d=\"M22 11.08V12a10 10 0 1 1-5.93-9.14\"\/><polyline points=\"22 4 12 14.01 9 11.01\"\/><\/svg><\/span><span class=\"kt-svg-icon-list-text\">Entdecken Sie ein Gef\u00fchl von ultimativem Komfort dank ihrer atmungsaktiven, antimikrobiellen und hypoallergenen Konstruktion, die \u00fcberm\u00e4\u00dfiges Schwitzen und unerw\u00fcnschte Ger\u00fcche verhindert.<\/span><\/li>\n\n\n<style>.kt-svg-icon-list-item-4486_faf3f0-b1 .kt-svg-icon-list-text mark.kt-highlight{background-color:unset;font-style:normal;color:#f76a0c;-webkit-box-decoration-break:clone;box-decoration-break:clone;padding-top:0px;padding-right:0px;padding-bottom:0px;padding-left:0px;}<\/style>\n<li class=\"wp-block-kadence-listitem kt-svg-icon-list-item-wrap kt-svg-icon-list-item-4486_faf3f0-b1\"><span class=\"kb-svg-icon-wrap kb-svg-icon-fe_checkCircle kt-svg-icon-list-single\"><svg viewBox=\"0 0 24 24\"  fill=\"none\" stroke=\"currentColor\" stroke-width=\"3\" stroke-linecap=\"round\" stroke-linejoin=\"round\" xmlns=\"http:\/\/www.w3.org\/2000\/svg\"  aria-hidden=\"true\"><path d=\"M22 11.08V12a10 10 0 1 1-5.93-9.14\"\/><polyline points=\"22 4 12 14.01 9 11.01\"\/><\/svg><\/span><span class=\"kt-svg-icon-list-text\">Treffen Sie die nachhaltige Wahl mit diesen wasserbest\u00e4ndigen <strong>modernen Damenkomfortschuhen<\/strong>, um Unbehagen und unerw\u00fcnschte Reibungen zu vermeiden.<\/span><\/li>\n<\/ul><\/div>\n\n\n\n<p>Ohne Tierqu\u00e4lerei, ohne sch\u00e4dliche Substanzen, immer im Einklang mit Ihrem Stil&#8230;<\/p>\n\n\n\n<p>Das Ganze zu einem sehr erschwinglichen Preis, insbesondere wenn man die Qualit\u00e4t, Langlebigkeit, Praktikabilit\u00e4t und ethische Verpflichtung vergleicht, die dieses Produkt beinhaltet.<\/p>\n\n\n\n<p>Also, sind Sie bereit, durch den urbanen Dschungel zu navigieren, w\u00e4hrend Sie Ihren Stil und Ihre Werte respektieren? Die <strong>Clove Black<\/strong> sind sehr beliebt und der Vorrat nimmt schnell ab. Verpassen Sie nicht Ihre Chance!<\/p>\n","protected":false},"excerpt":{"rendered":"<p>Sie streben nach wei\u00dfen Sportschuhen, die den Schwung der Mode einfangen und gleichzeitig optimalen Komfort bieten? M\u00f6chten Sie Ihren Stil zeigen, ohne Ihre Umweltwerte zu verraten? Erleben Sie den urbanen Rhythmus mit Clove Black, den Unisex-Sneakers aus Apple Leather, die perfekt modernes Aussehen, un\u00fcbertroffenen Komfort und Umweltbewusstsein kombinieren. Bestellen Sie jetzt Ihre Wei\u00dfen und Schwarzen&#8230;<\/p>\n","protected":false},"featured_media":8528,"comment_status":"open","ping_status":"closed","template":"","meta":{"_acf_changed":false,"_kad_blocks_custom_css":"","_kad_blocks_head_custom_js":"","_kad_blocks_body_custom_js":"","_kad_blocks_footer_custom_js":"","_kad_post_transparent":"","_kad_post_title":"","_kad_post_layout":"","_kad_post_sidebar_id":"","_kad_post_content_style":"","_kad_post_vertical_padding":"","_kad_post_feature":"","_kad_post_feature_position":"","_kad_post_header":false,"_kad_post_footer":false,"_kad_post_classname":""},"product_brand":[],"product_cat":[413,477,476],"product_tag":[445],"product_brands":[685],"class_list":{"0":"post-11522","1":"product","2":"type-product","3":"status-publish","4":"has-post-thumbnail","6":"product_cat-schuhe-fuer-maenner-und-frauen","7":"product_cat-sneakers-de","8":"product_cat-turnschuhe","9":"product_tag-unisex-de","10":"product_brands-nae-vegan-shoes-de","12":"first","13":"instock","14":"taxable","15":"shipping-taxable","16":"purchasable","17":"product-type-variable","18":"has-default-attributes","19":"entry","20":"content-bg","21":"loop-entry"},"acf":{"avantages":"\ud83d\udca7 Wasserdicht: Sch\u00fctzt die F\u00fc\u00dfe vor Feuchtigkeit f\u00fcr maximalen Komfort.\r\n\r\n\ud83c\udf2c\ufe0f Atmungsaktiv: F\u00f6rdert eine gute Luftzirkulation, um die F\u00fc\u00dfe frisch und trocken zu halten.\r\n\r\n\u267b\ufe0f Umweltfreundlich: Verwendet recycelte Materialien aus der Apfelsaftindustrie f\u00fcr eine umweltfreundliche Option.\r\n\r\n\ud83d\udd2c Antimikrobiell und hypoallergen: Gew\u00e4hrleistet optimale Hygiene und minimiert allergische Reaktionen.\r\n\r\n\ud83c\udf4f Apple Leather-Material: Eine umweltfreundliche und nachhaltige Alternative f\u00fcr das Obermaterial.\r\n\r\n\ud83c\udf80 Schn\u00fcrsenkel aus Baumwolle und \u00d6sen aus nickel- und bleifreiem Metall: \u00c4sthetisch und umweltfreundlich.\r\n\r\n\ud83c\udf43 Futter aus zertifizierter GOTS-Bio-Baumwolle: Ein umweltfreundliches Produkt.\r\n\r\n\ud83d\udee1\ufe0f Gepolsterte Einlegesohle mit feuchtigkeitsabweisender EVA-Gummischicht: Bietet gute D\u00e4mpfung und Schutz vor Feuchtigkeit.\r\n\r\n\ud83d\udc63 Laufsohle aus organischem, nat\u00fcrlichem und rutschfestem Gummi: Optimale Haftung und Haltbarkeit.\r\n\r\n\ud83c\uddf5\ud83c\uddf9 Mit Sorgfalt in Portugal unter Verwendung umweltfreundlicher Materialien und Herstellungsverfahren hergestellt. Einhaltung fairer Arbeitsbedingungen.","entretien":"1. Reinigen Sie die Schuhe mit einem in Seifenwasser getr\u00e4nkten Tuch.\r\n\r\n2. Lassen Sie sie an der Luft trocknen, bevor Sie eine Reinigungscreme auftragen.\r\n\r\n3. Verwenden Sie eine Reinigungscreme, um Ihren Schuhen mehr Glanz zu verleihen. Geben Sie eine kleine Menge des Produkts auf eine weiche, trockene B\u00fcrste oder ein Tuch und reiben Sie es sanft in kreisenden Bewegungen ein, bis es vollst\u00e4ndig eingezogen ist.\r\n\r\n4. Lassen Sie sie schlie\u00dflich 24 Stunden lang an der Luft trocknen, fern von direktem Sonnenlicht.Achtung:\r\n\r\n\u2022 Geben Sie Ihre Schuhe nicht in die Waschmaschine.\r\n\r\n\u2022 Tauchen Sie sie nicht in Wasser ein, da sie irreparable Sch\u00e4den erleiden k\u00f6nnten.Am Ende der Lebensdauer eines Produkts oder wenn Sie es nicht mehr ben\u00f6tigen, sollten Sie folgende M\u00f6glichkeiten in Betracht ziehen: Restaurierung, neue Verwendung f\u00fcr sich selbst, Weitergabe an Freunde oder Spende an eine Wohlt\u00e4tigkeitsorganisation.","marque":""},"taxonomy_info":{"product_cat":[{"value":413,"label":"Schuhe"},{"value":477,"label":"Sneakers"},{"value":476,"label":"Turnschuhe"}],"product_tag":[{"value":445,"label":"Unisex"}],"product_brands":[{"value":685,"label":"NAE Vegan Shoes"}]},"featured_image_src_large":["https:\/\/ekomfort.lu\/wp-content\/uploads\/2023\/08\/clove-black-basket-noire.jpg",700,700,false],"author_info":[],"comment_info":0,"_links":{"self":[{"href":"https:\/\/ekomfort.lu\/de\/wp-json\/wp\/v2\/product\/11522","targetHints":{"allow":["GET"]}}],"collection":[{"href":"https:\/\/ekomfort.lu\/de\/wp-json\/wp\/v2\/product"}],"about":[{"href":"https:\/\/ekomfort.lu\/de\/wp-json\/wp\/v2\/types\/product"}],"replies":[{"embeddable":true,"href":"https:\/\/ekomfort.lu\/de\/wp-json\/wp\/v2\/comments?post=11522"}],"wp:featuredmedia":[{"embeddable":true,"href":"https:\/\/ekomfort.lu\/de\/wp-json\/wp\/v2\/media\/8528"}],"wp:attachment":[{"href":"https:\/\/ekomfort.lu\/de\/wp-json\/wp\/v2\/media?parent=11522"}],"wp:term":[{"taxonomy":"product_brand","embeddable":true,"href":"https:\/\/ekomfort.lu\/de\/wp-json\/wp\/v2\/product_brand?post=11522"},{"taxonomy":"product_cat","embeddable":true,"href":"https:\/\/ekomfort.lu\/de\/wp-json\/wp\/v2\/product_cat?post=11522"},{"taxonomy":"product_tag","embeddable":true,"href":"https:\/\/ekomfort.lu\/de\/wp-json\/wp\/v2\/product_tag?post=11522"},{"taxonomy":"product_brands","embeddable":true,"href":"https:\/\/ekomfort.lu\/de\/wp-json\/wp\/v2\/product_brands?post=11522"}],"curies":[{"name":"wp","href":"https:\/\/api.w.org\/{rel}","templated":true}]}}