{"id":11509,"date":"2023-08-16T14:50:10","date_gmt":"2023-08-16T12:50:10","guid":{"rendered":"https:\/\/ekomfort.lu\/shop\/clove-red-de-nae-die-umweltfreundlichen-appleskin-sneakers-fuer-einen-ethischen-ansatz-ohne-kompromisse-beim-stil"},"modified":"2024-07-01T12:05:27","modified_gmt":"2024-07-01T10:05:27","slug":"clove-red-de-nae-die-umweltfreundlichen-appleskin-sneakers-fuer-einen-ethischen-ansatz-ohne-kompromisse-beim-stil","status":"publish","type":"product","link":"https:\/\/ekomfort.lu\/de\/shop\/clove-red-de-nae-die-umweltfreundlichen-appleskin-sneakers-fuer-einen-ethischen-ansatz-ohne-kompromisse-beim-stil\/","title":{"rendered":"Clove Red de Nae: Die umweltfreundlichen AppleSkin-Sneakers f\u00fcr einen ethischen Ansatz ohne Kompromisse beim Stil"},"content":{"rendered":"\n<p>Sie sind auf der Suche nach einem Paar <strong>hochwertigen, umweltbewussten Sneakers<\/strong>, die sowohl Ihren Stil als auch Ihre Werte zum Ausdruck bringen? M\u00f6chten Sie den Dilemma zwischen Qualit\u00e4t, Komfort und Haltbarkeit durchbrechen?<\/p>\n\n\n\n<p>Entdecken Sie den <strong>Clove Red<\/strong>, den UNISEX-Vegan-Sneaker, der k\u00fchne Mode und Ethik ohne Kompromisse vereint.<\/p>\n\n\n\n<p>Nehmen Sie jetzt Besitz von Ihrem <strong>Clove Red<\/strong> und:<\/p>\n\n\n<style>.wp-block-kadence-iconlist.kt-svg-icon-list-items11509_89fcbf-7e:not(.this-stops-third-party-issues){margin-top:0px;margin-bottom:0px;}.wp-block-kadence-iconlist.kt-svg-icon-list-items11509_89fcbf-7e ul.kt-svg-icon-list:not(.this-prevents-issues):not(.this-stops-third-party-issues):not(.tijsloc){margin-top:0px;margin-right:0px;margin-bottom:var(--global-kb-spacing-sm, 1.5rem);margin-left:0px;}.wp-block-kadence-iconlist.kt-svg-icon-list-items11509_89fcbf-7e ul.kt-svg-icon-list{grid-row-gap:5px;}.wp-block-kadence-iconlist.kt-svg-icon-list-items11509_89fcbf-7e .kb-svg-icon-wrap{font-size:18px;color:var(--global-palette1, #3182CE);}.wp-block-kadence-iconlist.kt-svg-icon-list-items11509_89fcbf-7e ul.kt-svg-icon-list .kt-svg-icon-list-item-wrap .kt-svg-icon-list-single{margin-right:10px;}.kt-svg-icon-list-items11509_89fcbf-7e ul.kt-svg-icon-list .kt-svg-icon-list-level-0 .kt-svg-icon-list-single svg{font-size:20px;}<\/style>\n<div class=\"wp-block-kadence-iconlist kt-svg-icon-list-items kt-svg-icon-list-items11509_89fcbf-7e kt-svg-icon-list-columns-1 alignnone\"><ul class=\"kt-svg-icon-list\"><style>.kt-svg-icon-list-item-4487_c6c9f1-48 .kt-svg-icon-list-text mark.kt-highlight{background-color:unset;font-style:normal;color:#f76a0c;-webkit-box-decoration-break:clone;box-decoration-break:clone;padding-top:0px;padding-right:0px;padding-bottom:0px;padding-left:0px;}<\/style>\n<li class=\"wp-block-kadence-listitem kt-svg-icon-list-item-wrap kt-svg-icon-list-item-4487_c6c9f1-48\"><span class=\"kb-svg-icon-wrap kb-svg-icon-fe_checkCircle kt-svg-icon-list-single\"><svg viewBox=\"0 0 24 24\"  fill=\"none\" stroke=\"currentColor\" stroke-width=\"3\" stroke-linecap=\"round\" stroke-linejoin=\"round\" xmlns=\"http:\/\/www.w3.org\/2000\/svg\"  aria-hidden=\"true\"><path d=\"M22 11.08V12a10 10 0 1 1-5.93-9.14\"\/><polyline points=\"22 4 12 14.01 9 11.01\"\/><\/svg><\/span><span class=\"kt-svg-icon-list-text\">Herzlichen Gl\u00fcckwunsch, Sie haben gerade Sneakers gefunden, die Komfort, Stil und \u00f6kologische Verantwortung wunderbar kombinieren. Hergestellt aus innovativem AppleSkin, einem umweltfreundlichen Material aus Resten von Apfelsaft, zeigen diese Turnschuhe, dass Mode sowohl trendy als auch umweltfreundlich sein kann.<\/span><\/li>\n\n\n<style>.kt-svg-icon-list-item-4487_052482-31 .kt-svg-icon-list-text mark.kt-highlight{background-color:unset;font-style:normal;color:#f76a0c;-webkit-box-decoration-break:clone;box-decoration-break:clone;padding-top:0px;padding-right:0px;padding-bottom:0px;padding-left:0px;}<\/style>\n<li class=\"wp-block-kadence-listitem kt-svg-icon-list-item-wrap kt-svg-icon-list-item-4487_052482-31\"><span class=\"kb-svg-icon-wrap kb-svg-icon-fe_checkCircle kt-svg-icon-list-single\"><svg viewBox=\"0 0 24 24\"  fill=\"none\" stroke=\"currentColor\" stroke-width=\"3\" stroke-linecap=\"round\" stroke-linejoin=\"round\" xmlns=\"http:\/\/www.w3.org\/2000\/svg\"  aria-hidden=\"true\"><path d=\"M22 11.08V12a10 10 0 1 1-5.93-9.14\"\/><polyline points=\"22 4 12 14.01 9 11.01\"\/><\/svg><\/span><span class=\"kt-svg-icon-list-text\">Lassen Sie sich von ihrem flammenden Rot verf\u00fchren und stellen Sie sich alle Bewunderungen vor, die Sie erhalten werden. Perfekt f\u00fcr einen l\u00e4ssigen Tag oder einen schicken Abend, passen diese veganen Sneakers zu all Ihren Outfits.<\/span><\/li>\n\n\n<style>.kt-svg-icon-list-item-4487_2d76fd-88 .kt-svg-icon-list-text mark.kt-highlight{background-color:unset;font-style:normal;color:#f76a0c;-webkit-box-decoration-break:clone;box-decoration-break:clone;padding-top:0px;padding-right:0px;padding-bottom:0px;padding-left:0px;}<\/style>\n<li class=\"wp-block-kadence-listitem kt-svg-icon-list-item-wrap kt-svg-icon-list-item-4487_2d76fd-88\"><span class=\"kb-svg-icon-wrap kb-svg-icon-fe_checkCircle kt-svg-icon-list-single\"><svg viewBox=\"0 0 24 24\"  fill=\"none\" stroke=\"currentColor\" stroke-width=\"3\" stroke-linecap=\"round\" stroke-linejoin=\"round\" xmlns=\"http:\/\/www.w3.org\/2000\/svg\"  aria-hidden=\"true\"><path d=\"M22 11.08V12a10 10 0 1 1-5.93-9.14\"\/><polyline points=\"22 4 12 14.01 9 11.01\"\/><\/svg><\/span><span class=\"kt-svg-icon-list-text\">Kein Opfer mehr f\u00fcr Komfort und Eleganz, dank ihres Schn\u00fcrsystems passen sich die <strong>Clove Red<\/strong> optimal an die Form Ihrer F\u00fc\u00dfe an, um Ihnen den ganzen Tag lang ultimativen <strong>Komfort<\/strong> zu bieten.<\/span><\/li>\n<\/ul><\/div>\n\n\n\n<p>Ohne Grausamkeit, ohne sch\u00e4dliche Materialien, einfach nur angef\u00fcllt mit Stolz&#8230;<\/p>\n\n\n\n<p>F\u00fcr den Preis eines &#8222;normalen&#8220; Paar Turnschuhe, g\u00f6nnen Sie sich mutige, qualitativ hochwertige Sneakers, die ethisch und umweltfreundlich hergestellt wurden.<\/p>\n\n\n\n<p>Bereit, Ihren Lebensstil auf eine ethischere und verantwortungsbewusstere Ebene anzuheben? Die <strong>Clove Red<\/strong> sind sehr beliebt und die Best\u00e4nde schwinden schnell. N&#8217;warten Sie nicht l\u00e4nger!<\/p>\n","protected":false},"excerpt":{"rendered":"<p>Sie sind auf der Suche nach einem Paar hochwertigen, umweltbewussten Sneakers, die sowohl Ihren Stil als auch Ihre Werte zum Ausdruck bringen? M\u00f6chten Sie den Dilemma zwischen Qualit\u00e4t, Komfort und Haltbarkeit durchbrechen? Entdecken Sie den Clove Red, den UNISEX-Vegan-Sneaker, der k\u00fchne Mode und Ethik ohne Kompromisse vereint. Nehmen Sie jetzt Besitz von Ihrem Clove Red&#8230;<\/p>\n","protected":false},"featured_media":8522,"comment_status":"open","ping_status":"closed","template":"","meta":{"_acf_changed":false,"_kad_blocks_custom_css":"","_kad_blocks_head_custom_js":"","_kad_blocks_body_custom_js":"","_kad_blocks_footer_custom_js":"","_kad_post_transparent":"","_kad_post_title":"","_kad_post_layout":"","_kad_post_sidebar_id":"","_kad_post_content_style":"","_kad_post_vertical_padding":"","_kad_post_feature":"","_kad_post_feature_position":"","_kad_post_header":false,"_kad_post_footer":false,"_kad_post_classname":""},"product_brand":[],"product_cat":[413,477,476],"product_tag":[445],"product_brands":[685],"class_list":{"0":"post-11509","1":"product","2":"type-product","3":"status-publish","4":"has-post-thumbnail","6":"product_cat-schuhe-fuer-maenner-und-frauen","7":"product_cat-sneakers-de","8":"product_cat-turnschuhe","9":"product_tag-unisex-de","10":"product_brands-nae-vegan-shoes-de","12":"first","13":"outofstock","14":"taxable","15":"shipping-taxable","16":"purchasable","17":"product-type-variable","18":"has-default-attributes","19":"entry","20":"content-bg","21":"loop-entry"},"acf":{"avantages":"\ud83d\udca7 Wasserdicht, um die F\u00fc\u00dfe trocken zu halten.\r\n\r\n\ud83c\udf2c\ufe0f Atmungsaktiv f\u00fcr optimale Luftzirkulation und frische F\u00fc\u00dfe.\r\n\r\n\ud83c\udf0d Umweltfreundlich f\u00fcr einen nachhaltigen und umweltbewussten Lebensstil.\r\n\r\n\ud83e\udd27 Antimikrobiell und hypoallergen f\u00fcr maximale Hygiene und Minimierung allergischer Reaktionen.\r\n\r\n\ud83c\udf4f Schaft aus Apfelleder, einer umweltfreundlichen und nachhaltigen Alternative, hergestellt aus Fasern, die aus Abf\u00e4llen der Apfelsaftindustrie gewonnen werden.\r\n\r\n\ud83d\udc5f Schn\u00fcrsenkel aus Baumwolle, die durch nickelfreie Metall\u00f6sen gef\u00fchrt werden, um Stil und Langlebigkeit zu vereinen.\r\n\r\n\ud83c\udf3f Futter aus GOTS-zertifizierter Bio-Baumwolle f\u00fcr optimalen Komfort und Umweltfreundlichkeit.\r\n\r\n\ud83d\udd25 Gepolsterte Einlegesohle mit feuchtigkeitsabweisender EVA-Gummischicht f\u00fcr gute D\u00e4mpfung und Schutz vor Feuchtigkeit.\r\n\r\n\ud83d\udc63 Laufsohle aus organischem und nat\u00fcrlichem Gummi mit rutschfestem Profil f\u00fcr optimale Haftung und Haltbarkeit.\r\n\r\n\ud83c\uddf5\ud83c\uddf9 Mit Liebe in Portugal hergestellt unter Verwendung umweltfreundlicher Materialien und Herstellungsprozesse, und unter Gew\u00e4hrleistung fairer Arbeitsbedingungen.","entretien":"1. Reinigen Sie die Schuhe mit einem in Seifenwasser getr\u00e4nkten Tuch.\r\n\r\n2. Lassen Sie die Schuhe an der Luft trocknen, bevor Sie eine Reinigungscreme auftragen.\r\n\r\n3. Verwenden Sie eine Reinigungscreme, um Ihren Schuhen mehr Glanz zu verleihen.\r\n\r\n4. Geben Sie eine kleine Menge des Produkts auf eine weiche, trockene B\u00fcrste oder ein Tuch und reiben Sie sanft in kreisenden Bewegungen, bis es vollst\u00e4ndig eingezogen ist.\r\n\r\n5. Lassen Sie die Schuhe 24 Stunden lang an der Luft trocknen, fern von direktem Sonnenlicht.Achtung:\r\n\r\n- Geben Sie Ihre Schuhe nicht in die Waschmaschine.\r\n\r\n- Tauchen Sie sie nicht in Wasser ein, da dies zu irreparablen Sch\u00e4den f\u00fchren k\u00f6nnte.Wenn Ihre veganen Schuhe das Ende ihrer Lebensdauer erreicht haben oder Sie sie nicht mehr ben\u00f6tigen, \u00fcberlegen Sie, ihnen ein zweites Leben zu geben. Verwenden Sie sie auf eine andere Weise selbst oder geben Sie sie jemand anderem.","marque":""},"taxonomy_info":{"product_cat":[{"value":413,"label":"Schuhe"},{"value":477,"label":"Sneakers"},{"value":476,"label":"Turnschuhe"}],"product_tag":[{"value":445,"label":"Unisex"}],"product_brands":[{"value":685,"label":"NAE Vegan Shoes"}]},"featured_image_src_large":["https:\/\/ekomfort.lu\/wp-content\/uploads\/2023\/08\/clove-red-basket.jpg",700,700,false],"author_info":[],"comment_info":0,"_links":{"self":[{"href":"https:\/\/ekomfort.lu\/de\/wp-json\/wp\/v2\/product\/11509","targetHints":{"allow":["GET"]}}],"collection":[{"href":"https:\/\/ekomfort.lu\/de\/wp-json\/wp\/v2\/product"}],"about":[{"href":"https:\/\/ekomfort.lu\/de\/wp-json\/wp\/v2\/types\/product"}],"replies":[{"embeddable":true,"href":"https:\/\/ekomfort.lu\/de\/wp-json\/wp\/v2\/comments?post=11509"}],"wp:featuredmedia":[{"embeddable":true,"href":"https:\/\/ekomfort.lu\/de\/wp-json\/wp\/v2\/media\/8522"}],"wp:attachment":[{"href":"https:\/\/ekomfort.lu\/de\/wp-json\/wp\/v2\/media?parent=11509"}],"wp:term":[{"taxonomy":"product_brand","embeddable":true,"href":"https:\/\/ekomfort.lu\/de\/wp-json\/wp\/v2\/product_brand?post=11509"},{"taxonomy":"product_cat","embeddable":true,"href":"https:\/\/ekomfort.lu\/de\/wp-json\/wp\/v2\/product_cat?post=11509"},{"taxonomy":"product_tag","embeddable":true,"href":"https:\/\/ekomfort.lu\/de\/wp-json\/wp\/v2\/product_tag?post=11509"},{"taxonomy":"product_brands","embeddable":true,"href":"https:\/\/ekomfort.lu\/de\/wp-json\/wp\/v2\/product_brands?post=11509"}],"curies":[{"name":"wp","href":"https:\/\/api.w.org\/{rel}","templated":true}]}}