{"id":11500,"date":"2023-08-16T14:50:10","date_gmt":"2023-08-16T12:50:10","guid":{"rendered":"https:\/\/ekomfort.lu\/shop\/mocassins-oeko-verantwortlich-colen-beige-fuer-herren-aus-veganem-leder-von-nae-ein-einzigartiger-mix-aus-klassischem-stil-und-verantwortungsbewusster-innovation"},"modified":"2024-07-01T12:05:23","modified_gmt":"2024-07-01T10:05:23","slug":"mocassins-oeko-verantwortlich-colen-beige-fuer-herren-aus-veganem-leder-von-nae-ein-einzigartiger-mix-aus-klassischem-stil-und-verantwortungsbewusster-innovation","status":"publish","type":"product","link":"https:\/\/ekomfort.lu\/de\/shop\/mocassins-oeko-verantwortlich-colen-beige-fuer-herren-aus-veganem-leder-von-nae-ein-einzigartiger-mix-aus-klassischem-stil-und-verantwortungsbewusster-innovation\/","title":{"rendered":"Mocassins \u00f6ko-verantwortlich Colen Beige f\u00fcr Herren aus veganem Leder von Nae: Ein einzigartiger Mix aus klassischem Stil und verantwortungsbewusster Innovation"},"content":{"rendered":"\n<p>Haben Sie Schwierigkeiten, Schuhe zu finden, die gleichzeitig Komfort, Eleganz und Umweltfreundlichkeit bieten? Sind Sie auf der Suche nach einem <strong>veganen Leder-Mokassin f\u00fcr M\u00e4nner<\/strong>, der zeitlose Eleganz und \u00f6kologisches Bewusstsein vereint?<\/p>\n\n\n\n<p>Entdecke den <strong>Colen Beige<\/strong>, einen Herren-Mokassin aus veganem Leder, perfekte Balance zwischen klassischem Design, ultimativem Komfort und Umweltengagement.<\/p>\n\n\n\n<p>W\u00e4hlen Sie den Herren-Mokassin <strong>Colen Beige<\/strong> und:<\/p>\n\n\n<style>.wp-block-kadence-iconlist.kt-svg-icon-list-items11500_c598b5-6e:not(.this-stops-third-party-issues){margin-top:0px;margin-bottom:0px;}.wp-block-kadence-iconlist.kt-svg-icon-list-items11500_c598b5-6e ul.kt-svg-icon-list:not(.this-prevents-issues):not(.this-stops-third-party-issues):not(.tijsloc){margin-top:0px;margin-right:0px;margin-bottom:var(--global-kb-spacing-sm, 1.5rem);margin-left:0px;}.wp-block-kadence-iconlist.kt-svg-icon-list-items11500_c598b5-6e ul.kt-svg-icon-list{grid-row-gap:5px;}.wp-block-kadence-iconlist.kt-svg-icon-list-items11500_c598b5-6e .kb-svg-icon-wrap{font-size:18px;color:var(--global-palette1, #3182CE);}.wp-block-kadence-iconlist.kt-svg-icon-list-items11500_c598b5-6e ul.kt-svg-icon-list .kt-svg-icon-list-item-wrap .kt-svg-icon-list-single{margin-right:10px;}.kt-svg-icon-list-items11500_c598b5-6e ul.kt-svg-icon-list .kt-svg-icon-list-level-0 .kt-svg-icon-list-single svg{font-size:20px;}<\/style>\n<div class=\"wp-block-kadence-iconlist kt-svg-icon-list-items kt-svg-icon-list-items11500_c598b5-6e kt-svg-icon-list-columns-1 alignnone\"><ul class=\"kt-svg-icon-list\"><style>.kt-svg-icon-list-item-4488_f24a2a-60 .kt-svg-icon-list-text mark.kt-highlight{background-color:unset;font-style:normal;color:#f76a0c;-webkit-box-decoration-break:clone;box-decoration-break:clone;padding-top:0px;padding-right:0px;padding-bottom:0px;padding-left:0px;}<\/style>\n<li class=\"wp-block-kadence-listitem kt-svg-icon-list-item-wrap kt-svg-icon-list-item-4488_f24a2a-60\"><span class=\"kb-svg-icon-wrap kb-svg-icon-fe_checkCircle kt-svg-icon-list-single\"><svg viewBox=\"0 0 24 24\"  fill=\"none\" stroke=\"currentColor\" stroke-width=\"3\" stroke-linecap=\"round\" stroke-linejoin=\"round\" xmlns=\"http:\/\/www.w3.org\/2000\/svg\"  aria-hidden=\"true\"><path d=\"M22 11.08V12a10 10 0 1 1-5.93-9.14\"\/><polyline points=\"22 4 12 14.01 9 11.01\"\/><\/svg><\/span><span class=\"kt-svg-icon-list-text\">Die subtilen Details am Schaft und am <strong>Zierband<\/strong> auf dem Rist machen diesen Mokassin zu einem Must-have in Ihrer Sammlung.<\/span><\/li>\n\n\n<style>.kt-svg-icon-list-item-4488_5ace15-15 .kt-svg-icon-list-text mark.kt-highlight{background-color:unset;font-style:normal;color:#f76a0c;-webkit-box-decoration-break:clone;box-decoration-break:clone;padding-top:0px;padding-right:0px;padding-bottom:0px;padding-left:0px;}<\/style>\n<li class=\"wp-block-kadence-listitem kt-svg-icon-list-item-wrap kt-svg-icon-list-item-4488_5ace15-15\"><span class=\"kb-svg-icon-wrap kb-svg-icon-fe_checkCircle kt-svg-icon-list-single\"><svg viewBox=\"0 0 24 24\"  fill=\"none\" stroke=\"currentColor\" stroke-width=\"3\" stroke-linecap=\"round\" stroke-linejoin=\"round\" xmlns=\"http:\/\/www.w3.org\/2000\/svg\"  aria-hidden=\"true\"><path d=\"M22 11.08V12a10 10 0 1 1-5.93-9.14\"\/><polyline points=\"22 4 12 14.01 9 11.01\"\/><\/svg><\/span><span class=\"kt-svg-icon-list-text\">Machen Sie einen entspannten Spaziergang dank der gepolsterten EVA-Gummisohle, die Ihrem Fu\u00dfgew\u00f6lbe unvergleichliche Unterst\u00fctzung bietet und atmungsaktiv ist, um Ihre F\u00fc\u00dfe vor Feuchtigkeit und Ger\u00fcchen zu sch\u00fctzen.<\/span><\/li>\n\n\n<style>.kt-svg-icon-list-item-4488_2d4911-a8 .kt-svg-icon-list-text mark.kt-highlight{background-color:unset;font-style:normal;color:#f76a0c;-webkit-box-decoration-break:clone;box-decoration-break:clone;padding-top:0px;padding-right:0px;padding-bottom:0px;padding-left:0px;}<\/style>\n<li class=\"wp-block-kadence-listitem kt-svg-icon-list-item-wrap kt-svg-icon-list-item-4488_2d4911-a8\"><span class=\"kb-svg-icon-wrap kb-svg-icon-fe_checkCircle kt-svg-icon-list-single\"><svg viewBox=\"0 0 24 24\"  fill=\"none\" stroke=\"currentColor\" stroke-width=\"3\" stroke-linecap=\"round\" stroke-linejoin=\"round\" xmlns=\"http:\/\/www.w3.org\/2000\/svg\"  aria-hidden=\"true\"><path d=\"M22 11.08V12a10 10 0 1 1-5.93-9.14\"\/><polyline points=\"22 4 12 14.01 9 11.01\"\/><\/svg><\/span><span class=\"kt-svg-icon-list-text\">Treffen Sie die Wahl f\u00fcr einen reduzierten \u00f6kologischen Fu\u00dfabdruck mit erstklassigem veganem Leder, frei von Grausamkeit und entworfen, um dem Verschlei\u00df der Zeit standzuhalten.<\/span><\/li>\n<\/ul><\/div>\n\n\n\n<p>ohne Kompromisse beim Komfort, ohne sch\u00e4dliche Substanzen, ohne Tierqu\u00e4lerei&#8230;<\/p>\n\n\n\n<p>Und das alles, zum Preis eines Standard-Schuhpaars, w\u00e4hrend wir gleichzeitig zu einer gr\u00fcneren Zukunft beitragen.<\/p>\n\n\n\n<p>Bereit, einen Schritt in eine schickere und umweltfreundlichere Zukunft mit dem <strong>Colen Beige<\/strong> zu machen? Dieser Mokassin ist sehr beliebt und unsere Best\u00e4nde an <strong>veganen Leder-Mokassins f\u00fcr Herren<\/strong> gehen schnell zur Neige. Verpassen Sie nicht diese Gelegenheit!<\/p>\n","protected":false},"excerpt":{"rendered":"<p>Haben Sie Schwierigkeiten, Schuhe zu finden, die gleichzeitig Komfort, Eleganz und Umweltfreundlichkeit bieten? Sind Sie auf der Suche nach einem veganen Leder-Mokassin f\u00fcr M\u00e4nner, der zeitlose Eleganz und \u00f6kologisches Bewusstsein vereint? Entdecke den Colen Beige, einen Herren-Mokassin aus veganem Leder, perfekte Balance zwischen klassischem Design, ultimativem Komfort und Umweltengagement. W\u00e4hlen Sie den Herren-Mokassin Colen Beige&#8230;<\/p>\n","protected":false},"featured_media":7820,"comment_status":"open","ping_status":"closed","template":"","meta":{"_acf_changed":false,"_kad_blocks_custom_css":"","_kad_blocks_head_custom_js":"","_kad_blocks_body_custom_js":"","_kad_blocks_footer_custom_js":"","_kad_post_transparent":"","_kad_post_title":"","_kad_post_layout":"","_kad_post_sidebar_id":"","_kad_post_content_style":"","_kad_post_vertical_padding":"","_kad_post_feature":"","_kad_post_feature_position":"","_kad_post_header":false,"_kad_post_footer":false,"_kad_post_classname":""},"product_brand":[],"product_cat":[425,413],"product_tag":[415],"product_brands":[685],"class_list":{"0":"post-11500","1":"product","2":"type-product","3":"status-publish","4":"has-post-thumbnail","6":"product_cat-flache-schuhe","7":"product_cat-schuhe-fuer-maenner-und-frauen","8":"product_tag-mann","9":"product_brands-nae-vegan-shoes-de","11":"first","12":"outofstock","13":"taxable","14":"shipping-taxable","15":"purchasable","16":"product-type-variable","17":"has-default-attributes","18":"entry","19":"content-bg","20":"loop-entry"},"acf":{"avantages":"\ud83d\udca7 Wasserdicht, um Ihre F\u00fc\u00dfe trocken zu halten.\r\n\r\n\ud83c\udf2c\ufe0f Atmungsaktiv f\u00fcr optimale Luftzirkulation und frische F\u00fc\u00dfe.\r\n\r\n\ud83c\udf31 Antimikrobiell und hypoallergen f\u00fcr optimale Hygiene und Minimierung allergischer Reaktionen.\r\n\r\n\ud83c\udf0d Hergestellt aus umweltfreundlichen Materialien, um die Auswirkungen auf den Planeten zu reduzieren.\r\n\r\n\ud83d\udc5e Obermaterial aus veganem Leder, das das Aussehen von echtem Leder imitiert und gleichzeitig tierfreundlich ist.\r\n\r\n\ud83d\udee1\ufe0f Futter aus Mikrofasern und PU f\u00fcr langanhaltenden Komfort.\r\n\r\n\ud83d\udc5f Gepolsterte EVA-Gummisohle gegen Feuchtigkeit f\u00fcr optimale D\u00e4mpfung.\r\n\r\n\ud83d\udd1d Rutschfeste und langlebige Neolite-Gummilaufsohle f\u00fcr optimale Griffigkeit.\r\n\r\n\ud83c\uddf5\ud83c\uddf9 Sorgf\u00e4ltig in Portugal hergestellt, unter Beachtung von Umweltstandards und fairen Arbeitsbedingungen.","entretien":"- Reinigen Sie die Schuhe mit einem in Seifenwasser getr\u00e4nkten Tuch.\r\n\r\n- Verwenden Sie f\u00fcr hartn\u00e4ckige Flecken eine weiche Schuhb\u00fcrste, ebenfalls in Seifenwasser getr\u00e4nkt, und reiben Sie sanft in kreisenden Bewegungen.\r\n\r\n- Entfernen Sie die Seife mit einem feuchten Tuch.\r\n\r\n- Lassen Sie die Schuhe 24 Stunden lang an der Luft trocknen, ohne sie direkter Sonneneinstrahlung auszusetzen.Achtung:- Verwenden Sie keine Reinigungscreme.\r\n\r\n- Geben Sie Ihre Schuhe nicht in die Waschmaschine.\r\n\r\n- Tauchen Sie sie nicht in Wasser ein, da sie irreparable Sch\u00e4den erleiden k\u00f6nnten.Produktlebensdauer:Wenn Ihre veganen Schuhe das Ende ihrer Lebensdauer erreicht haben oder Sie sie nicht mehr ben\u00f6tigen, erw\u00e4gen Sie, ihnen ein zweites Leben zu geben. Verwenden Sie sie auf eine andere Weise selbst oder geben Sie sie jemand anderem.","marque":""},"taxonomy_info":{"product_cat":[{"value":425,"label":"Flache Schuhe"},{"value":413,"label":"Schuhe"}],"product_tag":[{"value":415,"label":"Herrenboutique"}],"product_brands":[{"value":685,"label":"NAE Vegan Shoes"}]},"featured_image_src_large":["https:\/\/ekomfort.lu\/wp-content\/uploads\/2023\/08\/colen-beige.jpg.jpg",700,700,false],"author_info":[],"comment_info":0,"_links":{"self":[{"href":"https:\/\/ekomfort.lu\/de\/wp-json\/wp\/v2\/product\/11500","targetHints":{"allow":["GET"]}}],"collection":[{"href":"https:\/\/ekomfort.lu\/de\/wp-json\/wp\/v2\/product"}],"about":[{"href":"https:\/\/ekomfort.lu\/de\/wp-json\/wp\/v2\/types\/product"}],"replies":[{"embeddable":true,"href":"https:\/\/ekomfort.lu\/de\/wp-json\/wp\/v2\/comments?post=11500"}],"wp:featuredmedia":[{"embeddable":true,"href":"https:\/\/ekomfort.lu\/de\/wp-json\/wp\/v2\/media\/7820"}],"wp:attachment":[{"href":"https:\/\/ekomfort.lu\/de\/wp-json\/wp\/v2\/media?parent=11500"}],"wp:term":[{"taxonomy":"product_brand","embeddable":true,"href":"https:\/\/ekomfort.lu\/de\/wp-json\/wp\/v2\/product_brand?post=11500"},{"taxonomy":"product_cat","embeddable":true,"href":"https:\/\/ekomfort.lu\/de\/wp-json\/wp\/v2\/product_cat?post=11500"},{"taxonomy":"product_tag","embeddable":true,"href":"https:\/\/ekomfort.lu\/de\/wp-json\/wp\/v2\/product_tag?post=11500"},{"taxonomy":"product_brands","embeddable":true,"href":"https:\/\/ekomfort.lu\/de\/wp-json\/wp\/v2\/product_brands?post=11500"}],"curies":[{"name":"wp","href":"https:\/\/api.w.org\/{rel}","templated":true}]}}