{"id":11492,"date":"2023-08-16T14:50:10","date_gmt":"2023-08-16T12:50:10","guid":{"rendered":"https:\/\/ekomfort.lu\/shop\/cora-bordeaux-pinatex-sandale-mit-knoechelriemen-fuer-frauen-mit-einem-schicken-und-ethischen-touch"},"modified":"2024-07-01T12:05:05","modified_gmt":"2024-07-01T10:05:05","slug":"cora-bordeaux-pinatex-sandale-mit-knoechelriemen-fuer-frauen-mit-einem-schicken-und-ethischen-touch","status":"publish","type":"product","link":"https:\/\/ekomfort.lu\/de\/shop\/cora-bordeaux-pinatex-sandale-mit-knoechelriemen-fuer-frauen-mit-einem-schicken-und-ethischen-touch\/","title":{"rendered":"Cora Bordeaux: Pi\u00f1atex-Sandale mit Kn\u00f6chelriemen f\u00fcr Frauen mit einem schicken und ethischen Touch"},"content":{"rendered":"\n<p>Suchen Sie nach einem Paar <strong>Pi\u00f1atex Sandalen mit Absatz f\u00fcr Frauen<\/strong>, das Eleganz und Langlebigkeit elegant vereint? M\u00f6chten Sie, dass Ihr Stil Ihre ethischen Werte widerspiegelt und gleichzeitig Ihre Weiblichkeit unterstreicht?<\/p>\n\n\n\n<p>Entscheiden Sie sich f\u00fcr die <strong>Cora Bordeaux<\/strong>: feminine Sandalen aus Pi\u00f1atex, einem innovativen \u00f6kologischen Material, das Ihre innere Sch\u00f6nheit und Ihren raffinierten Stil hervorhebt.<\/p>\n\n\n\n<p>Kaufen Sie jetzt <strong>Cora Bordeaux<\/strong> und:<\/p>\n\n\n<style>.wp-block-kadence-iconlist.kt-svg-icon-list-items11492_3dcb29-fa:not(.this-stops-third-party-issues){margin-top:0px;margin-bottom:0px;}.wp-block-kadence-iconlist.kt-svg-icon-list-items11492_3dcb29-fa ul.kt-svg-icon-list:not(.this-prevents-issues):not(.this-stops-third-party-issues):not(.tijsloc){margin-top:0px;margin-right:0px;margin-bottom:var(--global-kb-spacing-sm, 1.5rem);margin-left:0px;}.wp-block-kadence-iconlist.kt-svg-icon-list-items11492_3dcb29-fa ul.kt-svg-icon-list{grid-row-gap:5px;}.wp-block-kadence-iconlist.kt-svg-icon-list-items11492_3dcb29-fa .kb-svg-icon-wrap{font-size:18px;color:var(--global-palette1, #3182CE);}.wp-block-kadence-iconlist.kt-svg-icon-list-items11492_3dcb29-fa ul.kt-svg-icon-list .kt-svg-icon-list-item-wrap .kt-svg-icon-list-single{margin-right:10px;}.kt-svg-icon-list-items11492_3dcb29-fa ul.kt-svg-icon-list .kt-svg-icon-list-level-0 .kt-svg-icon-list-single svg{font-size:20px;}<\/style>\n<div class=\"wp-block-kadence-iconlist kt-svg-icon-list-items kt-svg-icon-list-items11492_3dcb29-fa kt-svg-icon-list-columns-1 alignnone\"><ul class=\"kt-svg-icon-list\"><style>.kt-svg-icon-list-item-4490_6e8e9b-82 .kt-svg-icon-list-text mark.kt-highlight{background-color:unset;font-style:normal;color:#f76a0c;-webkit-box-decoration-break:clone;box-decoration-break:clone;padding-top:0px;padding-right:0px;padding-bottom:0px;padding-left:0px;}<\/style>\n<li class=\"wp-block-kadence-listitem kt-svg-icon-list-item-wrap kt-svg-icon-list-item-4490_6e8e9b-82\"><span class=\"kb-svg-icon-wrap kb-svg-icon-fe_checkCircle kt-svg-icon-list-single\"><svg viewBox=\"0 0 24 24\"  fill=\"none\" stroke=\"currentColor\" stroke-width=\"3\" stroke-linecap=\"round\" stroke-linejoin=\"round\" xmlns=\"http:\/\/www.w3.org\/2000\/svg\"  aria-hidden=\"true\"><path d=\"M22 11.08V12a10 10 0 1 1-5.93-9.14\"\/><polyline points=\"22 4 12 14.01 9 11.01\"\/><\/svg><\/span><span class=\"kt-svg-icon-list-text\">Zeigen Sie Ihre Sch\u00f6nheit und Modernit\u00e4t mit diesen minimalistischen und eleganten <strong>Damenkn\u00f6chelriemenschuhen<\/strong>. Ihre zarte Kn\u00f6chelschnalle veredelt Ihren Fu\u00df mit Eleganz.<\/span><\/li>\n\n\n<style>.kt-svg-icon-list-item-4490_0ed453-b1 .kt-svg-icon-list-text mark.kt-highlight{background-color:unset;font-style:normal;color:#f76a0c;-webkit-box-decoration-break:clone;box-decoration-break:clone;padding-top:0px;padding-right:0px;padding-bottom:0px;padding-left:0px;}<\/style>\n<li class=\"wp-block-kadence-listitem kt-svg-icon-list-item-wrap kt-svg-icon-list-item-4490_0ed453-b1\"><span class=\"kb-svg-icon-wrap kb-svg-icon-fe_checkCircle kt-svg-icon-list-single\"><svg viewBox=\"0 0 24 24\"  fill=\"none\" stroke=\"currentColor\" stroke-width=\"3\" stroke-linecap=\"round\" stroke-linejoin=\"round\" xmlns=\"http:\/\/www.w3.org\/2000\/svg\"  aria-hidden=\"true\"><path d=\"M22 11.08V12a10 10 0 1 1-5.93-9.14\"\/><polyline points=\"22 4 12 14.01 9 11.01\"\/><\/svg><\/span><span class=\"kt-svg-icon-list-text\">Verk\u00f6rpern Sie die umweltverantwortliche Haltung mit Pi\u00f1atex, einem biologisch abbaubaren und erneuerbaren Material, das aus Abf\u00e4llen der Ananasindustrie gewonnen wird. Eine perfekt auf die Kreislaufwirtschaft und Nachhaltigkeit abgestimmte Wahl.<\/span><\/li>\n\n\n<style>.kt-svg-icon-list-item-4490_ae3665-dd .kt-svg-icon-list-text mark.kt-highlight{background-color:unset;font-style:normal;color:#f76a0c;-webkit-box-decoration-break:clone;box-decoration-break:clone;padding-top:0px;padding-right:0px;padding-bottom:0px;padding-left:0px;}<\/style>\n<li class=\"wp-block-kadence-listitem kt-svg-icon-list-item-wrap kt-svg-icon-list-item-4490_ae3665-dd\"><span class=\"kb-svg-icon-wrap kb-svg-icon-fe_checkCircle kt-svg-icon-list-single\"><svg viewBox=\"0 0 24 24\"  fill=\"none\" stroke=\"currentColor\" stroke-width=\"3\" stroke-linecap=\"round\" stroke-linejoin=\"round\" xmlns=\"http:\/\/www.w3.org\/2000\/svg\"  aria-hidden=\"true\"><path d=\"M22 11.08V12a10 10 0 1 1-5.93-9.14\"\/><polyline points=\"22 4 12 14.01 9 11.01\"\/><\/svg><\/span><span class=\"kt-svg-icon-list-text\">Genie\u00dfen Sie den Komfort und die Leichtigkeit dieses hypoallergenen und antimikrobiellen Stoffes, der es Ihren F\u00fc\u00dfen erm\u00f6glicht, zu atmen, ohne unangenehme Ger\u00fcche zu verursachen.<\/span><\/li>\n<\/ul><\/div>\n\n\n\n<p>ohne tierische Stoffe, ohne giftige Produkte, w\u00e4hrend gleichzeitig die Eleganz erhalten bleibt&#8230;<\/p>\n\n\n\n<p>F\u00fcr den Betrag eines Restaurantbesuchs k\u00f6nnen Sie sich ein Paar bequeme Damen-Pi\u00f1atex-Sandalen <strong>beschaffen<\/strong>, das Sie mit seiner Sch\u00f6nheit, seinem Komfort und seinen Werten erf\u00fcllen wird.<\/p>\n\n\n\n<p>Dann, sind Sie bereit, den Boden mit Eleganz und Bewusstsein zu betreten? Die Cora Bordeaux sind ein gro\u00dfer Erfolg und die Best\u00e4nde werden schnell aufgebraucht. Verpassen Sie nicht diese gro\u00dfartige Gelegenheit!<\/p>\n","protected":false},"excerpt":{"rendered":"<p>Suchen Sie nach einem Paar Pi\u00f1atex Sandalen mit Absatz f\u00fcr Frauen, das Eleganz und Langlebigkeit elegant vereint? M\u00f6chten Sie, dass Ihr Stil Ihre ethischen Werte widerspiegelt und gleichzeitig Ihre Weiblichkeit unterstreicht? Entscheiden Sie sich f\u00fcr die Cora Bordeaux: feminine Sandalen aus Pi\u00f1atex, einem innovativen \u00f6kologischen Material, das Ihre innere Sch\u00f6nheit und Ihren raffinierten Stil hervorhebt&#8230;.<\/p>\n","protected":false},"featured_media":8518,"comment_status":"open","ping_status":"closed","template":"","meta":{"_acf_changed":false,"_kad_blocks_custom_css":"","_kad_blocks_head_custom_js":"","_kad_blocks_body_custom_js":"","_kad_blocks_footer_custom_js":"","_kad_post_transparent":"","_kad_post_title":"","_kad_post_layout":"","_kad_post_sidebar_id":"","_kad_post_content_style":"","_kad_post_vertical_padding":"","_kad_post_feature":"","_kad_post_feature_position":"","_kad_post_header":false,"_kad_post_footer":false,"_kad_post_classname":""},"product_brand":[],"product_cat":[459,413],"product_tag":[447],"product_brands":[685],"class_list":{"0":"post-11492","1":"product","2":"type-product","3":"status-publish","4":"has-post-thumbnail","6":"product_cat-sandalen","7":"product_cat-schuhe-fuer-maenner-und-frauen","8":"product_tag-frau","9":"product_brands-nae-vegan-shoes-de","11":"first","12":"outofstock","13":"taxable","14":"shipping-taxable","15":"purchasable","16":"product-type-variable","17":"has-default-attributes","18":"entry","19":"content-bg","20":"loop-entry"},"acf":{"avantages":"\ud83c\udf2c Atmungsaktiv: F\u00fcr optimale Luftzirkulation und immer frische und trockene F\u00fc\u00dfe.\r\n\r\n\ud83c\udf0d Umweltfreundlich: Reduzieren die Auswirkungen auf die Umwelt.\r\n\r\n\ud83c\udf21 Antimikrobiell: Gew\u00e4hrleisten optimale Hygiene.\r\n\r\n\ud83d\udc9a Sicher: Materialien ohne Risiken f\u00fcr die Gesundheit der Verbraucher.\r\n\r\n\ud83c\udf38 Hypoallergen: Minimieren allergische Reaktionen.\r\n\r\n\ud83c\udf4d Pi\u00f1atex-Obermaterial: 80% Ananasblattfasern und 20% PLA, eine umweltfreundliche und nachhaltige Alternative.\r\n\r\n\ud83d\udd12 Verschluss mit nickelfreier Metallschnalle: Stil und Langlebigkeit.\ud83d\udecb Futter aus Mikrofasern und PU: Komfort und Langlebigkeit.\r\n\r\n\u2b50\ufe0f Gepolsterte Einlegesohle mit EVA-Gummi und Feuchtigkeitsschutz: D\u00e4mpfung und Schutz vor Feuchtigkeit.\r\n\r\n\ud83d\udc63 Laufsohle aus Neolite: Langlebig, anpassungsf\u00e4hig und rutschfest f\u00fcr optimale Haftung.","entretien":"1. Reinigen Sie die Schuhe mit einem in Seifenwasser getr\u00e4nkten Tuch.\r\n\r\n2. Verwenden Sie f\u00fcr hartn\u00e4ckige Flecken eine weiche Schuhb\u00fcrste, ebenfalls in Seifenwasser getr\u00e4nkt, und reiben Sie sanft in kreisenden Bewegungen.\r\n\r\n3. Entfernen Sie die Seife mit einem feuchten Tuch.\r\n\r\n4. Lassen Sie die Schuhe vor dem Auftragen einer Reinigungscreme an der Luft trocknen.\r\n\r\n5. Tragen Sie eine kleine Menge Reinigungscreme auf eine weiche, trockene B\u00fcrste oder ein Tuch auf und reiben Sie sie sanft in kreisenden Bewegungen ein, bis sie vollst\u00e4ndig eingezogen ist.\r\n\r\n6. Lassen Sie die Schuhe 24 Stunden lang an der Luft trocknen, ohne sie direkter Sonneneinstrahlung auszusetzen.Achtung:\r\n\r\n\u2022 Geben Sie Ihre Schuhe nicht in die Waschmaschine.\r\n\r\n\u2022 Tauchen Sie sie nicht in Wasser ein, da sie irreparable Sch\u00e4den erleiden k\u00f6nnten.Produktlebensdauer:Wenn Ihre veganen Schuhe das Ende ihrer Lebensdauer erreicht haben oder Sie sie nicht mehr ben\u00f6tigen, \u00fcberlegen Sie, ihnen ein zweites Leben zu geben. Verwenden Sie sie auf eine andere Weise selbst oder geben Sie sie jemand anderem.","marque":""},"taxonomy_info":{"product_cat":[{"value":459,"label":"Sandalen"},{"value":413,"label":"Schuhe"}],"product_tag":[{"value":447,"label":"Damenboutique"}],"product_brands":[{"value":685,"label":"NAE Vegan Shoes"}]},"featured_image_src_large":["https:\/\/ekomfort.lu\/wp-content\/uploads\/2023\/08\/cora-bordeaux-sandales.jpg",700,700,false],"author_info":[],"comment_info":0,"_links":{"self":[{"href":"https:\/\/ekomfort.lu\/de\/wp-json\/wp\/v2\/product\/11492","targetHints":{"allow":["GET"]}}],"collection":[{"href":"https:\/\/ekomfort.lu\/de\/wp-json\/wp\/v2\/product"}],"about":[{"href":"https:\/\/ekomfort.lu\/de\/wp-json\/wp\/v2\/types\/product"}],"replies":[{"embeddable":true,"href":"https:\/\/ekomfort.lu\/de\/wp-json\/wp\/v2\/comments?post=11492"}],"wp:featuredmedia":[{"embeddable":true,"href":"https:\/\/ekomfort.lu\/de\/wp-json\/wp\/v2\/media\/8518"}],"wp:attachment":[{"href":"https:\/\/ekomfort.lu\/de\/wp-json\/wp\/v2\/media?parent=11492"}],"wp:term":[{"taxonomy":"product_brand","embeddable":true,"href":"https:\/\/ekomfort.lu\/de\/wp-json\/wp\/v2\/product_brand?post=11492"},{"taxonomy":"product_cat","embeddable":true,"href":"https:\/\/ekomfort.lu\/de\/wp-json\/wp\/v2\/product_cat?post=11492"},{"taxonomy":"product_tag","embeddable":true,"href":"https:\/\/ekomfort.lu\/de\/wp-json\/wp\/v2\/product_tag?post=11492"},{"taxonomy":"product_brands","embeddable":true,"href":"https:\/\/ekomfort.lu\/de\/wp-json\/wp\/v2\/product_brands?post=11492"}],"curies":[{"name":"wp","href":"https:\/\/api.w.org\/{rel}","templated":true}]}}