{"id":11484,"date":"2023-08-16T14:50:11","date_gmt":"2023-08-16T12:50:11","guid":{"rendered":"https:\/\/ekomfort.lu\/shop\/nae-daphne-beige-pinatex-open-heel-sandale-von-nae-eleganter-und-umweltfreundlicher-minimalismus"},"modified":"2024-07-01T12:04:25","modified_gmt":"2024-07-01T10:04:25","slug":"nae-daphne-beige-pinatex-open-heel-sandale-von-nae-eleganter-und-umweltfreundlicher-minimalismus","status":"publish","type":"product","link":"https:\/\/ekomfort.lu\/de\/shop\/nae-daphne-beige-pinatex-open-heel-sandale-von-nae-eleganter-und-umweltfreundlicher-minimalismus\/","title":{"rendered":"Nae Daphne Beige Pi\u00f1atex Open Heel Sandale von Nae: Eleganter und umweltfreundlicher Minimalismus"},"content":{"rendered":"\n<p>Sie sind eine moderne Frau und suchen nach einem eleganten Stil, der Ihr Engagement f\u00fcr die Umwelt respektiert? Sie wollen keine Kompromisse mehr zwischen Komfort, schickem Aussehen und Ihrem ethischen Gewissen eingehen&#8230;<\/p>\n\n\n\n<p>Entdecke die <strong>Daphne Beige<\/strong>, die Damen-<strong>Kreuzriemen-Sandaletten<\/strong> aus Ananasblattfasern, die Eleganz und Umweltfreundlichkeit perfekt kombinieren.<\/p>\n\n\n\n<p>Machen Sie die Erfahrung mit den <strong><strong>offene Absatzsandale aus Pinatex<\/strong> Daphne Beige<\/strong> und:<\/p>\n\n\n<style>.wp-block-kadence-iconlist.kt-svg-icon-list-items11484_37e496-cc:not(.this-stops-third-party-issues){margin-top:0px;margin-bottom:0px;}.wp-block-kadence-iconlist.kt-svg-icon-list-items11484_37e496-cc ul.kt-svg-icon-list:not(.this-prevents-issues):not(.this-stops-third-party-issues):not(.tijsloc){margin-top:0px;margin-right:0px;margin-bottom:var(--global-kb-spacing-sm, 1.5rem);margin-left:0px;}.wp-block-kadence-iconlist.kt-svg-icon-list-items11484_37e496-cc ul.kt-svg-icon-list{grid-row-gap:5px;}.wp-block-kadence-iconlist.kt-svg-icon-list-items11484_37e496-cc .kb-svg-icon-wrap{font-size:18px;color:var(--global-palette1, #3182CE);}.wp-block-kadence-iconlist.kt-svg-icon-list-items11484_37e496-cc ul.kt-svg-icon-list .kt-svg-icon-list-item-wrap .kt-svg-icon-list-single{margin-right:10px;}.kt-svg-icon-list-items11484_37e496-cc ul.kt-svg-icon-list .kt-svg-icon-list-level-0 .kt-svg-icon-list-single svg{font-size:20px;}<\/style>\n<div class=\"wp-block-kadence-iconlist kt-svg-icon-list-items kt-svg-icon-list-items11484_37e496-cc kt-svg-icon-list-columns-1 alignnone\"><ul class=\"kt-svg-icon-list\"><style>.kt-svg-icon-list-item-4492_47080a-2c .kt-svg-icon-list-text mark.kt-highlight{background-color:unset;font-style:normal;color:#f76a0c;-webkit-box-decoration-break:clone;box-decoration-break:clone;padding-top:0px;padding-right:0px;padding-bottom:0px;padding-left:0px;}<\/style>\n<li class=\"wp-block-kadence-listitem kt-svg-icon-list-item-wrap kt-svg-icon-list-item-4492_47080a-2c\"><span class=\"kb-svg-icon-wrap kb-svg-icon-fe_checkCircle kt-svg-icon-list-single\"><svg viewBox=\"0 0 24 24\"  fill=\"none\" stroke=\"currentColor\" stroke-width=\"3\" stroke-linecap=\"round\" stroke-linejoin=\"round\" xmlns=\"http:\/\/www.w3.org\/2000\/svg\"  aria-hidden=\"true\"><path d=\"M22 11.08V12a10 10 0 1 1-5.93-9.14\"\/><polyline points=\"22 4 12 14.01 9 11.01\"\/><\/svg><\/span><span class=\"kt-svg-icon-list-text\">Genie\u00dfen Sie einen leichten und komfortablen Spaziergang mit einer Holz- und organischen Kautschuksohle vom Cr\u00eape-Typ f\u00fcr sanftes und sicheres Gehen.<\/span><\/li>\n\n\n<style>.kt-svg-icon-list-item-4492_6ef86d-d4 .kt-svg-icon-list-text mark.kt-highlight{background-color:unset;font-style:normal;color:#f76a0c;-webkit-box-decoration-break:clone;box-decoration-break:clone;padding-top:0px;padding-right:0px;padding-bottom:0px;padding-left:0px;}<\/style>\n<li class=\"wp-block-kadence-listitem kt-svg-icon-list-item-wrap kt-svg-icon-list-item-4492_6ef86d-d4\"><span class=\"kb-svg-icon-wrap kb-svg-icon-fe_checkCircle kt-svg-icon-list-single\"><svg viewBox=\"0 0 24 24\"  fill=\"none\" stroke=\"currentColor\" stroke-width=\"3\" stroke-linecap=\"round\" stroke-linejoin=\"round\" xmlns=\"http:\/\/www.w3.org\/2000\/svg\"  aria-hidden=\"true\"><path d=\"M22 11.08V12a10 10 0 1 1-5.93-9.14\"\/><polyline points=\"22 4 12 14.01 9 11.01\"\/><\/svg><\/span><span class=\"kt-svg-icon-list-text\">Betonen Sie Ihre Vorliebe f\u00fcr minimalistische Mode mit diesen eleganten und schlichten Sandalen, verziert mit dezenten \u00fcberkreuzten Riemen <strong>nu pieds<\/strong> und diskretem NAE-Logo.<\/span><\/li>\n\n\n<style>.kt-svg-icon-list-item-4492_975170-75 .kt-svg-icon-list-text mark.kt-highlight{background-color:unset;font-style:normal;color:#f76a0c;-webkit-box-decoration-break:clone;box-decoration-break:clone;padding-top:0px;padding-right:0px;padding-bottom:0px;padding-left:0px;}<\/style>\n<li class=\"wp-block-kadence-listitem kt-svg-icon-list-item-wrap kt-svg-icon-list-item-4492_975170-75\"><span class=\"kb-svg-icon-wrap kb-svg-icon-fe_checkCircle kt-svg-icon-list-single\"><svg viewBox=\"0 0 24 24\"  fill=\"none\" stroke=\"currentColor\" stroke-width=\"3\" stroke-linecap=\"round\" stroke-linejoin=\"round\" xmlns=\"http:\/\/www.w3.org\/2000\/svg\"  aria-hidden=\"true\"><path d=\"M22 11.08V12a10 10 0 1 1-5.93-9.14\"\/><polyline points=\"22 4 12 14.01 9 11.01\"\/><\/svg><\/span><span class=\"kt-svg-icon-list-text\">Treffe eine nachhaltige Wahl: Diese Sandalen sind aus Pi\u00f1atex, einem innovativen, biologisch abbaubaren, erneuerbaren und aus der Ananasindustrie stammenden Material, hergestellt.<\/span><\/li>\n<\/ul><\/div>\n\n\n\n<p>ohne giftige Inhaltsstoffe, ohne Grausamkeit gegen\u00fcber Tieren und ohne \u00fcberm\u00e4\u00dfiges Schwitzen&#8230;<\/p>\n\n\n\n<p>F\u00fcr den gleichen Preis wie ein traditionelles Paar Sandalen w\u00e4hlen Sie eine Option, die Ihre Werte widerspiegelt, ohne Ihren Stil aufzugeben.<\/p>\n\n\n\n<p>Bereit, einen engagierteren und eleganteren Modestil anzunehmen? Handeln Sie schnell, die Best\u00e4nde dieses sehr gefragten Modells werden schnell verkauft.<\/p>\n","protected":false},"excerpt":{"rendered":"<p>Sie sind eine moderne Frau und suchen nach einem eleganten Stil, der Ihr Engagement f\u00fcr die Umwelt respektiert? Sie wollen keine Kompromisse mehr zwischen Komfort, schickem Aussehen und Ihrem ethischen Gewissen eingehen&#8230; Entdecke die Daphne Beige, die Damen-Kreuzriemen-Sandaletten aus Ananasblattfasern, die Eleganz und Umweltfreundlichkeit perfekt kombinieren. Machen Sie die Erfahrung mit den offene Absatzsandale aus&#8230;<\/p>\n","protected":false},"featured_media":8500,"comment_status":"open","ping_status":"closed","template":"","meta":{"_acf_changed":false,"_kad_blocks_custom_css":"","_kad_blocks_head_custom_js":"","_kad_blocks_body_custom_js":"","_kad_blocks_footer_custom_js":"","_kad_post_transparent":"","_kad_post_title":"","_kad_post_layout":"","_kad_post_sidebar_id":"","_kad_post_content_style":"","_kad_post_vertical_padding":"","_kad_post_feature":"","_kad_post_feature_position":"","_kad_post_header":false,"_kad_post_footer":false,"_kad_post_classname":""},"product_brand":[],"product_cat":[459,413],"product_tag":[447],"product_brands":[685],"class_list":{"0":"post-11484","1":"product","2":"type-product","3":"status-publish","4":"has-post-thumbnail","6":"product_cat-sandalen","7":"product_cat-schuhe-fuer-maenner-und-frauen","8":"product_tag-frau","9":"product_brands-nae-vegan-shoes-de","11":"first","12":"outofstock","13":"taxable","14":"shipping-taxable","15":"purchasable","16":"product-type-variable","17":"has-default-attributes","18":"entry","19":"content-bg","20":"loop-entry"},"acf":{"avantages":"\ud83d\udca8 Atmungsaktiv: Erm\u00f6glichen eine gute Luftzirkulation, um die F\u00fc\u00dfe frisch und trocken zu halten.\r\n\r\n\ud83c\udf0d Umweltfreundlich: Materialien und Herstellungsprozesse, die umweltfreundlich sind, um unseren \u00f6kologischen Fu\u00dfabdruck zu verringern.\r\n\r\n\ud83d\udee1\ufe0f Antimikrobiell: Behandlung, um das Wachstum von Bakterien und Mikroben zu hemmen, f\u00fcr bessere Hygiene und zur Vermeidung von Ger\u00fcchen.\r\n\r\n\ud83c\udf31 Hypoallergen: Materialien, die entwickelt wurden, um allergische Reaktionen und Hautreizungen zu minimieren.\r\n\r\n\ud83d\udc61 Riemen aus Pi\u00f1atex und PLA: Riemen aus Pi\u00f1atex, einem umweltfreundlichen und langlebigen Material.\r\n\r\n\ud83c\udf1f Futter aus Mikrofasern und PU-Laminierung: Weiches und bequemes Innenfutter aus Mikrofasern, mit PU-Laminierung f\u00fcr gute Haltbarkeit.\r\n\r\n\ud83c\udf32 Laufsohle aus bearbeitetem Holz mit nat\u00fcrlicher Gummibasis: \u00c4u\u00dferes der Schuhe aus bearbeitetem Holz und nat\u00fcrlicher Gummi, f\u00fcr eine elegante \u00c4sthetik.","entretien":"- Atmungsaktiv, umweltfreundlich, antimikrobiell und hypoallergen.\r\n\r\n- Riemen: Pi\u00f1atex aus Ananasblattfasern und PLA.\r\n\r\n- Futter: Hergestellt aus Mikrofasern und PU-Laminierung.\r\n\r\n- Laufsohle: Holz mit einer Basis aus nat\u00fcrlicher Kautschukcrepe.\r\n\r\n- Absatzh\u00f6he: 5,5 cm.\r\n\r\n- Sorgf\u00e4ltig in Portugal mit umweltfreundlichen Materialien und Herstellungsverfahren hergestellt, in einer fairen Arbeitsumgebung.","marque":""},"taxonomy_info":{"product_cat":[{"value":459,"label":"Sandalen"},{"value":413,"label":"Schuhe"}],"product_tag":[{"value":447,"label":"Damenboutique"}],"product_brands":[{"value":685,"label":"NAE Vegan Shoes"}]},"featured_image_src_large":["https:\/\/ekomfort.lu\/wp-content\/uploads\/2023\/08\/daphne-beige-sandales.jpg",700,700,false],"author_info":[],"comment_info":0,"_links":{"self":[{"href":"https:\/\/ekomfort.lu\/de\/wp-json\/wp\/v2\/product\/11484","targetHints":{"allow":["GET"]}}],"collection":[{"href":"https:\/\/ekomfort.lu\/de\/wp-json\/wp\/v2\/product"}],"about":[{"href":"https:\/\/ekomfort.lu\/de\/wp-json\/wp\/v2\/types\/product"}],"replies":[{"embeddable":true,"href":"https:\/\/ekomfort.lu\/de\/wp-json\/wp\/v2\/comments?post=11484"}],"wp:featuredmedia":[{"embeddable":true,"href":"https:\/\/ekomfort.lu\/de\/wp-json\/wp\/v2\/media\/8500"}],"wp:attachment":[{"href":"https:\/\/ekomfort.lu\/de\/wp-json\/wp\/v2\/media?parent=11484"}],"wp:term":[{"taxonomy":"product_brand","embeddable":true,"href":"https:\/\/ekomfort.lu\/de\/wp-json\/wp\/v2\/product_brand?post=11484"},{"taxonomy":"product_cat","embeddable":true,"href":"https:\/\/ekomfort.lu\/de\/wp-json\/wp\/v2\/product_cat?post=11484"},{"taxonomy":"product_tag","embeddable":true,"href":"https:\/\/ekomfort.lu\/de\/wp-json\/wp\/v2\/product_tag?post=11484"},{"taxonomy":"product_brands","embeddable":true,"href":"https:\/\/ekomfort.lu\/de\/wp-json\/wp\/v2\/product_brands?post=11484"}],"curies":[{"name":"wp","href":"https:\/\/api.w.org\/{rel}","templated":true}]}}