{"id":11458,"date":"2023-08-16T14:50:11","date_gmt":"2023-08-16T12:50:11","guid":{"rendered":"https:\/\/ekomfort.lu\/shop\/vegane-sandalen-aus-recyceltem-pet-darco-green-von-nae-klarheit-und-komfort-fuer-umweltverantwortlichkeit-am-treffpunkt"},"modified":"2024-07-01T12:04:42","modified_gmt":"2024-07-01T10:04:42","slug":"vegane-sandalen-aus-recyceltem-pet-darco-green-von-nae-klarheit-und-komfort-fuer-umweltverantwortlichkeit-am-treffpunkt","status":"publish","type":"product","link":"https:\/\/ekomfort.lu\/de\/shop\/vegane-sandalen-aus-recyceltem-pet-darco-green-von-nae-klarheit-und-komfort-fuer-umweltverantwortlichkeit-am-treffpunkt\/","title":{"rendered":"Vegane Sandalen aus recyceltem PET Darco Green von Nae: Klarheit und Komfort f\u00fcr Umweltverantwortlichkeit am Treffpunkt"},"content":{"rendered":"\n<p>Suchen Sie nach der idealen Sandale, die Komfort, Stil und Langlebigkeit miteinander verbindet? Bist du von der Idee eines bewussten Kaufs, der aktiv zum Schutz unseres wundersch\u00f6nen Planeten beitr\u00e4gt, begeistert?<\/p>\n\n\n\n<p>Lernen Sie die <strong>Darco Green PET<\/strong> kennen: vegane Slip-On-Sandalen, die f\u00fcr umweltbewussten Stil und Naturliebhaber konzipiert sind.<\/p>\n\n\n\n<p>St\u00fcrzen Sie sich auf die <strong>umweltfreundlichen Schuhe aus recyceltem PET, Darco Green<\/strong> und:<\/p>\n\n\n<style>.wp-block-kadence-iconlist.kt-svg-icon-list-items11458_f0cfc6-ce:not(.this-stops-third-party-issues){margin-top:0px;margin-bottom:0px;}.wp-block-kadence-iconlist.kt-svg-icon-list-items11458_f0cfc6-ce ul.kt-svg-icon-list:not(.this-prevents-issues):not(.this-stops-third-party-issues):not(.tijsloc){margin-top:0px;margin-right:0px;margin-bottom:var(--global-kb-spacing-sm, 1.5rem);margin-left:0px;}.wp-block-kadence-iconlist.kt-svg-icon-list-items11458_f0cfc6-ce ul.kt-svg-icon-list{grid-row-gap:5px;}.wp-block-kadence-iconlist.kt-svg-icon-list-items11458_f0cfc6-ce .kb-svg-icon-wrap{font-size:18px;color:var(--global-palette1, #3182CE);}.wp-block-kadence-iconlist.kt-svg-icon-list-items11458_f0cfc6-ce ul.kt-svg-icon-list .kt-svg-icon-list-item-wrap .kt-svg-icon-list-single{margin-right:10px;}.kt-svg-icon-list-items11458_f0cfc6-ce ul.kt-svg-icon-list .kt-svg-icon-list-level-0 .kt-svg-icon-list-single svg{font-size:20px;}<\/style>\n<div class=\"wp-block-kadence-iconlist kt-svg-icon-list-items kt-svg-icon-list-items11458_f0cfc6-ce kt-svg-icon-list-columns-1 alignnone\"><ul class=\"kt-svg-icon-list\"><style>.kt-svg-icon-list-item-4494_e7a261-07 .kt-svg-icon-list-text mark.kt-highlight{background-color:unset;font-style:normal;color:#f76a0c;-webkit-box-decoration-break:clone;box-decoration-break:clone;padding-top:0px;padding-right:0px;padding-bottom:0px;padding-left:0px;}<\/style>\n<li class=\"wp-block-kadence-listitem kt-svg-icon-list-item-wrap kt-svg-icon-list-item-4494_e7a261-07\"><span class=\"kb-svg-icon-wrap kb-svg-icon-fe_checkCircle kt-svg-icon-list-single\"><svg viewBox=\"0 0 24 24\"  fill=\"none\" stroke=\"currentColor\" stroke-width=\"3\" stroke-linecap=\"round\" stroke-linejoin=\"round\" xmlns=\"http:\/\/www.w3.org\/2000\/svg\"  aria-hidden=\"true\"><path d=\"M22 11.08V12a10 10 0 1 1-5.93-9.14\"\/><polyline points=\"22 4 12 14.01 9 11.01\"\/><\/svg><\/span><span class=\"kt-svg-icon-list-text\">Entdecken Sie den unvergleichlichen Komfort einer Sohle aus Kork und nat\u00fcrlichem Gummi, leicht gew\u00f6lbt, um perfekt die Form Ihres Fu\u00dfes anzupassen.<\/span><\/li>\n\n\n<style>.kt-svg-icon-list-item-4494_af6c23-c4 .kt-svg-icon-list-text mark.kt-highlight{background-color:unset;font-style:normal;color:#f76a0c;-webkit-box-decoration-break:clone;box-decoration-break:clone;padding-top:0px;padding-right:0px;padding-bottom:0px;padding-left:0px;}<\/style>\n<li class=\"wp-block-kadence-listitem kt-svg-icon-list-item-wrap kt-svg-icon-list-item-4494_af6c23-c4\"><span class=\"kb-svg-icon-wrap kb-svg-icon-fe_checkCircle kt-svg-icon-list-single\"><svg viewBox=\"0 0 24 24\"  fill=\"none\" stroke=\"currentColor\" stroke-width=\"3\" stroke-linecap=\"round\" stroke-linejoin=\"round\" xmlns=\"http:\/\/www.w3.org\/2000\/svg\"  aria-hidden=\"true\"><path d=\"M22 11.08V12a10 10 0 1 1-5.93-9.14\"\/><polyline points=\"22 4 12 14.01 9 11.01\"\/><\/svg><\/span><span class=\"kt-svg-icon-list-text\">Schauen Sie sich diese minimalistischen Sandalen aus recyceltem PET an, einem innovativen umweltfreundlichen Material, das aus recycelten Plastikflaschen gewonnen wird.<\/span><\/li>\n\n\n<style>.kt-svg-icon-list-item-4494_5b8da8-82 .kt-svg-icon-list-text mark.kt-highlight{background-color:unset;font-style:normal;color:#f76a0c;-webkit-box-decoration-break:clone;box-decoration-break:clone;padding-top:0px;padding-right:0px;padding-bottom:0px;padding-left:0px;}<\/style>\n<li class=\"wp-block-kadence-listitem kt-svg-icon-list-item-wrap kt-svg-icon-list-item-4494_5b8da8-82\"><span class=\"kb-svg-icon-wrap kb-svg-icon-fe_checkCircle kt-svg-icon-list-single\"><svg viewBox=\"0 0 24 24\"  fill=\"none\" stroke=\"currentColor\" stroke-width=\"3\" stroke-linecap=\"round\" stroke-linejoin=\"round\" xmlns=\"http:\/\/www.w3.org\/2000\/svg\"  aria-hidden=\"true\"><path d=\"M22 11.08V12a10 10 0 1 1-5.93-9.14\"\/><polyline points=\"22 4 12 14.01 9 11.01\"\/><\/svg><\/span><span class=\"kt-svg-icon-list-text\">Personalisieren Sie Ihren Stil mit den beiden verstellbaren Riemen dieser <strong>Sandalen aus recyceltem PET mit antibakteriellen Eigenschaften<\/strong>, die perfekt zu Ihrer Garderobe passen werden.<\/span><\/li>\n<\/ul><\/div>\n\n\n\n<p>Eine Wahl ohne Grausamkeit, hypoallergen, geruchlos und vor allem ohne Reue&#8230;<\/p>\n\n\n\n<p>F\u00fcr den Preis eines gew\u00f6hnlichen Sandalenpaars entscheiden Sie sich f\u00fcr eine Option, die Ihre Einzigartigkeit betont und gleichzeitig unsere Umwelt sch\u00fctzt.<\/p>\n\n\n\n<p>Bereit, im Einklang mit den <strong>\u00f6kologischen Schuhen aus recyceltem PET<\/strong> auf unserem Planeten zu gehen? Die Best\u00e4nde dieser beliebten veganen Sandale schwinden rapide. Warten Sie nicht!<\/p>\n","protected":false},"excerpt":{"rendered":"<p>Suchen Sie nach der idealen Sandale, die Komfort, Stil und Langlebigkeit miteinander verbindet? Bist du von der Idee eines bewussten Kaufs, der aktiv zum Schutz unseres wundersch\u00f6nen Planeten beitr\u00e4gt, begeistert? Lernen Sie die Darco Green PET kennen: vegane Slip-On-Sandalen, die f\u00fcr umweltbewussten Stil und Naturliebhaber konzipiert sind. St\u00fcrzen Sie sich auf die umweltfreundlichen Schuhe aus&#8230;<\/p>\n","protected":false},"featured_media":8486,"comment_status":"open","ping_status":"closed","template":"","meta":{"_acf_changed":false,"_kad_blocks_custom_css":"","_kad_blocks_head_custom_js":"","_kad_blocks_body_custom_js":"","_kad_blocks_footer_custom_js":"","_kad_post_transparent":"","_kad_post_title":"","_kad_post_layout":"","_kad_post_sidebar_id":"","_kad_post_content_style":"","_kad_post_vertical_padding":"","_kad_post_feature":"","_kad_post_feature_position":"","_kad_post_header":false,"_kad_post_footer":false,"_kad_post_classname":""},"product_brand":[],"product_cat":[459,413],"product_tag":[445],"product_brands":[685],"class_list":{"0":"post-11458","1":"product","2":"type-product","3":"status-publish","4":"has-post-thumbnail","6":"product_cat-sandalen","7":"product_cat-schuhe-fuer-maenner-und-frauen","8":"product_tag-unisex-de","9":"product_brands-nae-vegan-shoes-de","11":"first","12":"outofstock","13":"taxable","14":"shipping-taxable","15":"purchasable","16":"product-type-variable","17":"has-default-attributes","18":"entry","19":"content-bg","20":"loop-entry"},"acf":{"avantages":"\u267b\ufe0f Verwendung von zertifiziertem recyceltem PET (GRS) im oberen Teil des Schuhs f\u00fcr eine umweltbewusste Herangehensweise.\r\n\r\n\ud83c\udf3f Futter aus Mikrofasern und PU, zertifiziert nach OEKO-TEX Standard 100, garantiert frei von sch\u00e4dlichen Substanzen.\r\n\r\n\ud83d\udca7 Futter und Innensohle mit antibakterieller, antimikrobieller und hypoallergener Wirkung f\u00fcr optimale Hygiene.\r\n\r\n\ud83c\udf31 Verwendung von nat\u00fcrlicher Kork- und Latexsohle aus recycelten Reifen als nachhaltige und umweltfreundliche Alternative.\r\n\r\n\ud83c\uddf5\ud83c\uddf9 Handgefertigt in Portugal, um traditionelles Handwerk und Qualit\u00e4t zu betonen.","entretien":"Pflegetipps: \u2022 Reinigen Sie Ihre Schuhe mit einem Tuch, das mit Wasser und Seife getr\u00e4nkt ist.\r\n\r\n\u2022 Tauchen Sie das Produkt niemals vollst\u00e4ndig ein, da dies zu irreparablen Sch\u00e4den f\u00fchren k\u00f6nnte.Produktlebensdauer:Wenn Sie der Meinung sind, dass Ihr Artikel seine Zeit erreicht hat oder Sie ihn nicht mehr ben\u00f6tigen, \u00fcberlegen Sie, ihm ein zweites Leben zu schenken. Sie k\u00f6nnen auch einen neuen Artikel f\u00fcr sich selbst besorgen oder ihn verschenken.","marque":""},"taxonomy_info":{"product_cat":[{"value":459,"label":"Sandalen"},{"value":413,"label":"Schuhe"}],"product_tag":[{"value":445,"label":"Unisex"}],"product_brands":[{"value":685,"label":"NAE Vegan Shoes"}]},"featured_image_src_large":["https:\/\/ekomfort.lu\/wp-content\/uploads\/2023\/08\/darco-green-samdales.jpg",700,700,false],"author_info":[],"comment_info":0,"_links":{"self":[{"href":"https:\/\/ekomfort.lu\/de\/wp-json\/wp\/v2\/product\/11458","targetHints":{"allow":["GET"]}}],"collection":[{"href":"https:\/\/ekomfort.lu\/de\/wp-json\/wp\/v2\/product"}],"about":[{"href":"https:\/\/ekomfort.lu\/de\/wp-json\/wp\/v2\/types\/product"}],"replies":[{"embeddable":true,"href":"https:\/\/ekomfort.lu\/de\/wp-json\/wp\/v2\/comments?post=11458"}],"wp:featuredmedia":[{"embeddable":true,"href":"https:\/\/ekomfort.lu\/de\/wp-json\/wp\/v2\/media\/8486"}],"wp:attachment":[{"href":"https:\/\/ekomfort.lu\/de\/wp-json\/wp\/v2\/media?parent=11458"}],"wp:term":[{"taxonomy":"product_brand","embeddable":true,"href":"https:\/\/ekomfort.lu\/de\/wp-json\/wp\/v2\/product_brand?post=11458"},{"taxonomy":"product_cat","embeddable":true,"href":"https:\/\/ekomfort.lu\/de\/wp-json\/wp\/v2\/product_cat?post=11458"},{"taxonomy":"product_tag","embeddable":true,"href":"https:\/\/ekomfort.lu\/de\/wp-json\/wp\/v2\/product_tag?post=11458"},{"taxonomy":"product_brands","embeddable":true,"href":"https:\/\/ekomfort.lu\/de\/wp-json\/wp\/v2\/product_brands?post=11458"}],"curies":[{"name":"wp","href":"https:\/\/api.w.org\/{rel}","templated":true}]}}