{"id":11437,"date":"2023-08-16T14:50:11","date_gmt":"2023-08-16T12:50:11","guid":{"rendered":"https:\/\/ekomfort.lu\/shop\/darco-white-die-sandalen-mit-verstellbaren-riemen-aus-pinatex-eine-kombination-aus-komfort-umweltfreundlichem-stil-und-vielseitigkeit"},"modified":"2024-07-01T12:04:50","modified_gmt":"2024-07-01T10:04:50","slug":"darco-white-die-sandalen-mit-verstellbaren-riemen-aus-pinatex-eine-kombination-aus-komfort-umweltfreundlichem-stil-und-vielseitigkeit","status":"publish","type":"product","link":"https:\/\/ekomfort.lu\/de\/shop\/darco-white-die-sandalen-mit-verstellbaren-riemen-aus-pinatex-eine-kombination-aus-komfort-umweltfreundlichem-stil-und-vielseitigkeit\/","title":{"rendered":"Darco White, Die Sandalen mit verstellbaren Riemen aus Pi\u00f1atex: Eine Kombination aus Komfort, umweltfreundlichem Stil und Vielseitigkeit"},"content":{"rendered":"\n<p>Suchen Sie nach bequemen <strong>Sandalen zum Wandern<\/strong>, die Stil, Nachhaltigkeit und Komfort perfekt vereinen? Sie streben nach einem Produkt, das Ihre Werte widerspiegelt, Ihre Haut respektiert und unsere wertvolle Umwelt sch\u00fctzt?<\/p>\n\n\n\n<p>Entdecken Sie die <strong>Sandalen mit verstellbaren Riemen aus Pi\u00f1atex<\/strong> <strong>Darco Wei\u00df<\/strong> aus Pi\u00f1atex, einem revolution\u00e4ren Material aus Ananasblattfasern, das einen festen Schritt in eine gr\u00fcnere Zukunft macht.<\/p>\n\n\n\n<p>Bei der Auswahl der Sandalen <strong>Darco White<\/strong>:<\/p>\n\n\n<style>.wp-block-kadence-iconlist.kt-svg-icon-list-items11437_3a003b-9c:not(.this-stops-third-party-issues){margin-top:0px;margin-bottom:0px;}.wp-block-kadence-iconlist.kt-svg-icon-list-items11437_3a003b-9c ul.kt-svg-icon-list:not(.this-prevents-issues):not(.this-stops-third-party-issues):not(.tijsloc){margin-top:0px;margin-right:0px;margin-bottom:var(--global-kb-spacing-sm, 1.5rem);margin-left:0px;}.wp-block-kadence-iconlist.kt-svg-icon-list-items11437_3a003b-9c ul.kt-svg-icon-list{grid-row-gap:5px;}.wp-block-kadence-iconlist.kt-svg-icon-list-items11437_3a003b-9c .kb-svg-icon-wrap{font-size:18px;color:var(--global-palette1, #3182CE);}.wp-block-kadence-iconlist.kt-svg-icon-list-items11437_3a003b-9c ul.kt-svg-icon-list .kt-svg-icon-list-item-wrap .kt-svg-icon-list-single{margin-right:10px;}.kt-svg-icon-list-items11437_3a003b-9c ul.kt-svg-icon-list .kt-svg-icon-list-level-0 .kt-svg-icon-list-single svg{font-size:20px;}<\/style>\n<div class=\"wp-block-kadence-iconlist kt-svg-icon-list-items kt-svg-icon-list-items11437_3a003b-9c kt-svg-icon-list-columns-1 alignnone\"><ul class=\"kt-svg-icon-list\"><style>.kt-svg-icon-list-item-4495_463a69-7b .kt-svg-icon-list-text mark.kt-highlight{background-color:unset;font-style:normal;color:#f76a0c;-webkit-box-decoration-break:clone;box-decoration-break:clone;padding-top:0px;padding-right:0px;padding-bottom:0px;padding-left:0px;}<\/style>\n<li class=\"wp-block-kadence-listitem kt-svg-icon-list-item-wrap kt-svg-icon-list-item-4495_463a69-7b\"><span class=\"kb-svg-icon-wrap kb-svg-icon-fe_checkCircle kt-svg-icon-list-single\"><svg viewBox=\"0 0 24 24\"  fill=\"none\" stroke=\"currentColor\" stroke-width=\"3\" stroke-linecap=\"round\" stroke-linejoin=\"round\" xmlns=\"http:\/\/www.w3.org\/2000\/svg\"  aria-hidden=\"true\"><path d=\"M22 11.08V12a10 10 0 1 1-5.93-9.14\"\/><polyline points=\"22 4 12 14.01 9 11.01\"\/><\/svg><\/span><span class=\"kt-svg-icon-list-text\">Genie\u00dfen Sie jeden leichten und angenehmen Schritt mit einer Sohle aus Kork und Naturkautschuk, die sich wunderbar an Ihren Fu\u00dfgew\u00f6lbe anpasst.<\/span><\/li>\n\n\n<style>.kt-svg-icon-list-item-4495_12c2a5-8e .kt-svg-icon-list-text mark.kt-highlight{background-color:unset;font-style:normal;color:#f76a0c;-webkit-box-decoration-break:clone;box-decoration-break:clone;padding-top:0px;padding-right:0px;padding-bottom:0px;padding-left:0px;}<\/style>\n<li class=\"wp-block-kadence-listitem kt-svg-icon-list-item-wrap kt-svg-icon-list-item-4495_12c2a5-8e\"><span class=\"kb-svg-icon-wrap kb-svg-icon-fe_checkCircle kt-svg-icon-list-single\"><svg viewBox=\"0 0 24 24\"  fill=\"none\" stroke=\"currentColor\" stroke-width=\"3\" stroke-linecap=\"round\" stroke-linejoin=\"round\" xmlns=\"http:\/\/www.w3.org\/2000\/svg\"  aria-hidden=\"true\"><path d=\"M22 11.08V12a10 10 0 1 1-5.93-9.14\"\/><polyline points=\"22 4 12 14.01 9 11.01\"\/><\/svg><\/span><span class=\"kt-svg-icon-list-text\">Genie\u00dfen Sie das Gef\u00fchl von Frische mit diesen antibakteriellen und antimikrobiellen Sandalen, die jegliche Geruchsbildung hemmen.<\/span><\/li>\n\n\n<style>.kt-svg-icon-list-item-4495_365b4c-51 .kt-svg-icon-list-text mark.kt-highlight{background-color:unset;font-style:normal;color:#f76a0c;-webkit-box-decoration-break:clone;box-decoration-break:clone;padding-top:0px;padding-right:0px;padding-bottom:0px;padding-left:0px;}<\/style>\n<li class=\"wp-block-kadence-listitem kt-svg-icon-list-item-wrap kt-svg-icon-list-item-4495_365b4c-51\"><span class=\"kb-svg-icon-wrap kb-svg-icon-fe_checkCircle kt-svg-icon-list-single\"><svg viewBox=\"0 0 24 24\"  fill=\"none\" stroke=\"currentColor\" stroke-width=\"3\" stroke-linecap=\"round\" stroke-linejoin=\"round\" xmlns=\"http:\/\/www.w3.org\/2000\/svg\"  aria-hidden=\"true\"><path d=\"M22 11.08V12a10 10 0 1 1-5.93-9.14\"\/><polyline points=\"22 4 12 14.01 9 11.01\"\/><\/svg><\/span><span class=\"kt-svg-icon-list-text\">Inkarniere einen minimalistischen und raffinierten Look, aufgewertet durch zwei verstellbare Nickel-freie Bronzeschnallen. Ein Paar bequeme und stilvolle <strong>Sandalen<\/strong>, die zu jedem Outfit passen, sowohl tags\u00fcber als auch nachts.<\/span><\/li>\n<\/ul><\/div>\n\n\n\n<p>ohne Kompromisse beim Stil, ohne Tierqu\u00e4lerei, ohne CO2-Emissionen&#8230;<\/p>\n\n\n\n<p>Und um das Ganze abzurunden, werden diese Sandalen sorgf\u00e4ltig von Hand in Portugal unter Arbeitsbedingungen hergestellt, die die Rechte jedes Arbeiters respektieren.<\/p>\n\n\n\n<p>Dann, bereit, einen gro\u00dfen Schritt in Richtung einer nachhaltigeren Zukunft zu machen? Unser Bestand geht st\u00e4ndig zur Neige, also z\u00f6gern Sie nicht, sich der ethischen Modebewegung mit diesen <strong>Anpassbaren Riemen-Sandalen aus Pi\u00f1atex<\/strong> Darco anzuschlie\u00dfen. Verf\u00fcgbar in Wei\u00df.<\/p>\n","protected":false},"excerpt":{"rendered":"<p>Suchen Sie nach bequemen Sandalen zum Wandern, die Stil, Nachhaltigkeit und Komfort perfekt vereinen? Sie streben nach einem Produkt, das Ihre Werte widerspiegelt, Ihre Haut respektiert und unsere wertvolle Umwelt sch\u00fctzt? Entdecken Sie die Sandalen mit verstellbaren Riemen aus Pi\u00f1atex Darco Wei\u00df aus Pi\u00f1atex, einem revolution\u00e4ren Material aus Ananasblattfasern, das einen festen Schritt in eine&#8230;<\/p>\n","protected":false},"featured_media":8202,"comment_status":"open","ping_status":"closed","template":"","meta":{"_acf_changed":false,"_kad_blocks_custom_css":"","_kad_blocks_head_custom_js":"","_kad_blocks_body_custom_js":"","_kad_blocks_footer_custom_js":"","_kad_post_transparent":"","_kad_post_title":"","_kad_post_layout":"","_kad_post_sidebar_id":"","_kad_post_content_style":"","_kad_post_vertical_padding":"","_kad_post_feature":"","_kad_post_feature_position":"","_kad_post_header":false,"_kad_post_footer":false,"_kad_post_classname":""},"product_brand":[],"product_cat":[459,413],"product_tag":[445],"product_brands":[],"class_list":{"0":"post-11437","1":"product","2":"type-product","3":"status-publish","4":"has-post-thumbnail","6":"product_cat-sandalen","7":"product_cat-schuhe-fuer-maenner-und-frauen","8":"product_tag-unisex-de","10":"first","11":"outofstock","12":"taxable","13":"shipping-taxable","14":"purchasable","15":"product-type-variable","16":"has-default-attributes","17":"entry","18":"content-bg","19":"loop-entry"},"acf":{"avantages":"\ud83c\udf4d Zusammensetzung: Obermaterial besteht aus 80% Ananasblattfasern und 20% atmungsaktivem PLA, mit nickelfreien Bronzeschnallen.\r\n\r\n\ud83c\udf3f Futter: Hergestellt aus 90% Mikrofaser und 10% PU, zertifiziert nach OEKO-TEX Standard 100.\r\n\r\n\ud83d\udca7 Optimale Hygiene: Futter und Einlegesohle sind antibakteriell, antimikrobiell und hypoallergen.\r\n\r\n\u267b\ufe0f Sohle: Hergestellt aus nat\u00fcrlicher Kork- und recycelter Reifenlatex f\u00fcr eine umweltbewusste Herangehensweise.\r\n\r\n\ud83c\uddf5\ud83c\uddf9 Handgefertigt in Portugal: Handwerkliche Herstellung, die traditionelles Know-how und Qualit\u00e4t betont.","entretien":"Pflegetipps:1. Reinigen Sie Ihre Schuhe mit einem Tuch, das mit Wasser und Seife getr\u00e4nkt ist. Tauchen Sie sie niemals vollst\u00e4ndig ein, da dies zu irreparablen Sch\u00e4den f\u00fchren k\u00f6nnte.\r\n\r\n2. Stellen Sie sicher, dass Ihre Schuhe vor dem Auftragen von Schuhcreme trocken sind.\r\n\r\n3. Das Auftragen von Schuhcreme wird dringend empfohlen. Tragen Sie eine kleine Menge mit einem trockenen, weichen Tuch auf und reiben Sie sie sparsam mit kreisenden Bewegungen auf das Material, bis die Creme vollst\u00e4ndig eingezogen ist.\r\n\r\n4. Lassen Sie die Schuhe nach dem Auftragen 24 Stunden lang nat\u00fcrlich trocknen.Produktnutzungsdauer:Wenn Sie der Meinung sind, dass Ihr Artikel seine Lebensdauer erreicht hat oder Sie ihn nicht mehr ben\u00f6tigen, \u00fcberlegen Sie, ihm ein zweites Leben zu schenken. Sie k\u00f6nnen sich auch einen neuen Artikel f\u00fcr sich selbst besorgen oder ihn verschenken.","marque":""},"taxonomy_info":{"product_cat":[{"value":459,"label":"Sandalen"},{"value":413,"label":"Schuhe"}],"product_tag":[{"value":445,"label":"Unisex"}]},"featured_image_src_large":["https:\/\/ekomfort.lu\/wp-content\/uploads\/2023\/08\/darco-pinatex-white.jpg",700,700,false],"author_info":[],"comment_info":0,"_links":{"self":[{"href":"https:\/\/ekomfort.lu\/de\/wp-json\/wp\/v2\/product\/11437","targetHints":{"allow":["GET"]}}],"collection":[{"href":"https:\/\/ekomfort.lu\/de\/wp-json\/wp\/v2\/product"}],"about":[{"href":"https:\/\/ekomfort.lu\/de\/wp-json\/wp\/v2\/types\/product"}],"replies":[{"embeddable":true,"href":"https:\/\/ekomfort.lu\/de\/wp-json\/wp\/v2\/comments?post=11437"}],"wp:featuredmedia":[{"embeddable":true,"href":"https:\/\/ekomfort.lu\/de\/wp-json\/wp\/v2\/media\/8202"}],"wp:attachment":[{"href":"https:\/\/ekomfort.lu\/de\/wp-json\/wp\/v2\/media?parent=11437"}],"wp:term":[{"taxonomy":"product_brand","embeddable":true,"href":"https:\/\/ekomfort.lu\/de\/wp-json\/wp\/v2\/product_brand?post=11437"},{"taxonomy":"product_cat","embeddable":true,"href":"https:\/\/ekomfort.lu\/de\/wp-json\/wp\/v2\/product_cat?post=11437"},{"taxonomy":"product_tag","embeddable":true,"href":"https:\/\/ekomfort.lu\/de\/wp-json\/wp\/v2\/product_tag?post=11437"},{"taxonomy":"product_brands","embeddable":true,"href":"https:\/\/ekomfort.lu\/de\/wp-json\/wp\/v2\/product_brands?post=11437"}],"curies":[{"name":"wp","href":"https:\/\/api.w.org\/{rel}","templated":true}]}}