{"id":11428,"date":"2023-08-16T14:50:11","date_gmt":"2023-08-16T12:50:11","guid":{"rendered":"https:\/\/ekomfort.lu\/shop\/chelsea-stiefel-fuer-herren-aus-vegalem-wildleder-faber-black-von-nae-die-perfekte-kombination-aus-stil-und-komfort"},"modified":"2024-07-01T12:04:23","modified_gmt":"2024-07-01T10:04:23","slug":"chelsea-stiefel-fuer-herren-aus-vegalem-wildleder-faber-black-von-nae-die-perfekte-kombination-aus-stil-und-komfort","status":"publish","type":"product","link":"https:\/\/ekomfort.lu\/de\/shop\/chelsea-stiefel-fuer-herren-aus-vegalem-wildleder-faber-black-von-nae-die-perfekte-kombination-aus-stil-und-komfort\/","title":{"rendered":"Chelsea Stiefel f\u00fcr Herren aus vegalem Wildleder Faber Black von Nae: Die perfekte Kombination aus Stil und Komfort"},"content":{"rendered":"\n<p>&#8222;Suchen Sie nach einem zeitlosen Stiefel, der perfekt zu Ihren Outfits passt?&#8220; &#8222;M\u00f6chten Sie ein elegantes, komfortables und ethisch gestaltetes Paar?&#8220;<\/p>\n\n\n\n<p>&#8222;Voici les <strong>Faber Black<\/strong> : des <strong>bottes chelsea homme en daim vegan<\/strong>, fusionnant \u00e9thique, confort et esth\u00e9tique, sans aucun compromis.&#8220;<\/p>\n\n\n\n<p>&#8222;Adoptieren Sie die <strong>umweltfreundlichen Trendstiefel Faber Black<\/strong> jetzt und:&#8220;<\/p>\n\n\n<style>.wp-block-kadence-iconlist.kt-svg-icon-list-items11428_cdfd2e-1a:not(.this-stops-third-party-issues){margin-top:0px;margin-bottom:0px;}.wp-block-kadence-iconlist.kt-svg-icon-list-items11428_cdfd2e-1a ul.kt-svg-icon-list:not(.this-prevents-issues):not(.this-stops-third-party-issues):not(.tijsloc){margin-top:0px;margin-right:0px;margin-bottom:var(--global-kb-spacing-sm, 1.5rem);margin-left:0px;}.wp-block-kadence-iconlist.kt-svg-icon-list-items11428_cdfd2e-1a ul.kt-svg-icon-list{grid-row-gap:5px;}.wp-block-kadence-iconlist.kt-svg-icon-list-items11428_cdfd2e-1a .kb-svg-icon-wrap{font-size:18px;color:var(--global-palette1, #3182CE);}.wp-block-kadence-iconlist.kt-svg-icon-list-items11428_cdfd2e-1a ul.kt-svg-icon-list .kt-svg-icon-list-item-wrap .kt-svg-icon-list-single{margin-right:10px;}.kt-svg-icon-list-items11428_cdfd2e-1a ul.kt-svg-icon-list .kt-svg-icon-list-level-0 .kt-svg-icon-list-single svg{font-size:20px;}<\/style>\n<div class=\"wp-block-kadence-iconlist kt-svg-icon-list-items kt-svg-icon-list-items11428_cdfd2e-1a kt-svg-icon-list-columns-1 alignnone\"><ul class=\"kt-svg-icon-list\"><style>.kt-svg-icon-list-item-4500_cac0a8-f4 .kt-svg-icon-list-text mark.kt-highlight{background-color:unset;font-style:normal;color:#f76a0c;-webkit-box-decoration-break:clone;box-decoration-break:clone;padding-top:0px;padding-right:0px;padding-bottom:0px;padding-left:0px;}<\/style>\n<li class=\"wp-block-kadence-listitem kt-svg-icon-list-item-wrap kt-svg-icon-list-item-4500_cac0a8-f4\"><span class=\"kb-svg-icon-wrap kb-svg-icon-fe_checkCircle kt-svg-icon-list-single\"><svg viewBox=\"0 0 24 24\"  fill=\"none\" stroke=\"currentColor\" stroke-width=\"3\" stroke-linecap=\"round\" stroke-linejoin=\"round\" xmlns=\"http:\/\/www.w3.org\/2000\/svg\"  aria-hidden=\"true\"><path d=\"M22 11.08V12a10 10 0 1 1-5.93-9.14\"\/><polyline points=\"22 4 12 14.01 9 11.01\"\/><\/svg><\/span><span class=\"kt-svg-icon-list-text\">&#8222;Heben Sie sich mit einem modernen und l\u00e4ssigen Stil hervor, dank des hochwertigen veganen Wildleders und des klassischen Designs dieser Stiefel.&#8220;<\/span><\/li>\n\n\n<style>.kt-svg-icon-list-item-4500_7e5a85-df .kt-svg-icon-list-text mark.kt-highlight{background-color:unset;font-style:normal;color:#f76a0c;-webkit-box-decoration-break:clone;box-decoration-break:clone;padding-top:0px;padding-right:0px;padding-bottom:0px;padding-left:0px;}<\/style>\n<li class=\"wp-block-kadence-listitem kt-svg-icon-list-item-wrap kt-svg-icon-list-item-4500_7e5a85-df\"><span class=\"kb-svg-icon-wrap kb-svg-icon-fe_checkCircle kt-svg-icon-list-single\"><svg viewBox=\"0 0 24 24\"  fill=\"none\" stroke=\"currentColor\" stroke-width=\"3\" stroke-linecap=\"round\" stroke-linejoin=\"round\" xmlns=\"http:\/\/www.w3.org\/2000\/svg\"  aria-hidden=\"true\"><path d=\"M22 11.08V12a10 10 0 1 1-5.93-9.14\"\/><polyline points=\"22 4 12 14.01 9 11.01\"\/><\/svg><\/span><span class=\"kt-svg-icon-list-text\">&#8222;Genie\u00dfen Sie dank der feuchtigkeitsabweisenden EVA-Gummisohle und dem Innenfutter aus On Steam BioEco absoluten Komfort.&#8220; &#8222;Fini mit den unangenehmen Ger\u00fcchen und dem l\u00e4stigen Reiben!&#8220;<\/span><\/li>\n\n\n<style>.kt-svg-icon-list-item-4500_4d897e-75 .kt-svg-icon-list-text mark.kt-highlight{background-color:unset;font-style:normal;color:#f76a0c;-webkit-box-decoration-break:clone;box-decoration-break:clone;padding-top:0px;padding-right:0px;padding-bottom:0px;padding-left:0px;}<\/style>\n<li class=\"wp-block-kadence-listitem kt-svg-icon-list-item-wrap kt-svg-icon-list-item-4500_4d897e-75\"><span class=\"kb-svg-icon-wrap kb-svg-icon-fe_checkCircle kt-svg-icon-list-single\"><svg viewBox=\"0 0 24 24\"  fill=\"none\" stroke=\"currentColor\" stroke-width=\"3\" stroke-linecap=\"round\" stroke-linejoin=\"round\" xmlns=\"http:\/\/www.w3.org\/2000\/svg\"  aria-hidden=\"true\"><path d=\"M22 11.08V12a10 10 0 1 1-5.93-9.14\"\/><polyline points=\"22 4 12 14.01 9 11.01\"\/><\/svg><\/span><span class=\"kt-svg-icon-list-text\">&#8222;\u00dcbernehmen Sie Ihre ethische Wahl mit einem innovativen, veganen Material, frei von giftigen und sch\u00e4dlichen Produkten f\u00fcr Sie.&#8220;<\/span><\/li>\n<\/ul><\/div>\n\n\n\n<p>&#8222;Ohne Tierqu\u00e4lerei, ohne Kompromisse beim Stil, ohne Kompromisse beim Komfort&#8230;&#8220;<\/p>\n\n\n\n<p>&#8222;Und das alles zu einem ebenso verlockenden Preis wie die Qualit\u00e4t dieser <strong>veganen Wildlederstiefel f\u00fcr M\u00e4nner<\/strong>.&#8220; &#8222;Warum mehr bezahlen f\u00fcr Schuhe, die die Umwelt weniger respektieren und Ihren Komfort gef\u00e4hrden?&#8220;<\/p>\n\n\n\n<p>&#8222;Sind Sie bereit, einen ethischen Modestil in Ihren Kleiderschrank zu integrieren?&#8220; &#8222;Unsere <strong>Faber Black<\/strong> sind sehr gefragt und die Best\u00e4nde schwinden schnell.&#8220; &#8222;N&#8217;attendez plus !&#8220;<\/p>\n","protected":false},"excerpt":{"rendered":"<p>&#8222;Suchen Sie nach einem zeitlosen Stiefel, der perfekt zu Ihren Outfits passt?&#8220; &#8222;M\u00f6chten Sie ein elegantes, komfortables und ethisch gestaltetes Paar?&#8220; &#8222;Voici les Faber Black : des bottes chelsea homme en daim vegan, fusionnant \u00e9thique, confort et esth\u00e9tique, sans aucun compromis.&#8220; &#8222;Adoptieren Sie die umweltfreundlichen Trendstiefel Faber Black jetzt und:&#8220; &#8222;Ohne Tierqu\u00e4lerei, ohne Kompromisse beim&#8230;<\/p>\n","protected":false},"featured_media":9372,"comment_status":"open","ping_status":"closed","template":"","meta":{"_acf_changed":false,"_kad_blocks_custom_css":"","_kad_blocks_head_custom_js":"","_kad_blocks_body_custom_js":"","_kad_blocks_footer_custom_js":"","_kad_post_transparent":"","_kad_post_title":"","_kad_post_layout":"","_kad_post_sidebar_id":"","_kad_post_content_style":"","_kad_post_vertical_padding":"","_kad_post_feature":"","_kad_post_feature_position":"","_kad_post_header":false,"_kad_post_footer":false,"_kad_post_classname":""},"product_brand":[],"product_cat":[414,413],"product_tag":[415],"product_brands":[685],"class_list":{"0":"post-11428","1":"product","2":"type-product","3":"status-publish","4":"has-post-thumbnail","6":"product_cat-stiefel","7":"product_cat-schuhe-fuer-maenner-und-frauen","8":"product_tag-mann","9":"product_brands-nae-vegan-shoes-de","11":"first","12":"outofstock","13":"taxable","14":"shipping-taxable","15":"purchasable","16":"product-type-variable","17":"has-default-attributes","18":"entry","19":"content-bg","20":"loop-entry"},"acf":{"avantages":"\ud83d\udca7 Wasserdicht, um Ihre F\u00fc\u00dfe trocken und gesch\u00fctzt zu halten.\r\n\r\n\ud83c\udf2c\ufe0f Atmungsaktiv f\u00fcr optimale Luftzirkulation und den ganzen Tag \u00fcber frische F\u00fc\u00dfe.\r\n\r\n\ud83c\udf31 Antimikrobiell und hypoallergen f\u00fcr optimale Hygiene und minimale allergische Reaktionen.\r\n\r\n\ud83e\ude78 Materialien ohne Risiken f\u00fcr Ihre Gesundheit, um Ihnen vollkommene Sicherheit zu bieten.\r\n\r\n\ud83d\udc5e Hochwertiges, umweltfreundliches und tierfreundliches veganes Leder f\u00fcr den Schaft.\r\n\r\n\ud83c\udf43 Futter aus BioEco, hergestellt aus recycelten und nachhaltigen Materialien f\u00fcr eine reduzierte Umweltbelastung.\r\n\r\n\ud83e\udde6 Verschluss mit elastischen B\u00e4ndern aus Elasthan f\u00fcr eine perfekte Passform und ultimativen Komfort.\r\n\r\n\ud83d\udee1\ufe0f Gepolsterte Einlegesohle mit EVA-Gummi und mit feuchtigkeitsabweisender Mikrofaser laminiert f\u00fcr ein komfortables Gef\u00fchl und Schutz vor Feuchtigkeit.\r\n\r\n\ud83d\ude80 Laufsohle aus expandiertem TR-Gummi f\u00fcr optimale Haltbarkeit und hervorragende Haftung.\r\n\r\n\ud83c\uddf5\ud83c\uddf9 Sorgf\u00e4ltig hergestellt in Portugal unter Ber\u00fccksichtigung der Umwelt und fairer Arbeitsbedingungen. Denn Ihre Zufriedenheit und unser ethisches Engagement haben oberste Priorit\u00e4t.","entretien":"1. Reinigen Sie die Schuhe mit einem in Seifenwasser getr\u00e4nkten Tuch.\r\n\r\n2. Verwenden Sie f\u00fcr hartn\u00e4ckige Flecken eine weiche Schuhb\u00fcrste, ebenfalls in Seifenwasser getr\u00e4nkt, und reiben Sie sanft in kreisenden Bewegungen.\r\n\r\n3. Entfernen Sie die Seife mit einem feuchten Tuch.\r\n\r\n4. Lassen Sie die Schuhe 24 Stunden lang an der Luft trocknen, ohne sie direkter Sonneneinstrahlung auszusetzen.Achtung:\r\n\r\n- Verwenden Sie keine Reinigungscreme.\r\n\r\n- Geben Sie Ihre Schuhe nicht in die Waschmaschine.\r\n\r\n- Tauchen Sie sie nicht in Wasser ein, da sie irreparable Sch\u00e4den erleiden k\u00f6nnten.Wenn Sie der Meinung sind, dass Ihre veganen Schuhe das Ende ihrer Lebensdauer erreicht haben oder Sie sie nicht mehr ben\u00f6tigen, \u00fcberlegen Sie, ihnen ein zweites Leben zu geben. Verwenden Sie sie auf eine andere Weise selbst oder geben Sie sie jemand anderem.","marque":""},"taxonomy_info":{"product_cat":[{"value":414,"label":"Stiefel"},{"value":413,"label":"Schuhe"}],"product_tag":[{"value":415,"label":"Herrenboutique"}],"product_brands":[{"value":685,"label":"NAE Vegan Shoes"}]},"featured_image_src_large":["https:\/\/ekomfort.lu\/wp-content\/uploads\/2023\/09\/faber-black-2.jpg",700,700,false],"author_info":[],"comment_info":0,"_links":{"self":[{"href":"https:\/\/ekomfort.lu\/de\/wp-json\/wp\/v2\/product\/11428","targetHints":{"allow":["GET"]}}],"collection":[{"href":"https:\/\/ekomfort.lu\/de\/wp-json\/wp\/v2\/product"}],"about":[{"href":"https:\/\/ekomfort.lu\/de\/wp-json\/wp\/v2\/types\/product"}],"replies":[{"embeddable":true,"href":"https:\/\/ekomfort.lu\/de\/wp-json\/wp\/v2\/comments?post=11428"}],"wp:featuredmedia":[{"embeddable":true,"href":"https:\/\/ekomfort.lu\/de\/wp-json\/wp\/v2\/media\/9372"}],"wp:attachment":[{"href":"https:\/\/ekomfort.lu\/de\/wp-json\/wp\/v2\/media?parent=11428"}],"wp:term":[{"taxonomy":"product_brand","embeddable":true,"href":"https:\/\/ekomfort.lu\/de\/wp-json\/wp\/v2\/product_brand?post=11428"},{"taxonomy":"product_cat","embeddable":true,"href":"https:\/\/ekomfort.lu\/de\/wp-json\/wp\/v2\/product_cat?post=11428"},{"taxonomy":"product_tag","embeddable":true,"href":"https:\/\/ekomfort.lu\/de\/wp-json\/wp\/v2\/product_tag?post=11428"},{"taxonomy":"product_brands","embeddable":true,"href":"https:\/\/ekomfort.lu\/de\/wp-json\/wp\/v2\/product_brands?post=11428"}],"curies":[{"name":"wp","href":"https:\/\/api.w.org\/{rel}","templated":true}]}}