{"id":11420,"date":"2023-08-16T14:50:11","date_gmt":"2023-08-16T12:50:11","guid":{"rendered":"https:\/\/ekomfort.lu\/shop\/mocassin-damen-schmale-fuesse-schwarz-elena-black-von-nae-die-ideale-kombination-aus-mode-und-ethischem-komfort-fuer-hochzeiten"},"modified":"2024-07-01T12:04:55","modified_gmt":"2024-07-01T10:04:55","slug":"mocassin-damen-schmale-fuesse-schwarz-elena-black-von-nae-die-ideale-kombination-aus-mode-und-ethischem-komfort-fuer-hochzeiten","status":"publish","type":"product","link":"https:\/\/ekomfort.lu\/de\/shop\/mocassin-damen-schmale-fuesse-schwarz-elena-black-von-nae-die-ideale-kombination-aus-mode-und-ethischem-komfort-fuer-hochzeiten\/","title":{"rendered":"Mocassin Damen schmale F\u00fc\u00dfe Schwarz Elena Black von Nae: Die ideale Kombination aus Mode und ethischem Komfort f\u00fcr Hochzeiten"},"content":{"rendered":"\n<p>Genug von Schuhen, die weder den Komfort noch den Stil bieten, den Sie suchen? M\u00f6chten Sie ein vielseitiges, modisches, bequemes und umweltfreundliches Paar Schuhe finden?<\/p>\n\n\n\n<p>Entscheiden Sie sich f\u00fcr eine mutige Richtung mit den veganen Mokassins <strong>Elena Black<\/strong>, die Eleganz, unvergleichlichen Komfort und makellose Ethik vereinen.<\/p>\n\n\n\n<p>Bei der Auswahl der Mokassins <strong>Elena Schwarz<\/strong> :<\/p>\n\n\n<style>.wp-block-kadence-iconlist.kt-svg-icon-list-items11420_89b09d-29:not(.this-stops-third-party-issues){margin-top:0px;margin-bottom:0px;}.wp-block-kadence-iconlist.kt-svg-icon-list-items11420_89b09d-29 ul.kt-svg-icon-list:not(.this-prevents-issues):not(.this-stops-third-party-issues):not(.tijsloc){margin-top:0px;margin-right:0px;margin-bottom:var(--global-kb-spacing-sm, 1.5rem);margin-left:0px;}.wp-block-kadence-iconlist.kt-svg-icon-list-items11420_89b09d-29 ul.kt-svg-icon-list{grid-row-gap:5px;}.wp-block-kadence-iconlist.kt-svg-icon-list-items11420_89b09d-29 .kb-svg-icon-wrap{font-size:18px;color:var(--global-palette1, #3182CE);}.wp-block-kadence-iconlist.kt-svg-icon-list-items11420_89b09d-29 ul.kt-svg-icon-list .kt-svg-icon-list-item-wrap .kt-svg-icon-list-single{margin-right:10px;}.kt-svg-icon-list-items11420_89b09d-29 ul.kt-svg-icon-list .kt-svg-icon-list-level-0 .kt-svg-icon-list-single svg{font-size:20px;}<\/style>\n<div class=\"wp-block-kadence-iconlist kt-svg-icon-list-items kt-svg-icon-list-items11420_89b09d-29 kt-svg-icon-list-columns-1 alignnone\"><ul class=\"kt-svg-icon-list\"><style>.kt-svg-icon-list-item-4496_d20a3b-1b .kt-svg-icon-list-text mark.kt-highlight{background-color:unset;font-style:normal;color:#f76a0c;-webkit-box-decoration-break:clone;box-decoration-break:clone;padding-top:0px;padding-right:0px;padding-bottom:0px;padding-left:0px;}<\/style>\n<li class=\"wp-block-kadence-listitem kt-svg-icon-list-item-wrap kt-svg-icon-list-item-4496_d20a3b-1b\"><span class=\"kb-svg-icon-wrap kb-svg-icon-fe_checkCircle kt-svg-icon-list-single\"><svg viewBox=\"0 0 24 24\"  fill=\"none\" stroke=\"currentColor\" stroke-width=\"3\" stroke-linecap=\"round\" stroke-linejoin=\"round\" xmlns=\"http:\/\/www.w3.org\/2000\/svg\"  aria-hidden=\"true\"><path d=\"M22 11.08V12a10 10 0 1 1-5.93-9.14\"\/><polyline points=\"22 4 12 14.01 9 11.01\"\/><\/svg><\/span><span class=\"kt-svg-icon-list-text\">Erleben Sie ein einzigartiges Komfortgef\u00fchl dank einer feuchtigkeitsbest\u00e4ndigen EVA-Gummisohle und einer mikrofaserstrukturierten, hypoallergenen und antibakteriellen <strong>Struktur<\/strong>, die \u00fcberm\u00e4\u00dfige Schwei\u00dfbildung und unangenehme Ger\u00fcche begrenzt.<\/span><\/li>\n\n\n<style>.kt-svg-icon-list-item-4496_82cb20-81 .kt-svg-icon-list-text mark.kt-highlight{background-color:unset;font-style:normal;color:#f76a0c;-webkit-box-decoration-break:clone;box-decoration-break:clone;padding-top:0px;padding-right:0px;padding-bottom:0px;padding-left:0px;}<\/style>\n<li class=\"wp-block-kadence-listitem kt-svg-icon-list-item-wrap kt-svg-icon-list-item-4496_82cb20-81\"><span class=\"kb-svg-icon-wrap kb-svg-icon-fe_checkCircle kt-svg-icon-list-single\"><svg viewBox=\"0 0 24 24\"  fill=\"none\" stroke=\"currentColor\" stroke-width=\"3\" stroke-linecap=\"round\" stroke-linejoin=\"round\" xmlns=\"http:\/\/www.w3.org\/2000\/svg\"  aria-hidden=\"true\"><path d=\"M22 11.08V12a10 10 0 1 1-5.93-9.14\"\/><polyline points=\"22 4 12 14.01 9 11.01\"\/><\/svg><\/span><span class=\"kt-svg-icon-list-text\">Zeigen Sie einen modernen und mutigen Look mit schlichtem Design, gen\u00e4hten Konturen f\u00fcr erh\u00f6hte Strapazierf\u00e4higkeit, dekorativem Band \u00fcber dem Spann und einer kr\u00e4ftigen, profilierten Sohle f\u00fcr einen k\u00fchnen Touch.<\/span><\/li>\n\n\n<style>.kt-svg-icon-list-item-4496_ac911a-e4 .kt-svg-icon-list-text mark.kt-highlight{background-color:unset;font-style:normal;color:#f76a0c;-webkit-box-decoration-break:clone;box-decoration-break:clone;padding-top:0px;padding-right:0px;padding-bottom:0px;padding-left:0px;}<\/style>\n<li class=\"wp-block-kadence-listitem kt-svg-icon-list-item-wrap kt-svg-icon-list-item-4496_ac911a-e4\"><span class=\"kb-svg-icon-wrap kb-svg-icon-fe_checkCircle kt-svg-icon-list-single\"><svg viewBox=\"0 0 24 24\"  fill=\"none\" stroke=\"currentColor\" stroke-width=\"3\" stroke-linecap=\"round\" stroke-linejoin=\"round\" xmlns=\"http:\/\/www.w3.org\/2000\/svg\"  aria-hidden=\"true\"><path d=\"M22 11.08V12a10 10 0 1 1-5.93-9.14\"\/><polyline points=\"22 4 12 14.01 9 11.01\"\/><\/svg><\/span><span class=\"kt-svg-icon-list-text\">Bekr\u00e4ftigen Sie Ihr Engagement f\u00fcr Ethik mit einem hochwertigen, wasserfesten, leichten und langlebigen Schuh aus veganem Leder.<\/span><\/li>\n<\/ul><\/div>\n\n\n\n<p>ohne Reibung, ohne Blasenbildung, ohne Grausamkeit gegen\u00fcber Tieren&#8230;<\/p>\n\n\n\n<p>F\u00fcr den Preis eines klassischen Mokassins w\u00e4hlen Sie trendige, bequeme und umweltfreundliche <strong>Mokassins f\u00fcr Frauen<\/strong>.<\/p>\n\n\n\n<p>Sind Sie bereit, Ihren Stil zu revolutionieren und dabei Ihre Werte zu respektieren? Der <strong>Elena Black<\/strong> ist sehr gefragt und unser Lagerbestand nimmt schnell ab. Lassen Sie sich diese Gelegenheit nicht entgehen!<\/p>\n","protected":false},"excerpt":{"rendered":"<p>Genug von Schuhen, die weder den Komfort noch den Stil bieten, den Sie suchen? M\u00f6chten Sie ein vielseitiges, modisches, bequemes und umweltfreundliches Paar Schuhe finden? Entscheiden Sie sich f\u00fcr eine mutige Richtung mit den veganen Mokassins Elena Black, die Eleganz, unvergleichlichen Komfort und makellose Ethik vereinen. Bei der Auswahl der Mokassins Elena Schwarz : ohne&#8230;<\/p>\n","protected":false},"featured_media":9354,"comment_status":"open","ping_status":"closed","template":"","meta":{"_acf_changed":false,"_kad_blocks_custom_css":"","_kad_blocks_head_custom_js":"","_kad_blocks_body_custom_js":"","_kad_blocks_footer_custom_js":"","_kad_post_transparent":"","_kad_post_title":"","_kad_post_layout":"","_kad_post_sidebar_id":"","_kad_post_content_style":"","_kad_post_vertical_padding":"","_kad_post_feature":"","_kad_post_feature_position":"","_kad_post_header":false,"_kad_post_footer":false,"_kad_post_classname":""},"product_brand":[],"product_cat":[425,413],"product_tag":[447],"product_brands":[685],"class_list":{"0":"post-11420","1":"product","2":"type-product","3":"status-publish","4":"has-post-thumbnail","6":"product_cat-flache-schuhe","7":"product_cat-schuhe-fuer-maenner-und-frauen","8":"product_tag-frau","9":"product_brands-nae-vegan-shoes-de","11":"first","12":"outofstock","13":"taxable","14":"shipping-taxable","15":"purchasable","16":"product-type-variable","17":"entry","18":"content-bg","19":"loop-entry"},"acf":{"avantages":"\ud83d\udca7 Wasserbest\u00e4ndig: Sch\u00fctzen die F\u00fc\u00dfe effektiv vor Feuchtigkeit.\r\n\r\n\ud83c\udf2c\ufe0f Atmungsaktiv: F\u00f6rdern eine optimale Luftzirkulation, um die F\u00fc\u00dfe frisch und trocken zu halten.\r\n\r\n\ud83c\udf21\ufe0f Antimikrobiell und hypoallergen: F\u00fcr optimale Hygiene und minimale allergische Reaktionen.\r\n\r\n\ud83d\udee1\ufe0f Gepolsterte Einlegesohle aus feuchtigkeitsabweisendem EVA-Gummi: F\u00fcr optimale D\u00e4mpfung und Schutz vor Feuchtigkeit.\r\n\r\n\u2699\ufe0f Rutschfeste und langlebige TRU-Gummilaufsohle: Bietet perfekten Halt und Widerstandsf\u00e4higkeit gegen Abnutzung.\r\n\r\n\ud83d\udc60 3 cm Absatzh\u00f6he: F\u00fcr au\u00dfergew\u00f6hnlichen Komfort und Stabilit\u00e4t.\r\n\r\n\ud83c\uddf5\ud83c\uddf9 Mit Sorgfalt in Portugal hergestellt: Betont umweltfreundliche Materialien und faire Herstellungsprozesse.","entretien":"1. Entfernen Sie vorsichtig Staub und Schmutz von Ihren Schuhen mit einem trockenen Tuch.\r\n\r\n2. Reinigen Sie sie mit einem Tuch, das mit Seifenwasser getr\u00e4nkt ist. Tauchen Sie sie niemals vollst\u00e4ndig ein, da dies zu irreparablen Sch\u00e4den f\u00fchren k\u00f6nnte.\r\n\r\n3. Lassen Sie sie nat\u00fcrlich 24 Stunden lang trocknen.\r\n\r\n4. F\u00fcr dieses Modell k\u00f6nnen Sie eine Schuhreinigungscreme verwenden. Lassen Sie sie vor der Anwendung trocknen.\r\n\r\n5. Die Verwendung einer Reinigungscreme wird dringend empfohlen. Tragen Sie eine kleine Menge auf ein weiches, trockenes Tuch auf und reiben Sie sie sparsam mit kreisenden Bewegungen auf den Stoff.\r\n\r\n6. Lassen Sie sie nach der Anwendung 24 Stunden lang nat\u00fcrlich trocknen.Produktlebensdauer:Wenn Sie der Meinung sind, dass Ihr Artikel seine Zeit hinter sich hat oder Sie ihn nicht mehr ben\u00f6tigen, denken Sie daran, ihm ein zweites Leben zu schenken. Verwenden Sie ihn auf eine andere Weise f\u00fcr sich selbst oder lassen Sie jemand anderen davon profitieren.","marque":""},"taxonomy_info":{"product_cat":[{"value":425,"label":"Flache Schuhe"},{"value":413,"label":"Schuhe"}],"product_tag":[{"value":447,"label":"Damenboutique"}],"product_brands":[{"value":685,"label":"NAE Vegan Shoes"}]},"featured_image_src_large":["https:\/\/ekomfort.lu\/wp-content\/uploads\/2023\/09\/elena-black-1.jpg",700,700,false],"author_info":[],"comment_info":0,"_links":{"self":[{"href":"https:\/\/ekomfort.lu\/de\/wp-json\/wp\/v2\/product\/11420","targetHints":{"allow":["GET"]}}],"collection":[{"href":"https:\/\/ekomfort.lu\/de\/wp-json\/wp\/v2\/product"}],"about":[{"href":"https:\/\/ekomfort.lu\/de\/wp-json\/wp\/v2\/types\/product"}],"replies":[{"embeddable":true,"href":"https:\/\/ekomfort.lu\/de\/wp-json\/wp\/v2\/comments?post=11420"}],"wp:featuredmedia":[{"embeddable":true,"href":"https:\/\/ekomfort.lu\/de\/wp-json\/wp\/v2\/media\/9354"}],"wp:attachment":[{"href":"https:\/\/ekomfort.lu\/de\/wp-json\/wp\/v2\/media?parent=11420"}],"wp:term":[{"taxonomy":"product_brand","embeddable":true,"href":"https:\/\/ekomfort.lu\/de\/wp-json\/wp\/v2\/product_brand?post=11420"},{"taxonomy":"product_cat","embeddable":true,"href":"https:\/\/ekomfort.lu\/de\/wp-json\/wp\/v2\/product_cat?post=11420"},{"taxonomy":"product_tag","embeddable":true,"href":"https:\/\/ekomfort.lu\/de\/wp-json\/wp\/v2\/product_tag?post=11420"},{"taxonomy":"product_brands","embeddable":true,"href":"https:\/\/ekomfort.lu\/de\/wp-json\/wp\/v2\/product_brands?post=11420"}],"curies":[{"name":"wp","href":"https:\/\/api.w.org\/{rel}","templated":true}]}}