{"id":11395,"date":"2023-08-16T14:50:11","date_gmt":"2023-08-16T12:50:11","guid":{"rendered":"https:\/\/ekomfort.lu\/shop\/estela-black-de-nae-die-schwarzen-flachen-damensandalen-mit-breitem-absatz-aus-veganem-leder-eleganz-und-komfort-fuer-die-engagierte-frau"},"modified":"2024-07-01T12:04:52","modified_gmt":"2024-07-01T10:04:52","slug":"estela-black-de-nae-die-schwarzen-flachen-damensandalen-mit-breitem-absatz-aus-veganem-leder-eleganz-und-komfort-fuer-die-engagierte-frau","status":"publish","type":"product","link":"https:\/\/ekomfort.lu\/de\/shop\/estela-black-de-nae-die-schwarzen-flachen-damensandalen-mit-breitem-absatz-aus-veganem-leder-eleganz-und-komfort-fuer-die-engagierte-frau\/","title":{"rendered":"Estela Black de Nae: Die schwarzen flachen Damensandalen mit breitem Absatz aus veganem Leder &#8211; Eleganz und Komfort f\u00fcr die engagierte Frau"},"content":{"rendered":"\n<p>Sind Sie eine Frau, die Mode sch\u00e4tzt, ohne dabei Ihre ethischen Werte zu beeintr\u00e4chtigen? Suchen Sie nach einem Paar <strong>eleganter Damensandalen<\/strong>, das Ihren Einsatz f\u00fcr einen nachhaltigen Lebensstil widerspiegelt?<\/p>\n\n\n\n<p>Vorstellung der <strong>Estela Black<\/strong>, der <strong>Keilabsatzschuh f\u00fcr Frauen<\/strong>, verziert mit einer eleganten Schleife und hergestellt aus umweltfreundlichen, OEKO-TEX STANDARD 100 zertifizierten Mikrofasern.<\/p>\n\n\n\n<p>Bestellen Sie noch heute die <strong>Estela Black<\/strong> eco-design Sandalen und:<\/p>\n\n\n<style>.wp-block-kadence-iconlist.kt-svg-icon-list-items11395_0e96a7-e7:not(.this-stops-third-party-issues){margin-top:0px;margin-bottom:0px;}.wp-block-kadence-iconlist.kt-svg-icon-list-items11395_0e96a7-e7 ul.kt-svg-icon-list:not(.this-prevents-issues):not(.this-stops-third-party-issues):not(.tijsloc){margin-top:0px;margin-right:0px;margin-bottom:var(--global-kb-spacing-sm, 1.5rem);margin-left:0px;}.wp-block-kadence-iconlist.kt-svg-icon-list-items11395_0e96a7-e7 ul.kt-svg-icon-list{grid-row-gap:5px;}.wp-block-kadence-iconlist.kt-svg-icon-list-items11395_0e96a7-e7 .kb-svg-icon-wrap{font-size:18px;color:var(--global-palette1, #3182CE);}.wp-block-kadence-iconlist.kt-svg-icon-list-items11395_0e96a7-e7 ul.kt-svg-icon-list .kt-svg-icon-list-item-wrap .kt-svg-icon-list-single{margin-right:10px;}.kt-svg-icon-list-items11395_0e96a7-e7 ul.kt-svg-icon-list .kt-svg-icon-list-level-0 .kt-svg-icon-list-single svg{font-size:20px;}<\/style>\n<div class=\"wp-block-kadence-iconlist kt-svg-icon-list-items kt-svg-icon-list-items11395_0e96a7-e7 kt-svg-icon-list-columns-1 alignnone\"><ul class=\"kt-svg-icon-list\"><style>.kt-svg-icon-list-item-4498_5ca6d0-26 .kt-svg-icon-list-text mark.kt-highlight{background-color:unset;font-style:normal;color:#f76a0c;-webkit-box-decoration-break:clone;box-decoration-break:clone;padding-top:0px;padding-right:0px;padding-bottom:0px;padding-left:0px;}<\/style>\n<li class=\"wp-block-kadence-listitem kt-svg-icon-list-item-wrap kt-svg-icon-list-item-4498_5ca6d0-26\"><span class=\"kb-svg-icon-wrap kb-svg-icon-fe_checkCircle kt-svg-icon-list-single\"><svg viewBox=\"0 0 24 24\"  fill=\"none\" stroke=\"currentColor\" stroke-width=\"3\" stroke-linecap=\"round\" stroke-linejoin=\"round\" xmlns=\"http:\/\/www.w3.org\/2000\/svg\"  aria-hidden=\"true\"><path d=\"M22 11.08V12a10 10 0 1 1-5.93-9.14\"\/><polyline points=\"22 4 12 14.01 9 11.01\"\/><\/svg><\/span><span class=\"kt-svg-icon-list-text\">Durchstreifen Sie die Stadt mit Grazie und Komfort, dank ihres stabilen breiten Absatzes und ihrer optimalen H\u00f6he von 7,5 cm.<\/span><\/li>\n\n\n<style>.kt-svg-icon-list-item-4498_d30f76-81 .kt-svg-icon-list-text mark.kt-highlight{background-color:unset;font-style:normal;color:#f76a0c;-webkit-box-decoration-break:clone;box-decoration-break:clone;padding-top:0px;padding-right:0px;padding-bottom:0px;padding-left:0px;}<\/style>\n<li class=\"wp-block-kadence-listitem kt-svg-icon-list-item-wrap kt-svg-icon-list-item-4498_d30f76-81\"><span class=\"kb-svg-icon-wrap kb-svg-icon-fe_checkCircle kt-svg-icon-list-single\"><svg viewBox=\"0 0 24 24\"  fill=\"none\" stroke=\"currentColor\" stroke-width=\"3\" stroke-linecap=\"round\" stroke-linejoin=\"round\" xmlns=\"http:\/\/www.w3.org\/2000\/svg\"  aria-hidden=\"true\"><path d=\"M22 11.08V12a10 10 0 1 1-5.93-9.14\"\/><polyline points=\"22 4 12 14.01 9 11.01\"\/><\/svg><\/span><span class=\"kt-svg-icon-list-text\">Machen Sie einen unvergesslichen Eindruck mit der dekorativen Schleife, die diesen schwarzen Wildledersandalen eine elegante Note verleiht.<\/span><\/li>\n\n\n<style>.kt-svg-icon-list-item-4498_79f6dc-94 .kt-svg-icon-list-text mark.kt-highlight{background-color:unset;font-style:normal;color:#f76a0c;-webkit-box-decoration-break:clone;box-decoration-break:clone;padding-top:0px;padding-right:0px;padding-bottom:0px;padding-left:0px;}<\/style>\n<li class=\"wp-block-kadence-listitem kt-svg-icon-list-item-wrap kt-svg-icon-list-item-4498_79f6dc-94\"><span class=\"kb-svg-icon-wrap kb-svg-icon-fe_checkCircle kt-svg-icon-list-single\"><svg viewBox=\"0 0 24 24\"  fill=\"none\" stroke=\"currentColor\" stroke-width=\"3\" stroke-linecap=\"round\" stroke-linejoin=\"round\" xmlns=\"http:\/\/www.w3.org\/2000\/svg\"  aria-hidden=\"true\"><path d=\"M22 11.08V12a10 10 0 1 1-5.93-9.14\"\/><polyline points=\"22 4 12 14.01 9 11.01\"\/><\/svg><\/span><span class=\"kt-svg-icon-list-text\">Nehmen Sie aktiv am Aufbau einer nachhaltigeren Zukunft teil mit diesen umweltfreundlichen Sandalen, hergestellt aus umweltschonenden Mikrofasern, ohne CO2-Emissionen und zertifiziert als hypoallergen, antimikrobiell und antibakteriell.<\/span><\/li>\n<\/ul><\/div>\n\n\n\n<p>ohne Kompromisse beim Stil, ohne Zugest\u00e4ndnisse beim Komfort, ohne Grausamkeit gegen\u00fcber Tieren&#8230;<\/p>\n\n\n\n<p>F\u00fcr den Preis eines Abendessens in der Stadt g\u00f6nnen Sie sich Sandalen, die Ihr Engagement f\u00fcr eine nachhaltigere Zukunft widerspiegeln.<\/p>\n\n\n\n<p>Bist du bereit, ethische Mode und Eleganz mit den Sandalen <strong>Estela Black<\/strong> zu verbinden? Dieses Modell ist sehr gefragt und unsere Best\u00e4nde schwinden schnell. Warten Sie nicht l\u00e4nger, bestellen Sie Ihre heute!<\/p>\n","protected":false},"excerpt":{"rendered":"<p>Sind Sie eine Frau, die Mode sch\u00e4tzt, ohne dabei Ihre ethischen Werte zu beeintr\u00e4chtigen? Suchen Sie nach einem Paar eleganter Damensandalen, das Ihren Einsatz f\u00fcr einen nachhaltigen Lebensstil widerspiegelt? Vorstellung der Estela Black, der Keilabsatzschuh f\u00fcr Frauen, verziert mit einer eleganten Schleife und hergestellt aus umweltfreundlichen, OEKO-TEX STANDARD 100 zertifizierten Mikrofasern. Bestellen Sie noch heute&#8230;<\/p>\n","protected":false},"featured_media":9386,"comment_status":"open","ping_status":"closed","template":"","meta":{"_acf_changed":false,"_kad_blocks_custom_css":"","_kad_blocks_head_custom_js":"","_kad_blocks_body_custom_js":"","_kad_blocks_footer_custom_js":"","_kad_post_transparent":"","_kad_post_title":"","_kad_post_layout":"","_kad_post_sidebar_id":"","_kad_post_content_style":"","_kad_post_vertical_padding":"","_kad_post_feature":"","_kad_post_feature_position":"","_kad_post_header":false,"_kad_post_footer":false},"product_brand":[],"product_cat":[463,413],"product_tag":[447],"product_brands":[],"class_list":{"0":"post-11395","1":"product","2":"type-product","3":"status-publish","4":"has-post-thumbnail","6":"product_cat-escarpins-de","7":"product_cat-schuhe-fuer-maenner-und-frauen","8":"product_tag-frau","10":"first","11":"outofstock","12":"taxable","13":"shipping-taxable","14":"purchasable","15":"product-type-variable","16":"has-default-attributes","17":"entry","18":"content-bg","19":"loop-entry"},"acf":{"avantages":"\ud83c\udf1f Obermaterial und Futter zu 90% aus Mikrofaser und zu 10% aus PU, zertifiziert nach dem OEKO-TEX Standard 100. F\u00fcr optimalen Komfort.\ud83c\udf31 Hypoallergenes, antimikrobielles und antibakterielles Futter und Innensohle. F\u00fcr optimale Hygiene.\r\n\r\n\ud83d\udcaa Sohlen aus Neolite-Gummi (synthetischer Kautschuk) f\u00fcr au\u00dfergew\u00f6hnliche Haftung und Haltbarkeit.\r\n\r\n\ud83d\udc60 Breiter Absatz im Klappenstil f\u00fcr einen modernen und bequemen Look.\r\n\r\n\ud83c\uddf5\ud83c\uddf9 Mit Stolz in Portugal hergestellt, um traditionelles Handwerk und Qualit\u00e4t zu w\u00fcrdigen.","entretien":"1. Waschen Sie mit einem in Seifenwasser getr\u00e4nkten Tuch.\r\n\r\n2. F\u00fcr hartn\u00e4ckige Flecken, reiben Sie mit einer speziellen Schuhb\u00fcrste, ebenfalls in Seifenwasser getr\u00e4nkt, und machen Sie kreisende Bewegungen.\r\n\r\n3. Entfernen Sie die Seife mit einem trockenen Tuch und lassen Sie sie trocknen, bevor Sie sie erneut tragen.\r\n\r\n4. Verwenden Sie keine Reinigungscreme.Produktlebensdauer:Wenn das Produkt am Ende seiner Lebensdauer angelangt ist, wenn es abgenutzt oder veraltet ist oder wenn Sie es einfach nicht mehr ben\u00f6tigen, denken Sie daran, ihm ein neues Leben, eine neue Verwendung zu geben. Oder geben Sie es weiter.","marque":""},"_wp_attached_file":null,"_wp_attachment_image_alt":null,"rank_math_facebook_image":null,"rank_math_facebook_image_id":null,"wpml_language":null,"_wp_attachment_metadata":null,"rank_math_focus_keyword":"Estela Black, Keilschuh f\u00fcr Frauen","rank_math_title":"Schn\u00fcrschuh mit Keilabsatz f\u00fcr Frauen Estela Schwarz: Komfort &amp; Eleganz","rank_math_description":"Adoptieren Sie einen femininen und modernen Stil mit unseren Damen-Schuhen mit Plateau-Absatz Estela Black. Perfekt f\u00fcr alle Anl\u00e4sse, bestellen Sie jetzt!","taxonomy_info":{"product_cat":[{"value":463,"label":"Escarpins"},{"value":413,"label":"Schuhe"}],"product_tag":[{"value":447,"label":"Damenboutique"}]},"featured_image_src_large":["https:\/\/ekomfort.lu\/wp-content\/uploads\/2023\/09\/estela-black-2.jpg",700,700,false],"author_info":[],"comment_info":0,"_links":{"self":[{"href":"https:\/\/ekomfort.lu\/de\/wp-json\/wp\/v2\/product\/11395","targetHints":{"allow":["GET"]}}],"collection":[{"href":"https:\/\/ekomfort.lu\/de\/wp-json\/wp\/v2\/product"}],"about":[{"href":"https:\/\/ekomfort.lu\/de\/wp-json\/wp\/v2\/types\/product"}],"replies":[{"embeddable":true,"href":"https:\/\/ekomfort.lu\/de\/wp-json\/wp\/v2\/comments?post=11395"}],"wp:featuredmedia":[{"embeddable":true,"href":"https:\/\/ekomfort.lu\/de\/wp-json\/wp\/v2\/media\/9386"}],"wp:attachment":[{"href":"https:\/\/ekomfort.lu\/de\/wp-json\/wp\/v2\/media?parent=11395"}],"wp:term":[{"taxonomy":"product_brand","embeddable":true,"href":"https:\/\/ekomfort.lu\/de\/wp-json\/wp\/v2\/product_brand?post=11395"},{"taxonomy":"product_cat","embeddable":true,"href":"https:\/\/ekomfort.lu\/de\/wp-json\/wp\/v2\/product_cat?post=11395"},{"taxonomy":"product_tag","embeddable":true,"href":"https:\/\/ekomfort.lu\/de\/wp-json\/wp\/v2\/product_tag?post=11395"},{"taxonomy":"product_brands","embeddable":true,"href":"https:\/\/ekomfort.lu\/de\/wp-json\/wp\/v2\/product_brands?post=11395"}],"curies":[{"name":"wp","href":"https:\/\/api.w.org\/{rel}","templated":true}]}}