{"id":11375,"date":"2023-08-16T14:50:12","date_gmt":"2023-08-16T12:50:12","guid":{"rendered":"https:\/\/ekomfort.lu\/shop\/chaussures-fuer-herren-vegan-marron-fede-brown-von-nae-die-kunst-des-ethischen-komforts-beibehalten"},"modified":"2024-07-01T12:04:09","modified_gmt":"2024-07-01T10:04:09","slug":"chaussures-fuer-herren-vegan-marron-fede-brown-von-nae-die-kunst-des-ethischen-komforts-beibehalten","status":"publish","type":"product","link":"https:\/\/ekomfort.lu\/de\/shop\/chaussures-fuer-herren-vegan-marron-fede-brown-von-nae-die-kunst-des-ethischen-komforts-beibehalten\/","title":{"rendered":"Chaussures f\u00fcr Herren vegan Marron Fede Brown von Nae: Die Kunst des ethischen Komforts beibehalten"},"content":{"rendered":"\n<p>Sie streben nach <strong>Schuhen<\/strong>, die Komfort, Langlebigkeit verk\u00f6rpern und gleichzeitig die Umwelt respektieren? Sie m\u00f6chten keine Modelle mehr, die nach wenigen Monaten der Nutzung ihren Glanz verlieren?<\/p>\n\n\n\n<p>Entdecken Sie die <strong>Fede Brown<\/strong>: vegane <strong>Wildleder Blucher-Schuhe<\/strong>, die maximalen Komfort, makellose Haltbarkeit und ein echtes \u00f6kologisches Bewusstsein vereinen.<\/p>\n\n\n\n<p>Setzen Sie auf nachhaltige <strong>rutschfeste Blucher-Schuhe<\/strong> und <strong>Fede Brown<\/strong>:<\/p>\n\n\n<style>.wp-block-kadence-iconlist.kt-svg-icon-list-items11375_7371bc-60:not(.this-stops-third-party-issues){margin-top:0px;margin-bottom:0px;}.wp-block-kadence-iconlist.kt-svg-icon-list-items11375_7371bc-60 ul.kt-svg-icon-list:not(.this-prevents-issues):not(.this-stops-third-party-issues):not(.tijsloc){margin-top:0px;margin-right:0px;margin-bottom:var(--global-kb-spacing-sm, 1.5rem);margin-left:0px;}.wp-block-kadence-iconlist.kt-svg-icon-list-items11375_7371bc-60 ul.kt-svg-icon-list{grid-row-gap:5px;}.wp-block-kadence-iconlist.kt-svg-icon-list-items11375_7371bc-60 .kb-svg-icon-wrap{font-size:18px;color:var(--global-palette1, #3182CE);}.wp-block-kadence-iconlist.kt-svg-icon-list-items11375_7371bc-60 ul.kt-svg-icon-list .kt-svg-icon-list-item-wrap .kt-svg-icon-list-single{margin-right:10px;}.kt-svg-icon-list-items11375_7371bc-60 ul.kt-svg-icon-list .kt-svg-icon-list-level-0 .kt-svg-icon-list-single svg{font-size:20px;}<\/style>\n<div class=\"wp-block-kadence-iconlist kt-svg-icon-list-items kt-svg-icon-list-items11375_7371bc-60 kt-svg-icon-list-columns-1 alignnone\"><ul class=\"kt-svg-icon-list\"><style>.kt-svg-icon-list-item-4502_253fa1-d8 .kt-svg-icon-list-text mark.kt-highlight{background-color:unset;font-style:normal;color:#f76a0c;-webkit-box-decoration-break:clone;box-decoration-break:clone;padding-top:0px;padding-right:0px;padding-bottom:0px;padding-left:0px;}<\/style>\n<li class=\"wp-block-kadence-listitem kt-svg-icon-list-item-wrap kt-svg-icon-list-item-4502_253fa1-d8\"><span class=\"kb-svg-icon-wrap kb-svg-icon-fe_checkCircle kt-svg-icon-list-single\"><svg viewBox=\"0 0 24 24\"  fill=\"none\" stroke=\"currentColor\" stroke-width=\"3\" stroke-linecap=\"round\" stroke-linejoin=\"round\" xmlns=\"http:\/\/www.w3.org\/2000\/svg\"  aria-hidden=\"true\"><path d=\"M22 11.08V12a10 10 0 1 1-5.93-9.14\"\/><polyline points=\"22 4 12 14.01 9 11.01\"\/><\/svg><\/span><span class=\"kt-svg-icon-list-text\">Durchstreifen Sie die Stadt mit Mut, dank einer rutschfesten Profilsohle, die jeden Schritt, den Sie machen, sicher macht.<\/span><\/li>\n\n\n<style>.kt-svg-icon-list-item-4502_f442a2-1d .kt-svg-icon-list-text mark.kt-highlight{background-color:unset;font-style:normal;color:#f76a0c;-webkit-box-decoration-break:clone;box-decoration-break:clone;padding-top:0px;padding-right:0px;padding-bottom:0px;padding-left:0px;}<\/style>\n<li class=\"wp-block-kadence-listitem kt-svg-icon-list-item-wrap kt-svg-icon-list-item-4502_f442a2-1d\"><span class=\"kb-svg-icon-wrap kb-svg-icon-fe_checkCircle kt-svg-icon-list-single\"><svg viewBox=\"0 0 24 24\"  fill=\"none\" stroke=\"currentColor\" stroke-width=\"3\" stroke-linecap=\"round\" stroke-linejoin=\"round\" xmlns=\"http:\/\/www.w3.org\/2000\/svg\"  aria-hidden=\"true\"><path d=\"M22 11.08V12a10 10 0 1 1-5.93-9.14\"\/><polyline points=\"22 4 12 14.01 9 11.01\"\/><\/svg><\/span><span class=\"kt-svg-icon-list-text\">Genie\u00dfen Sie den ultimativen Komfort mit einem On Steam BioEco Futter, einem innovativen Material, das gleichzeitig Atmungsaktivit\u00e4t und Flexibilit\u00e4t f\u00fcr einen unbeschr\u00e4nkten aktiven Tag gew\u00e4hrleistet.<\/span><\/li>\n\n\n<style>.kt-svg-icon-list-item-4502_0079bc-56 .kt-svg-icon-list-text mark.kt-highlight{background-color:unset;font-style:normal;color:#f76a0c;-webkit-box-decoration-break:clone;box-decoration-break:clone;padding-top:0px;padding-right:0px;padding-bottom:0px;padding-left:0px;}<\/style>\n<li class=\"wp-block-kadence-listitem kt-svg-icon-list-item-wrap kt-svg-icon-list-item-4502_0079bc-56\"><span class=\"kb-svg-icon-wrap kb-svg-icon-fe_checkCircle kt-svg-icon-list-single\"><svg viewBox=\"0 0 24 24\"  fill=\"none\" stroke=\"currentColor\" stroke-width=\"3\" stroke-linecap=\"round\" stroke-linejoin=\"round\" xmlns=\"http:\/\/www.w3.org\/2000\/svg\"  aria-hidden=\"true\"><path d=\"M22 11.08V12a10 10 0 1 1-5.93-9.14\"\/><polyline points=\"22 4 12 14.01 9 11.01\"\/><\/svg><\/span><span class=\"kt-svg-icon-list-text\">Zeigen Sie Ihr Engagement f\u00fcr verantwortungsbewusste Mode mit einem gleichzeitig modernen und l\u00e4ssigen Stil, der sich Ihrem Lebensrhythmus anpasst und Ihren Wunsch nach ethischerer Mode widerspiegelt.<\/span><\/li>\n<\/ul><\/div>\n\n\n\n<p>ohne Tierqu\u00e4lerei, ohne sch\u00e4dliche Produkte und Platz f\u00fcr tadellosen Stil&#8230;<\/p>\n\n\n\n<p>F\u00fcr den Preis eines gew\u00f6hnlichen Schuhs mit begrenzter Lebensdauer w\u00e4hlen Sie Langlebigkeit, Umweltverantwortung und einen Stil, der sowohl L\u00e4ssigkeit als auch Raffinesse vereint, mit diesen <strong>umweltvertr\u00e4glichen Blucher mit rutschfester Sohle.<\/strong><\/p>\n\n\n\n<p>Dann sind Sie bereit, jeden Schritt zu einem wahren Tribut an die Erde zu machen? Die <strong>Fede Brown<\/strong> sind sehr begehrt und unsere Best\u00e4nde nehmen schnell ab. Verpassen Sie nicht diese Gelegenheit!<\/p>\n","protected":false},"excerpt":{"rendered":"<p>Sie streben nach Schuhen, die Komfort, Langlebigkeit verk\u00f6rpern und gleichzeitig die Umwelt respektieren? Sie m\u00f6chten keine Modelle mehr, die nach wenigen Monaten der Nutzung ihren Glanz verlieren? Entdecken Sie die Fede Brown: vegane Wildleder Blucher-Schuhe, die maximalen Komfort, makellose Haltbarkeit und ein echtes \u00f6kologisches Bewusstsein vereinen. Setzen Sie auf nachhaltige rutschfeste Blucher-Schuhe und Fede Brown:&#8230;<\/p>\n","protected":false},"featured_media":9414,"comment_status":"open","ping_status":"closed","template":"","meta":{"_acf_changed":false,"_kad_blocks_custom_css":"","_kad_blocks_head_custom_js":"","_kad_blocks_body_custom_js":"","_kad_blocks_footer_custom_js":"","_kad_post_transparent":"","_kad_post_title":"","_kad_post_layout":"","_kad_post_sidebar_id":"","_kad_post_content_style":"","_kad_post_vertical_padding":"","_kad_post_feature":"","_kad_post_feature_position":"","_kad_post_header":false,"_kad_post_footer":false,"_kad_post_classname":""},"product_brand":[],"product_cat":[425,413],"product_tag":[415],"product_brands":[685],"class_list":{"0":"post-11375","1":"product","2":"type-product","3":"status-publish","4":"has-post-thumbnail","6":"product_cat-flache-schuhe","7":"product_cat-schuhe-fuer-maenner-und-frauen","8":"product_tag-mann","9":"product_brands-nae-vegan-shoes-de","11":"first","12":"outofstock","13":"taxable","14":"shipping-taxable","15":"purchasable","16":"product-type-variable","17":"has-default-attributes","18":"entry","19":"content-bg","20":"loop-entry"},"acf":{"avantages":"\ud83d\udca6 Wasserfest: Sch\u00fctzen die F\u00fc\u00dfe vor Feuchtigkeit.\r\n\r\n\ud83c\udf2c\ufe0f Atmungsaktiv: F\u00f6rdern eine gute Luftzirkulation, um die F\u00fc\u00dfe frisch und trocken zu halten.\r\n\r\n\ud83e\udd27 Antimikrobiell und hypoallergen: Gew\u00e4hrleisten optimale Hygiene und minimieren allergische Reaktionen.\r\n\r\n\ud83e\ude79 Sichere Materialien: Besorgt um die Gesundheit der Verbraucherinnen und Verbraucher.\r\n\r\n\ud83d\udc5f Schaft aus veganem Leder: Hergestellt aus umweltfreundlichen Mikrofasern, eine tierfreundliche Alternative.\r\n\r\n\ud83c\udf31 Futter aus BioEco: Hergestellt aus recyceltem Polyester und Fasern aus der Fermentation von Maispflanzen, eine umweltfreundliche Option.\r\n\r\n\ud83c\udf80 Verschluss mit gewachsten Baumwollsenkeln: Eine vegane Alternative zu traditionellem Wachs.\r\n\r\n\u2601\ufe0f Gepolsterte Einlegesohle: Aus EVA-Gummi und mit feuchtigkeitsabweisender Mikrofaser laminiert, f\u00fcr optimalen Komfort und Schutz vor Feuchtigkeit.\r\n\r\n\ud83d\udc63 Laufsohle aus expandiertem TR-Gummi: Langlebig mit rutschfestem Profil, bietet optimale Haftung und Haltbarkeit.\r\n\r\n\ud83c\uddf5\ud83c\uddf9 Hergestellt in Portugal: Mit gro\u00dfer Sorgfalt in Portugal unter Verwendung von umweltfreundlichen Materialien und Herstellungsprozessen.","entretien":"1. Reinigen Sie die Schuhe mit einem in Seifenwasser getr\u00e4nkten Tuch.\r\n\r\n2. Verwenden Sie f\u00fcr hartn\u00e4ckige Flecken eine weiche Schuhb\u00fcrste, ebenfalls in Seifenwasser getr\u00e4nkt, und reiben Sie sanft in kreisenden Bewegungen.\r\n\r\n3. Entfernen Sie die Seife mit einem feuchten Tuch.\r\n\r\n4. Lassen Sie die Schuhe 24 Stunden lang an der Luft trocknen, ohne sie direkter Sonneneinstrahlung auszusetzen.Achtung:\r\n\r\n- Verwenden Sie keine Reinigungscreme.\r\n\r\n- Geben Sie Ihre Schuhe nicht in die Waschmaschine.\r\n\r\n- Tauchen Sie sie nicht in Wasser ein, da dies zu irreparablen Sch\u00e4den f\u00fchren k\u00f6nnte.Am Ende der Lebensdauer eines Produkts oder falls Sie es nicht mehr ben\u00f6tigen, sollten Sie folgendes in Betracht ziehen: Erw\u00e4gen Sie eine Wiederherstellung, eine neue Verwendung f\u00fcr sich selbst, die Weitergabe an Freunde oder eine Spende.","marque":""},"taxonomy_info":{"product_cat":[{"value":425,"label":"Flache Schuhe"},{"value":413,"label":"Schuhe"}],"product_tag":[{"value":415,"label":"Herrenboutique"}],"product_brands":[{"value":685,"label":"NAE Vegan Shoes"}]},"featured_image_src_large":["https:\/\/ekomfort.lu\/wp-content\/uploads\/2023\/09\/site-revente-sneakers-14.jpg",700,700,false],"author_info":[],"comment_info":0,"_links":{"self":[{"href":"https:\/\/ekomfort.lu\/de\/wp-json\/wp\/v2\/product\/11375","targetHints":{"allow":["GET"]}}],"collection":[{"href":"https:\/\/ekomfort.lu\/de\/wp-json\/wp\/v2\/product"}],"about":[{"href":"https:\/\/ekomfort.lu\/de\/wp-json\/wp\/v2\/types\/product"}],"replies":[{"embeddable":true,"href":"https:\/\/ekomfort.lu\/de\/wp-json\/wp\/v2\/comments?post=11375"}],"wp:featuredmedia":[{"embeddable":true,"href":"https:\/\/ekomfort.lu\/de\/wp-json\/wp\/v2\/media\/9414"}],"wp:attachment":[{"href":"https:\/\/ekomfort.lu\/de\/wp-json\/wp\/v2\/media?parent=11375"}],"wp:term":[{"taxonomy":"product_brand","embeddable":true,"href":"https:\/\/ekomfort.lu\/de\/wp-json\/wp\/v2\/product_brand?post=11375"},{"taxonomy":"product_cat","embeddable":true,"href":"https:\/\/ekomfort.lu\/de\/wp-json\/wp\/v2\/product_cat?post=11375"},{"taxonomy":"product_tag","embeddable":true,"href":"https:\/\/ekomfort.lu\/de\/wp-json\/wp\/v2\/product_tag?post=11375"},{"taxonomy":"product_brands","embeddable":true,"href":"https:\/\/ekomfort.lu\/de\/wp-json\/wp\/v2\/product_brands?post=11375"}],"curies":[{"name":"wp","href":"https:\/\/api.w.org\/{rel}","templated":true}]}}