{"id":11367,"date":"2023-08-16T14:50:12","date_gmt":"2023-08-16T12:50:12","guid":{"rendered":"https:\/\/ekomfort.lu\/shop\/sandalen-in-schwarz-fuer-frauen-finna-black-oekologische-eleganz-fuer-den-sommer"},"modified":"2024-07-01T12:03:59","modified_gmt":"2024-07-01T10:03:59","slug":"sandalen-in-schwarz-fuer-frauen-finna-black-oekologische-eleganz-fuer-den-sommer","status":"publish","type":"product","link":"https:\/\/ekomfort.lu\/de\/shop\/sandalen-in-schwarz-fuer-frauen-finna-black-oekologische-eleganz-fuer-den-sommer\/","title":{"rendered":"Sandalen in Schwarz f\u00fcr Frauen Finna Black: \u00d6kologische Eleganz f\u00fcr den Sommer"},"content":{"rendered":"\n<p>Tr\u00e4umen Sie von <strong>flachen schwarzen Sandalen f\u00fcr Frauen<\/strong>, die harmonisch eine zeitgen\u00f6ssische \u00c4sthetik, unvergleichlichen Komfort und \u00f6kologisches Bewusstsein verk\u00f6rpern? M\u00f6chten Sie einen atmungsaktiven Schuh, der Ihren Fu\u00df leicht und frisch l\u00e4sst?<\/p>\n\n\n\n<p>Machen Sie die Entdeckung der <strong>Finna Black<\/strong>, flache Sandalen mit <strong>umweltfreundliche offene Fersenschuhe<\/strong> f\u00fcr Frauen aus AppleSkin und Bio-Baumwolle, die jeden Schritt zu einer Hymne an unseren sch\u00f6nen Planeten machen.<\/p>\n\n\n\n<p>Bestellen Sie Ihr Paar <strong>Finna Black<\/strong> noch heute und stellen Sie sich vor:<\/p>\n\n\n<style>.wp-block-kadence-iconlist.kt-svg-icon-list-items11367_ccc86f-33:not(.this-stops-third-party-issues){margin-top:0px;margin-bottom:0px;}.wp-block-kadence-iconlist.kt-svg-icon-list-items11367_ccc86f-33 ul.kt-svg-icon-list:not(.this-prevents-issues):not(.this-stops-third-party-issues):not(.tijsloc){margin-top:0px;margin-right:0px;margin-bottom:var(--global-kb-spacing-sm, 1.5rem);margin-left:0px;}.wp-block-kadence-iconlist.kt-svg-icon-list-items11367_ccc86f-33 ul.kt-svg-icon-list{grid-row-gap:5px;}.wp-block-kadence-iconlist.kt-svg-icon-list-items11367_ccc86f-33 .kb-svg-icon-wrap{font-size:18px;color:var(--global-palette1, #3182CE);}.wp-block-kadence-iconlist.kt-svg-icon-list-items11367_ccc86f-33 ul.kt-svg-icon-list .kt-svg-icon-list-item-wrap .kt-svg-icon-list-single{margin-right:10px;}.kt-svg-icon-list-items11367_ccc86f-33 ul.kt-svg-icon-list .kt-svg-icon-list-level-0 .kt-svg-icon-list-single svg{font-size:20px;}<\/style>\n<div class=\"wp-block-kadence-iconlist kt-svg-icon-list-items kt-svg-icon-list-items11367_ccc86f-33 kt-svg-icon-list-columns-1 alignnone\"><ul class=\"kt-svg-icon-list\"><style>.kt-svg-icon-list-item-4503_ff66ae-c8 .kt-svg-icon-list-text mark.kt-highlight{background-color:unset;font-style:normal;color:#f76a0c;-webkit-box-decoration-break:clone;box-decoration-break:clone;padding-top:0px;padding-right:0px;padding-bottom:0px;padding-left:0px;}<\/style>\n<li class=\"wp-block-kadence-listitem kt-svg-icon-list-item-wrap kt-svg-icon-list-item-4503_ff66ae-c8\"><span class=\"kb-svg-icon-wrap kb-svg-icon-fe_checkCircle kt-svg-icon-list-single\"><svg viewBox=\"0 0 24 24\"  fill=\"none\" stroke=\"currentColor\" stroke-width=\"3\" stroke-linecap=\"round\" stroke-linejoin=\"round\" xmlns=\"http:\/\/www.w3.org\/2000\/svg\"  aria-hidden=\"true\"><path d=\"M22 11.08V12a10 10 0 1 1-5.93-9.14\"\/><polyline points=\"22 4 12 14.01 9 11.01\"\/><\/svg><\/span><span class=\"kt-svg-icon-list-text\">W\u00e4hrend Sie in der Stadt oder am Strand spazieren gehen, begleiten Sie atmungsaktive Sandalen, die mit Ihnen im Einklang sind. Sie bestehen aus hypoallergenen und antimikrobiellen Materialien, die Ihre F\u00fc\u00dfe frisch und geruchsfrei halten.<\/span><\/li>\n\n\n<style>.kt-svg-icon-list-item-4503_27b428-fd .kt-svg-icon-list-text mark.kt-highlight{background-color:unset;font-style:normal;color:#f76a0c;-webkit-box-decoration-break:clone;box-decoration-break:clone;padding-top:0px;padding-right:0px;padding-bottom:0px;padding-left:0px;}<\/style>\n<li class=\"wp-block-kadence-listitem kt-svg-icon-list-item-wrap kt-svg-icon-list-item-4503_27b428-fd\"><span class=\"kb-svg-icon-wrap kb-svg-icon-fe_checkCircle kt-svg-icon-list-single\"><svg viewBox=\"0 0 24 24\"  fill=\"none\" stroke=\"currentColor\" stroke-width=\"3\" stroke-linecap=\"round\" stroke-linejoin=\"round\" xmlns=\"http:\/\/www.w3.org\/2000\/svg\"  aria-hidden=\"true\"><path d=\"M22 11.08V12a10 10 0 1 1-5.93-9.14\"\/><polyline points=\"22 4 12 14.01 9 11.01\"\/><\/svg><\/span><span class=\"kt-svg-icon-list-text\">Erh\u00f6hen Sie Ihren Stil mit einem minimalistischen und originellen Touch, der sich sowohl perfekt zu einem Sommerkleid als auch zu l\u00e4ssigen Jeans harmoniert.<\/span><\/li>\n\n\n<style>.kt-svg-icon-list-item-4503_fe8df0-ee .kt-svg-icon-list-text mark.kt-highlight{background-color:unset;font-style:normal;color:#f76a0c;-webkit-box-decoration-break:clone;box-decoration-break:clone;padding-top:0px;padding-right:0px;padding-bottom:0px;padding-left:0px;}<\/style>\n<li class=\"wp-block-kadence-listitem kt-svg-icon-list-item-wrap kt-svg-icon-list-item-4503_fe8df0-ee\"><span class=\"kb-svg-icon-wrap kb-svg-icon-fe_checkCircle kt-svg-icon-list-single\"><svg viewBox=\"0 0 24 24\"  fill=\"none\" stroke=\"currentColor\" stroke-width=\"3\" stroke-linecap=\"round\" stroke-linejoin=\"round\" xmlns=\"http:\/\/www.w3.org\/2000\/svg\"  aria-hidden=\"true\"><path d=\"M22 11.08V12a10 10 0 1 1-5.93-9.14\"\/><polyline points=\"22 4 12 14.01 9 11.01\"\/><\/svg><\/span><span class=\"kt-svg-icon-list-text\">Zeigen Sie ein nachhaltiges Engagement bei jedem Schritt mit <strong>Apfellederschuhen<\/strong>, einem innovativen Material, das umweltfreundlich ist und aus Apfelresten gewonnen wird.<\/span><\/li>\n<\/ul><\/div>\n\n\n\n<p>Genie\u00dfen Sie den Sommer ohne Kompromisse bei Komfort, ohne \u00fcberm\u00e4\u00dfiges Schwitzen, ohne Spuren auf dem Planeten zu hinterlassen&#8230;<\/p>\n\n\n\n<p>F\u00fcr den Preis eines Ausflugs mit Freunden g\u00f6nnen Sie sich ein Paar Sandalen, das die Verbindung von Mode und Umweltschutz verk\u00f6rpert.<\/p>\n\n\n\n<p>Sind Sie bereit, eine verantwortungsbewusstere und stilvollere Zukunft mit den <strong>flachen schwarzen Sandalen f\u00fcr Frauen<\/strong> <strong>Finna Black<\/strong> zu \u00fcbernehmen? Unsere Best\u00e4nde sind oft ersch\u00f6pft, warten Sie nicht, um sie auszuprobieren!<\/p>\n","protected":false},"excerpt":{"rendered":"<p>Tr\u00e4umen Sie von flachen schwarzen Sandalen f\u00fcr Frauen, die harmonisch eine zeitgen\u00f6ssische \u00c4sthetik, unvergleichlichen Komfort und \u00f6kologisches Bewusstsein verk\u00f6rpern? M\u00f6chten Sie einen atmungsaktiven Schuh, der Ihren Fu\u00df leicht und frisch l\u00e4sst? Machen Sie die Entdeckung der Finna Black, flache Sandalen mit umweltfreundliche offene Fersenschuhe f\u00fcr Frauen aus AppleSkin und Bio-Baumwolle, die jeden Schritt zu einer&#8230;<\/p>\n","protected":false},"featured_media":9322,"comment_status":"open","ping_status":"closed","template":"","meta":{"_acf_changed":false,"_kad_blocks_custom_css":"","_kad_blocks_head_custom_js":"","_kad_blocks_body_custom_js":"","_kad_blocks_footer_custom_js":"","_kad_post_transparent":"","_kad_post_title":"","_kad_post_layout":"","_kad_post_sidebar_id":"","_kad_post_content_style":"","_kad_post_vertical_padding":"","_kad_post_feature":"","_kad_post_feature_position":"","_kad_post_header":false,"_kad_post_footer":false,"_kad_post_classname":""},"product_brand":[],"product_cat":[459,413],"product_tag":[447],"product_brands":[685],"class_list":{"0":"post-11367","1":"product","2":"type-product","3":"status-publish","4":"has-post-thumbnail","6":"product_cat-sandalen","7":"product_cat-schuhe-fuer-maenner-und-frauen","8":"product_tag-frau","9":"product_brands-nae-vegan-shoes-de","11":"first","12":"instock","13":"taxable","14":"shipping-taxable","15":"purchasable","16":"product-type-variable","17":"has-default-attributes","18":"entry","19":"content-bg","20":"loop-entry"},"acf":{"avantages":"\ud83c\udf2c\ufe0f Atmungsaktiv: Halten die F\u00fc\u00dfe dank guter Luftzirkulation frisch und trocken.\r\n\r\n\ud83c\udf0d Umweltfreundlich: Verwenden umweltfreundliche Materialien und Herstellungsprozesse, um die \u00f6kologische Fu\u00dfabdruck zu reduzieren.\r\n\r\n\ud83e\udda0 Antimikrobiell: Hemmen das Wachstum von Bakterien und Mikroben f\u00fcr eine bessere Hygiene und keine unangenehmen Ger\u00fcche.\r\n\r\n\ud83e\ude7a Gesundheitlich unbedenklich: Gew\u00e4hrleisten die Verwendung von gesundheitlich unbedenklichen Materialien f\u00fcr den Verbraucher.\r\n\r\n\ud83e\udd27 Hypoallergen: Minimieren allergische Reaktionen und Hautirritationen.\r\n\r\n\ud83c\udf4e Umweltfreundliche Materialien: Die Riemen bestehen aus AppleSkin, einem Material aus recycelten \u00c4pfeln, und Bio-Baumwolle.\r\n\r\n\ud83d\udc96 Bequemes Futter: Hergestellt aus 90% Mikrofasern und 10% PU f\u00fcr optimalen Komfort und Haltbarkeit.\r\n\r\n\u2699\ufe0f Rutschfeste Sohle: Aus Neolite (synthetischem Gummi) mit rutschfestem Profil f\u00fcr optimale Haftung und Haltbarkeit.\ud83c\uddf5\ud83c\uddf9 Hergestellt in Portugal: Mit Sorgfalt in Portugal hergestellt, unter Verwendung hochwertiger Materialien.","entretien":"COTON ORGANIQUE1. Entfernen Sie Staub und Schmutz vorsichtig mit einem trockenen Tuch.\r\n\r\n2. Reinigen Sie das Produkt mit einem in Seifenwasser getr\u00e4nkten Tuch.\r\n\r\n3. Lassen Sie es 24 Stunden lang an der Luft trocknen, ohne es direkter Sonneneinstrahlung auszusetzen.Achtung:\r\n\r\n\u2022 Verwenden Sie keine Reinigungscreme.\u2022\r\n\r\nGeben Sie Ihre Schuhe nicht in die Waschmaschine.\u2022\r\n\r\nTauchen Sie sie nicht in Wasser ein, da sie irreparable Sch\u00e4den erleiden k\u00f6nnten.APPLESKIN1. Reinigen Sie die Schuhe mit einem in Seifenwasser getr\u00e4nkten Tuch.\r\n\r\n2. Lassen Sie sie vor dem Auftragen einer Reinigungscreme an der Luft trocknen.\r\n\r\n3. Verwenden Sie eine Reinigungscreme, um Ihren Schuhen mehr Glanz zu verleihen. Geben Sie eine kleine Menge des Produkts auf eine weiche, trockene B\u00fcrste oder ein Tuch und reiben Sie es sanft in kreisenden Bewegungen ein, bis es vollst\u00e4ndig eingezogen ist.\r\n\r\n4. Lassen Sie es 24 Stunden lang an der Luft trocknen, fernab direkter Sonneneinstrahlung.Achtung:\u2022\r\n\r\nGeben Sie Ihre Schuhe nicht in die Waschmaschine.\u2022\r\n\r\nTauchen Sie sie nicht in Wasser ein, da dies zu irreparablen Sch\u00e4den f\u00fchren k\u00f6nnte.","marque":""},"taxonomy_info":{"product_cat":[{"value":459,"label":"Sandalen"},{"value":413,"label":"Schuhe"}],"product_tag":[{"value":447,"label":"Damenboutique"}],"product_brands":[{"value":685,"label":"NAE Vegan Shoes"}]},"featured_image_src_large":["https:\/\/ekomfort.lu\/wp-content\/uploads\/2023\/09\/finna-black-2.jpg",700,700,false],"author_info":[],"comment_info":0,"_links":{"self":[{"href":"https:\/\/ekomfort.lu\/de\/wp-json\/wp\/v2\/product\/11367","targetHints":{"allow":["GET"]}}],"collection":[{"href":"https:\/\/ekomfort.lu\/de\/wp-json\/wp\/v2\/product"}],"about":[{"href":"https:\/\/ekomfort.lu\/de\/wp-json\/wp\/v2\/types\/product"}],"replies":[{"embeddable":true,"href":"https:\/\/ekomfort.lu\/de\/wp-json\/wp\/v2\/comments?post=11367"}],"wp:featuredmedia":[{"embeddable":true,"href":"https:\/\/ekomfort.lu\/de\/wp-json\/wp\/v2\/media\/9322"}],"wp:attachment":[{"href":"https:\/\/ekomfort.lu\/de\/wp-json\/wp\/v2\/media?parent=11367"}],"wp:term":[{"taxonomy":"product_brand","embeddable":true,"href":"https:\/\/ekomfort.lu\/de\/wp-json\/wp\/v2\/product_brand?post=11367"},{"taxonomy":"product_cat","embeddable":true,"href":"https:\/\/ekomfort.lu\/de\/wp-json\/wp\/v2\/product_cat?post=11367"},{"taxonomy":"product_tag","embeddable":true,"href":"https:\/\/ekomfort.lu\/de\/wp-json\/wp\/v2\/product_tag?post=11367"},{"taxonomy":"product_brands","embeddable":true,"href":"https:\/\/ekomfort.lu\/de\/wp-json\/wp\/v2\/product_brands?post=11367"}],"curies":[{"name":"wp","href":"https:\/\/api.w.org\/{rel}","templated":true}]}}