{"id":11358,"date":"2023-08-16T14:50:12","date_gmt":"2023-08-16T12:50:12","guid":{"rendered":"https:\/\/ekomfort.lu\/shop\/freda-black-der-nachhaltige-chelsea-stiefel-von-nae-komfort-langlebigkeit-ohne-grausamkeit"},"modified":"2024-07-01T12:03:51","modified_gmt":"2024-07-01T10:03:51","slug":"freda-black-der-nachhaltige-chelsea-stiefel-von-nae-komfort-langlebigkeit-ohne-grausamkeit","status":"publish","type":"product","link":"https:\/\/ekomfort.lu\/de\/shop\/freda-black-der-nachhaltige-chelsea-stiefel-von-nae-komfort-langlebigkeit-ohne-grausamkeit\/","title":{"rendered":"Freda Black: Der nachhaltige Chelsea Stiefel von Nae &#8211; Komfort &amp; Langlebigkeit ohne Grausamkeit"},"content":{"rendered":"\n<p>Sie sind auf der Suche nach <strong>Damenstiefeln mit Absatz<\/strong>, die sowohl Ihre k\u00fchne Pers\u00f6nlichkeit als auch Ihr Engagement f\u00fcr unseren Planeten widerspiegeln? M\u00f6chten Sie einen veganen Stil annehmen, ohne dabei \u00c4sthetik oder Komfort zu beeintr\u00e4chtigen?<\/p>\n\n\n\n<p>Entdecken Sie die <strong>Freda Black<\/strong>, einen veganen Chelsea-Stiefel in Kn\u00f6chelh\u00f6he, der zeitlosen Stil, Langlebigkeit und ethisches Bewusstsein perfekt vereint.<\/p>\n\n\n\n<p>W\u00e4hlen Sie <strong>Freda Black<\/strong> und:<\/p>\n\n\n<style>.wp-block-kadence-iconlist.kt-svg-icon-list-items11358_cc386f-dd:not(.this-stops-third-party-issues){margin-top:0px;margin-bottom:0px;}.wp-block-kadence-iconlist.kt-svg-icon-list-items11358_cc386f-dd ul.kt-svg-icon-list:not(.this-prevents-issues):not(.this-stops-third-party-issues):not(.tijsloc){margin-top:0px;margin-right:0px;margin-bottom:var(--global-kb-spacing-sm, 1.5rem);margin-left:0px;}.wp-block-kadence-iconlist.kt-svg-icon-list-items11358_cc386f-dd ul.kt-svg-icon-list{grid-row-gap:5px;}.wp-block-kadence-iconlist.kt-svg-icon-list-items11358_cc386f-dd .kb-svg-icon-wrap{font-size:18px;color:var(--global-palette1, #3182CE);}.wp-block-kadence-iconlist.kt-svg-icon-list-items11358_cc386f-dd ul.kt-svg-icon-list .kt-svg-icon-list-item-wrap .kt-svg-icon-list-single{margin-right:10px;}.kt-svg-icon-list-items11358_cc386f-dd ul.kt-svg-icon-list .kt-svg-icon-list-level-0 .kt-svg-icon-list-single svg{font-size:20px;}<\/style>\n<div class=\"wp-block-kadence-iconlist kt-svg-icon-list-items kt-svg-icon-list-items11358_cc386f-dd kt-svg-icon-list-columns-1 alignnone\"><ul class=\"kt-svg-icon-list\"><style>.kt-svg-icon-list-item-4506_e589b5-d5 .kt-svg-icon-list-text mark.kt-highlight{background-color:unset;font-style:normal;color:#f76a0c;-webkit-box-decoration-break:clone;box-decoration-break:clone;padding-top:0px;padding-right:0px;padding-bottom:0px;padding-left:0px;}<\/style>\n<li class=\"wp-block-kadence-listitem kt-svg-icon-list-item-wrap kt-svg-icon-list-item-4506_e589b5-d5\"><span class=\"kb-svg-icon-wrap kb-svg-icon-fe_checkCircle kt-svg-icon-list-single\"><svg viewBox=\"0 0 24 24\"  fill=\"none\" stroke=\"currentColor\" stroke-width=\"3\" stroke-linecap=\"round\" stroke-linejoin=\"round\" xmlns=\"http:\/\/www.w3.org\/2000\/svg\"  aria-hidden=\"true\"><path d=\"M22 11.08V12a10 10 0 1 1-5.93-9.14\"\/><polyline points=\"22 4 12 14.01 9 11.01\"\/><\/svg><\/span><span class=\"kt-svg-icon-list-text\">Unterstreichen Sie Ihre K\u00fchnheit mit einer robusten und profilierten Sohle, die nicht nur einen modischen Look bietet, sondern auch optimalen Halt f\u00fcr Ihre st\u00e4dtischen Abenteuer gew\u00e4hrleistet.<\/span><\/li>\n\n\n<style>.kt-svg-icon-list-item-4506_96a8ac-a0 .kt-svg-icon-list-text mark.kt-highlight{background-color:unset;font-style:normal;color:#f76a0c;-webkit-box-decoration-break:clone;box-decoration-break:clone;padding-top:0px;padding-right:0px;padding-bottom:0px;padding-left:0px;}<\/style>\n<li class=\"wp-block-kadence-listitem kt-svg-icon-list-item-wrap kt-svg-icon-list-item-4506_96a8ac-a0\"><span class=\"kb-svg-icon-wrap kb-svg-icon-fe_checkCircle kt-svg-icon-list-single\"><svg viewBox=\"0 0 24 24\"  fill=\"none\" stroke=\"currentColor\" stroke-width=\"3\" stroke-linecap=\"round\" stroke-linejoin=\"round\" xmlns=\"http:\/\/www.w3.org\/2000\/svg\"  aria-hidden=\"true\"><path d=\"M22 11.08V12a10 10 0 1 1-5.93-9.14\"\/><polyline points=\"22 4 12 14.01 9 11.01\"\/><\/svg><\/span><span class=\"kt-svg-icon-list-text\">Tauchen Sie ein in den t\u00e4glichen Komfort dank der gepolsterten EVA-Gummisohle, die Ihre F\u00fc\u00dfe vor Blasen sch\u00fctzt.<\/span><\/li>\n\n\n<style>.kt-svg-icon-list-item-4506_26f6d9-3c .kt-svg-icon-list-text mark.kt-highlight{background-color:unset;font-style:normal;color:#f76a0c;-webkit-box-decoration-break:clone;box-decoration-break:clone;padding-top:0px;padding-right:0px;padding-bottom:0px;padding-left:0px;}<\/style>\n<li class=\"wp-block-kadence-listitem kt-svg-icon-list-item-wrap kt-svg-icon-list-item-4506_26f6d9-3c\"><span class=\"kb-svg-icon-wrap kb-svg-icon-fe_checkCircle kt-svg-icon-list-single\"><svg viewBox=\"0 0 24 24\"  fill=\"none\" stroke=\"currentColor\" stroke-width=\"3\" stroke-linecap=\"round\" stroke-linejoin=\"round\" xmlns=\"http:\/\/www.w3.org\/2000\/svg\"  aria-hidden=\"true\"><path d=\"M22 11.08V12a10 10 0 1 1-5.93-9.14\"\/><polyline points=\"22 4 12 14.01 9 11.01\"\/><\/svg><\/span><span class=\"kt-svg-icon-list-text\">Seien Sie stolz darauf, eine ethische Wahl mit innovativem und nachhaltigem veganem Leder zu treffen.<\/span><\/li>\n<\/ul><\/div>\n\n\n\n<p>Des <strong>vegane Stiefel mit Profilsohle<\/strong>, frei von \u00fcberm\u00e4\u00dfigem Schwitzen, unangenehmen Ger\u00fcchen und Tierqu\u00e4lerei&#8230;<\/p>\n\n\n\n<p>Gehen Sie mit Stil, in vollem Vertrauen und mit R\u00fccksicht auf die Natur um uns herum zu einem erschwinglichen Preis.<\/p>\n\n\n\n<p>Sind Sie bereit, in Harmonie mit Ihren Werten und Ihrem Lebensstil zu leben? Die Chelsea-Stiefel <strong>Freda Black<\/strong> sind sehr gefragt, also warten Sie nicht l\u00e4nger und geben Sie Ihre Bestellung auf.<\/p>\n","protected":false},"excerpt":{"rendered":"<p>Sie sind auf der Suche nach Damenstiefeln mit Absatz, die sowohl Ihre k\u00fchne Pers\u00f6nlichkeit als auch Ihr Engagement f\u00fcr unseren Planeten widerspiegeln? M\u00f6chten Sie einen veganen Stil annehmen, ohne dabei \u00c4sthetik oder Komfort zu beeintr\u00e4chtigen? Entdecken Sie die Freda Black, einen veganen Chelsea-Stiefel in Kn\u00f6chelh\u00f6he, der zeitlosen Stil, Langlebigkeit und ethisches Bewusstsein perfekt vereint. W\u00e4hlen&#8230;<\/p>\n","protected":false},"featured_media":9332,"comment_status":"open","ping_status":"closed","template":"","meta":{"_acf_changed":false,"_kad_blocks_custom_css":"","_kad_blocks_head_custom_js":"","_kad_blocks_body_custom_js":"","_kad_blocks_footer_custom_js":"","_kad_post_transparent":"","_kad_post_title":"","_kad_post_layout":"","_kad_post_sidebar_id":"","_kad_post_content_style":"","_kad_post_vertical_padding":"","_kad_post_feature":"","_kad_post_feature_position":"","_kad_post_header":false,"_kad_post_footer":false,"_kad_post_classname":""},"product_brand":[],"product_cat":[413,414],"product_tag":[447],"product_brands":[685],"class_list":{"0":"post-11358","1":"product","2":"type-product","3":"status-publish","4":"has-post-thumbnail","6":"product_cat-schuhe-fuer-maenner-und-frauen","7":"product_cat-stiefel","8":"product_tag-frau","9":"product_brands-nae-vegan-shoes-de","11":"first","12":"outofstock","13":"taxable","14":"shipping-taxable","15":"purchasable","16":"product-type-variable","17":"has-default-attributes","18":"entry","19":"content-bg","20":"loop-entry"},"acf":{"avantages":"\ud83d\udca7 Wasserfest: Halte deine F\u00fc\u00dfe auch bei Regen trocken.\r\n\r\n\ud83c\udf2c\ufe0f Atmungsaktiv: F\u00fcr optimale Luftzirkulation und frische, trockene F\u00fc\u00dfe.\r\n\r\n\ud83c\udf21\ufe0f Antimikrobiell und hypoallergen: F\u00fcr optimale Hygiene und Minimierung allergischer Reaktionen.\r\n\r\n\ud83d\udeab Sichere Materialien: Hergestellt aus ungiftigen Materialien zum Schutz der Gesundheit deiner F\u00fc\u00dfe.\r\n\r\n\ud83d\udc62 Schaft aus veganem Leder: Eine tierfreundliche Alternative f\u00fcr einen ethischen Stil.\r\n\r\n\ud83d\udee1\ufe0f Futter aus Mikrofasern und PU: F\u00fcr h\u00f6chsten Komfort und Haltbarkeit.\r\n\r\n\ud83d\udd06 Gepolsterte Einlegesohle: Mit EVA-Gummi und feuchtigkeitsabweisender Mikrofaser f\u00fcr optimale D\u00e4mpfung und Schutz vor Feuchtigkeit.\r\n\r\n\ud83d\udc63 Laufsohle aus expandiertem TR-Gummi: Mit rutschfestem Profil f\u00fcr maximale Haftung und Haltbarkeit.\r\n\r\n\ud83d\udd17 Elastische Seitenb\u00e4nder: F\u00fcr eine perfekte Passform und sicheren Halt.\ud83c\uddf5\ud83c\uddf9 Hergestellt in Portugal: Mit Sorgfalt, unter Ber\u00fccksichtigung der Umwelt und fairer Arbeitsbedingungen.","entretien":"1. Entfernen Sie Staub oder Schlamm mit einer weichen B\u00fcrste oder einem trockenen Tuch.\r\n\r\n2. Reinigen Sie den gesamten Schuh, indem Sie sanft mit einem feuchten Tuch in kreisenden Bewegungen reiben.\r\n\r\n3. Verwenden Sie f\u00fcr hartn\u00e4ckige Flecken eine weiche B\u00fcrste und Wasser, indem Sie sanft in kreisenden Bewegungen reiben.\r\n\r\n4. Lassen Sie die Schuhe vor dem Auftragen einer Reinigungscreme an der Luft trocknen (optional).\r\n\r\n5. Tragen Sie eine kleine Menge Reinigungscreme auf eine weiche, trockene B\u00fcrste oder ein Tuch auf und reiben Sie sanft in kreisenden Bewegungen, bis sie vollst\u00e4ndig eingezogen ist.\r\n\r\n6. Lassen Sie die Schuhe 24 Stunden lang an der Luft trocknen, fern von direktem Sonnenlicht.Achtung:\r\n\r\n- Geben Sie Ihre Schuhe nicht in die Waschmaschine.\r\n\r\n- Tauchen Sie sie nicht in Wasser ein, da dies zu irreparablen Sch\u00e4den f\u00fchren k\u00f6nnte.Produktlebensdauer:Wenn Ihre veganen Schuhe das Ende ihrer Lebensdauer erreicht haben oder Sie sie nicht mehr ben\u00f6tigen, erw\u00e4gen Sie, ihnen ein zweites Leben zu schenken. Verwenden Sie sie auf eine andere Weise selbst oder lassen Sie jemand anderen davon profitieren.","marque":""},"taxonomy_info":{"product_cat":[{"value":413,"label":"Schuhe"},{"value":414,"label":"Stiefel"}],"product_tag":[{"value":447,"label":"Damenboutique"}],"product_brands":[{"value":685,"label":"NAE Vegan Shoes"}]},"featured_image_src_large":["https:\/\/ekomfort.lu\/wp-content\/uploads\/2023\/09\/freda-black-2.jpg",700,700,false],"author_info":[],"comment_info":0,"_links":{"self":[{"href":"https:\/\/ekomfort.lu\/de\/wp-json\/wp\/v2\/product\/11358","targetHints":{"allow":["GET"]}}],"collection":[{"href":"https:\/\/ekomfort.lu\/de\/wp-json\/wp\/v2\/product"}],"about":[{"href":"https:\/\/ekomfort.lu\/de\/wp-json\/wp\/v2\/types\/product"}],"replies":[{"embeddable":true,"href":"https:\/\/ekomfort.lu\/de\/wp-json\/wp\/v2\/comments?post=11358"}],"wp:featuredmedia":[{"embeddable":true,"href":"https:\/\/ekomfort.lu\/de\/wp-json\/wp\/v2\/media\/9332"}],"wp:attachment":[{"href":"https:\/\/ekomfort.lu\/de\/wp-json\/wp\/v2\/media?parent=11358"}],"wp:term":[{"taxonomy":"product_brand","embeddable":true,"href":"https:\/\/ekomfort.lu\/de\/wp-json\/wp\/v2\/product_brand?post=11358"},{"taxonomy":"product_cat","embeddable":true,"href":"https:\/\/ekomfort.lu\/de\/wp-json\/wp\/v2\/product_cat?post=11358"},{"taxonomy":"product_tag","embeddable":true,"href":"https:\/\/ekomfort.lu\/de\/wp-json\/wp\/v2\/product_tag?post=11358"},{"taxonomy":"product_brands","embeddable":true,"href":"https:\/\/ekomfort.lu\/de\/wp-json\/wp\/v2\/product_brands?post=11358"}],"curies":[{"name":"wp","href":"https:\/\/api.w.org\/{rel}","templated":true}]}}