{"id":11277,"date":"2023-08-16T14:50:14","date_gmt":"2023-08-16T12:50:14","guid":{"rendered":"https:\/\/ekomfort.lu\/shop\/bottines-noires-femme-talon-hilda-black-de-nae-eleganz-und-komfort-fuer-eine-dynamische-frau"},"modified":"2024-07-01T12:02:49","modified_gmt":"2024-07-01T10:02:49","slug":"bottines-noires-femme-talon-hilda-black-de-nae-eleganz-und-komfort-fuer-eine-dynamische-frau","status":"publish","type":"product","link":"https:\/\/ekomfort.lu\/de\/shop\/bottines-noires-femme-talon-hilda-black-de-nae-eleganz-und-komfort-fuer-eine-dynamische-frau\/","title":{"rendered":"Bottines noires femme talon Hilda Black de Nae: Eleganz und Komfort f\u00fcr eine dynamische Frau"},"content":{"rendered":"\n<p>Sind Sie eine dynamische Frau, die die Verbindung von Eleganz und Komfort sch\u00e4tzt? Suchen Sie nach einem <strong>Stiefel mit Blockabsatz<\/strong>, der Ihrem Lebensstil entspricht und dabei ethisch einwandfrei ist?<\/p>\n\n\n\n<p>F\u00fcgen Sie die <strong>Hilda Black<\/strong> Ihrem Kleiderschrank hinzu, die <strong>veganen Chelsea-Schuhe f\u00fcr Frauen<\/strong> mit quadratischem Absatz, sorgf\u00e4ltig aus hochwertigem veganem Leder gefertigt.<\/p>\n\n\n\n<p>Wagen Sie es, die <strong>Stiefeletten Hilda Black<\/strong> von Nae zu tragen und:<\/p>\n\n\n<style>.wp-block-kadence-iconlist.kt-svg-icon-list-items11277_4a1bb3-48:not(.this-stops-third-party-issues){margin-top:0px;margin-bottom:0px;}.wp-block-kadence-iconlist.kt-svg-icon-list-items11277_4a1bb3-48 ul.kt-svg-icon-list:not(.this-prevents-issues):not(.this-stops-third-party-issues):not(.tijsloc){margin-top:0px;margin-right:0px;margin-bottom:var(--global-kb-spacing-sm, 1.5rem);margin-left:0px;}.wp-block-kadence-iconlist.kt-svg-icon-list-items11277_4a1bb3-48 ul.kt-svg-icon-list{grid-row-gap:5px;}.wp-block-kadence-iconlist.kt-svg-icon-list-items11277_4a1bb3-48 .kb-svg-icon-wrap{font-size:18px;color:var(--global-palette1, #3182CE);}.wp-block-kadence-iconlist.kt-svg-icon-list-items11277_4a1bb3-48 ul.kt-svg-icon-list .kt-svg-icon-list-item-wrap .kt-svg-icon-list-single{margin-right:10px;}.kt-svg-icon-list-items11277_4a1bb3-48 ul.kt-svg-icon-list .kt-svg-icon-list-level-0 .kt-svg-icon-list-single svg{font-size:20px;}<\/style>\n<div class=\"wp-block-kadence-iconlist kt-svg-icon-list-items kt-svg-icon-list-items11277_4a1bb3-48 kt-svg-icon-list-columns-1 alignnone\"><ul class=\"kt-svg-icon-list\"><style>.kt-svg-icon-list-item-4517_2f0671-fa .kt-svg-icon-list-text mark.kt-highlight{background-color:unset;font-style:normal;color:#f76a0c;-webkit-box-decoration-break:clone;box-decoration-break:clone;padding-top:0px;padding-right:0px;padding-bottom:0px;padding-left:0px;}<\/style>\n<li class=\"wp-block-kadence-listitem kt-svg-icon-list-item-wrap kt-svg-icon-list-item-4517_2f0671-fa\"><span class=\"kb-svg-icon-wrap kb-svg-icon-fe_checkCircle kt-svg-icon-list-single\"><svg viewBox=\"0 0 24 24\"  fill=\"none\" stroke=\"currentColor\" stroke-width=\"3\" stroke-linecap=\"round\" stroke-linejoin=\"round\" xmlns=\"http:\/\/www.w3.org\/2000\/svg\"  aria-hidden=\"true\"><path d=\"M22 11.08V12a10 10 0 1 1-5.93-9.14\"\/><polyline points=\"22 4 12 14.01 9 11.01\"\/><\/svg><\/span><span class=\"kt-svg-icon-list-text\">Durchstreifen Sie Ihren Tag mit Vertrauen und Stil dank eines raffinierten quadratischen Absatzes, der jedem Schritt eine Note von Eleganz verleiht, ohne Ihren Komfort oder Ihre Stabilit\u00e4t zu beeintr\u00e4chtigen.<\/span><\/li>\n\n\n<style>.kt-svg-icon-list-item-4517_87c485-dd .kt-svg-icon-list-text mark.kt-highlight{background-color:unset;font-style:normal;color:#f76a0c;-webkit-box-decoration-break:clone;box-decoration-break:clone;padding-top:0px;padding-right:0px;padding-bottom:0px;padding-left:0px;}<\/style>\n<li class=\"wp-block-kadence-listitem kt-svg-icon-list-item-wrap kt-svg-icon-list-item-4517_87c485-dd\"><span class=\"kb-svg-icon-wrap kb-svg-icon-fe_checkCircle kt-svg-icon-list-single\"><svg viewBox=\"0 0 24 24\"  fill=\"none\" stroke=\"currentColor\" stroke-width=\"3\" stroke-linecap=\"round\" stroke-linejoin=\"round\" xmlns=\"http:\/\/www.w3.org\/2000\/svg\"  aria-hidden=\"true\"><path d=\"M22 11.08V12a10 10 0 1 1-5.93-9.14\"\/><polyline points=\"22 4 12 14.01 9 11.01\"\/><\/svg><\/span><span class=\"kt-svg-icon-list-text\">Genie\u00dfen Sie die zeitlose Eleganz dieser Stiefeletten, verziert mit einer subtilen R\u00fcckenlasche und elastischen B\u00e4ndern f\u00fcr einfaches Anziehen.<\/span><\/li>\n\n\n<style>.kt-svg-icon-list-item-4517_53b65c-68 .kt-svg-icon-list-text mark.kt-highlight{background-color:unset;font-style:normal;color:#f76a0c;-webkit-box-decoration-break:clone;box-decoration-break:clone;padding-top:0px;padding-right:0px;padding-bottom:0px;padding-left:0px;}<\/style>\n<li class=\"wp-block-kadence-listitem kt-svg-icon-list-item-wrap kt-svg-icon-list-item-4517_53b65c-68\"><span class=\"kb-svg-icon-wrap kb-svg-icon-fe_checkCircle kt-svg-icon-list-single\"><svg viewBox=\"0 0 24 24\"  fill=\"none\" stroke=\"currentColor\" stroke-width=\"3\" stroke-linecap=\"round\" stroke-linejoin=\"round\" xmlns=\"http:\/\/www.w3.org\/2000\/svg\"  aria-hidden=\"true\"><path d=\"M22 11.08V12a10 10 0 1 1-5.93-9.14\"\/><polyline points=\"22 4 12 14.01 9 11.01\"\/><\/svg><\/span><span class=\"kt-svg-icon-list-text\">Treffen Sie eine ethisch verantwortungsbewusste Wahl mit umweltfreundlichem, wasserabweisendem und langlebigem veganem Leder. Eine Wahl, die Ihre Zuneigung zu Tieren und Respekt f\u00fcr die Natur ehrt.<\/span><\/li>\n<\/ul><\/div>\n\n\n\n<p>Ohne Schmerzen, ohne \u00fcberm\u00e4\u00dfiges Schwitzen, ohne Toxine &#8230;<\/p>\n\n\n\n<p>F\u00fcr den Preis eines Abendessens in einem Gourmetrestaurant investieren Sie in langfristigen Stil und Komfort, der Ihren tiefsten \u00dcberzeugungen entspricht.<\/p>\n\n\n\n<p>Bist du bereit, einen verantwortungsvolleren Stil mit den <strong>Hilda Black<\/strong> anzunehmen? Dieses Modell ist bei aktiven Frauen sehr beliebt, die die Bedeutung einer ausgewogenen Garderobe kennen. Agieren Sie schnell, der Bestand ist begrenzt!<\/p>\n","protected":false},"excerpt":{"rendered":"<p>Sind Sie eine dynamische Frau, die die Verbindung von Eleganz und Komfort sch\u00e4tzt? Suchen Sie nach einem Stiefel mit Blockabsatz, der Ihrem Lebensstil entspricht und dabei ethisch einwandfrei ist? F\u00fcgen Sie die Hilda Black Ihrem Kleiderschrank hinzu, die veganen Chelsea-Schuhe f\u00fcr Frauen mit quadratischem Absatz, sorgf\u00e4ltig aus hochwertigem veganem Leder gefertigt. Wagen Sie es, die&#8230;<\/p>\n","protected":false},"featured_media":9270,"comment_status":"open","ping_status":"closed","template":"","meta":{"_acf_changed":false,"_kad_blocks_custom_css":"","_kad_blocks_head_custom_js":"","_kad_blocks_body_custom_js":"","_kad_blocks_footer_custom_js":"","_kad_post_transparent":"","_kad_post_title":"","_kad_post_layout":"","_kad_post_sidebar_id":"","_kad_post_content_style":"","_kad_post_vertical_padding":"","_kad_post_feature":"","_kad_post_feature_position":"","_kad_post_header":false,"_kad_post_footer":false,"_kad_post_classname":""},"product_brand":[],"product_cat":[414,413],"product_tag":[447],"product_brands":[685],"class_list":{"0":"post-11277","1":"product","2":"type-product","3":"status-publish","4":"has-post-thumbnail","6":"product_cat-stiefel","7":"product_cat-schuhe-fuer-maenner-und-frauen","8":"product_tag-frau","9":"product_brands-nae-vegan-shoes-de","11":"first","12":"outofstock","13":"taxable","14":"shipping-taxable","15":"purchasable","16":"product-type-variable","17":"has-default-attributes","18":"entry","19":"content-bg","20":"loop-entry"},"acf":{"avantages":"\ud83d\udca6 Wasserdicht, um die F\u00fc\u00dfe trocken zu halten.\r\n\r\n\ud83c\udf2c\ufe0f Atmungsaktiv f\u00fcr optimale Luftzirkulation.\r\n\r\n\ud83e\udd27 Antimikrobiell und hypoallergen, ideal f\u00fcr empfindliche Haut.\r\n\r\n\ud83d\udd2c Hergestellt aus gesundheitlich unbedenklichen Materialien.\r\n\r\n\ud83c\udf31 Obermaterial aus umweltfreundlichem, langlebigem veganem Leder.\r\n\r\n\ud83d\udee1\ufe0f Futter aus Mikrofasern und PU f\u00fcr Komfort und Langlebigkeit.\r\n\r\n\ud83d\udca7 Gepolsterte Einlegesohle mit EVA-Gummi und feuchtigkeitsabweisender Mikrofaser f\u00fcr optimalen Komfort.\r\n\r\n\ud83d\udc5f Langlebige und rutschfeste TR-Gummisohle f\u00fcr Haftung und Haltbarkeit.\r\n\r\n\ud83c\udfde\ufe0f Ohne Verschluss dank seitlicher Stretch-Elastikb\u00e4nder f\u00fcr eine bequeme Passform.\r\n\r\n\ud83d\udc60 7,5 cm Absatz f\u00fcr einen femininen und eleganten Touch.\r\n\r\n\ud83c\uddf5\ud83c\uddf9 Mit Sorgfalt in Portugal aus umweltfreundlichen Materialien hergestellt.","entretien":"1. Entfernen Sie den Staub oder Schlamm von Ihren Schuhen mit einer weichen B\u00fcrste oder einem trockenen Tuch.\r\n\r\n2. Verwenden Sie ein feuchtes Tuch und reiben Sie sanft in kreisenden Bewegungen \u00fcber den gesamten Schuh.\r\n\r\n3. Reinigen Sie regelm\u00e4\u00dfig Ihr Tuch, um eine Verbreitung von Schmutz zu vermeiden.\r\n\r\n4. Verwenden Sie f\u00fcr hartn\u00e4ckige Flecken eine weiche B\u00fcrste und Wasser, und reiben Sie sanft in kreisenden Bewegungen.\r\n\r\n5. Lassen Sie die Schuhe vor dem Auftragen einer Reinigungscreme an der Luft trocknen.\r\n\r\n6. Verwenden Sie eine kleine Menge Reinigungscreme auf einer weichen, trockenen B\u00fcrste oder einem Tuch und reiben Sie sie sanft in kreisenden Bewegungen ein, bis sie vollst\u00e4ndig eingezogen ist.\r\n\r\n7. Lassen Sie die Schuhe 24 Stunden lang an der Luft trocknen, fern von direktem Sonnenlicht.Achtung:\r\n\r\n- Geben Sie Ihre Schuhe nicht in die Waschmaschine.\r\n\r\n- Tauchen Sie sie nicht in Wasser ein, da dies zu irreparablen Sch\u00e4den f\u00fchren k\u00f6nnte.Produktlebensdauer:Wenn Ihre veganen Schuhe das Ende ihrer Lebensdauer erreicht haben oder Sie sie nicht mehr ben\u00f6tigen, \u00fcberlegen Sie, ihnen ein zweites Leben zu geben. Verwenden Sie sie auf eine andere Weise selbst oder geben Sie sie jemand anderem.","marque":""},"taxonomy_info":{"product_cat":[{"value":414,"label":"Stiefel"},{"value":413,"label":"Schuhe"}],"product_tag":[{"value":447,"label":"Damenboutique"}],"product_brands":[{"value":685,"label":"NAE Vegan Shoes"}]},"featured_image_src_large":["https:\/\/ekomfort.lu\/wp-content\/uploads\/2023\/09\/hilda-black-1.jpg",700,700,false],"author_info":[],"comment_info":0,"_links":{"self":[{"href":"https:\/\/ekomfort.lu\/de\/wp-json\/wp\/v2\/product\/11277","targetHints":{"allow":["GET"]}}],"collection":[{"href":"https:\/\/ekomfort.lu\/de\/wp-json\/wp\/v2\/product"}],"about":[{"href":"https:\/\/ekomfort.lu\/de\/wp-json\/wp\/v2\/types\/product"}],"replies":[{"embeddable":true,"href":"https:\/\/ekomfort.lu\/de\/wp-json\/wp\/v2\/comments?post=11277"}],"wp:featuredmedia":[{"embeddable":true,"href":"https:\/\/ekomfort.lu\/de\/wp-json\/wp\/v2\/media\/9270"}],"wp:attachment":[{"href":"https:\/\/ekomfort.lu\/de\/wp-json\/wp\/v2\/media?parent=11277"}],"wp:term":[{"taxonomy":"product_brand","embeddable":true,"href":"https:\/\/ekomfort.lu\/de\/wp-json\/wp\/v2\/product_brand?post=11277"},{"taxonomy":"product_cat","embeddable":true,"href":"https:\/\/ekomfort.lu\/de\/wp-json\/wp\/v2\/product_cat?post=11277"},{"taxonomy":"product_tag","embeddable":true,"href":"https:\/\/ekomfort.lu\/de\/wp-json\/wp\/v2\/product_tag?post=11277"},{"taxonomy":"product_brands","embeddable":true,"href":"https:\/\/ekomfort.lu\/de\/wp-json\/wp\/v2\/product_brands?post=11277"}],"curies":[{"name":"wp","href":"https:\/\/api.w.org\/{rel}","templated":true}]}}