{"id":11269,"date":"2023-08-16T14:50:15","date_gmt":"2023-08-16T12:50:15","guid":{"rendered":"https:\/\/ekomfort.lu\/shop\/translate-the-following-text-to-de-preserving-any-code-bequeme-absatzsandalen-jasmin-black-von-nae-femininitaet-ethik-und-komfort-bei-jedem-schritt-in-einklang-bringen"},"modified":"2026-05-03T16:17:36","modified_gmt":"2026-05-03T14:17:36","slug":"jasmin-black-bequeme-absatzsandalen-nae","status":"publish","type":"product","link":"https:\/\/ekomfort.lu\/de\/shop\/jasmin-black-bequeme-absatzsandalen-nae\/","title":{"rendered":"Bequeme Absatzsandalen Jasmin Black von NAE: Femininit\u00e4t, Ethik und Komfort bei jedem Schritt in Einklang bringen"},"content":{"rendered":"\n<p>Tr\u00e4umen Sie von einem Paar umweltvertr\u00e4glicher <strong>Damen<\/strong>-Sandalen, die Eleganz und Ethik auf subtile Weise vereinen? Sie m\u00f6chten Schuhe, die sowohl bequem als auch umweltfreundlich sind und jedes Ihrer Outfits aufwerten, ohne unsere Umwelt negativ zu beeinflussen.<\/p>\n\n\n\n<p>Enth\u00fclle die Magie des <strong>Jasmin Black<\/strong>: bequeme <strong>vegane Absatzsandale<\/strong>, die Stil, Komfort und Umweltengagement perfekt miteinander vereint.<\/p>\n\n\n\n<p>Strecken Sie Ihre Hand noch heute nach <strong>Jasmin Black<\/strong> aus.<\/p>\n\n\n<style>.wp-block-kadence-iconlist.kt-svg-icon-list-items11269_bb2651-3a:not(.this-stops-third-party-issues){margin-top:0px;margin-bottom:0px;}.wp-block-kadence-iconlist.kt-svg-icon-list-items11269_bb2651-3a ul.kt-svg-icon-list:not(.this-prevents-issues):not(.this-stops-third-party-issues):not(.tijsloc){margin-top:0px;margin-right:0px;margin-bottom:var(--global-kb-spacing-sm, 1.5rem);margin-left:0px;}.wp-block-kadence-iconlist.kt-svg-icon-list-items11269_bb2651-3a ul.kt-svg-icon-list{grid-row-gap:5px;}.wp-block-kadence-iconlist.kt-svg-icon-list-items11269_bb2651-3a .kb-svg-icon-wrap{font-size:18px;color:var(--global-palette1, #3182CE);}.wp-block-kadence-iconlist.kt-svg-icon-list-items11269_bb2651-3a ul.kt-svg-icon-list .kt-svg-icon-list-item-wrap .kt-svg-icon-list-single{margin-right:10px;}.kt-svg-icon-list-items11269_bb2651-3a ul.kt-svg-icon-list .kt-svg-icon-list-level-0 .kt-svg-icon-list-single svg{font-size:20px;}<\/style>\n<div class=\"wp-block-kadence-iconlist kt-svg-icon-list-items kt-svg-icon-list-items11269_bb2651-3a kt-svg-icon-list-columns-1 alignnone\"><ul class=\"kt-svg-icon-list\"><style>.kt-svg-icon-list-item-4526_903d0c-68 .kt-svg-icon-list-text mark.kt-highlight{background-color:unset;font-style:normal;color:#f76a0c;-webkit-box-decoration-break:clone;box-decoration-break:clone;padding-top:0px;padding-right:0px;padding-bottom:0px;padding-left:0px;}<\/style>\n<li class=\"wp-block-kadence-listitem kt-svg-icon-list-item-wrap kt-svg-icon-list-item-4526_903d0c-68\"><span class=\"kb-svg-icon-wrap kb-svg-icon-fe_checkCircle kt-svg-icon-list-single\"><svg viewBox=\"0 0 24 24\"  fill=\"none\" stroke=\"currentColor\" stroke-width=\"3\" stroke-linecap=\"round\" stroke-linejoin=\"round\" xmlns=\"http:\/\/www.w3.org\/2000\/svg\"  aria-hidden=\"true\"><path d=\"M22 11.08V12a10 10 0 1 1-5.93-9.14\"\/><polyline points=\"22 4 12 14.01 9 11.01\"\/><\/svg><\/span><span class=\"kt-svg-icon-list-text\">Strahlen Sie zu jeder Zeit in tausend Lichtern, dank schicken gekreuzten Riemen und einer Veredelung mit Effekt <strong>Velourslederschuhe<\/strong>, die die Eleganz all Ihrer Outfits erh\u00f6hen.<\/span><\/li>\n\n\n<style>.kt-svg-icon-list-item-4526_3bb43d-58 .kt-svg-icon-list-text mark.kt-highlight{background-color:unset;font-style:normal;color:#f76a0c;-webkit-box-decoration-break:clone;box-decoration-break:clone;padding-top:0px;padding-right:0px;padding-bottom:0px;padding-left:0px;}<\/style>\n<li class=\"wp-block-kadence-listitem kt-svg-icon-list-item-wrap kt-svg-icon-list-item-4526_3bb43d-58\"><span class=\"kb-svg-icon-wrap kb-svg-icon-fe_checkCircle kt-svg-icon-list-single\"><svg viewBox=\"0 0 24 24\"  fill=\"none\" stroke=\"currentColor\" stroke-width=\"3\" stroke-linecap=\"round\" stroke-linejoin=\"round\" xmlns=\"http:\/\/www.w3.org\/2000\/svg\"  aria-hidden=\"true\"><path d=\"M22 11.08V12a10 10 0 1 1-5.93-9.14\"\/><polyline points=\"22 4 12 14.01 9 11.01\"\/><\/svg><\/span><span class=\"kt-svg-icon-list-text\">Entdecken Sie ein Gef\u00fchl der Leichtigkeit und des unvergleichlichen Komforts dank einer gepolsterten, feuchtigkeitsabweisenden EVA-Gummisohle, die eine au\u00dfergew\u00f6hnliche Unterst\u00fctzung f\u00fcr Ihren Fu\u00dfgew\u00f6lbe bietet.<\/span><\/li>\n\n\n<style>.kt-svg-icon-list-item-4526_ecd705-4f .kt-svg-icon-list-text mark.kt-highlight{background-color:unset;font-style:normal;color:#f76a0c;-webkit-box-decoration-break:clone;box-decoration-break:clone;padding-top:0px;padding-right:0px;padding-bottom:0px;padding-left:0px;}<\/style>\n<li class=\"wp-block-kadence-listitem kt-svg-icon-list-item-wrap kt-svg-icon-list-item-4526_ecd705-4f\"><span class=\"kb-svg-icon-wrap kb-svg-icon-fe_checkCircle kt-svg-icon-list-single\"><svg viewBox=\"0 0 24 24\"  fill=\"none\" stroke=\"currentColor\" stroke-width=\"3\" stroke-linecap=\"round\" stroke-linejoin=\"round\" xmlns=\"http:\/\/www.w3.org\/2000\/svg\"  aria-hidden=\"true\"><path d=\"M22 11.08V12a10 10 0 1 1-5.93-9.14\"\/><polyline points=\"22 4 12 14.01 9 11.01\"\/><\/svg><\/span><span class=\"kt-svg-icon-list-text\">Versch\u00f6nern Sie Ihre Zukunft mit diesen umweltfreundlichen <strong>Sandalen f\u00fcr Frauen<\/strong>, hergestellt aus innovativen und vollst\u00e4ndig tierversuchsfreien Materialien.<\/span><\/li>\n<\/ul><\/div>\n\n\n\n<p>Sagen Sie Auf Wiedersehen zu Gl\u00fchbirnen, \u00fcberm\u00e4\u00dfigem Schwitzen und Tierqu\u00e4lerei und sagen Sie Ja zur Nachhaltigkeit&#8230;<\/p>\n\n\n\n<p>Und das alles zu einem deutlich niedrigeren Preis als Luxusmarken, w\u00e4hrend gleichzeitig Qualit\u00e4t und Ethik gewahrt werden.<\/p>\n\n\n\n<p>Sind Sie bereit, mit Eleganz und Bewusstsein zu gehen? <strong>Jasmin Black<\/strong> ist ein sehr gefragtes Modell und unsere Best\u00e4nde werden schnell knapp. N&#8217;attendez plus pour les essayer !<\/p>\n","protected":false},"excerpt":{"rendered":"<p>Tr\u00e4umen Sie von einem Paar umweltvertr\u00e4glicher Damen-Sandalen, die Eleganz und Ethik auf subtile Weise vereinen? Sie m\u00f6chten Schuhe, die sowohl bequem als auch umweltfreundlich sind und jedes Ihrer Outfits aufwerten, ohne unsere Umwelt negativ zu beeinflussen.<\/p>\n","protected":false},"featured_media":9030,"comment_status":"open","ping_status":"closed","template":"","meta":{"_acf_changed":false,"_kad_blocks_custom_css":"","_kad_blocks_head_custom_js":"","_kad_blocks_body_custom_js":"","_kad_blocks_footer_custom_js":"","_kad_post_transparent":"","_kad_post_title":"","_kad_post_layout":"","_kad_post_sidebar_id":"","_kad_post_content_style":"","_kad_post_vertical_padding":"","_kad_post_feature":"","_kad_post_feature_position":"","_kad_post_header":false,"_kad_post_footer":false,"_kad_post_classname":""},"product_brand":[],"product_cat":[463,413],"product_tag":[447],"product_brands":[685],"class_list":{"0":"post-11269","1":"product","2":"type-product","3":"status-publish","4":"has-post-thumbnail","6":"product_cat-escarpins-de","7":"product_cat-schuhe-fuer-maenner-und-frauen","8":"product_tag-frau","9":"product_brands-nae-vegan-shoes-de","11":"first","12":"outofstock","13":"taxable","14":"shipping-taxable","15":"purchasable","16":"product-type-variable","17":"has-default-attributes","18":"entry","19":"content-bg","20":"loop-entry"},"acf":{"avantages":"\ud83d\udca8 Atmungsaktiv: Halten Sie Ihre F\u00fc\u00dfe dank guter Luftzirkulation frisch und trocken.\r\n\r\n\ud83c\udf0d Umweltfreundlich: Verringern Sie Ihren \u00f6kologischen Fu\u00dfabdruck mit umweltfreundlichen Materialien und nachhaltigen Herstellungsprozessen.\r\n\r\n\ud83e\udda0 Antimikrobiell: Sagen Sie Bakterien und schlechten Ger\u00fcchen Lebewohl mit Schuhen, die ihr Wachstum hemmen.\r\n\r\n\ud83c\udf3f Hypoallergen: Minimieren Sie allergische Reaktionen und Hautirritationen mit speziell entwickelten Materialien.\r\n\r\n\ud83d\udc51 Elegantes Aussehen: Genie\u00dfen Sie den Luxus und die Eleganz einer Wildleder-Optik.\r\n\r\n\ud83c\udf1f Komfort und Langlebigkeit: Ein Innenfutter aus Mikrofasern und PU-Laminierung f\u00fcr optimalen Komfort und Langlebigkeit.\r\n\r\n\ud83d\udd12 Keine allergischen Reaktionen: Nickel-freie Metallschnallen vermeiden allergische Reaktionen.\r\n\r\n\ud83d\udc63 Guter Halt: Eine Laufsohle aus synthetischem Gummi f\u00fcr optimale Haftung.\r\n\r\n\ud83d\udc60 Elegante Absatzh\u00f6he: 8,5 cm f\u00fcr einen stilvollen Look.\r\n\r\n\ud83c\uddf5\ud83c\uddf9 Portugiesischer Stolz: Schuhe, die mit Sorgfalt in Portugal hergestellt werden und eine hervorragende Qualit\u00e4t und faire Arbeitsbedingungen garantieren.","entretien":"- Reinigen Sie die Schuhe mit einem in Seifenwasser getr\u00e4nkten Tuch.\r\n\r\n- Verwenden Sie f\u00fcr hartn\u00e4ckige Flecken eine weiche Schuhb\u00fcrste, ebenfalls in Seifenwasser getr\u00e4nkt, und reiben Sie sanft in kreisenden Bewegungen.\r\n\r\n- Entfernen Sie die Seife mit einem feuchten Tuch.\r\n\r\n- Lassen Sie die Schuhe 24 Stunden lang an der Luft trocknen, ohne sie direkter Sonneneinstrahlung auszusetzen.Achtung:\r\n\r\n- Verwenden Sie keine Reinigungscreme.\r\n\r\n- Geben Sie Ihre Schuhe nicht in die Waschmaschine.- Tauchen Sie sie nicht in Wasser ein, da sie irreparable Sch\u00e4den erleiden k\u00f6nnten.Wenn Sie der Meinung sind, dass Ihre veganen Schuhe das Ende ihrer Lebensdauer erreicht haben oder Sie sie nicht mehr ben\u00f6tigen, \u00fcberlegen Sie, ihnen ein zweites Leben zu geben. Verwenden Sie sie auf eine andere Weise selbst oder geben Sie sie jemand anderem.","marque":""},"taxonomy_info":{"product_cat":[{"value":463,"label":"Escarpins"},{"value":413,"label":"Schuhe"}],"product_tag":[{"value":447,"label":"Damenboutique"}],"product_brands":[{"value":685,"label":"NAE Vegan Shoes"}]},"featured_image_src_large":["https:\/\/ekomfort.lu\/wp-content\/uploads\/2023\/09\/jasmin-black-1.jpg",700,700,false],"author_info":[],"comment_info":0,"_links":{"self":[{"href":"https:\/\/ekomfort.lu\/de\/wp-json\/wp\/v2\/product\/11269","targetHints":{"allow":["GET"]}}],"collection":[{"href":"https:\/\/ekomfort.lu\/de\/wp-json\/wp\/v2\/product"}],"about":[{"href":"https:\/\/ekomfort.lu\/de\/wp-json\/wp\/v2\/types\/product"}],"replies":[{"embeddable":true,"href":"https:\/\/ekomfort.lu\/de\/wp-json\/wp\/v2\/comments?post=11269"}],"wp:featuredmedia":[{"embeddable":true,"href":"https:\/\/ekomfort.lu\/de\/wp-json\/wp\/v2\/media\/9030"}],"wp:attachment":[{"href":"https:\/\/ekomfort.lu\/de\/wp-json\/wp\/v2\/media?parent=11269"}],"wp:term":[{"taxonomy":"product_brand","embeddable":true,"href":"https:\/\/ekomfort.lu\/de\/wp-json\/wp\/v2\/product_brand?post=11269"},{"taxonomy":"product_cat","embeddable":true,"href":"https:\/\/ekomfort.lu\/de\/wp-json\/wp\/v2\/product_cat?post=11269"},{"taxonomy":"product_tag","embeddable":true,"href":"https:\/\/ekomfort.lu\/de\/wp-json\/wp\/v2\/product_tag?post=11269"},{"taxonomy":"product_brands","embeddable":true,"href":"https:\/\/ekomfort.lu\/de\/wp-json\/wp\/v2\/product_brands?post=11269"}],"curies":[{"name":"wp","href":"https:\/\/api.w.org\/{rel}","templated":true}]}}