{"id":11258,"date":"2023-08-16T14:50:15","date_gmt":"2023-08-16T12:50:15","guid":{"rendered":"https:\/\/ekomfort.lu\/shop\/klassische-vegane-lederschuhe-jake-black-von-nae-oekologische-eleganz-fuer-den-modernen-mann"},"modified":"2024-07-01T12:02:11","modified_gmt":"2024-07-01T10:02:11","slug":"klassische-vegane-lederschuhe-jake-black-von-nae-oekologische-eleganz-fuer-den-modernen-mann","status":"publish","type":"product","link":"https:\/\/ekomfort.lu\/de\/shop\/klassische-vegane-lederschuhe-jake-black-von-nae-oekologische-eleganz-fuer-den-modernen-mann\/","title":{"rendered":"Klassische vegane Lederschuhe Jake Black von Nae: \u00d6kologische Eleganz f\u00fcr den modernen Mann"},"content":{"rendered":"\n<p>Sind Sie ein zeitgen\u00f6ssischer Mann, der \u00c4sthetik und Umweltschutz gleicherma\u00dfen sch\u00e4tzt? Suchen Sie nach einem <strong>Herren-Businessschuh<\/strong>, der Ihren professionellen Stil und Ihre ethischen \u00dcberzeugungen widerspiegelt?<\/p>\n\n\n\n<p>Machen Sie die Bekanntschaft von <strong>Jake Black<\/strong>: Herren-<strong>Blucher aus umweltfreundlichem veganem Leder<\/strong>, die Eleganz und Langlebigkeit vereinen, ohne Abstriche bei der Raffinesse zu machen.<\/p>\n\n\n\n<p>Nutzen Sie die Gelegenheit, die <strong>klassischen Schuhe Jake Black<\/strong> zu \u00fcbernehmen, f\u00fcr:<\/p>\n\n\n<style>.wp-block-kadence-iconlist.kt-svg-icon-list-items11258_653f5d-09:not(.this-stops-third-party-issues){margin-top:0px;margin-bottom:0px;}.wp-block-kadence-iconlist.kt-svg-icon-list-items11258_653f5d-09 ul.kt-svg-icon-list:not(.this-prevents-issues):not(.this-stops-third-party-issues):not(.tijsloc){margin-top:0px;margin-right:0px;margin-bottom:var(--global-kb-spacing-sm, 1.5rem);margin-left:0px;}.wp-block-kadence-iconlist.kt-svg-icon-list-items11258_653f5d-09 ul.kt-svg-icon-list{grid-row-gap:5px;}.wp-block-kadence-iconlist.kt-svg-icon-list-items11258_653f5d-09 .kb-svg-icon-wrap{font-size:18px;color:var(--global-palette1, #3182CE);}.wp-block-kadence-iconlist.kt-svg-icon-list-items11258_653f5d-09 ul.kt-svg-icon-list .kt-svg-icon-list-item-wrap .kt-svg-icon-list-single{margin-right:10px;}.kt-svg-icon-list-items11258_653f5d-09 ul.kt-svg-icon-list .kt-svg-icon-list-level-0 .kt-svg-icon-list-single svg{font-size:20px;}<\/style>\n<div class=\"wp-block-kadence-iconlist kt-svg-icon-list-items kt-svg-icon-list-items11258_653f5d-09 kt-svg-icon-list-columns-1 alignnone\"><ul class=\"kt-svg-icon-list\"><style>.kt-svg-icon-list-item-4525_fa355f-43 .kt-svg-icon-list-text mark.kt-highlight{background-color:unset;font-style:normal;color:#f76a0c;-webkit-box-decoration-break:clone;box-decoration-break:clone;padding-top:0px;padding-right:0px;padding-bottom:0px;padding-left:0px;}<\/style>\n<li class=\"wp-block-kadence-listitem kt-svg-icon-list-item-wrap kt-svg-icon-list-item-4525_fa355f-43\"><span class=\"kb-svg-icon-wrap kb-svg-icon-fe_checkCircle kt-svg-icon-list-single\"><svg viewBox=\"0 0 24 24\"  fill=\"none\" stroke=\"currentColor\" stroke-width=\"3\" stroke-linecap=\"round\" stroke-linejoin=\"round\" xmlns=\"http:\/\/www.w3.org\/2000\/svg\"  aria-hidden=\"true\"><path d=\"M22 11.08V12a10 10 0 1 1-5.93-9.14\"\/><polyline points=\"22 4 12 14.01 9 11.01\"\/><\/svg><\/span><span class=\"kt-svg-icon-list-text\">Sie zeichnen sich durch ihr schlankes und formelles Design aus, das perfekt f\u00fcr Ihre professionelle Umgebung und Ihre Entspannungsmomente geeignet ist.<\/span><\/li>\n\n\n<style>.kt-svg-icon-list-item-4525_95a309-00 .kt-svg-icon-list-text mark.kt-highlight{background-color:unset;font-style:normal;color:#f76a0c;-webkit-box-decoration-break:clone;box-decoration-break:clone;padding-top:0px;padding-right:0px;padding-bottom:0px;padding-left:0px;}<\/style>\n<li class=\"wp-block-kadence-listitem kt-svg-icon-list-item-wrap kt-svg-icon-list-item-4525_95a309-00\"><span class=\"kb-svg-icon-wrap kb-svg-icon-fe_checkCircle kt-svg-icon-list-single\"><svg viewBox=\"0 0 24 24\"  fill=\"none\" stroke=\"currentColor\" stroke-width=\"3\" stroke-linecap=\"round\" stroke-linejoin=\"round\" xmlns=\"http:\/\/www.w3.org\/2000\/svg\"  aria-hidden=\"true\"><path d=\"M22 11.08V12a10 10 0 1 1-5.93-9.14\"\/><polyline points=\"22 4 12 14.01 9 11.01\"\/><\/svg><\/span><span class=\"kt-svg-icon-list-text\">Genie\u00dfen Sie unvergleichlichen Komfort durch ein Futter aus mikrofasergepr\u00fcften OEKO-TEX STANDARD 100, hergestellt in einer CO2-freien Umgebung.<\/span><\/li>\n\n\n<style>.kt-svg-icon-list-item-4525_3ab524-6e .kt-svg-icon-list-text mark.kt-highlight{background-color:unset;font-style:normal;color:#f76a0c;-webkit-box-decoration-break:clone;box-decoration-break:clone;padding-top:0px;padding-right:0px;padding-bottom:0px;padding-left:0px;}<\/style>\n<li class=\"wp-block-kadence-listitem kt-svg-icon-list-item-wrap kt-svg-icon-list-item-4525_3ab524-6e\"><span class=\"kb-svg-icon-wrap kb-svg-icon-fe_checkCircle kt-svg-icon-list-single\"><svg viewBox=\"0 0 24 24\"  fill=\"none\" stroke=\"currentColor\" stroke-width=\"3\" stroke-linecap=\"round\" stroke-linejoin=\"round\" xmlns=\"http:\/\/www.w3.org\/2000\/svg\"  aria-hidden=\"true\"><path d=\"M22 11.08V12a10 10 0 1 1-5.93-9.14\"\/><polyline points=\"22 4 12 14.01 9 11.01\"\/><\/svg><\/span><span class=\"kt-svg-icon-list-text\">Gehen Sie selbstbewusst voran mit einer Neolite-Sohle und einem Masonite-Absatz, beide konzipiert, um Zeit und Verschlei\u00df standzuhalten.<\/span><\/li>\n<\/ul><\/div>\n\n\n\n<p>ohne Ger\u00fcche, ohne Schwei\u00df und ohne jegliche Form von Grausamkeit&#8230;<\/p>\n\n\n\n<p>Das Ganze zu einem erschwinglichen Preis, der deutlich unter den Kosten f\u00fcr traditionelle Markenschuhe liegt.<\/p>\n\n\n\n<p>Also, sind Sie bereit, Ihren Stil und Ihre Werte mit Eleganz zu pr\u00e4sentieren? Achtung, das Modell <strong>Jake Black<\/strong> ist sehr gefragt und unsere Best\u00e4nde werden schnell weniger! Lassen Sie sich nicht diese Gelegenheit entgehen.<\/p>\n","protected":false},"excerpt":{"rendered":"<p>Sind Sie ein zeitgen\u00f6ssischer Mann, der \u00c4sthetik und Umweltschutz gleicherma\u00dfen sch\u00e4tzt? Suchen Sie nach einem Herren-Businessschuh, der Ihren professionellen Stil und Ihre ethischen \u00dcberzeugungen widerspiegelt? Machen Sie die Bekanntschaft von Jake Black: Herren-Blucher aus umweltfreundlichem veganem Leder, die Eleganz und Langlebigkeit vereinen, ohne Abstriche bei der Raffinesse zu machen. Nutzen Sie die Gelegenheit, die klassischen&#8230;<\/p>\n","protected":false},"featured_media":8800,"comment_status":"open","ping_status":"closed","template":"","meta":{"_acf_changed":false,"_kad_blocks_custom_css":"","_kad_blocks_head_custom_js":"","_kad_blocks_body_custom_js":"","_kad_blocks_footer_custom_js":"","_kad_post_transparent":"","_kad_post_title":"","_kad_post_layout":"","_kad_post_sidebar_id":"","_kad_post_content_style":"","_kad_post_vertical_padding":"","_kad_post_feature":"","_kad_post_feature_position":"","_kad_post_header":false,"_kad_post_footer":false,"_kad_post_classname":""},"product_brand":[],"product_cat":[425,413],"product_tag":[415],"product_brands":[685],"class_list":{"0":"post-11258","1":"product","2":"type-product","3":"status-publish","4":"has-post-thumbnail","6":"product_cat-flache-schuhe","7":"product_cat-schuhe-fuer-maenner-und-frauen","8":"product_tag-mann","9":"product_brands-nae-vegan-shoes-de","11":"first","12":"outofstock","13":"taxable","14":"shipping-taxable","15":"purchasable","16":"product-type-variable","17":"has-default-attributes","18":"entry","19":"content-bg","20":"loop-entry"},"acf":{"avantages":"\ud83c\udf2c\ufe0f Atmungsaktiv: Sorgen f\u00fcr eine gute Luftzirkulation und halten Ihre F\u00fc\u00dfe frisch und trocken.\r\n\r\n\ud83c\udf0d Umweltfreundlich: Umweltfreundliche Materialien, ethische Herstellung, um unseren \u00f6kologischen Fu\u00dfabdruck zu reduzieren.\r\n\r\n\ud83c\udf21\ufe0f Antimikrobiell: Antibakterielle Behandlung f\u00fcr bessere Hygiene.\r\n\r\n\ud83c\udf3f Gesundheitlich unbedenklich: Materialien, die f\u00fcr den Verbraucher unbedenklich sind.\r\n\r\n\ud83e\udd27 Hypoallergen: Reduzieren allergische Reaktionen und Hautirritationen.\r\n\r\n\ud83c\udf31 Langlebige Riemen: Hergestellt aus AppleSkin und Bio-Baumwolle.\r\n\r\n\ud83d\udc86 Bequemes Futter: 90% Mikrofaser und 10% PU f\u00fcr langanhaltenden Komfort.\r\n\r\n\ud83d\udc5e Rutschfeste Sohle: Aus Neolite f\u00fcr optimale Griffigkeit und Haltbarkeit.\r\n\r\n\ud83c\uddf5\ud83c\uddf9 Hergestellt in Portugal: Mit Sorgfalt und ethisch, unter Verwendung umweltfreundlicher Materialien.","entretien":"COTON ORGANIQUE1. Entfernen Sie Staub und Schmutz vorsichtig mit einem trockenen Tuch.\r\n\r\n2. Reinigen Sie das Produkt mit einem in Seifenwasser getr\u00e4nkten Tuch.\r\n\r\n3. Lassen Sie es 24 Stunden lang an der Luft trocknen, ohne es direkter Sonneneinstrahlung auszusetzen.Achtung:\r\n\r\n\u2022 Verwenden Sie keine Reinigungscreme.\r\n\r\n\u2022 Geben Sie Ihre Schuhe nicht in die Waschmaschine.\r\n\r\n\u2022 Tauchen Sie sie nicht in Wasser ein, da sie irreparable Sch\u00e4den erleiden k\u00f6nnten.APPLESKIN\r\n\r\n1. Reinigen Sie die Schuhe mit einem in Seifenwasser getr\u00e4nkten Tuch.\r\n\r\n2. Lassen Sie sie vor dem Auftragen einer Reinigungscreme an der Luft trocknen.\r\n\r\n3. Verwenden Sie eine Reinigungscreme, um Ihren Schuhen mehr Glanz zu verleihen. Geben Sie eine kleine Menge des Produkts auf eine weiche, trockene B\u00fcrste oder ein Tuch und reiben Sie es sanft in kreisenden Bewegungen ein, bis es vollst\u00e4ndig eingezogen ist.\r\n\r\n4. Lassen Sie sie abschlie\u00dfend 24 Stunden lang an der Luft trocknen, fernab von direktem Sonnenlicht.Achtung:\r\n\r\n\u2022 Geben Sie Ihre Schuhe nicht in die Waschmaschine.\r\n\r\n\u2022 Tauchen Sie sie nicht in Wasser ein, da sie sonst Schaden nehmen k\u00f6nnten.","marque":""},"taxonomy_info":{"product_cat":[{"value":425,"label":"Flache Schuhe"},{"value":413,"label":"Schuhe"}],"product_tag":[{"value":415,"label":"Herrenboutique"}],"product_brands":[{"value":685,"label":"NAE Vegan Shoes"}]},"featured_image_src_large":["https:\/\/ekomfort.lu\/wp-content\/uploads\/2023\/09\/jake-black.jpg",700,700,false],"author_info":[],"comment_info":0,"_links":{"self":[{"href":"https:\/\/ekomfort.lu\/de\/wp-json\/wp\/v2\/product\/11258","targetHints":{"allow":["GET"]}}],"collection":[{"href":"https:\/\/ekomfort.lu\/de\/wp-json\/wp\/v2\/product"}],"about":[{"href":"https:\/\/ekomfort.lu\/de\/wp-json\/wp\/v2\/types\/product"}],"replies":[{"embeddable":true,"href":"https:\/\/ekomfort.lu\/de\/wp-json\/wp\/v2\/comments?post=11258"}],"wp:featuredmedia":[{"embeddable":true,"href":"https:\/\/ekomfort.lu\/de\/wp-json\/wp\/v2\/media\/8800"}],"wp:attachment":[{"href":"https:\/\/ekomfort.lu\/de\/wp-json\/wp\/v2\/media?parent=11258"}],"wp:term":[{"taxonomy":"product_brand","embeddable":true,"href":"https:\/\/ekomfort.lu\/de\/wp-json\/wp\/v2\/product_brand?post=11258"},{"taxonomy":"product_cat","embeddable":true,"href":"https:\/\/ekomfort.lu\/de\/wp-json\/wp\/v2\/product_cat?post=11258"},{"taxonomy":"product_tag","embeddable":true,"href":"https:\/\/ekomfort.lu\/de\/wp-json\/wp\/v2\/product_tag?post=11258"},{"taxonomy":"product_brands","embeddable":true,"href":"https:\/\/ekomfort.lu\/de\/wp-json\/wp\/v2\/product_brands?post=11258"}],"curies":[{"name":"wp","href":"https:\/\/api.w.org\/{rel}","templated":true}]}}