{"id":11245,"date":"2023-08-16T14:50:15","date_gmt":"2023-08-16T12:50:15","guid":{"rendered":"https:\/\/ekomfort.lu\/shop\/oekologische-flache-sandalen-jabel-black-von-nae-die-ideale-vereinigung-von-stil-und-oekologischem-engagement"},"modified":"2024-07-01T12:02:06","modified_gmt":"2024-07-01T10:02:06","slug":"oekologische-flache-sandalen-jabel-black-von-nae-die-ideale-vereinigung-von-stil-und-oekologischem-engagement","status":"publish","type":"product","link":"https:\/\/ekomfort.lu\/de\/shop\/oekologische-flache-sandalen-jabel-black-von-nae-die-ideale-vereinigung-von-stil-und-oekologischem-engagement\/","title":{"rendered":"\u00d6kologische flache Sandalen &#8220;Jabel Black&#8221; von Nae: Die ideale Vereinigung von Stil und \u00f6kologischem Engagement"},"content":{"rendered":"\n<p>Sie m\u00f6chten bequeme <strong>Flachschuhe<\/strong> ohne auf Ihre Eleganz zu verzichten? M\u00f6chten Sie, dass Ihre Eink\u00e4ufe Ihr Engagement f\u00fcr die Umwelt loyal widerspiegeln?<\/p>\n\n\n\n<p>Entdecken Sie die Raffinesse der <strong>Jabel Black<\/strong>: Aus <strong>High-Heel-Sandalen mit Riemen<\/strong>, hergestellt aus AppleSkin und biologischer Baumwolle, verk\u00f6rpern sie perfekt Eleganz, Komfort und Respekt f\u00fcr unseren Planeten.<\/p>\n\n\n\n<p>Mit dem <strong>Jabel Black<\/strong>:<\/p>\n\n\n<style>.wp-block-kadence-iconlist.kt-svg-icon-list-items11245_310e41-30:not(.this-stops-third-party-issues){margin-top:0px;margin-bottom:0px;}.wp-block-kadence-iconlist.kt-svg-icon-list-items11245_310e41-30 ul.kt-svg-icon-list:not(.this-prevents-issues):not(.this-stops-third-party-issues):not(.tijsloc){margin-top:0px;margin-right:0px;margin-bottom:var(--global-kb-spacing-sm, 1.5rem);margin-left:0px;}.wp-block-kadence-iconlist.kt-svg-icon-list-items11245_310e41-30 ul.kt-svg-icon-list{grid-row-gap:5px;}.wp-block-kadence-iconlist.kt-svg-icon-list-items11245_310e41-30 .kb-svg-icon-wrap{font-size:18px;color:var(--global-palette1, #3182CE);}.wp-block-kadence-iconlist.kt-svg-icon-list-items11245_310e41-30 ul.kt-svg-icon-list .kt-svg-icon-list-item-wrap .kt-svg-icon-list-single{margin-right:10px;}.kt-svg-icon-list-items11245_310e41-30 ul.kt-svg-icon-list .kt-svg-icon-list-level-0 .kt-svg-icon-list-single svg{font-size:20px;}<\/style>\n<div class=\"wp-block-kadence-iconlist kt-svg-icon-list-items kt-svg-icon-list-items11245_310e41-30 kt-svg-icon-list-columns-1 alignnone\"><ul class=\"kt-svg-icon-list\"><style>.kt-svg-icon-list-item-4524_b06077-98 .kt-svg-icon-list-text mark.kt-highlight{background-color:unset;font-style:normal;color:#f76a0c;-webkit-box-decoration-break:clone;box-decoration-break:clone;padding-top:0px;padding-right:0px;padding-bottom:0px;padding-left:0px;}<\/style>\n<li class=\"wp-block-kadence-listitem kt-svg-icon-list-item-wrap kt-svg-icon-list-item-4524_b06077-98\"><span class=\"kb-svg-icon-wrap kb-svg-icon-fe_checkCircle kt-svg-icon-list-single\"><svg viewBox=\"0 0 24 24\"  fill=\"none\" stroke=\"currentColor\" stroke-width=\"3\" stroke-linecap=\"round\" stroke-linejoin=\"round\" xmlns=\"http:\/\/www.w3.org\/2000\/svg\"  aria-hidden=\"true\"><path d=\"M22 11.08V12a10 10 0 1 1-5.93-9.14\"\/><polyline points=\"22 4 12 14.01 9 11.01\"\/><\/svg><\/span><span class=\"kt-svg-icon-list-text\">Genie\u00dfen Sie unvergleichlichen Komfort mit hypoallergenen und atmungsaktiven Materialien, die \u00fcberm\u00e4\u00dfiges Schwitzen und unerw\u00fcnschte Ger\u00fcche verhindern.<\/span><\/li>\n\n\n<style>.kt-svg-icon-list-item-4524_74fa78-d0 .kt-svg-icon-list-text mark.kt-highlight{background-color:unset;font-style:normal;color:#f76a0c;-webkit-box-decoration-break:clone;box-decoration-break:clone;padding-top:0px;padding-right:0px;padding-bottom:0px;padding-left:0px;}<\/style>\n<li class=\"wp-block-kadence-listitem kt-svg-icon-list-item-wrap kt-svg-icon-list-item-4524_74fa78-d0\"><span class=\"kb-svg-icon-wrap kb-svg-icon-fe_checkCircle kt-svg-icon-list-single\"><svg viewBox=\"0 0 24 24\"  fill=\"none\" stroke=\"currentColor\" stroke-width=\"3\" stroke-linecap=\"round\" stroke-linejoin=\"round\" xmlns=\"http:\/\/www.w3.org\/2000\/svg\"  aria-hidden=\"true\"><path d=\"M22 11.08V12a10 10 0 1 1-5.93-9.14\"\/><polyline points=\"22 4 12 14.01 9 11.01\"\/><\/svg><\/span><span class=\"kt-svg-icon-list-text\">Dr\u00fccken Sie Ihren Stil durch das minimalistische und innovative Design dieser Sandalen aus, indem Sie geschickt die Sanftheit des schwarzen Stoffes mit der Ethik der Bio-Baumwolle kombinieren.<\/span><\/li>\n\n\n<style>.kt-svg-icon-list-item-4524_873a53-73 .kt-svg-icon-list-text mark.kt-highlight{background-color:unset;font-style:normal;color:#f76a0c;-webkit-box-decoration-break:clone;box-decoration-break:clone;padding-top:0px;padding-right:0px;padding-bottom:0px;padding-left:0px;}<\/style>\n<li class=\"wp-block-kadence-listitem kt-svg-icon-list-item-wrap kt-svg-icon-list-item-4524_873a53-73\"><span class=\"kb-svg-icon-wrap kb-svg-icon-fe_checkCircle kt-svg-icon-list-single\"><svg viewBox=\"0 0 24 24\"  fill=\"none\" stroke=\"currentColor\" stroke-width=\"3\" stroke-linecap=\"round\" stroke-linejoin=\"round\" xmlns=\"http:\/\/www.w3.org\/2000\/svg\"  aria-hidden=\"true\"><path d=\"M22 11.08V12a10 10 0 1 1-5.93-9.14\"\/><polyline points=\"22 4 12 14.01 9 11.01\"\/><\/svg><\/span><span class=\"kt-svg-icon-list-text\">W\u00e4hlen Sie Umweltschutz mit AppleSkin, einem revolution\u00e4ren und umweltfreundlichen Material, das aus dem Recycling von R\u00fcckst\u00e4nden der Apfelsaftproduktion stammt.<\/span><\/li>\n<\/ul><\/div>\n\n\n\n<p>ohne giftige Produkte, keine Verwendung von tierischem Leder und ein makelloses Erscheinungsbild&#8230;<\/p>\n\n\n\n<p>Und das alles zu einem erschwinglichen Preis, der deutlich niedriger ist als bei Luxusmarken f\u00fcr \u00e4hnliche Produkte.<\/p>\n\n\n\n<p>Bist du bereit, einen mutigen Schritt in Richtung eines respektvolleren und nachhaltigeren Lebensstils zu machen? Diese Sandalen sind ein gro\u00dfer Erfolg, verpassen Sie diese Gelegenheit nicht!<\/p>\n","protected":false},"excerpt":{"rendered":"<p>Sie m\u00f6chten bequeme Flachschuhe ohne auf Ihre Eleganz zu verzichten? M\u00f6chten Sie, dass Ihre Eink\u00e4ufe Ihr Engagement f\u00fcr die Umwelt loyal widerspiegeln? Entdecken Sie die Raffinesse der Jabel Black: Aus High-Heel-Sandalen mit Riemen, hergestellt aus AppleSkin und biologischer Baumwolle, verk\u00f6rpern sie perfekt Eleganz, Komfort und Respekt f\u00fcr unseren Planeten. Mit dem Jabel Black: ohne giftige&#8230;<\/p>\n","protected":false},"featured_media":8792,"comment_status":"open","ping_status":"closed","template":"","meta":{"_acf_changed":false,"_kad_blocks_custom_css":"","_kad_blocks_head_custom_js":"","_kad_blocks_body_custom_js":"","_kad_blocks_footer_custom_js":"","_kad_post_transparent":"","_kad_post_title":"","_kad_post_layout":"","_kad_post_sidebar_id":"","_kad_post_content_style":"","_kad_post_vertical_padding":"","_kad_post_feature":"","_kad_post_feature_position":"","_kad_post_header":false,"_kad_post_footer":false,"_kad_post_classname":""},"product_brand":[],"product_cat":[459,413],"product_tag":[447],"product_brands":[685],"class_list":{"0":"post-11245","1":"product","2":"type-product","3":"status-publish","4":"has-post-thumbnail","6":"product_cat-sandalen","7":"product_cat-schuhe-fuer-maenner-und-frauen","8":"product_tag-frau","9":"product_brands-nae-vegan-shoes-de","11":"first","12":"outofstock","13":"taxable","14":"shipping-taxable","15":"purchasable","16":"product-type-variable","17":"has-default-attributes","18":"entry","19":"content-bg","20":"loop-entry"},"acf":{"avantages":"\ud83c\udf2c\ufe0f Atmungsaktiv: Sorgen f\u00fcr eine gute Luftzirkulation, um die F\u00fc\u00dfe frisch und trocken zu halten.\r\n\r\n\ud83c\udf31 Umweltfreundlich: Verwendung von umweltfreundlichen Materialien zur Reduzierung des \u00f6kologischen Fu\u00dfabdrucks.\r\n\r\n\ud83e\udda0 Antimikrobiell: Behandlung zur Hemmung des Wachstums von Bakterien und Mikroben, f\u00fcr bessere Hygiene und Vermeidung von schlechten Ger\u00fcchen.\r\n\r\n\ud83c\udf21\ufe0f Gesundheitlich unbedenklich: Garantiert die Verwendung von materialien, die f\u00fcr die Gesundheit des Verbrauchers unbedenklich sind.\r\n\r\n\ud83e\udd27 Hypoallergen: Minimiert allergische Reaktionen und Hautirritationen.\r\n\r\n\ud83c\udf4f AppleSkin und Bio-Baumwolle: Riemen aus AppleSkin, einem umweltfreundlichen Material aus Apfelabf\u00e4llen, und Bio-Baumwolle, einem nat\u00fcrlichen und nachhaltigen Material.\r\n\r\n\ud83d\udc86 Futter aus Mikrofasern (90%) und PU (10%): Komfort und Langlebigkeit.\r\n\r\n\ud83d\udc63 Neolite-Sohle: Haftung und Langlebigkeit dank dieser langlebigen und rutschfesten synthetischen Gummisohle.\r\n\r\n\ud83e\uddf5 Mit Sorgfalt in Spanien hergestellt.\r\n\r\n&nbsp;","entretien":"COTON ORGANIQUE1. Entfernen Sie Staub und Schmutz vorsichtig mit einem trockenen Tuch.\r\n\r\n2. Reinigen Sie das Produkt mit einem in Seifenwasser getr\u00e4nkten Tuch.\r\n\r\n3. Lassen Sie es 24 Stunden lang an der Luft trocknen, ohne es direkter Sonneneinstrahlung auszusetzen.Achtung:\r\n\r\n- Verwenden Sie keine Reinigungscreme.\r\n\r\n- Geben Sie Ihre Schuhe nicht in die Waschmaschine.\r\n\r\n- Tauchen Sie sie nicht in Wasser ein, da sie irreparable Sch\u00e4den erleiden k\u00f6nnten.APPLESKIN\r\n\r\n1. Reinigen Sie die Schuhe mit einem in Seifenwasser getr\u00e4nkten Tuch.\r\n\r\n2. Lassen Sie sie vor dem Auftragen einer Reinigungscreme an der Luft trocknen.\r\n\r\n3. Verwenden Sie eine Reinigungscreme, um Ihren Schuhen mehr Glanz zu verleihen. Geben Sie eine kleine Menge des Produkts auf eine weiche, trockene B\u00fcrste oder ein Tuch und reiben Sie es sanft in kreisenden Bewegungen ein, bis es vollst\u00e4ndig eingezogen ist.\r\n\r\n4. Lassen Sie es 24 Stunden lang an der Luft trocknen, fernab direkter Sonneneinstrahlung.Achtung:- Geben Sie Ihre Schuhe nicht in die Waschmaschine.- Tauchen Sie sie nicht in Wasser ein, da dies zu irreparablen Sch\u00e4den f\u00fchren k\u00f6nnte.Produktlebensdauer:Wenn Ihre Schuhe","marque":""},"taxonomy_info":{"product_cat":[{"value":459,"label":"Sandalen"},{"value":413,"label":"Schuhe"}],"product_tag":[{"value":447,"label":"Damenboutique"}],"product_brands":[{"value":685,"label":"NAE Vegan Shoes"}]},"featured_image_src_large":["https:\/\/ekomfort.lu\/wp-content\/uploads\/2023\/09\/jabel-black.jpg",700,700,false],"author_info":[],"comment_info":0,"_links":{"self":[{"href":"https:\/\/ekomfort.lu\/de\/wp-json\/wp\/v2\/product\/11245","targetHints":{"allow":["GET"]}}],"collection":[{"href":"https:\/\/ekomfort.lu\/de\/wp-json\/wp\/v2\/product"}],"about":[{"href":"https:\/\/ekomfort.lu\/de\/wp-json\/wp\/v2\/types\/product"}],"replies":[{"embeddable":true,"href":"https:\/\/ekomfort.lu\/de\/wp-json\/wp\/v2\/comments?post=11245"}],"wp:featuredmedia":[{"embeddable":true,"href":"https:\/\/ekomfort.lu\/de\/wp-json\/wp\/v2\/media\/8792"}],"wp:attachment":[{"href":"https:\/\/ekomfort.lu\/de\/wp-json\/wp\/v2\/media?parent=11245"}],"wp:term":[{"taxonomy":"product_brand","embeddable":true,"href":"https:\/\/ekomfort.lu\/de\/wp-json\/wp\/v2\/product_brand?post=11245"},{"taxonomy":"product_cat","embeddable":true,"href":"https:\/\/ekomfort.lu\/de\/wp-json\/wp\/v2\/product_cat?post=11245"},{"taxonomy":"product_tag","embeddable":true,"href":"https:\/\/ekomfort.lu\/de\/wp-json\/wp\/v2\/product_tag?post=11245"},{"taxonomy":"product_brands","embeddable":true,"href":"https:\/\/ekomfort.lu\/de\/wp-json\/wp\/v2\/product_brands?post=11245"}],"curies":[{"name":"wp","href":"https:\/\/api.w.org\/{rel}","templated":true}]}}