{"id":11181,"date":"2023-08-16T14:50:13","date_gmt":"2023-08-16T12:50:13","guid":{"rendered":"https:\/\/ekomfort.lu\/shop\/fresia-beige-die-bequemen-flachen-schuhe-fuer-eine-vegane-alltags-eleganz"},"modified":"2024-07-01T12:03:44","modified_gmt":"2024-07-01T10:03:44","slug":"fresia-beige-die-bequemen-flachen-schuhe-fuer-eine-vegane-alltags-eleganz","status":"publish","type":"product","link":"https:\/\/ekomfort.lu\/de\/shop\/fresia-beige-die-bequemen-flachen-schuhe-fuer-eine-vegane-alltags-eleganz\/","title":{"rendered":"Fresia Beige: Die bequemen flachen Schuhe f\u00fcr eine vegane Alltags-Eleganz"},"content":{"rendered":"\n<p>Sind Sie auf der Suche nach <strong>bequemen flachen Schuhen<\/strong>, die Sie auf all Ihren t\u00e4glichen Abenteuern begleiten werden? Hoffen Sie, eine Wahl zu treffen, die Umweltschutz und elegante Mode vereint?<\/p>\n\n\n\n<p>Entdecken Sie die <strong>Fresia Beige<\/strong>: minimalistiche <strong>Ballerinas aus ledrigem Material ohne Grausamkeit<\/strong>, die zeitlose Eleganz und modernen Minimalismus vereinen und gleichzeitig perfekt mit einem \u00f6kologischen Bewusstsein \u00fcbereinstimmen.<\/p>\n\n\n\n<p>Entdecken Sie die Welt von <strong>Fresia Beige<\/strong> und:<\/p>\n\n\n<style>.wp-block-kadence-iconlist.kt-svg-icon-list-items11181_b96046-3d:not(.this-stops-third-party-issues){margin-top:0px;margin-bottom:0px;}.wp-block-kadence-iconlist.kt-svg-icon-list-items11181_b96046-3d ul.kt-svg-icon-list:not(.this-prevents-issues):not(.this-stops-third-party-issues):not(.tijsloc){margin-top:0px;margin-right:0px;margin-bottom:var(--global-kb-spacing-sm, 1.5rem);margin-left:0px;}.wp-block-kadence-iconlist.kt-svg-icon-list-items11181_b96046-3d ul.kt-svg-icon-list{grid-row-gap:5px;}.wp-block-kadence-iconlist.kt-svg-icon-list-items11181_b96046-3d .kb-svg-icon-wrap{font-size:18px;color:var(--global-palette1, #3182CE);}.wp-block-kadence-iconlist.kt-svg-icon-list-items11181_b96046-3d ul.kt-svg-icon-list .kt-svg-icon-list-item-wrap .kt-svg-icon-list-single{margin-right:10px;}.kt-svg-icon-list-items11181_b96046-3d ul.kt-svg-icon-list .kt-svg-icon-list-level-0 .kt-svg-icon-list-single svg{font-size:20px;}<\/style>\n<div class=\"wp-block-kadence-iconlist kt-svg-icon-list-items kt-svg-icon-list-items11181_b96046-3d kt-svg-icon-list-columns-1 alignnone\"><ul class=\"kt-svg-icon-list\"><style>.kt-svg-icon-list-item-4507_3f4668-36 .kt-svg-icon-list-text mark.kt-highlight{background-color:unset;font-style:normal;color:#f76a0c;-webkit-box-decoration-break:clone;box-decoration-break:clone;padding-top:0px;padding-right:0px;padding-bottom:0px;padding-left:0px;}<\/style>\n<li class=\"wp-block-kadence-listitem kt-svg-icon-list-item-wrap kt-svg-icon-list-item-4507_3f4668-36\"><span class=\"kb-svg-icon-wrap kb-svg-icon-fe_checkCircle kt-svg-icon-list-single\"><svg viewBox=\"0 0 24 24\"  fill=\"none\" stroke=\"currentColor\" stroke-width=\"3\" stroke-linecap=\"round\" stroke-linejoin=\"round\" xmlns=\"http:\/\/www.w3.org\/2000\/svg\"  aria-hidden=\"true\"><path d=\"M22 11.08V12a10 10 0 1 1-5.93-9.14\"\/><polyline points=\"22 4 12 14.01 9 11.01\"\/><\/svg><\/span><span class=\"kt-svg-icon-list-text\">Dr\u00fccken Sie Ihre Liebe zum Stil aus durch ihr klassisches und minimalistisches Design, das durch einen Hauch von niedrigem Absatz einen modernen Hauch von Eleganz erh\u00e4lt.<\/span><\/li>\n\n\n<style>.kt-svg-icon-list-item-4507_f977f3-7a .kt-svg-icon-list-text mark.kt-highlight{background-color:unset;font-style:normal;color:#f76a0c;-webkit-box-decoration-break:clone;box-decoration-break:clone;padding-top:0px;padding-right:0px;padding-bottom:0px;padding-left:0px;}<\/style>\n<li class=\"wp-block-kadence-listitem kt-svg-icon-list-item-wrap kt-svg-icon-list-item-4507_f977f3-7a\"><span class=\"kb-svg-icon-wrap kb-svg-icon-fe_checkCircle kt-svg-icon-list-single\"><svg viewBox=\"0 0 24 24\"  fill=\"none\" stroke=\"currentColor\" stroke-width=\"3\" stroke-linecap=\"round\" stroke-linejoin=\"round\" xmlns=\"http:\/\/www.w3.org\/2000\/svg\"  aria-hidden=\"true\"><path d=\"M22 11.08V12a10 10 0 1 1-5.93-9.14\"\/><polyline points=\"22 4 12 14.01 9 11.01\"\/><\/svg><\/span><span class=\"kt-svg-icon-list-text\">Genie\u00dfen Sie den ganzen Tag lang Komfort dank einer feuchtigkeitsabweisenden EVA-Gummisohle, die sich an die Form Ihres Fu\u00dfgew\u00f6lbes anpasst, und einem zweiten Hautfutter, das Reibungen verhindert.<\/span><\/li>\n\n\n<style>.kt-svg-icon-list-item-4507_13a58b-31 .kt-svg-icon-list-text mark.kt-highlight{background-color:unset;font-style:normal;color:#f76a0c;-webkit-box-decoration-break:clone;box-decoration-break:clone;padding-top:0px;padding-right:0px;padding-bottom:0px;padding-left:0px;}<\/style>\n<li class=\"wp-block-kadence-listitem kt-svg-icon-list-item-wrap kt-svg-icon-list-item-4507_13a58b-31\"><span class=\"kb-svg-icon-wrap kb-svg-icon-fe_checkCircle kt-svg-icon-list-single\"><svg viewBox=\"0 0 24 24\"  fill=\"none\" stroke=\"currentColor\" stroke-width=\"3\" stroke-linecap=\"round\" stroke-linejoin=\"round\" xmlns=\"http:\/\/www.w3.org\/2000\/svg\"  aria-hidden=\"true\"><path d=\"M22 11.08V12a10 10 0 1 1-5.93-9.14\"\/><polyline points=\"22 4 12 14.01 9 11.01\"\/><\/svg><\/span><span class=\"kt-svg-icon-list-text\">Machen Sie einen Schritt in eine bessere Welt mit veganem Wildleder, einem innovativen und umweltfreundlichen Material, das sowohl langlebig als auch frei von Tierqu\u00e4lerei ist.<\/span><\/li>\n<\/ul><\/div>\n\n\n\n<p>Ohne \u00fcberm\u00e4\u00dfiges Schwitzen, ohne schlechten Geruch&#8230; Nur Komfort und Eleganz&#8230;<\/p>\n\n\n\n<p>Und das alles zum gleichen Preis wie ein Paar Standard-Schuhe&#8230; Eine Investition, die Ihnen nicht nur Stil, sondern auch Seelenfrieden durch eine ethische Entscheidung garantiert.<\/p>\n\n\n\n<p>Sind Sie bereit, einen Schritt in eine elegantere und umweltfreundlichere Zukunft mit diesen <strong>nachhaltigen Sandalen mit niedrigem Absatz<\/strong> zu machen? Warten Sie nicht, die Best\u00e4nde von <strong>Fresia Beige<\/strong> werden schnell knapp.<\/p>\n","protected":false},"excerpt":{"rendered":"<p>Sind Sie auf der Suche nach bequemen flachen Schuhen, die Sie auf all Ihren t\u00e4glichen Abenteuern begleiten werden? Hoffen Sie, eine Wahl zu treffen, die Umweltschutz und elegante Mode vereint? Entdecken Sie die Fresia Beige: minimalistiche Ballerinas aus ledrigem Material ohne Grausamkeit, die zeitlose Eleganz und modernen Minimalismus vereinen und gleichzeitig perfekt mit einem \u00f6kologischen&#8230;<\/p>\n","protected":false},"featured_media":9310,"comment_status":"open","ping_status":"closed","template":"","meta":{"_acf_changed":false,"_kad_blocks_custom_css":"","_kad_blocks_head_custom_js":"","_kad_blocks_body_custom_js":"","_kad_blocks_footer_custom_js":"","_kad_post_transparent":"","_kad_post_title":"","_kad_post_layout":"","_kad_post_sidebar_id":"","_kad_post_content_style":"","_kad_post_vertical_padding":"","_kad_post_feature":"","_kad_post_feature_position":"","_kad_post_header":false,"_kad_post_footer":false,"_kad_post_classname":""},"product_brand":[],"product_cat":[425,413],"product_tag":[447],"product_brands":[685],"class_list":{"0":"post-11181","1":"product","2":"type-product","3":"status-publish","4":"has-post-thumbnail","6":"product_cat-flache-schuhe","7":"product_cat-schuhe-fuer-maenner-und-frauen","8":"product_tag-frau","9":"product_brands-nae-vegan-shoes-de","11":"first","12":"instock","13":"taxable","14":"shipping-taxable","15":"purchasable","16":"product-type-variable","17":"has-default-attributes","18":"entry","19":"content-bg","20":"loop-entry"},"acf":{"avantages":"\ud83c\udf2c\ufe0f Atmungsaktiv: F\u00f6rdern eine gute Luftzirkulation, um die F\u00fc\u00dfe frisch und trocken zu halten.\r\n\r\n\ud83c\udf21\ufe0f Antimikrobiell und hypoallergen: Gew\u00e4hrleisten optimale Hygiene und minimieren allergische Reaktionen.\r\n\r\n\ud83d\udc4c Gesundheitlich unbedenklich: Verwendung von materialien ohne gesundheitsrisiken f\u00fcr die Verbraucher.\r\n\r\n\ud83d\udc5f Obermaterial aus veganem Wildleder: Luxuri\u00f6ser Look ohne Verwendung von tierischen Produkten.\r\n\r\n\ud83d\udc8e Futter aus Mikrofasern und PU: \u00dcberlegener Komfort und Haltbarkeit.\r\n\r\n\u26c5 Gepolsterte Einlegesohle mit feuchtigkeitsabweisendem EVA-Gummi: D\u00e4mpfung und Schutz vor Feuchtigkeit.\r\n\r\n\ud83d\udeb6 Laufsohle aus Neolite: Langlebiger und rutschfester synthetischer Gummi f\u00fcr optimale Haftung.\r\n\r\n\ud83d\udc60 2 cm Absatzh\u00f6he: Komfort und Stabilit\u00e4t den ganzen Tag \u00fcber.\r\n\r\n\ud83c\uddf5\ud83c\uddf9 Hergestellt in Portugal: Mit Sorgfalt und Verantwortung unter Verwendung von umweltfreundlichen Materialien und Verfahren, und unter Gew\u00e4hrleistung fairer Arbeitsbedingungen.","entretien":"Reinigen Sie die Schuhe mit einem in Seifenwasser getr\u00e4nkten Tuch. Verwenden Sie f\u00fcr hartn\u00e4ckige Flecken eine weiche Schuhb\u00fcrste, ebenfalls in Seifenwasser getr\u00e4nkt, und reiben Sie sanft in kreisenden Bewegungen. Entfernen Sie die Seife mit einem feuchten Tuch. Lassen Sie die Schuhe 24 Stunden lang an der Luft trocknen, ohne sie direkter Sonneneinstrahlung auszusetzen.Achtung: Verwenden Sie keine Reinigungscreme. Geben Sie Ihre Schuhe nicht in die Waschmaschine. Tauchen Sie sie nicht in Wasser ein, da sie irreparable Sch\u00e4den erleiden k\u00f6nnten.Wenn Sie der Meinung sind, dass Ihre veganen Schuhe das Ende ihrer Lebensdauer erreicht haben oder Sie sie nicht mehr ben\u00f6tigen, \u00fcberlegen Sie, ihnen ein zweites Leben zu geben. Verwenden Sie sie auf eine andere Weise selbst oder geben Sie sie jemand anderem.","marque":""},"taxonomy_info":{"product_cat":[{"value":425,"label":"Flache Schuhe"},{"value":413,"label":"Schuhe"}],"product_tag":[{"value":447,"label":"Damenboutique"}],"product_brands":[{"value":685,"label":"NAE Vegan Shoes"}]},"featured_image_src_large":["https:\/\/ekomfort.lu\/wp-content\/uploads\/2023\/09\/fresia-beige-2.jpg",700,700,false],"author_info":[],"comment_info":0,"_links":{"self":[{"href":"https:\/\/ekomfort.lu\/de\/wp-json\/wp\/v2\/product\/11181","targetHints":{"allow":["GET"]}}],"collection":[{"href":"https:\/\/ekomfort.lu\/de\/wp-json\/wp\/v2\/product"}],"about":[{"href":"https:\/\/ekomfort.lu\/de\/wp-json\/wp\/v2\/types\/product"}],"replies":[{"embeddable":true,"href":"https:\/\/ekomfort.lu\/de\/wp-json\/wp\/v2\/comments?post=11181"}],"wp:featuredmedia":[{"embeddable":true,"href":"https:\/\/ekomfort.lu\/de\/wp-json\/wp\/v2\/media\/9310"}],"wp:attachment":[{"href":"https:\/\/ekomfort.lu\/de\/wp-json\/wp\/v2\/media?parent=11181"}],"wp:term":[{"taxonomy":"product_brand","embeddable":true,"href":"https:\/\/ekomfort.lu\/de\/wp-json\/wp\/v2\/product_brand?post=11181"},{"taxonomy":"product_cat","embeddable":true,"href":"https:\/\/ekomfort.lu\/de\/wp-json\/wp\/v2\/product_cat?post=11181"},{"taxonomy":"product_tag","embeddable":true,"href":"https:\/\/ekomfort.lu\/de\/wp-json\/wp\/v2\/product_tag?post=11181"},{"taxonomy":"product_brands","embeddable":true,"href":"https:\/\/ekomfort.lu\/de\/wp-json\/wp\/v2\/product_brands?post=11181"}],"curies":[{"name":"wp","href":"https:\/\/api.w.org\/{rel}","templated":true}]}}