{"id":11157,"date":"2023-08-16T14:50:14","date_gmt":"2023-08-16T12:50:14","guid":{"rendered":"https:\/\/ekomfort.lu\/shop\/braune-unisex-stiefelette-gadea-brown-von-nae-kombinieren-sie-thermischen-komfort-und-ethik"},"modified":"2024-07-01T12:02:57","modified_gmt":"2024-07-01T10:02:57","slug":"braune-unisex-stiefelette-gadea-brown-von-nae-kombinieren-sie-thermischen-komfort-und-ethik","status":"publish","type":"product","link":"https:\/\/ekomfort.lu\/de\/shop\/braune-unisex-stiefelette-gadea-brown-von-nae-kombinieren-sie-thermischen-komfort-und-ethik\/","title":{"rendered":"Braune Unisex-Stiefelette &#8220;Gadea Brown&#8221; von Nae: Kombinieren Sie thermischen Komfort und Ethik"},"content":{"rendered":"\n<p>Sie sind auf der Suche nach <strong>unisex braunen Stiefeletten<\/strong>, die thermischen Komfort und Stil f\u00fcr Ihren n\u00e4chsten Ausflug in die Natur vereinen? Sind Sie ein leidenschaftlicher Verfechter von ethischer Mode und w\u00fcnschen sich einen Look, der Ihren \u00dcberzeugungen gerecht wird?<\/p>\n\n\n\n<p>Entdecken Sie die <strong>Gadea Brown<\/strong>: stilvolle <strong>Outdoor-Schuhe<\/strong> aus vegalem Leder mit einer Mischung aus W\u00e4rme, Komfort und Nachhaltigkeit.<\/p>\n\n\n\n<p>Bestellen Sie Ihre <strong>Gadea Brown<\/strong> jetzt und:<\/p>\n\n\n<style>.wp-block-kadence-iconlist.kt-svg-icon-list-items11157_bbbc9d-d5:not(.this-stops-third-party-issues){margin-top:0px;margin-bottom:0px;}.wp-block-kadence-iconlist.kt-svg-icon-list-items11157_bbbc9d-d5 ul.kt-svg-icon-list:not(.this-prevents-issues):not(.this-stops-third-party-issues):not(.tijsloc){margin-top:0px;margin-right:0px;margin-bottom:var(--global-kb-spacing-sm, 1.5rem);margin-left:0px;}.wp-block-kadence-iconlist.kt-svg-icon-list-items11157_bbbc9d-d5 ul.kt-svg-icon-list{grid-row-gap:5px;}.wp-block-kadence-iconlist.kt-svg-icon-list-items11157_bbbc9d-d5 .kb-svg-icon-wrap{font-size:18px;color:var(--global-palette1, #3182CE);}.wp-block-kadence-iconlist.kt-svg-icon-list-items11157_bbbc9d-d5 ul.kt-svg-icon-list .kt-svg-icon-list-item-wrap .kt-svg-icon-list-single{margin-right:10px;}.kt-svg-icon-list-items11157_bbbc9d-d5 ul.kt-svg-icon-list .kt-svg-icon-list-level-0 .kt-svg-icon-list-single svg{font-size:20px;}<\/style>\n<div class=\"wp-block-kadence-iconlist kt-svg-icon-list-items kt-svg-icon-list-items11157_bbbc9d-d5 kt-svg-icon-list-columns-1 alignnone\"><ul class=\"kt-svg-icon-list\"><style>.kt-svg-icon-list-item-4510_2cfd64-bf .kt-svg-icon-list-text mark.kt-highlight{background-color:unset;font-style:normal;color:#f76a0c;-webkit-box-decoration-break:clone;box-decoration-break:clone;padding-top:0px;padding-right:0px;padding-bottom:0px;padding-left:0px;}<\/style>\n<li class=\"wp-block-kadence-listitem kt-svg-icon-list-item-wrap kt-svg-icon-list-item-4510_2cfd64-bf\"><span class=\"kb-svg-icon-wrap kb-svg-icon-fe_checkCircle kt-svg-icon-list-single\"><svg viewBox=\"0 0 24 24\"  fill=\"none\" stroke=\"currentColor\" stroke-width=\"3\" stroke-linecap=\"round\" stroke-linejoin=\"round\" xmlns=\"http:\/\/www.w3.org\/2000\/svg\"  aria-hidden=\"true\"><path d=\"M22 11.08V12a10 10 0 1 1-5.93-9.14\"\/><polyline points=\"22 4 12 14.01 9 11.01\"\/><\/svg><\/span><span class=\"kt-svg-icon-list-text\">Genie\u00dfen Sie Ihre Tage im Freien, ohne die K\u00e4lte zu f\u00fcrchten, dank eines warmen Futter aus Bio-Baumwolle, das Schafsfell imitiert.<\/span><\/li>\n\n\n<style>.kt-svg-icon-list-item-4510_ed5fb9-21 .kt-svg-icon-list-text mark.kt-highlight{background-color:unset;font-style:normal;color:#f76a0c;-webkit-box-decoration-break:clone;box-decoration-break:clone;padding-top:0px;padding-right:0px;padding-bottom:0px;padding-left:0px;}<\/style>\n<li class=\"wp-block-kadence-listitem kt-svg-icon-list-item-wrap kt-svg-icon-list-item-4510_ed5fb9-21\"><span class=\"kb-svg-icon-wrap kb-svg-icon-fe_checkCircle kt-svg-icon-list-single\"><svg viewBox=\"0 0 24 24\"  fill=\"none\" stroke=\"currentColor\" stroke-width=\"3\" stroke-linecap=\"round\" stroke-linejoin=\"round\" xmlns=\"http:\/\/www.w3.org\/2000\/svg\"  aria-hidden=\"true\"><path d=\"M22 11.08V12a10 10 0 1 1-5.93-9.14\"\/><polyline points=\"22 4 12 14.01 9 11.01\"\/><\/svg><\/span><span class=\"kt-svg-icon-list-text\">Genie\u00dfen Sie die optimale Passform f\u00fcr Ihre Kn\u00f6chel dank Schn\u00fcrsenkeln, die durch drei Haken gef\u00fchrt sind und sowohl Sicherheit als auch zus\u00e4tzlichen Komfort f\u00fcr Ihre Outdoor-Abenteuer bieten.<\/span><\/li>\n\n\n<style>.kt-svg-icon-list-item-4510_cd5bbd-1c .kt-svg-icon-list-text mark.kt-highlight{background-color:unset;font-style:normal;color:#f76a0c;-webkit-box-decoration-break:clone;box-decoration-break:clone;padding-top:0px;padding-right:0px;padding-bottom:0px;padding-left:0px;}<\/style>\n<li class=\"wp-block-kadence-listitem kt-svg-icon-list-item-wrap kt-svg-icon-list-item-4510_cd5bbd-1c\"><span class=\"kb-svg-icon-wrap kb-svg-icon-fe_checkCircle kt-svg-icon-list-single\"><svg viewBox=\"0 0 24 24\"  fill=\"none\" stroke=\"currentColor\" stroke-width=\"3\" stroke-linecap=\"round\" stroke-linejoin=\"round\" xmlns=\"http:\/\/www.w3.org\/2000\/svg\"  aria-hidden=\"true\"><path d=\"M22 11.08V12a10 10 0 1 1-5.93-9.14\"\/><polyline points=\"22 4 12 14.01 9 11.01\"\/><\/svg><\/span><span class=\"kt-svg-icon-list-text\">Treffen Sie die Wahl f\u00fcr ein \u00f6kologisches und ethisches Engagement, indem Sie sich f\u00fcr veganes Wildleder entscheiden, das wasserbest\u00e4ndig und langlebig ist, f\u00fcr Ihre nachhaltigen Wanderschuhe. <strong>Stiefel<\/strong>.<\/span><\/li>\n<\/ul><\/div>\n\n\n\n<p>Ohne giftige Emissionen, ohne Grausamkeit gegen\u00fcber Tieren und ohne Kompromisse in Bezug auf Ihren Komfort&#8230;<\/p>\n\n\n\n<p>F\u00fcr den Preis gew\u00f6hnlicher Schuhe, die m\u00f6glicherweise nicht mit Ihren \u00dcberzeugungen \u00fcbereinstimmen, investieren Sie in <strong>vegane braune Lederschuhe<\/strong>, die Ihnen W\u00e4rme bieten, die Umwelt respektieren und Ihre Prinzipien widerspiegeln.<\/p>\n\n\n\n<p>Dann, bereit f\u00fcr einen mutigen Schritt zu einem noch umweltfreundlicheren Lebensstil zu sein? Verlieren Sie keine Zeit, denn diese <strong>unisex braune Stiefeletten<\/strong> <strong>Gadea Brown<\/strong> sind sehr gefragt und unser Bestand ist begrenzt.<\/p>\n","protected":false},"excerpt":{"rendered":"<p>Sie sind auf der Suche nach unisex braunen Stiefeletten, die thermischen Komfort und Stil f\u00fcr Ihren n\u00e4chsten Ausflug in die Natur vereinen? Sind Sie ein leidenschaftlicher Verfechter von ethischer Mode und w\u00fcnschen sich einen Look, der Ihren \u00dcberzeugungen gerecht wird? Entdecken Sie die Gadea Brown: stilvolle Outdoor-Schuhe aus vegalem Leder mit einer Mischung aus W\u00e4rme,&#8230;<\/p>\n","protected":false},"featured_media":8688,"comment_status":"open","ping_status":"closed","template":"","meta":{"_acf_changed":false,"_kad_blocks_custom_css":"","_kad_blocks_head_custom_js":"","_kad_blocks_body_custom_js":"","_kad_blocks_footer_custom_js":"","_kad_post_transparent":"","_kad_post_title":"","_kad_post_layout":"","_kad_post_sidebar_id":"","_kad_post_content_style":"","_kad_post_vertical_padding":"","_kad_post_feature":"","_kad_post_feature_position":"","_kad_post_header":false,"_kad_post_footer":false},"product_brand":[],"product_cat":[414,413],"product_tag":[445],"product_brands":[685],"class_list":{"0":"post-11157","1":"product","2":"type-product","3":"status-publish","4":"has-post-thumbnail","6":"product_cat-stiefel","7":"product_cat-schuhe-fuer-maenner-und-frauen","8":"product_tag-unisex-de","9":"product_brands-nae-vegan-shoes-de","11":"first","12":"outofstock","13":"taxable","14":"shipping-taxable","15":"purchasable","16":"product-type-variable","17":"has-default-attributes","18":"entry","19":"content-bg","20":"loop-entry"},"acf":{"avantages":"\ud83c\udf3f Material: Obermaterial und Einlegesohle aus Mikrofaser, die die Umwelt sch\u00fctzt.\r\n\r\n\ud83d\udca6 Wasserbest\u00e4ndigkeit: Sch\u00fctzt die F\u00fc\u00dfe vor Feuchtigkeit.\r\n\r\n\ud83c\udf2c\ufe0f Atmungsaktiv: F\u00f6rdert eine gute Luftzirkulation, um die F\u00fc\u00dfe frisch und trocken zu halten.\r\n\r\n\ud83e\udda0 Antimikrobiell: Verhindert das Wachstum von Bakterien und Mikroben.\r\n\r\n\ud83c\udf21\ufe0f Isolierung: H\u00e4lt eine angenehme Temperatur im Inneren des Schuhs aufrecht.\r\n\r\n\ud83c\udf31 Hypoallergen: Minimiert allergische Reaktionen.\r\n\r\n\ud83d\udc63 Futter aus zertifizierter Bio-Baumwolle nach GOTS, f\u00fcr zus\u00e4tzlichen Komfort.\r\n\r\n\u267b\ufe0f Schn\u00fcrsenkel aus recyceltem Polyester, unterst\u00fctzt nachhaltige Praktiken.\r\n\r\n\ud83d\udee1\ufe0f Gepolsterte Einlegesohle aus feuchtigkeitsabweisendem EVA-Gummi f\u00fcr besseren Komfort und Schutz vor Feuchtigkeit.\r\n\r\n\ud83d\udc5e Langlebige Laufsohle aus TR-Gummi (synthetischer Kautschuk) mit rutschfestem Profil f\u00fcr optimale Haftung und Haltbarkeit.\r\n\r\n\ud83d\udc60 Absatzh\u00f6he von 3 cm f\u00fcr einen eleganten und dennoch bequemen Look.\r\n\r\n\ud83c\uddf5\ud83c\uddf9 Mit Liebe und Sorgfalt in Portugal hergestellt, unter Verwendung umweltfreundlicher Materialien und Herstell","entretien":"1. Reinigen Sie die Schuhe mit einem in Seifenwasser getr\u00e4nkten Tuch.\r\n\r\n2. Verwenden Sie f\u00fcr hartn\u00e4ckige Flecken eine weiche Schuhb\u00fcrste, ebenfalls in Seifenwasser getr\u00e4nkt, und reiben Sie sanft in kreisenden Bewegungen.\r\n\r\n3. Entfernen Sie die Seife mit einem feuchten Tuch.\r\n\r\n4. Lassen Sie die Schuhe 24 Stunden lang an der Luft trocknen, ohne sie direkter Sonneneinstrahlung auszusetzen.Achtung:\r\n\r\n- Verwenden Sie keine Reinigungscreme.- Geben Sie Ihre Schuhe nicht in die Waschmaschine.\r\n\r\n- Tauchen Sie sie nicht in Wasser ein, da sie irreparable Sch\u00e4den erleiden k\u00f6nnten.Wenn Sie der Meinung sind, dass Ihre veganen Schuhe das Ende ihrer Lebensdauer erreicht haben oder Sie sie nicht mehr ben\u00f6tigen, \u00fcberlegen Sie, ihnen ein zweites Leben zu geben. Verwenden Sie sie auf eine andere Weise selbst oder geben Sie sie jemand anderem.","marque":""},"_wp_attached_file":null,"_wp_attachment_image_alt":null,"rank_math_facebook_image":null,"rank_math_facebook_image_id":null,"wpml_language":null,"_wp_attachment_metadata":null,"rank_math_focus_keyword":"Gadea Brown, unisex braune Stiefelette.","rank_math_title":"Bottine Gadea Brown Marron: Komfort und Eleganz","rank_math_description":"Die Gadea Brown Stiefeletten verbinden Stil und Komfort f\u00fcr einen perfekten Look. Klicken Sie hier, um sie sofort zu entdecken!","taxonomy_info":{"product_cat":[{"value":414,"label":"Stiefel"},{"value":413,"label":"Schuhe"}],"product_tag":[{"value":445,"label":"Unisex"}],"product_brands":[{"value":685,"label":"NAE Vegan Shoes"}]},"featured_image_src_large":["https:\/\/ekomfort.lu\/wp-content\/uploads\/2023\/09\/gadea-brown.jpg",700,700,false],"author_info":[],"comment_info":0,"_links":{"self":[{"href":"https:\/\/ekomfort.lu\/de\/wp-json\/wp\/v2\/product\/11157","targetHints":{"allow":["GET"]}}],"collection":[{"href":"https:\/\/ekomfort.lu\/de\/wp-json\/wp\/v2\/product"}],"about":[{"href":"https:\/\/ekomfort.lu\/de\/wp-json\/wp\/v2\/types\/product"}],"replies":[{"embeddable":true,"href":"https:\/\/ekomfort.lu\/de\/wp-json\/wp\/v2\/comments?post=11157"}],"wp:featuredmedia":[{"embeddable":true,"href":"https:\/\/ekomfort.lu\/de\/wp-json\/wp\/v2\/media\/8688"}],"wp:attachment":[{"href":"https:\/\/ekomfort.lu\/de\/wp-json\/wp\/v2\/media?parent=11157"}],"wp:term":[{"taxonomy":"product_brand","embeddable":true,"href":"https:\/\/ekomfort.lu\/de\/wp-json\/wp\/v2\/product_brand?post=11157"},{"taxonomy":"product_cat","embeddable":true,"href":"https:\/\/ekomfort.lu\/de\/wp-json\/wp\/v2\/product_cat?post=11157"},{"taxonomy":"product_tag","embeddable":true,"href":"https:\/\/ekomfort.lu\/de\/wp-json\/wp\/v2\/product_tag?post=11157"},{"taxonomy":"product_brands","embeddable":true,"href":"https:\/\/ekomfort.lu\/de\/wp-json\/wp\/v2\/product_brands?post=11157"}],"curies":[{"name":"wp","href":"https:\/\/api.w.org\/{rel}","templated":true}]}}