{"id":11092,"date":"2023-08-16T14:50:14","date_gmt":"2023-08-16T12:50:14","guid":{"rendered":"https:\/\/ekomfort.lu\/shop\/harley-black-der-oekologische-vegane-schnuerstiefel-in-schwarz-die-perfekte-balance-zwischen-komfort-und-ethik"},"modified":"2024-07-01T12:03:22","modified_gmt":"2024-07-01T10:03:22","slug":"harley-black-der-oekologische-vegane-schnuerstiefel-in-schwarz-die-perfekte-balance-zwischen-komfort-und-ethik","status":"publish","type":"product","link":"https:\/\/ekomfort.lu\/de\/shop\/harley-black-der-oekologische-vegane-schnuerstiefel-in-schwarz-die-perfekte-balance-zwischen-komfort-und-ethik\/","title":{"rendered":"Harley Black: Der \u00f6kologische vegane Schn\u00fcrstiefel in Schwarz &#8211; Die perfekte Balance zwischen Komfort und Ethik"},"content":{"rendered":"\n<p>M\u00f6chten Sie Ihrem Stil eine zeitgen\u00f6ssische Note verleihen und gleichzeitig Ihrer \u00f6kologischen Verpflichtung treu bleiben? Sind Sie auf der Suche nach einem Paar langlebiger <strong>Stiefeletten mit Rei\u00dfverschluss<\/strong>, die Komfort, Eleganz und Umweltfreundlichkeit m\u00fchelos vereinen?<\/p>\n\n\n\n<p>Entdecken Sie<strong> Harley Black<\/strong>, den <strong>umweltfreundlichen schwarzen Schn\u00fcrboot<\/strong>, der all Ihren Erwartungen entspricht.<\/p>\n\n\n\n<p>Bei der Auswahl des <strong>veganen schwarzen Harley-Stiefels<\/strong>:<\/p>\n\n\n<style>.wp-block-kadence-iconlist.kt-svg-icon-list-items11092_452af1-8e:not(.this-stops-third-party-issues){margin-top:0px;margin-bottom:0px;}.wp-block-kadence-iconlist.kt-svg-icon-list-items11092_452af1-8e ul.kt-svg-icon-list:not(.this-prevents-issues):not(.this-stops-third-party-issues):not(.tijsloc){margin-top:0px;margin-right:0px;margin-bottom:var(--global-kb-spacing-sm, 1.5rem);margin-left:0px;}.wp-block-kadence-iconlist.kt-svg-icon-list-items11092_452af1-8e ul.kt-svg-icon-list{grid-row-gap:5px;}.wp-block-kadence-iconlist.kt-svg-icon-list-items11092_452af1-8e .kb-svg-icon-wrap{font-size:18px;color:var(--global-palette1, #3182CE);}.wp-block-kadence-iconlist.kt-svg-icon-list-items11092_452af1-8e ul.kt-svg-icon-list .kt-svg-icon-list-item-wrap .kt-svg-icon-list-single{margin-right:10px;}.kt-svg-icon-list-items11092_452af1-8e ul.kt-svg-icon-list .kt-svg-icon-list-level-0 .kt-svg-icon-list-single svg{font-size:20px;}<\/style>\n<div class=\"wp-block-kadence-iconlist kt-svg-icon-list-items kt-svg-icon-list-items11092_452af1-8e kt-svg-icon-list-columns-1 alignnone\"><ul class=\"kt-svg-icon-list\"><style>.kt-svg-icon-list-item-4514_2c11ba-92 .kt-svg-icon-list-text mark.kt-highlight{background-color:unset;font-style:normal;color:#f76a0c;-webkit-box-decoration-break:clone;box-decoration-break:clone;padding-top:0px;padding-right:0px;padding-bottom:0px;padding-left:0px;}<\/style>\n<li class=\"wp-block-kadence-listitem kt-svg-icon-list-item-wrap kt-svg-icon-list-item-4514_2c11ba-92\"><span class=\"kb-svg-icon-wrap kb-svg-icon-fe_checkCircle kt-svg-icon-list-single\"><svg viewBox=\"0 0 24 24\"  fill=\"none\" stroke=\"currentColor\" stroke-width=\"3\" stroke-linecap=\"round\" stroke-linejoin=\"round\" xmlns=\"http:\/\/www.w3.org\/2000\/svg\"  aria-hidden=\"true\"><path d=\"M22 11.08V12a10 10 0 1 1-5.93-9.14\"\/><polyline points=\"22 4 12 14.01 9 11.01\"\/><\/svg><\/span><span class=\"kt-svg-icon-list-text\">Genie\u00dfen Sie den Komfort einer umweltfreundlichen Mikrofaser, die Ihren F\u00fc\u00dfen ein unvergleichliches Gef\u00fchl von Leichtigkeit verleiht.<\/span><\/li>\n\n\n<style>.kt-svg-icon-list-item-4514_cc154d-e2 .kt-svg-icon-list-text mark.kt-highlight{background-color:unset;font-style:normal;color:#f76a0c;-webkit-box-decoration-break:clone;box-decoration-break:clone;padding-top:0px;padding-right:0px;padding-bottom:0px;padding-left:0px;}<\/style>\n<li class=\"wp-block-kadence-listitem kt-svg-icon-list-item-wrap kt-svg-icon-list-item-4514_cc154d-e2\"><span class=\"kb-svg-icon-wrap kb-svg-icon-fe_checkCircle kt-svg-icon-list-single\"><svg viewBox=\"0 0 24 24\"  fill=\"none\" stroke=\"currentColor\" stroke-width=\"3\" stroke-linecap=\"round\" stroke-linejoin=\"round\" xmlns=\"http:\/\/www.w3.org\/2000\/svg\"  aria-hidden=\"true\"><path d=\"M22 11.08V12a10 10 0 1 1-5.93-9.14\"\/><polyline points=\"22 4 12 14.01 9 11.01\"\/><\/svg><\/span><span class=\"kt-svg-icon-list-text\">Zeigen Sie einen &#8222;m\u00fchelosen schicken&#8220; Look mit dekorativen schwarzen Schn\u00fcrsenkeln, einem seitlichen Rei\u00dfverschluss und silbernen Ringen f\u00fcr einen absolut modernen Touch.<\/span><\/li>\n\n\n<style>.kt-svg-icon-list-item-4514_83113a-2a .kt-svg-icon-list-text mark.kt-highlight{background-color:unset;font-style:normal;color:#f76a0c;-webkit-box-decoration-break:clone;box-decoration-break:clone;padding-top:0px;padding-right:0px;padding-bottom:0px;padding-left:0px;}<\/style>\n<li class=\"wp-block-kadence-listitem kt-svg-icon-list-item-wrap kt-svg-icon-list-item-4514_83113a-2a\"><span class=\"kb-svg-icon-wrap kb-svg-icon-fe_checkCircle kt-svg-icon-list-single\"><svg viewBox=\"0 0 24 24\"  fill=\"none\" stroke=\"currentColor\" stroke-width=\"3\" stroke-linecap=\"round\" stroke-linejoin=\"round\" xmlns=\"http:\/\/www.w3.org\/2000\/svg\"  aria-hidden=\"true\"><path d=\"M22 11.08V12a10 10 0 1 1-5.93-9.14\"\/><polyline points=\"22 4 12 14.01 9 11.01\"\/><\/svg><\/span><span class=\"kt-svg-icon-list-text\">Schlafen Sie ruhig und beruhigt, im Wissen, dass Ihre Entscheidung zur Gestaltung einer umwelt- und lebewesenfreundlicheren Welt beitr\u00e4gt, da dieses Modell aus veganem Leder gefertigt ist.<\/span><\/li>\n<\/ul><\/div>\n\n\n\n<p>ohne Grausamkeit, ohne Kompromisse beim Stil und ohne Bedauern&#8230;<\/p>\n\n\n\n<p>F\u00fcr weniger als den Preis eines veganen Br\u00f6tchens in Ihrem Lieblingsrestaurant g\u00f6nnen Sie sich ein Paar Stiefeletten mit unschlagbarem Verh\u00e4ltnis von Qualit\u00e4t, Komfort, Ethik und Preis.<\/p>\n\n\n\n<p>Sind Sie bereit, den Weg zu einer respektvolleren und eleganteren Zukunft mit dem umweltfreundlichen schwarzen Schn\u00fcrstiefel Harley Black <strong>in Ihrer Gr\u00f6\u00dfe zu gehen<\/strong>? Die Lagerbest\u00e4nde werden schnell knapp und dieses Modell zieht die Blicke auf sich. Vers\u00e4umen Sie diese Gelegenheit nicht!<\/p>\n","protected":false},"excerpt":{"rendered":"<p>M\u00f6chten Sie Ihrem Stil eine zeitgen\u00f6ssische Note verleihen und gleichzeitig Ihrer \u00f6kologischen Verpflichtung treu bleiben? Sind Sie auf der Suche nach einem Paar langlebiger Stiefeletten mit Rei\u00dfverschluss, die Komfort, Eleganz und Umweltfreundlichkeit m\u00fchelos vereinen? Entdecken Sie Harley Black, den umweltfreundlichen schwarzen Schn\u00fcrboot, der all Ihren Erwartungen entspricht. Bei der Auswahl des veganen schwarzen Harley-Stiefels: ohne&#8230;<\/p>\n","protected":false},"featured_media":9280,"comment_status":"open","ping_status":"closed","template":"","meta":{"_acf_changed":false,"_kad_blocks_custom_css":"","_kad_blocks_head_custom_js":"","_kad_blocks_body_custom_js":"","_kad_blocks_footer_custom_js":"","_kad_post_transparent":"","_kad_post_title":"","_kad_post_layout":"","_kad_post_sidebar_id":"","_kad_post_content_style":"","_kad_post_vertical_padding":"","_kad_post_feature":"","_kad_post_feature_position":"","_kad_post_header":false,"_kad_post_footer":false,"_kad_post_classname":""},"product_brand":[],"product_cat":[413,414],"product_tag":[445],"product_brands":[],"class_list":{"0":"post-11092","1":"product","2":"type-product","3":"status-publish","4":"has-post-thumbnail","6":"product_cat-schuhe-fuer-maenner-und-frauen","7":"product_cat-stiefel","8":"product_tag-unisex-de","10":"first","11":"outofstock","12":"taxable","13":"shipping-taxable","14":"purchasable","15":"product-type-variable","16":"has-default-attributes","17":"entry","18":"content-bg","19":"loop-entry"},"acf":{"avantages":"\ud83d\udc63 Weit geschnittenes Modell f\u00fcr optimalen Komfort.\r\n\r\n\ud83d\udca6 Wasserabweisendes Au\u00dfenmaterial aus umweltfreundlicher Mikrofaser, um die F\u00fc\u00dfe trocken zu halten.\r\n\r\n\ud83d\udd12 Rei\u00dfverschluss und Metallringe zertifiziert nickel frei, um allergische Reaktionen zu vermeiden.\r\n\r\n\ud83c\udf2c\ufe0f Innenfutter aus atmungsaktiver, hypoallergener und umweltfreundlicher Mikrofaser f\u00fcr ultimativen Komfort und Hygiene.\r\n\r\n\ud83d\udc5f Innensohle aus laminiertem Karton und Mikrofaser f\u00fcr hervorragende Unterst\u00fctzung und perfekte Stabilit\u00e4t.\r\n\r\n\ud83d\ude80 3 cm dicke Gummilaufsohle f\u00fcr optimale Haftung.\ud83c\uddf5\ud83c\uddf9 Hergestellt in Portugal, um das handwerkliche K\u00f6nnen und die Tradition der qualitativ hochwertigen Herstellung zu w\u00fcrdigen.\r\n\r\n\u267b\ufe0f Umweltfreundliche Materialien ohne CO2-Emissionen.\r\n\r\n\ud83d\udccf Halbe Gr\u00f6\u00dfen erh\u00e4ltlich f\u00fcr eine perfekte Passform.\r\n\r\n\ud83d\udd0d Lesen Sie unseren Gr\u00f6\u00dfenratgeber f\u00fcr weitere Informationen.","entretien":"Bewahren Sie Ihre nae-Produkte auf und sch\u00fctzen Sie sie!\r\n\r\n\u2022 Verwenden Sie regelm\u00e4\u00dfig eine Poliercreme f\u00fcr Pi\u00f1atex-Produkte. W\u00e4hlen Sie eine Creme in derselben Farbe wie die Oberfl\u00e4che des Materials und speziell f\u00fcr das Produkt. Dadurch wird die Farbe und das urspr\u00fcngliche Aussehen erhalten.\r\n\r\n\u2022 Verwenden Sie f\u00fcr Mikrofaser- oder Korkprodukte ein feuchtes Tuch. Bei Schmutz oder hartn\u00e4ckigen Flecken verwenden Sie eine neutrale Seife.F\u00fcr weitere Informationen zur Garantie unserer Produkte lesen Sie bitte unsere Versand- und R\u00fcckgaberichtlinien.","marque":""},"taxonomy_info":{"product_cat":[{"value":413,"label":"Schuhe"},{"value":414,"label":"Stiefel"}],"product_tag":[{"value":445,"label":"Unisex"}]},"featured_image_src_large":["https:\/\/ekomfort.lu\/wp-content\/uploads\/2023\/09\/harley-2.jpg",700,700,false],"author_info":[],"comment_info":0,"_links":{"self":[{"href":"https:\/\/ekomfort.lu\/de\/wp-json\/wp\/v2\/product\/11092","targetHints":{"allow":["GET"]}}],"collection":[{"href":"https:\/\/ekomfort.lu\/de\/wp-json\/wp\/v2\/product"}],"about":[{"href":"https:\/\/ekomfort.lu\/de\/wp-json\/wp\/v2\/types\/product"}],"replies":[{"embeddable":true,"href":"https:\/\/ekomfort.lu\/de\/wp-json\/wp\/v2\/comments?post=11092"}],"wp:featuredmedia":[{"embeddable":true,"href":"https:\/\/ekomfort.lu\/de\/wp-json\/wp\/v2\/media\/9280"}],"wp:attachment":[{"href":"https:\/\/ekomfort.lu\/de\/wp-json\/wp\/v2\/media?parent=11092"}],"wp:term":[{"taxonomy":"product_brand","embeddable":true,"href":"https:\/\/ekomfort.lu\/de\/wp-json\/wp\/v2\/product_brand?post=11092"},{"taxonomy":"product_cat","embeddable":true,"href":"https:\/\/ekomfort.lu\/de\/wp-json\/wp\/v2\/product_cat?post=11092"},{"taxonomy":"product_tag","embeddable":true,"href":"https:\/\/ekomfort.lu\/de\/wp-json\/wp\/v2\/product_tag?post=11092"},{"taxonomy":"product_brands","embeddable":true,"href":"https:\/\/ekomfort.lu\/de\/wp-json\/wp\/v2\/product_brands?post=11092"}],"curies":[{"name":"wp","href":"https:\/\/api.w.org\/{rel}","templated":true}]}}