{"id":11076,"date":"2023-08-16T14:50:14","date_gmt":"2023-08-16T12:50:14","guid":{"rendered":"https:\/\/ekomfort.lu\/shop\/schuh-mit-rutschfester-sohle-fuer-damen-aus-veganem-kunstleder-helen-black-von-nae-komfort-und-eleganz-im-dienste-des-planeten"},"modified":"2024-07-01T12:02:45","modified_gmt":"2024-07-01T10:02:45","slug":"schuh-mit-rutschfester-sohle-fuer-damen-aus-veganem-kunstleder-helen-black-von-nae-komfort-und-eleganz-im-dienste-des-planeten","status":"publish","type":"product","link":"https:\/\/ekomfort.lu\/de\/shop\/schuh-mit-rutschfester-sohle-fuer-damen-aus-veganem-kunstleder-helen-black-von-nae-komfort-und-eleganz-im-dienste-des-planeten\/","title":{"rendered":"Schuh mit rutschfester Sohle f\u00fcr Damen aus veganem Kunstleder Helen Black von Nae: Komfort und Eleganz im Dienste des Planeten"},"content":{"rendered":"\n<p>Tr\u00e4umen Sie von Schuhen, die Stil, Komfort und Umweltbewusstsein perfekt vereinen? Auf der Suche nach einem vielseitigen Paar, das Ihren aktiven Lebensstil begleitet, ohne den Komfort oder die Langlebigkeit zu beeintr\u00e4chtigen?<\/p>\n\n\n\n<p>Erlebe die Erfahrung von <strong>Helen Black<\/strong>, den umweltvertr\u00e4glichen <strong>Derby f\u00fcr Frauen<\/strong> mit geschlossener Spitze, der Diskretion, au\u00dfergew\u00f6hnlichen Komfort und umweltfreundliche Materialien vereint.<\/p>\n\n\n\n<p>Kaufen Sie die Schuhe Helen Black und:<\/p>\n\n\n<style>.wp-block-kadence-iconlist.kt-svg-icon-list-items11076_c35cab-17:not(.this-stops-third-party-issues){margin-top:0px;margin-bottom:0px;}.wp-block-kadence-iconlist.kt-svg-icon-list-items11076_c35cab-17 ul.kt-svg-icon-list:not(.this-prevents-issues):not(.this-stops-third-party-issues):not(.tijsloc){margin-top:0px;margin-right:0px;margin-bottom:var(--global-kb-spacing-sm, 1.5rem);margin-left:0px;}.wp-block-kadence-iconlist.kt-svg-icon-list-items11076_c35cab-17 ul.kt-svg-icon-list{grid-row-gap:5px;}.wp-block-kadence-iconlist.kt-svg-icon-list-items11076_c35cab-17 .kb-svg-icon-wrap{font-size:18px;color:var(--global-palette1, #3182CE);}.wp-block-kadence-iconlist.kt-svg-icon-list-items11076_c35cab-17 ul.kt-svg-icon-list .kt-svg-icon-list-item-wrap .kt-svg-icon-list-single{margin-right:10px;}.kt-svg-icon-list-items11076_c35cab-17 ul.kt-svg-icon-list .kt-svg-icon-list-level-0 .kt-svg-icon-list-single svg{font-size:20px;}<\/style>\n<div class=\"wp-block-kadence-iconlist kt-svg-icon-list-items kt-svg-icon-list-items11076_c35cab-17 kt-svg-icon-list-columns-1 alignnone\"><ul class=\"kt-svg-icon-list\"><style>.kt-svg-icon-list-item-4516_5728d4-d3 .kt-svg-icon-list-text mark.kt-highlight{background-color:unset;font-style:normal;color:#f76a0c;-webkit-box-decoration-break:clone;box-decoration-break:clone;padding-top:0px;padding-right:0px;padding-bottom:0px;padding-left:0px;}<\/style>\n<li class=\"wp-block-kadence-listitem kt-svg-icon-list-item-wrap kt-svg-icon-list-item-4516_5728d4-d3\"><span class=\"kb-svg-icon-wrap kb-svg-icon-fe_checkCircle kt-svg-icon-list-single\"><svg viewBox=\"0 0 24 24\"  fill=\"none\" stroke=\"currentColor\" stroke-width=\"3\" stroke-linecap=\"round\" stroke-linejoin=\"round\" xmlns=\"http:\/\/www.w3.org\/2000\/svg\"  aria-hidden=\"true\"><path d=\"M22 11.08V12a10 10 0 1 1-5.93-9.14\"\/><polyline points=\"22 4 12 14.01 9 11.01\"\/><\/svg><\/span><span class=\"kt-svg-icon-list-text\">Genie\u00dfen Sie den Komfort eines leichten und wasserbest\u00e4ndigen Modells, das aus veganem Nubukleder hergestellt wurde und perfekt Stil und Langlebigkeit miteinander vereint, um Sie im Alltag zu begleiten.<\/span><\/li>\n\n\n<style>.kt-svg-icon-list-item-4516_fb7ba6-83 .kt-svg-icon-list-text mark.kt-highlight{background-color:unset;font-style:normal;color:#f76a0c;-webkit-box-decoration-break:clone;box-decoration-break:clone;padding-top:0px;padding-right:0px;padding-bottom:0px;padding-left:0px;}<\/style>\n<li class=\"wp-block-kadence-listitem kt-svg-icon-list-item-wrap kt-svg-icon-list-item-4516_fb7ba6-83\"><span class=\"kb-svg-icon-wrap kb-svg-icon-fe_checkCircle kt-svg-icon-list-single\"><svg viewBox=\"0 0 24 24\"  fill=\"none\" stroke=\"currentColor\" stroke-width=\"3\" stroke-linecap=\"round\" stroke-linejoin=\"round\" xmlns=\"http:\/\/www.w3.org\/2000\/svg\"  aria-hidden=\"true\"><path d=\"M22 11.08V12a10 10 0 1 1-5.93-9.14\"\/><polyline points=\"22 4 12 14.01 9 11.01\"\/><\/svg><\/span><span class=\"kt-svg-icon-list-text\">Sp\u00fcren Sie den Unterschied einer EVA-Gummisohle, die unvergleichlichen Komfort bietet, und einer rutschfesten Laufsohle, die Ihre Sicherheit w\u00e4hrend Ihrer Bewegungen gew\u00e4hrleistet.<\/span><\/li>\n\n\n<style>.kt-svg-icon-list-item-4516_6ed19c-e6 .kt-svg-icon-list-text mark.kt-highlight{background-color:unset;font-style:normal;color:#f76a0c;-webkit-box-decoration-break:clone;box-decoration-break:clone;padding-top:0px;padding-right:0px;padding-bottom:0px;padding-left:0px;}<\/style>\n<li class=\"wp-block-kadence-listitem kt-svg-icon-list-item-wrap kt-svg-icon-list-item-4516_6ed19c-e6\"><span class=\"kb-svg-icon-wrap kb-svg-icon-fe_checkCircle kt-svg-icon-list-single\"><svg viewBox=\"0 0 24 24\"  fill=\"none\" stroke=\"currentColor\" stroke-width=\"3\" stroke-linecap=\"round\" stroke-linejoin=\"round\" xmlns=\"http:\/\/www.w3.org\/2000\/svg\"  aria-hidden=\"true\"><path d=\"M22 11.08V12a10 10 0 1 1-5.93-9.14\"\/><polyline points=\"22 4 12 14.01 9 11.01\"\/><\/svg><\/span><span class=\"kt-svg-icon-list-text\">Zeigen Sie Ihr Engagement f\u00fcr eine nachhaltige Zukunft mit einem umweltfreundlichen, tierfreien <strong>schwarzen Freizeitschuh<\/strong>.<\/span><\/li>\n<\/ul><\/div>\n\n\n\n<p>ohne Schmerzen, ohne unangenehme Ger\u00fcche, ohne Kompromisse bei der Umweltvertr\u00e4glichkeit&#8230;<\/p>\n\n\n\n<p>Zu dem Preis eines gew\u00f6hnlichen Schuhpaars, treffen Sie die Wahl f\u00fcr ethisches Engagement, ohne die Qualit\u00e4t zu opfern.<\/p>\n\n\n\n<p>Dann, sind Sie bereit, mit Sicherheit, Stil und Bewusstsein den Boden zu betreten? Les <strong>Helen Black<\/strong> sind sehr erfolgreich und die Best\u00e4nde schwinden schnell. Verpassen Sie nicht diese Gelegenheit!<\/p>\n","protected":false},"excerpt":{"rendered":"<p>Tr\u00e4umen Sie von Schuhen, die Stil, Komfort und Umweltbewusstsein perfekt vereinen? Auf der Suche nach einem vielseitigen Paar, das Ihren aktiven Lebensstil begleitet, ohne den Komfort oder die Langlebigkeit zu beeintr\u00e4chtigen? Erlebe die Erfahrung von Helen Black, den umweltvertr\u00e4glichen Derby f\u00fcr Frauen mit geschlossener Spitze, der Diskretion, au\u00dfergew\u00f6hnlichen Komfort und umweltfreundliche Materialien vereint. Kaufen Sie&#8230;<\/p>\n","protected":false},"featured_media":9236,"comment_status":"open","ping_status":"closed","template":"","meta":{"_acf_changed":false,"_kad_blocks_custom_css":"","_kad_blocks_head_custom_js":"","_kad_blocks_body_custom_js":"","_kad_blocks_footer_custom_js":"","_kad_post_transparent":"","_kad_post_title":"","_kad_post_layout":"","_kad_post_sidebar_id":"","_kad_post_content_style":"","_kad_post_vertical_padding":"","_kad_post_feature":"","_kad_post_feature_position":"","_kad_post_header":false,"_kad_post_footer":false,"_kad_post_classname":""},"product_brand":[],"product_cat":[425,413],"product_tag":[447],"product_brands":[685],"class_list":{"0":"post-11076","1":"product","2":"type-product","3":"status-publish","4":"has-post-thumbnail","6":"product_cat-flache-schuhe","7":"product_cat-schuhe-fuer-maenner-und-frauen","8":"product_tag-frau","9":"product_brands-nae-vegan-shoes-de","11":"first","12":"outofstock","13":"taxable","14":"shipping-taxable","15":"purchasable","16":"product-type-variable","17":"has-default-attributes","18":"entry","19":"content-bg","20":"loop-entry"},"acf":{"avantages":"\ud83d\udca6 Wasserfest: Sch\u00fctzen Ihre F\u00fc\u00dfe vor Feuchtigkeit.\r\n\r\n\ud83c\udf2c\ufe0f Atmungsaktiv: F\u00f6rdern eine gute Luftzirkulation f\u00fcr frische und trockene F\u00fc\u00dfe.\r\n\r\n\ud83c\udf21\ufe0f Antimikrobiell und hypoallergen: Gew\u00e4hrleisten optimale Hygiene und minimieren allergische Reaktionen.\r\n\r\n\ud83d\udc9a Gesundheitlich unbedenklich: Verwendung von risikofreien Materialien f\u00fcr Ihre Gesundheit.\r\n\r\n\ud83d\udcbc Schaft aus Nobuk-Mikrofaser: Ein eleganter und langlebiger Look.\r\n\r\n\ud83c\udf97\ufe0f Umweltfreundliche Schn\u00fcrsenkel: Hergestellt aus veganem gewachstem Baumwoll- und recyceltem Polyester.\r\n\r\n\ud83d\udee1\ufe0f Bequemes und langlebiges Futter: 90% Mikrofasern und 10% PU.\r\n\r\n\ud83d\udc5f Gepolsterte, feuchtigkeitsabweisende Sohle: Bietet gute D\u00e4mpfung und Schutz vor Feuchtigkeit.\r\n\r\n\ud83d\udc63 Laufsohle aus TR-Gummi: Rutschfestes Profil f\u00fcr optimale Haftung und Haltbarkeit.\r\n\r\n\ud83c\uddf5\ud83c\uddf9 Mit Sorgfalt in Portugal hergestellt: Verwendung von umweltfreundlichen Materialien und Prozessen in einer fairen Arbeitsumgebung.","entretien":"1. Reinigen Sie die Schuhe mit einem in Seifenwasser getr\u00e4nkten Tuch.\r\n\r\n2. Verwenden Sie f\u00fcr hartn\u00e4ckige Flecken eine weiche Schuhb\u00fcrste, ebenfalls in Seifenwasser getr\u00e4nkt, und reiben Sie sanft in kreisenden Bewegungen.\r\n\r\n3. Entfernen Sie die Seife mit einem feuchten Tuch.\r\n\r\n4. Lassen Sie die Schuhe 24 Stunden lang an der Luft trocknen, ohne sie direkter Sonneneinstrahlung auszusetzen.Achtung:\r\n\r\n- Verwenden Sie keine Reinigungscreme.\r\n\r\n- Geben Sie Ihre Schuhe nicht in die Waschmaschine.\r\n\r\n- Tauchen Sie sie nicht in Wasser ein, da dies zu irreparablen Sch\u00e4den f\u00fchren k\u00f6nnte.Produktlebensdauer:Wenn Ihre veganen Schuhe das Ende ihrer Lebensdauer erreicht haben oder Sie sie nicht mehr ben\u00f6tigen, erw\u00e4gen Sie, ihnen ein zweites Leben zu geben. Verwenden Sie sie auf eine andere Weise selbst oder geben Sie sie jemand anderem.","marque":""},"taxonomy_info":{"product_cat":[{"value":425,"label":"Flache Schuhe"},{"value":413,"label":"Schuhe"}],"product_tag":[{"value":447,"label":"Damenboutique"}],"product_brands":[{"value":685,"label":"NAE Vegan Shoes"}]},"featured_image_src_large":["https:\/\/ekomfort.lu\/wp-content\/uploads\/2023\/09\/helen-black-2.jpg",700,700,false],"author_info":[],"comment_info":0,"_links":{"self":[{"href":"https:\/\/ekomfort.lu\/de\/wp-json\/wp\/v2\/product\/11076","targetHints":{"allow":["GET"]}}],"collection":[{"href":"https:\/\/ekomfort.lu\/de\/wp-json\/wp\/v2\/product"}],"about":[{"href":"https:\/\/ekomfort.lu\/de\/wp-json\/wp\/v2\/types\/product"}],"replies":[{"embeddable":true,"href":"https:\/\/ekomfort.lu\/de\/wp-json\/wp\/v2\/comments?post=11076"}],"wp:featuredmedia":[{"embeddable":true,"href":"https:\/\/ekomfort.lu\/de\/wp-json\/wp\/v2\/media\/9236"}],"wp:attachment":[{"href":"https:\/\/ekomfort.lu\/de\/wp-json\/wp\/v2\/media?parent=11076"}],"wp:term":[{"taxonomy":"product_brand","embeddable":true,"href":"https:\/\/ekomfort.lu\/de\/wp-json\/wp\/v2\/product_brand?post=11076"},{"taxonomy":"product_cat","embeddable":true,"href":"https:\/\/ekomfort.lu\/de\/wp-json\/wp\/v2\/product_cat?post=11076"},{"taxonomy":"product_tag","embeddable":true,"href":"https:\/\/ekomfort.lu\/de\/wp-json\/wp\/v2\/product_tag?post=11076"},{"taxonomy":"product_brands","embeddable":true,"href":"https:\/\/ekomfort.lu\/de\/wp-json\/wp\/v2\/product_brands?post=11076"}],"curies":[{"name":"wp","href":"https:\/\/api.w.org\/{rel}","templated":true}]}}