{"id":11047,"date":"2023-08-16T14:50:15","date_gmt":"2023-08-16T12:50:15","guid":{"rendered":"https:\/\/ekomfort.lu\/shop\/sandale-mit-quadratischem-absatz-5-cm-schwarz-iris-black-von-nae-eleganz-und-komfort-zum-wohl-der-umwelt"},"modified":"2024-07-01T12:01:57","modified_gmt":"2024-07-01T10:01:57","slug":"sandale-mit-quadratischem-absatz-5-cm-schwarz-iris-black-von-nae-eleganz-und-komfort-zum-wohl-der-umwelt","status":"publish","type":"product","link":"https:\/\/ekomfort.lu\/de\/shop\/sandale-mit-quadratischem-absatz-5-cm-schwarz-iris-black-von-nae-eleganz-und-komfort-zum-wohl-der-umwelt\/","title":{"rendered":"Sandale mit quadratischem Absatz, 5 cm, schwarz, Iris Black von Nae &#8211; Eleganz und Komfort zum Wohl der Umwelt"},"content":{"rendered":"\n<p>M\u00f6chten Sie bequeme und elegante <strong>Damensandalen<\/strong> f\u00fcr Ihre Sommertage, die gleichzeitig Ihrem Engagement f\u00fcr ethische Mode gerecht werden? Bewusst, dass jede Entscheidung Auswirkungen auf unsere Umwelt hat?<\/p>\n\n\n\n<p>W\u00e4hlen Sie die <strong>Iris Black<\/strong>, ein Paar <strong>schwarze Sandalen mit 5 cm quadratischem Absatz<\/strong> aus Apple Leather, einem revolution\u00e4ren und umweltfreundlichen Material.<\/p>\n\n\n\n<p>Wenn Sie diese <strong>nachhaltigen Schuhe<\/strong> w\u00e4hlen, werden Sie haben:<\/p>\n\n\n<style>.wp-block-kadence-iconlist.kt-svg-icon-list-items11047_af3e6e-0a:not(.this-stops-third-party-issues){margin-top:0px;margin-bottom:0px;}.wp-block-kadence-iconlist.kt-svg-icon-list-items11047_af3e6e-0a ul.kt-svg-icon-list:not(.this-prevents-issues):not(.this-stops-third-party-issues):not(.tijsloc){margin-top:0px;margin-right:0px;margin-bottom:var(--global-kb-spacing-sm, 1.5rem);margin-left:0px;}.wp-block-kadence-iconlist.kt-svg-icon-list-items11047_af3e6e-0a ul.kt-svg-icon-list{grid-row-gap:44px;}.wp-block-kadence-iconlist.kt-svg-icon-list-items11047_af3e6e-0a .kb-svg-icon-wrap{font-size:18px;color:var(--global-palette1, #3182CE);}.wp-block-kadence-iconlist.kt-svg-icon-list-items11047_af3e6e-0a ul.kt-svg-icon-list .kt-svg-icon-list-item-wrap .kt-svg-icon-list-single{margin-right:10px;}.kt-svg-icon-list-items11047_af3e6e-0a ul.kt-svg-icon-list .kt-svg-icon-list-level-0 .kt-svg-icon-list-single svg{font-size:20px;}<\/style>\n<div class=\"wp-block-kadence-iconlist kt-svg-icon-list-items kt-svg-icon-list-items11047_af3e6e-0a kt-svg-icon-list-columns-1 alignnone\"><ul class=\"kt-svg-icon-list\"><style>.kt-svg-icon-list-item-4521_c6db0b-0e .kt-svg-icon-list-text mark.kt-highlight{background-color:unset;font-style:normal;color:#f76a0c;-webkit-box-decoration-break:clone;box-decoration-break:clone;padding-top:0px;padding-right:0px;padding-bottom:0px;padding-left:0px;}<\/style>\n<li class=\"wp-block-kadence-listitem kt-svg-icon-list-item-wrap kt-svg-icon-list-item-4521_c6db0b-0e\"><span class=\"kb-svg-icon-wrap kb-svg-icon-fe_checkCircle kt-svg-icon-list-single\"><svg viewBox=\"0 0 24 24\"  fill=\"none\" stroke=\"currentColor\" stroke-width=\"3\" stroke-linecap=\"round\" stroke-linejoin=\"round\" xmlns=\"http:\/\/www.w3.org\/2000\/svg\"  aria-hidden=\"true\"><path d=\"M22 11.08V12a10 10 0 1 1-5.93-9.14\"\/><polyline points=\"22 4 12 14.01 9 11.01\"\/><\/svg><\/span><span class=\"kt-svg-icon-list-text\">Ein Gef\u00fchl von un\u00fcbertroffenem Komfort dank hypoallergenen und atmungsaktiven Materialien, die \u00fcberm\u00e4\u00dfiges Schwitzen und unangenehme Ger\u00fcche vermeiden.<\/span><\/li>\n\n\n<style>.kt-svg-icon-list-item-4521_fd4268-6c .kt-svg-icon-list-text mark.kt-highlight{background-color:unset;font-style:normal;color:#f76a0c;-webkit-box-decoration-break:clone;box-decoration-break:clone;padding-top:0px;padding-right:0px;padding-bottom:0px;padding-left:0px;}<\/style>\n<li class=\"wp-block-kadence-listitem kt-svg-icon-list-item-wrap kt-svg-icon-list-item-4521_fd4268-6c\"><span class=\"kb-svg-icon-wrap kb-svg-icon-fe_checkCircle kt-svg-icon-list-single\"><svg viewBox=\"0 0 24 24\"  fill=\"none\" stroke=\"currentColor\" stroke-width=\"3\" stroke-linecap=\"round\" stroke-linejoin=\"round\" xmlns=\"http:\/\/www.w3.org\/2000\/svg\"  aria-hidden=\"true\"><path d=\"M22 11.08V12a10 10 0 1 1-5.93-9.14\"\/><polyline points=\"22 4 12 14.01 9 11.01\"\/><\/svg><\/span><span class=\"kt-svg-icon-list-text\">Der Genuss eines jeden Schrittes wird durch eine feuchtigkeitsabweisende Einlegesohle und einen stabilen Absatz gew\u00e4hrleistet, der eine optimale Unterst\u00fctzung f\u00fcr Ihren Fu\u00dfgew\u00f6lbe bietet.<\/span><\/li>\n\n\n<style>.kt-svg-icon-list-item-4521_1052c0-6f .kt-svg-icon-list-text mark.kt-highlight{background-color:unset;font-style:normal;color:#f76a0c;-webkit-box-decoration-break:clone;box-decoration-break:clone;padding-top:0px;padding-right:0px;padding-bottom:0px;padding-left:0px;}<\/style>\n<li class=\"wp-block-kadence-listitem kt-svg-icon-list-item-wrap kt-svg-icon-list-item-4521_1052c0-6f\"><span class=\"kb-svg-icon-wrap kb-svg-icon-fe_checkCircle kt-svg-icon-list-single\"><svg viewBox=\"0 0 24 24\"  fill=\"none\" stroke=\"currentColor\" stroke-width=\"3\" stroke-linecap=\"round\" stroke-linejoin=\"round\" xmlns=\"http:\/\/www.w3.org\/2000\/svg\"  aria-hidden=\"true\"><path d=\"M22 11.08V12a10 10 0 1 1-5.93-9.14\"\/><polyline points=\"22 4 12 14.01 9 11.01\"\/><\/svg><\/span><span class=\"kt-svg-icon-list-text\">Ein unverwechselbarer Stil durch ein luftiges und elegantes Design, wo Schick auf L\u00e4ssigkeit trifft.<\/span><\/li>\n<\/ul><\/div>\n\n\n\n<p>&#8222;Ohne Tierversuche, ohne sch\u00e4dliche Chemikalien, nur eine bewusste umweltfreundliche Herstellung&#8230;&#8220;<\/p>\n\n\n\n<p>F\u00fcr den Preis eines Restaurantbesuchs, eines Kinobesuchs oder eines Theaterbesuchs treffen Sie die Wahl f\u00fcr Sandalen, die Stil, Komfort und Ethik vereinen.<\/p>\n\n\n\n<p>Sind Sie bereit, einen Schritt in eine raffiniertere, komfortablere und bewusstere Zukunft zu wagen? Die Best\u00e4nde der <strong>Iris Black<\/strong> werden knapp und die Nachfrage ist hoch. Agieren Sie schnell!<\/p>\n","protected":false},"excerpt":{"rendered":"<p>M\u00f6chten Sie bequeme und elegante Damensandalen f\u00fcr Ihre Sommertage, die gleichzeitig Ihrem Engagement f\u00fcr ethische Mode gerecht werden? Bewusst, dass jede Entscheidung Auswirkungen auf unsere Umwelt hat? W\u00e4hlen Sie die Iris Black, ein Paar schwarze Sandalen mit 5 cm quadratischem Absatz aus Apple Leather, einem revolution\u00e4ren und umweltfreundlichen Material. Wenn Sie diese nachhaltigen Schuhe w\u00e4hlen,&#8230;<\/p>\n","protected":false},"featured_media":8772,"comment_status":"open","ping_status":"closed","template":"","meta":{"_acf_changed":false,"_kad_blocks_custom_css":"","_kad_blocks_head_custom_js":"","_kad_blocks_body_custom_js":"","_kad_blocks_footer_custom_js":"","_kad_post_transparent":"","_kad_post_title":"","_kad_post_layout":"","_kad_post_sidebar_id":"","_kad_post_content_style":"","_kad_post_vertical_padding":"","_kad_post_feature":"","_kad_post_feature_position":"","_kad_post_header":false,"_kad_post_footer":false,"_kad_post_classname":""},"product_brand":[],"product_cat":[459,413],"product_tag":[447],"product_brands":[685],"class_list":{"0":"post-11047","1":"product","2":"type-product","3":"status-publish","4":"has-post-thumbnail","6":"product_cat-sandalen","7":"product_cat-schuhe-fuer-maenner-und-frauen","8":"product_tag-frau","9":"product_brands-nae-vegan-shoes-de","11":"first","12":"instock","13":"taxable","14":"shipping-taxable","15":"purchasable","16":"product-type-variable","17":"has-default-attributes","18":"entry","19":"content-bg","20":"loop-entry"},"acf":{"avantages":"\ud83c\udfa8 Stil und Komfort: Elegantes Design mit einem einfarbigen und dezenten Muster, minimiert die Anzahl der N\u00e4hte, die mit der Haut in Kontakt kommen.\r\n\r\n\ud83d\udc62 Knielang: Gut sitzender Schaft und umgedrehtes Obermaterial f\u00fcr eine perfekte Passform an die Anatomie.\r\n\r\n\u2696\ufe0f Optimale Stabilit\u00e4t: Blockabsatz f\u00fcr erh\u00f6hte Stabilit\u00e4t.\r\n\r\n\ud83e\udde5 Ready-to-wear: Leicht anzuziehen und zu befestigen, ideal f\u00fcr Wintertage und passt perfekt zu jedem Outfit.\r\n\r\n\ud83c\udf2c\ufe0f Atmungsaktivit\u00e4t und Frische: Hypoallergene, atmungsaktive und antibakterielle Materialien, um \u00fcberm\u00e4\u00dfiges Schwitzen und schlechte Ger\u00fcche zu vermeiden.\r\n\r\n\ud83c\udf0a Wasserschutz: Wasserabweisend f\u00fcr besseren Schutz.\r\n\r\n\ud83c\udf4f Umweltverantwortlich: Hergestellt aus Apple-Leder, einem innovativen Material, das aus Fasern von Apfelsaftproduktionsr\u00fcckst\u00e4nden hergestellt wird.\r\n\r\n\ud83c\udfaf Perfekte Passform: Baumwoll-Schn\u00fcrsenkel f\u00fcr eine optimale Passform.\r\n\r\n\ud83d\udca7 OnSteam-Lederfutter: Futter aus veganem OnSteam-Leder, einem atmungsaktiven, antibakteriellen, antimikrobiellen und umweltfreundlichen Material.","entretien":"1. Reinigen Sie die veganen Schuhe mit einem in Seifenwasser getr\u00e4nkten Tuch.\r\n\r\n2. Lassen Sie die Schuhe an der Luft trocknen, bevor Sie eine Reinigungscreme auftragen.\r\n\r\n3. Verwenden Sie eine Reinigungscreme, um Ihren Schuhen mehr Glanz zu verleihen. Geben Sie eine kleine Menge des Produkts auf eine weiche, trockene B\u00fcrste oder ein Tuch und reiben Sie es sanft in kreisenden Bewegungen ein, bis es vollst\u00e4ndig vom Stoff aufgenommen wurde.\r\n\r\n4. Lassen Sie die Schuhe 24 Stunden lang an der Luft trocknen, fernab direkter Sonneneinstrahlung.Achtung:\r\n\r\n- Geben Sie Ihre Schuhe nicht in die Waschmaschine.\r\n\r\n- Tauchen Sie sie nicht in Wasser ein, da sie irreparable Sch\u00e4den erleiden k\u00f6nnten.Wenn Ihre veganen Schuhe das Ende ihrer Lebensdauer erreicht haben oder Sie sie nicht mehr ben\u00f6tigen, erw\u00e4gen Sie, ihnen ein zweites Leben zu geben. Verwenden Sie sie auf eine andere Weise selbst oder geben Sie sie jemand anderem.","marque":""},"taxonomy_info":{"product_cat":[{"value":459,"label":"Sandalen"},{"value":413,"label":"Schuhe"}],"product_tag":[{"value":447,"label":"Damenboutique"}],"product_brands":[{"value":685,"label":"NAE Vegan Shoes"}]},"featured_image_src_large":["https:\/\/ekomfort.lu\/wp-content\/uploads\/2023\/09\/iris-black.jpg",700,700,false],"author_info":[],"comment_info":0,"_links":{"self":[{"href":"https:\/\/ekomfort.lu\/de\/wp-json\/wp\/v2\/product\/11047","targetHints":{"allow":["GET"]}}],"collection":[{"href":"https:\/\/ekomfort.lu\/de\/wp-json\/wp\/v2\/product"}],"about":[{"href":"https:\/\/ekomfort.lu\/de\/wp-json\/wp\/v2\/types\/product"}],"replies":[{"embeddable":true,"href":"https:\/\/ekomfort.lu\/de\/wp-json\/wp\/v2\/comments?post=11047"}],"wp:featuredmedia":[{"embeddable":true,"href":"https:\/\/ekomfort.lu\/de\/wp-json\/wp\/v2\/media\/8772"}],"wp:attachment":[{"href":"https:\/\/ekomfort.lu\/de\/wp-json\/wp\/v2\/media?parent=11047"}],"wp:term":[{"taxonomy":"product_brand","embeddable":true,"href":"https:\/\/ekomfort.lu\/de\/wp-json\/wp\/v2\/product_brand?post=11047"},{"taxonomy":"product_cat","embeddable":true,"href":"https:\/\/ekomfort.lu\/de\/wp-json\/wp\/v2\/product_cat?post=11047"},{"taxonomy":"product_tag","embeddable":true,"href":"https:\/\/ekomfort.lu\/de\/wp-json\/wp\/v2\/product_tag?post=11047"},{"taxonomy":"product_brands","embeddable":true,"href":"https:\/\/ekomfort.lu\/de\/wp-json\/wp\/v2\/product_brands?post=11047"}],"curies":[{"name":"wp","href":"https:\/\/api.w.org\/{rel}","templated":true}]}}