{"id":11039,"date":"2023-08-16T14:50:15","date_gmt":"2023-08-16T12:50:15","guid":{"rendered":"https:\/\/ekomfort.lu\/shop\/irma-black-de-nae-eleganz-und-komfort-mit-schwarzen-veganen-wildlederstiefeln"},"modified":"2024-07-01T12:02:02","modified_gmt":"2024-07-01T10:02:02","slug":"irma-black-de-nae-eleganz-und-komfort-mit-schwarzen-veganen-wildlederstiefeln","status":"publish","type":"product","link":"https:\/\/ekomfort.lu\/de\/shop\/irma-black-de-nae-eleganz-und-komfort-mit-schwarzen-veganen-wildlederstiefeln\/","title":{"rendered":"Irma Black de Nae: Eleganz und Komfort mit schwarzen veganen Wildlederstiefeln"},"content":{"rendered":"\n<p>Tr\u00e4umen Sie von einem Paar <strong>veganen schwarzen Wildlederstiefeln<\/strong>, die perfekt zu Ihren Outfits passen und gleichzeitig Ihre ethischen \u00dcberzeugungen zum Ausdruck bringen? Suchen Sie nach langlebigen und bequemen Schuhen, ohne Kompromisse beim Stil einzugehen?<\/p>\n\n\n\n<p>Entscheiden Sie sich f\u00fcr <strong>Irma Black<\/strong>, ein Kn\u00f6chelstiefel aus <strong>veganem Wildleder<\/strong>, der Eleganz, Komfort und Verpflichtung zu einer umweltbewussten Lebensweise vereint.<\/p>\n\n\n\n<p>Mit den <strong>Irma Black<\/strong> Damenstiefeln:<\/p>\n\n\n<style>.wp-block-kadence-iconlist.kt-svg-icon-list-items11039_5c6ed3-17:not(.this-stops-third-party-issues){margin-top:0px;margin-bottom:0px;}.wp-block-kadence-iconlist.kt-svg-icon-list-items11039_5c6ed3-17 ul.kt-svg-icon-list:not(.this-prevents-issues):not(.this-stops-third-party-issues):not(.tijsloc){margin-top:0px;margin-right:0px;margin-bottom:var(--global-kb-spacing-sm, 1.5rem);margin-left:0px;}.wp-block-kadence-iconlist.kt-svg-icon-list-items11039_5c6ed3-17 ul.kt-svg-icon-list{grid-row-gap:5px;}.wp-block-kadence-iconlist.kt-svg-icon-list-items11039_5c6ed3-17 .kb-svg-icon-wrap{font-size:18px;color:var(--global-palette1, #3182CE);}.wp-block-kadence-iconlist.kt-svg-icon-list-items11039_5c6ed3-17 ul.kt-svg-icon-list .kt-svg-icon-list-item-wrap .kt-svg-icon-list-single{margin-right:10px;}.kt-svg-icon-list-items11039_5c6ed3-17 ul.kt-svg-icon-list .kt-svg-icon-list-level-0 .kt-svg-icon-list-single svg{font-size:20px;}<\/style>\n<div class=\"wp-block-kadence-iconlist kt-svg-icon-list-items kt-svg-icon-list-items11039_5c6ed3-17 kt-svg-icon-list-columns-1 alignnone\"><ul class=\"kt-svg-icon-list\"><style>.kt-svg-icon-list-item-4523_3c6999-97 .kt-svg-icon-list-text mark.kt-highlight{background-color:unset;font-style:normal;color:#f76a0c;-webkit-box-decoration-break:clone;box-decoration-break:clone;padding-top:0px;padding-right:0px;padding-bottom:0px;padding-left:0px;}<\/style>\n<li class=\"wp-block-kadence-listitem kt-svg-icon-list-item-wrap kt-svg-icon-list-item-4523_3c6999-97\"><span class=\"kb-svg-icon-wrap kb-svg-icon-fe_checkCircle kt-svg-icon-list-single\"><svg viewBox=\"0 0 24 24\"  fill=\"none\" stroke=\"currentColor\" stroke-width=\"3\" stroke-linecap=\"round\" stroke-linejoin=\"round\" xmlns=\"http:\/\/www.w3.org\/2000\/svg\"  aria-hidden=\"true\"><path d=\"M22 11.08V12a10 10 0 1 1-5.93-9.14\"\/><polyline points=\"22 4 12 14.01 9 11.01\"\/><\/svg><\/span><span class=\"kt-svg-icon-list-text\">Genie\u00dfen Sie un\u00fcbertroffenen Komfort dank einer feuchtigkeitsabweisenden EVA-Gummisohle, die vor Reibung und Blasenbildung sch\u00fctzt.<\/span><\/li>\n\n\n<style>.kt-svg-icon-list-item-4523_32a420-c4 .kt-svg-icon-list-text mark.kt-highlight{background-color:unset;font-style:normal;color:#f76a0c;-webkit-box-decoration-break:clone;box-decoration-break:clone;padding-top:0px;padding-right:0px;padding-bottom:0px;padding-left:0px;}<\/style>\n<li class=\"wp-block-kadence-listitem kt-svg-icon-list-item-wrap kt-svg-icon-list-item-4523_32a420-c4\"><span class=\"kb-svg-icon-wrap kb-svg-icon-fe_checkCircle kt-svg-icon-list-single\"><svg viewBox=\"0 0 24 24\"  fill=\"none\" stroke=\"currentColor\" stroke-width=\"3\" stroke-linecap=\"round\" stroke-linejoin=\"round\" xmlns=\"http:\/\/www.w3.org\/2000\/svg\"  aria-hidden=\"true\"><path d=\"M22 11.08V12a10 10 0 1 1-5.93-9.14\"\/><polyline points=\"22 4 12 14.01 9 11.01\"\/><\/svg><\/span><span class=\"kt-svg-icon-list-text\">Zeigen Sie einen schlichten und eleganten Stil mit diesen <strong> vegane Wildlederstiefeletten <\/strong> mit sauberem Design. Das einfarbige schwarze Muster und die weiche Oberfl\u00e4che wie Wildleder verleihen jedem Ihrer Outfits eine elegante Note.<\/span><\/li>\n\n\n<style>.kt-svg-icon-list-item-4523_cd008b-bc .kt-svg-icon-list-text mark.kt-highlight{background-color:unset;font-style:normal;color:#f76a0c;-webkit-box-decoration-break:clone;box-decoration-break:clone;padding-top:0px;padding-right:0px;padding-bottom:0px;padding-left:0px;}<\/style>\n<li class=\"wp-block-kadence-listitem kt-svg-icon-list-item-wrap kt-svg-icon-list-item-4523_cd008b-bc\"><span class=\"kb-svg-icon-wrap kb-svg-icon-fe_checkCircle kt-svg-icon-list-single\"><svg viewBox=\"0 0 24 24\"  fill=\"none\" stroke=\"currentColor\" stroke-width=\"3\" stroke-linecap=\"round\" stroke-linejoin=\"round\" xmlns=\"http:\/\/www.w3.org\/2000\/svg\"  aria-hidden=\"true\"><path d=\"M22 11.08V12a10 10 0 1 1-5.93-9.14\"\/><polyline points=\"22 4 12 14.01 9 11.01\"\/><\/svg><\/span><span class=\"kt-svg-icon-list-text\">Treffen Sie eine bewusste Entscheidung mit der <strong>Irma Black<\/strong>, die aus umweltfreundlichem, innovativem, leichtem und langlebigem <strong>veganem Wildlederschuhe<\/strong> besteht und die Umwelt respektiert.<\/span><\/li>\n<\/ul><\/div>\n\n\n\n<p>Ohne Gl\u00fchbirnen, ohne \u00fcberm\u00e4\u00dfiges Schwitzen und ohne Grausamkeit&#8230;<\/p>\n\n\n\n<p>F\u00fcr den Preis eines Markenstiefelpaares erleben Sie den Trend und den Komfort und bleiben gleichzeitig Ihren ethischen und Umweltwerten treu.<\/p>\n\n\n\n<p>Sind Sie bereit, Ihren Stil und Ihr \u00f6kologisches Bewusstsein auf ein h\u00f6heres Niveau zu bringen? Die <strong>Irma Black<\/strong> sind sehr gefragt, warten Sie nicht l\u00e4nger und bestellen Sie Ihr Paar!<\/p>\n","protected":false},"excerpt":{"rendered":"<p>Tr\u00e4umen Sie von einem Paar veganen schwarzen Wildlederstiefeln, die perfekt zu Ihren Outfits passen und gleichzeitig Ihre ethischen \u00dcberzeugungen zum Ausdruck bringen? Suchen Sie nach langlebigen und bequemen Schuhen, ohne Kompromisse beim Stil einzugehen? Entscheiden Sie sich f\u00fcr Irma Black, ein Kn\u00f6chelstiefel aus veganem Wildleder, der Eleganz, Komfort und Verpflichtung zu einer umweltbewussten Lebensweise vereint&#8230;.<\/p>\n","protected":false},"featured_media":8784,"comment_status":"open","ping_status":"closed","template":"","meta":{"_acf_changed":false,"_kad_blocks_custom_css":"","_kad_blocks_head_custom_js":"","_kad_blocks_body_custom_js":"","_kad_blocks_footer_custom_js":"","_kad_post_transparent":"","_kad_post_title":"","_kad_post_layout":"","_kad_post_sidebar_id":"","_kad_post_content_style":"","_kad_post_vertical_padding":"","_kad_post_feature":"","_kad_post_feature_position":"","_kad_post_header":false,"_kad_post_footer":false,"_kad_post_classname":""},"product_brand":[],"product_cat":[414,413],"product_tag":[447],"product_brands":[685],"class_list":{"0":"post-11039","1":"product","2":"type-product","3":"status-publish","4":"has-post-thumbnail","6":"product_cat-stiefel","7":"product_cat-schuhe-fuer-maenner-und-frauen","8":"product_tag-frau","9":"product_brands-nae-vegan-shoes-de","11":"first","12":"outofstock","13":"taxable","14":"shipping-taxable","15":"purchasable","16":"product-type-variable","17":"has-default-attributes","18":"entry","19":"content-bg","20":"loop-entry"},"acf":{"avantages":"\ud83c\udf2c Atmungsaktiv, antimikrobiell und hypoallergen f\u00fcr optimale Hygiene und Komfort.\r\n\r\n\ud83e\ude7a Gesundheitlich unbedenklich, ohne Risiko f\u00fcr allergische Reaktionen oder Irritationen.\r\n\r\n\ud83d\udc62 Schaft aus Mikrosuede, einem umweltfreundlichen, veganen Wildleder aus Mikrofasern. Eine nachhaltige und tierfreundliche Wahl.\r\n\r\n\ud83c\udf1f Futter aus 90% Mikrofaser und 10% PU, kombiniert Weichheit und Langlebigkeit.\r\n\r\n\ud83d\udca6 Gepolsterte Einlegesohle mit EVA-Gummi und mit feuchtigkeitsabweisender Mikrofaser laminiert. F\u00fcr erstklassige D\u00e4mpfung und Feuchtigkeitsschutz.\r\n\r\n\ud83d\udc5f Langlebige Neolite-Gummilaufsohle. Bietet optimale Haftung und Haltbarkeit.\r\n\r\n\ud83d\udd12 Nickel- und allergenfreier Metallrei\u00dfverschluss, um Irritationen und Allergien zu vermeiden.\r\n\r\n\u26a1\ufe0f 5 cm Blockabsatz f\u00fcr au\u00dfergew\u00f6hnlichen Komfort und Halt.\r\n\r\n\ud83c\uddf5\ud83c\uddf9 Sorgf\u00e4ltig in Portugal hergestellt, mit umweltfreundlichen Materialien und Prozessen und fairen Arbeitsbedingungen.","entretien":"1. Reinigen Sie die Schuhe mit einem in Seifenwasser getr\u00e4nkten Tuch.\r\n\r\n2. Verwenden Sie f\u00fcr hartn\u00e4ckige Flecken eine weiche Schuhb\u00fcrste, ebenfalls in Seifenwasser getr\u00e4nkt, und reiben Sie sanft in kreisenden Bewegungen.\r\n\r\n3. Entfernen Sie die Seife mit einem feuchten Tuch.\r\n\r\n4. Lassen Sie die Schuhe 24 Stunden lang an der Luft trocknen, ohne sie direkter Sonneneinstrahlung auszusetzen.Achtung:\r\n\r\n- Verwenden Sie keine Reinigungscreme.\r\n\r\n- Geben Sie Ihre Schuhe nicht in die Waschmaschine.\r\n\r\n- Tauchen Sie sie nicht in Wasser ein, da sie irreparable Sch\u00e4den erleiden k\u00f6nnten.Wenn Sie der Meinung sind, dass Ihre veganen Schuhe das Ende ihrer Lebensdauer erreicht haben oder Sie sie nicht mehr ben\u00f6tigen, \u00fcberlegen Sie, ihnen ein zweites Leben zu geben. Verwenden Sie sie auf eine andere Weise selbst oder geben Sie sie jemand anderem.","marque":""},"taxonomy_info":{"product_cat":[{"value":414,"label":"Stiefel"},{"value":413,"label":"Schuhe"}],"product_tag":[{"value":447,"label":"Damenboutique"}],"product_brands":[{"value":685,"label":"NAE Vegan Shoes"}]},"featured_image_src_large":["https:\/\/ekomfort.lu\/wp-content\/uploads\/2023\/09\/irma-black.jpg",700,700,false],"author_info":[],"comment_info":0,"_links":{"self":[{"href":"https:\/\/ekomfort.lu\/de\/wp-json\/wp\/v2\/product\/11039","targetHints":{"allow":["GET"]}}],"collection":[{"href":"https:\/\/ekomfort.lu\/de\/wp-json\/wp\/v2\/product"}],"about":[{"href":"https:\/\/ekomfort.lu\/de\/wp-json\/wp\/v2\/types\/product"}],"replies":[{"embeddable":true,"href":"https:\/\/ekomfort.lu\/de\/wp-json\/wp\/v2\/comments?post=11039"}],"wp:featuredmedia":[{"embeddable":true,"href":"https:\/\/ekomfort.lu\/de\/wp-json\/wp\/v2\/media\/8784"}],"wp:attachment":[{"href":"https:\/\/ekomfort.lu\/de\/wp-json\/wp\/v2\/media?parent=11039"}],"wp:term":[{"taxonomy":"product_brand","embeddable":true,"href":"https:\/\/ekomfort.lu\/de\/wp-json\/wp\/v2\/product_brand?post=11039"},{"taxonomy":"product_cat","embeddable":true,"href":"https:\/\/ekomfort.lu\/de\/wp-json\/wp\/v2\/product_cat?post=11039"},{"taxonomy":"product_tag","embeddable":true,"href":"https:\/\/ekomfort.lu\/de\/wp-json\/wp\/v2\/product_tag?post=11039"},{"taxonomy":"product_brands","embeddable":true,"href":"https:\/\/ekomfort.lu\/de\/wp-json\/wp\/v2\/product_brands?post=11039"}],"curies":[{"name":"wp","href":"https:\/\/api.w.org\/{rel}","templated":true}]}}