{"id":11030,"date":"2023-08-16T14:50:16","date_gmt":"2023-08-16T12:50:16","guid":{"rendered":"https:\/\/ekomfort.lu\/shop\/botte-marron-talon-bas-lou-brown-de-nae-der-veganismus-trifft-auf-eleganz-in-diesen-hohen-stiefeln"},"modified":"2024-07-01T12:12:17","modified_gmt":"2024-07-01T10:12:17","slug":"botte-marron-talon-bas-lou-brown-de-nae-der-veganismus-trifft-auf-eleganz-in-diesen-hohen-stiefeln","status":"publish","type":"product","link":"https:\/\/ekomfort.lu\/de\/shop\/botte-marron-talon-bas-lou-brown-de-nae-der-veganismus-trifft-auf-eleganz-in-diesen-hohen-stiefeln\/","title":{"rendered":"Botte marron talon bas Lou Brown de Nae: Der Veganismus trifft auf Eleganz in diesen hohen Stiefeln"},"content":{"rendered":"\n<p>M\u00fcde von Schuhen, die Ihr ethisches Engagement nicht widerspiegeln? Auf der Suche nach einem <strong>hohen Stiefel f\u00fcr Frauen<\/strong>, der sowohl ein anspruchsvolles Erscheinungsbild als auch Komfort und \u00f6kologisches Design kombiniert?<\/p>\n\n\n\n<p>Entdecken Sie den <strong>Lou Brown<\/strong>, einen <strong>hohen Damenstiefel<\/strong> von Nae, der attraktives Design, extremen Komfort und bewusste Wahl harmoniert.<\/p>\n\n\n\n<p>Wenn Sie <strong>Lou Brown<\/strong> w\u00e4hlen, dann:<\/p>\n\n\n<style>.wp-block-kadence-iconlist.kt-svg-icon-list-items11030_e7740d-69:not(.this-stops-third-party-issues){margin-top:0px;margin-bottom:0px;}.wp-block-kadence-iconlist.kt-svg-icon-list-items11030_e7740d-69 ul.kt-svg-icon-list:not(.this-prevents-issues):not(.this-stops-third-party-issues):not(.tijsloc){margin-top:0px;margin-right:0px;margin-bottom:var(--global-kb-spacing-sm, 1.5rem);margin-left:0px;}.wp-block-kadence-iconlist.kt-svg-icon-list-items11030_e7740d-69 ul.kt-svg-icon-list{grid-row-gap:5px;}.wp-block-kadence-iconlist.kt-svg-icon-list-items11030_e7740d-69 .kb-svg-icon-wrap{font-size:18px;color:var(--global-palette1, #3182CE);}.wp-block-kadence-iconlist.kt-svg-icon-list-items11030_e7740d-69 ul.kt-svg-icon-list .kt-svg-icon-list-item-wrap .kt-svg-icon-list-single{margin-right:10px;}.kt-svg-icon-list-items11030_e7740d-69 ul.kt-svg-icon-list .kt-svg-icon-list-level-0 .kt-svg-icon-list-single svg{font-size:20px;}<\/style>\n<div class=\"wp-block-kadence-iconlist kt-svg-icon-list-items kt-svg-icon-list-items11030_e7740d-69 kt-svg-icon-list-columns-1 alignnone\"><ul class=\"kt-svg-icon-list\"><style>.kt-svg-icon-list-item-4534_59c53f-50 .kt-svg-icon-list-text mark.kt-highlight{background-color:unset;font-style:normal;color:#f76a0c;-webkit-box-decoration-break:clone;box-decoration-break:clone;padding-top:0px;padding-right:0px;padding-bottom:0px;padding-left:0px;}<\/style>\n<li class=\"wp-block-kadence-listitem kt-svg-icon-list-item-wrap kt-svg-icon-list-item-4534_59c53f-50\"><span class=\"kb-svg-icon-wrap kb-svg-icon-fe_checkCircle kt-svg-icon-list-single\"><svg viewBox=\"0 0 24 24\"  fill=\"none\" stroke=\"currentColor\" stroke-width=\"3\" stroke-linecap=\"round\" stroke-linejoin=\"round\" xmlns=\"http:\/\/www.w3.org\/2000\/svg\"  aria-hidden=\"true\"><path d=\"M22 11.08V12a10 10 0 1 1-5.93-9.14\"\/><polyline points=\"22 4 12 14.01 9 11.01\"\/><\/svg><\/span><span class=\"kt-svg-icon-list-text\">Sublime deine Optik mit einem <strong>hohen Damenstiefel<\/strong>, der elegant bis zum Knie reicht und in einem reichen und vielseitigen Braunton erh\u00e4ltlich ist, der wunderbar zu all deinen Outfits passt.<\/span><\/li>\n\n\n<style>.kt-svg-icon-list-item-4534_2c4e96-78 .kt-svg-icon-list-text mark.kt-highlight{background-color:unset;font-style:normal;color:#f76a0c;-webkit-box-decoration-break:clone;box-decoration-break:clone;padding-top:0px;padding-right:0px;padding-bottom:0px;padding-left:0px;}<\/style>\n<li class=\"wp-block-kadence-listitem kt-svg-icon-list-item-wrap kt-svg-icon-list-item-4534_2c4e96-78\"><span class=\"kb-svg-icon-wrap kb-svg-icon-fe_checkCircle kt-svg-icon-list-single\"><svg viewBox=\"0 0 24 24\"  fill=\"none\" stroke=\"currentColor\" stroke-width=\"3\" stroke-linecap=\"round\" stroke-linejoin=\"round\" xmlns=\"http:\/\/www.w3.org\/2000\/svg\"  aria-hidden=\"true\"><path d=\"M22 11.08V12a10 10 0 1 1-5.93-9.14\"\/><polyline points=\"22 4 12 14.01 9 11.01\"\/><\/svg><\/span><span class=\"kt-svg-icon-list-text\">Genie\u00dfen Sie au\u00dfergew\u00f6hnlichen Komfort durch einen niedrigen und breiten Absatz sowie ein elastisches Band, das es erm\u00f6glicht, den Stiefel an die Form Ihres Beins anzupassen.<\/span><\/li>\n\n\n<style>.kt-svg-icon-list-item-4534_6f42fc-59 .kt-svg-icon-list-text mark.kt-highlight{background-color:unset;font-style:normal;color:#f76a0c;-webkit-box-decoration-break:clone;box-decoration-break:clone;padding-top:0px;padding-right:0px;padding-bottom:0px;padding-left:0px;}<\/style>\n<li class=\"wp-block-kadence-listitem kt-svg-icon-list-item-wrap kt-svg-icon-list-item-4534_6f42fc-59\"><span class=\"kb-svg-icon-wrap kb-svg-icon-fe_checkCircle kt-svg-icon-list-single\"><svg viewBox=\"0 0 24 24\"  fill=\"none\" stroke=\"currentColor\" stroke-width=\"3\" stroke-linecap=\"round\" stroke-linejoin=\"round\" xmlns=\"http:\/\/www.w3.org\/2000\/svg\"  aria-hidden=\"true\"><path d=\"M22 11.08V12a10 10 0 1 1-5.93-9.14\"\/><polyline points=\"22 4 12 14.01 9 11.01\"\/><\/svg><\/span><span class=\"kt-svg-icon-list-text\">Nehmen Sie eine umweltfreundliche Wahl an und tragen Sie einen Stiefel, der aus \u00f6kologischer, langlebiger und veganer Mikrofaser hergestellt wurde.<\/span><\/li>\n<\/ul><\/div>\n\n\n\n<p>H\u00f6ren Sie auf, Grausamkeit zu akzeptieren, vergessen Sie die Fu\u00dfschmerzen und machen Sie keine Kompromisse mehr in Sachen Stil&#8230;<\/p>\n\n\n\n<p>F\u00fcr den Preis eines Gourmet-Abends entscheiden Sie sich f\u00fcr einen <strong>schwarzen Stiefel mit Rei\u00dfverschluss<\/strong>, der Sie Jahr f\u00fcr Jahr begleiten wird und gleichzeitig Ihre R\u00fccksichtnahme auf den Planeten widerspiegelt.<\/p>\n\n\n\n<p>Also, sind Sie bereit, Eleganz und Ethik in diesem au\u00dfergew\u00f6hnlichen Paar Stiefel zu vereinen? Die Best\u00e4nde unserer <strong>Lou Brown<\/strong> gehen schnell zur Neige. N&#8217;h\u00e9sitez pas !<\/p>\n","protected":false},"excerpt":{"rendered":"<p>M\u00fcde von Schuhen, die Ihr ethisches Engagement nicht widerspiegeln? Auf der Suche nach einem hohen Stiefel f\u00fcr Frauen, der sowohl ein anspruchsvolles Erscheinungsbild als auch Komfort und \u00f6kologisches Design kombiniert? Entdecken Sie den Lou Brown, einen hohen Damenstiefel von Nae, der attraktives Design, extremen Komfort und bewusste Wahl harmoniert. Wenn Sie Lou Brown w\u00e4hlen, dann:&#8230;<\/p>\n","protected":false},"featured_media":8874,"comment_status":"open","ping_status":"closed","template":"","meta":{"_acf_changed":false,"_kad_blocks_custom_css":"","_kad_blocks_head_custom_js":"","_kad_blocks_body_custom_js":"","_kad_blocks_footer_custom_js":"","_kad_post_transparent":"","_kad_post_title":"","_kad_post_layout":"","_kad_post_sidebar_id":"","_kad_post_content_style":"","_kad_post_vertical_padding":"","_kad_post_feature":"","_kad_post_feature_position":"","_kad_post_header":false,"_kad_post_footer":false,"_kad_post_classname":""},"product_brand":[],"product_cat":[414,413],"product_tag":[447],"product_brands":[],"class_list":{"0":"post-11030","1":"product","2":"type-product","3":"status-publish","4":"has-post-thumbnail","6":"product_cat-stiefel","7":"product_cat-schuhe-fuer-maenner-und-frauen","8":"product_tag-frau","10":"first","11":"outofstock","12":"taxable","13":"shipping-taxable","14":"purchasable","15":"product-type-variable","16":"has-default-attributes","17":"entry","18":"content-bg","19":"loop-entry"},"acf":{"avantages":"\ud83d\udc5e Passend f\u00fcr die meisten F\u00fc\u00dfe: W\u00e4hlen Sie einfach Ihre \u00fcbliche Schuhgr\u00f6\u00dfe.\r\n\r\n\ud83d\udca6 Wasserabweisendes Obermaterial: Sch\u00fctzt Ihre F\u00fc\u00dfe vor Feuchtigkeit und ist umweltfreundlich.\r\n\r\n\ud83d\udd12 Nickelzertifizierter Rei\u00dfverschluss: Praktisch und sicher.\r\n\r\n\ud83c\udf2c\ufe0f Atmungsaktives und hypoallergenes Futter: Optimaler Komfort und minimales allergisches Risiko.\r\n\r\n\ud83d\udc63 Robuste und langlebige Innensohle: Hergestellt aus laminiertem Kartonagglomerat mit Mikrofaser.\r\n\r\n\ud83d\udeb6 Rutschfeste Au\u00dfensohle mit einer Dicke von 3,5 cm: Optimale Haftung und Sicherheit.\r\n\r\n\ud83c\uddf5\ud83c\uddf9 Mit Stolz in Portugal hergestellt: Garantierte Qualit\u00e4t und handwerkliches K\u00f6nnen.","entretien":"Bewahren und sch\u00fctzen Sie Ihre nae Produkte auf!F\u00fcr Produkte aus Pi\u00f1atex empfehlen wir die regelm\u00e4\u00dfige Verwendung einer Poliercreme. Verwenden Sie eine Creme in derselben Farbe wie die Oberfl\u00e4che des Materials, die speziell f\u00fcr das Produkt entwickelt wurde. Auf diese Weise gew\u00e4hrleisten Sie die Erhaltung von Farbe und urspr\u00fcnglichem Aussehen.F\u00fcr Produkte aus Mikrofaser oder Kork verwenden Sie ein feuchtes Tuch. Bei Schmutz oder hartn\u00e4ckigen Flecken verwenden Sie eine neutrale Seife.F\u00fcr weitere Informationen zur Garantie unserer Produkte lesen Sie bitte unsere Versand- und R\u00fcckgaberichtlinien.","marque":""},"taxonomy_info":{"product_cat":[{"value":414,"label":"Stiefel"},{"value":413,"label":"Schuhe"}],"product_tag":[{"value":447,"label":"Damenboutique"}]},"featured_image_src_large":["https:\/\/ekomfort.lu\/wp-content\/uploads\/2023\/09\/lou-brown.jpg",700,700,false],"author_info":[],"comment_info":0,"_links":{"self":[{"href":"https:\/\/ekomfort.lu\/de\/wp-json\/wp\/v2\/product\/11030","targetHints":{"allow":["GET"]}}],"collection":[{"href":"https:\/\/ekomfort.lu\/de\/wp-json\/wp\/v2\/product"}],"about":[{"href":"https:\/\/ekomfort.lu\/de\/wp-json\/wp\/v2\/types\/product"}],"replies":[{"embeddable":true,"href":"https:\/\/ekomfort.lu\/de\/wp-json\/wp\/v2\/comments?post=11030"}],"wp:featuredmedia":[{"embeddable":true,"href":"https:\/\/ekomfort.lu\/de\/wp-json\/wp\/v2\/media\/8874"}],"wp:attachment":[{"href":"https:\/\/ekomfort.lu\/de\/wp-json\/wp\/v2\/media?parent=11030"}],"wp:term":[{"taxonomy":"product_brand","embeddable":true,"href":"https:\/\/ekomfort.lu\/de\/wp-json\/wp\/v2\/product_brand?post=11030"},{"taxonomy":"product_cat","embeddable":true,"href":"https:\/\/ekomfort.lu\/de\/wp-json\/wp\/v2\/product_cat?post=11030"},{"taxonomy":"product_tag","embeddable":true,"href":"https:\/\/ekomfort.lu\/de\/wp-json\/wp\/v2\/product_tag?post=11030"},{"taxonomy":"product_brands","embeddable":true,"href":"https:\/\/ekomfort.lu\/de\/wp-json\/wp\/v2\/product_brands?post=11030"}],"curies":[{"name":"wp","href":"https:\/\/api.w.org\/{rel}","templated":true}]}}