{"id":10993,"date":"2023-08-16T14:50:16","date_gmt":"2023-08-16T12:50:16","guid":{"rendered":"https:\/\/ekomfort.lu\/shop\/laufschuh-unisex-jor-blue-von-nae-kombinieren-sie-leistung-und-haltbarkeit-fuer-jedes-training"},"modified":"2024-07-01T12:12:19","modified_gmt":"2024-07-01T10:12:19","slug":"laufschuh-unisex-jor-blue-von-nae-kombinieren-sie-leistung-und-haltbarkeit-fuer-jedes-training","status":"publish","type":"product","link":"https:\/\/ekomfort.lu\/de\/shop\/laufschuh-unisex-jor-blue-von-nae-kombinieren-sie-leistung-und-haltbarkeit-fuer-jedes-training\/","title":{"rendered":"Laufschuh Unisex Jor Blue von Nae: Kombinieren Sie Leistung und Haltbarkeit f\u00fcr jedes Training"},"content":{"rendered":"\n<p>Suchen Sie nach <strong>marineblauen Turnschuhen f\u00fcr Frauen und M\u00e4nner<\/strong>, die Leistung, Komfort und \u00f6kologisches Engagement vereinen? Sie m\u00f6chten sportliche Ausr\u00fcstung, die Ihre Werte respektiert?<\/p>\n\n\n\n<p>Entdecken Sie den <strong>Jor Blue<\/strong>: sportliche <strong>Unisex-Sneakers<\/strong> aus recyceltem PET, die jeden Schritt zu einem bewussten Akt f\u00fcr den Planeten machen.<\/p>\n\n\n\n<p>Beim Anziehen der <strong>Jor Blue<\/strong>:<\/p>\n\n\n<style>.wp-block-kadence-iconlist.kt-svg-icon-list-items10993_896b63-e3:not(.this-stops-third-party-issues){margin-top:0px;margin-bottom:0px;}.wp-block-kadence-iconlist.kt-svg-icon-list-items10993_896b63-e3 ul.kt-svg-icon-list:not(.this-prevents-issues):not(.this-stops-third-party-issues):not(.tijsloc){margin-top:0px;margin-right:0px;margin-bottom:var(--global-kb-spacing-sm, 1.5rem);margin-left:0px;}.wp-block-kadence-iconlist.kt-svg-icon-list-items10993_896b63-e3 ul.kt-svg-icon-list{grid-row-gap:5px;}.wp-block-kadence-iconlist.kt-svg-icon-list-items10993_896b63-e3 .kb-svg-icon-wrap{font-size:18px;color:var(--global-palette1, #3182CE);}.wp-block-kadence-iconlist.kt-svg-icon-list-items10993_896b63-e3 ul.kt-svg-icon-list .kt-svg-icon-list-item-wrap .kt-svg-icon-list-single{margin-right:10px;}.kt-svg-icon-list-items10993_896b63-e3 ul.kt-svg-icon-list .kt-svg-icon-list-level-0 .kt-svg-icon-list-single svg{font-size:20px;}<\/style>\n<div class=\"wp-block-kadence-iconlist kt-svg-icon-list-items kt-svg-icon-list-items10993_896b63-e3 kt-svg-icon-list-columns-1 alignnone\"><ul class=\"kt-svg-icon-list\"><style>.kt-svg-icon-list-item-4529_34c1ff-e5 .kt-svg-icon-list-text mark.kt-highlight{background-color:unset;font-style:normal;color:#f76a0c;-webkit-box-decoration-break:clone;box-decoration-break:clone;padding-top:0px;padding-right:0px;padding-bottom:0px;padding-left:0px;}<\/style>\n<li class=\"wp-block-kadence-listitem kt-svg-icon-list-item-wrap kt-svg-icon-list-item-4529_34c1ff-e5\"><span class=\"kb-svg-icon-wrap kb-svg-icon-fe_checkCircle kt-svg-icon-list-single\"><svg viewBox=\"0 0 24 24\"  fill=\"none\" stroke=\"currentColor\" stroke-width=\"3\" stroke-linecap=\"round\" stroke-linejoin=\"round\" xmlns=\"http:\/\/www.w3.org\/2000\/svg\"  aria-hidden=\"true\"><path d=\"M22 11.08V12a10 10 0 1 1-5.93-9.14\"\/><polyline points=\"22 4 12 14.01 9 11.01\"\/><\/svg><\/span><span class=\"kt-svg-icon-list-text\">Erleben Sie ein ei nzigartiges Gef\u00fchl der Leichtigkeit mi t einer gepolsterten Sohle, di e f\u00fcr optim ale D\u00e4mpfung und hervorragende Energie- R\u00fcckf\u00fchrung bei jedem Schritt sorgt.<\/span><\/li>\n\n\n<style>.kt-svg-icon-list-item-4529_b5bb67-b0 .kt-svg-icon-list-text mark.kt-highlight{background-color:unset;font-style:normal;color:#f76a0c;-webkit-box-decoration-break:clone;box-decoration-break:clone;padding-top:0px;padding-right:0px;padding-bottom:0px;padding-left:0px;}<\/style>\n<li class=\"wp-block-kadence-listitem kt-svg-icon-list-item-wrap kt-svg-icon-list-item-4529_b5bb67-b0\"><span class=\"kb-svg-icon-wrap kb-svg-icon-fe_checkCircle kt-svg-icon-list-single\"><svg viewBox=\"0 0 24 24\"  fill=\"none\" stroke=\"currentColor\" stroke-width=\"3\" stroke-linecap=\"round\" stroke-linejoin=\"round\" xmlns=\"http:\/\/www.w3.org\/2000\/svg\"  aria-hidden=\"true\"><path d=\"M22 11.08V12a10 10 0 1 1-5.93-9.14\"\/><polyline points=\"22 4 12 14.01 9 11.01\"\/><\/svg><\/span><span class=\"kt-svg-icon-list-text\">Genie\u00dfen Sie ei ne beruhigende Stabilit\u00e4t mit ei ner rutschfesten Sohle, die Sie auf jedem Gel\u00e4nde unt erst\u00fctzt.<\/span><\/li>\n\n\n<style>.kt-svg-icon-list-item-4529_450120-e3 .kt-svg-icon-list-text mark.kt-highlight{background-color:unset;font-style:normal;color:#f76a0c;-webkit-box-decoration-break:clone;box-decoration-break:clone;padding-top:0px;padding-right:0px;padding-bottom:0px;padding-left:0px;}<\/style>\n<li class=\"wp-block-kadence-listitem kt-svg-icon-list-item-wrap kt-svg-icon-list-item-4529_450120-e3\"><span class=\"kb-svg-icon-wrap kb-svg-icon-fe_checkCircle kt-svg-icon-list-single\"><svg viewBox=\"0 0 24 24\"  fill=\"none\" stroke=\"currentColor\" stroke-width=\"3\" stroke-linecap=\"round\" stroke-linejoin=\"round\" xmlns=\"http:\/\/www.w3.org\/2000\/svg\"  aria-hidden=\"true\"><path d=\"M22 11.08V12a10 10 0 1 1-5.93-9.14\"\/><polyline points=\"22 4 12 14.01 9 11.01\"\/><\/svg><\/span><span class=\"kt-svg-icon-list-text\">Adoptieren Sie eine nachhaltige Zukunft, indem Sie Sportschuhe aus recyceltem PET w\u00e4hlen und dadurch Abf\u00e4lle recyceln, um Ihre Leistung zu optimieren.<\/span><\/li>\n<\/ul><\/div>\n\n\n\n<p>ohne Kompromisse bei der Leistung, ohne Tierqu\u00e4lerei, ohne Umweltsch\u00e4den&#8230;<\/p>\n\n\n\n<p>F\u00fcr einen \u00e4hnlichen Preis wie ein traditioneller Sportschuhe, g\u00f6nnen Sie sich nicht nur eine verbesserte Leistung, sondern auch die Freude, eine Wahl zu treffen, die mit Ihren Prinzipien \u00fcbereinstimmt.<\/p>\n\n\n\n<p>Sind Sie bereit, Ihre Leidenschaft f\u00fcr Sport und Ihr Engagement f\u00fcr die Erde zu vereinen? Unser Bestand an <strong>Jor Blue<\/strong> ist begrenzt und diese Kombination aus Leistung und Ethik ist sehr gefragt. Verpassen Sie nicht diese Gelegenheit, einen Unterschied zu machen &#8211; Schritt f\u00fcr Schritt!<\/p>\n","protected":false},"excerpt":{"rendered":"<p>Suchen Sie nach marineblauen Turnschuhen f\u00fcr Frauen und M\u00e4nner, die Leistung, Komfort und \u00f6kologisches Engagement vereinen? Sie m\u00f6chten sportliche Ausr\u00fcstung, die Ihre Werte respektiert? Entdecken Sie den Jor Blue: sportliche Unisex-Sneakers aus recyceltem PET, die jeden Schritt zu einem bewussten Akt f\u00fcr den Planeten machen. Beim Anziehen der Jor Blue: ohne Kompromisse bei der Leistung,&#8230;<\/p>\n","protected":false},"featured_media":8834,"comment_status":"open","ping_status":"closed","template":"","meta":{"_acf_changed":false,"_kad_blocks_custom_css":"","_kad_blocks_head_custom_js":"","_kad_blocks_body_custom_js":"","_kad_blocks_footer_custom_js":"","_kad_post_transparent":"","_kad_post_title":"","_kad_post_layout":"","_kad_post_sidebar_id":"","_kad_post_content_style":"","_kad_post_vertical_padding":"","_kad_post_feature":"","_kad_post_feature_position":"","_kad_post_header":false,"_kad_post_footer":false,"_kad_post_classname":""},"product_brand":[],"product_cat":[476,413,477],"product_tag":[445],"product_brands":[685],"class_list":{"0":"post-10993","1":"product","2":"type-product","3":"status-publish","4":"has-post-thumbnail","6":"product_cat-turnschuhe","7":"product_cat-schuhe-fuer-maenner-und-frauen","8":"product_cat-sneakers-de","9":"product_tag-unisex-de","10":"product_brands-nae-vegan-shoes-de","12":"first","13":"outofstock","14":"taxable","15":"shipping-taxable","16":"purchasable","17":"product-type-variable","18":"has-default-attributes","19":"entry","20":"content-bg","21":"loop-entry"},"acf":{"avantages":"\u267b\ufe0f Obermaterial und Futter: Hergestellt aus recyceltem PET (Polyethylenterephthalat) nach dem GRS (Global Recycled Standard) zertifiziert. Ein weiterer Schritt zur Reduzierung von Plastikabf\u00e4llen.\r\n\r\n\ud83d\udc5f Sohle und Schn\u00fcrsenkel: Aus EVA (Ethylenvinylacetat) und Polyester f\u00fcr hervorragende Haltbarkeit und Abriebfestigkeit.","entretien":"1. Entfernen Sie Staub oder Schlamm mit einer weichen B\u00fcrste oder einem trockenen Tuch.\r\n\r\n2. Waschen Sie die verschiedenen Teile Ihrer Schuhe separat, indem Sie zuerst die Schn\u00fcrsenkel und Einlegesohlen entfernen. Die Schn\u00fcrsenkel k\u00f6nnen Sie in die Waschmaschine geben.\r\n\r\n3. F\u00fcllen Sie einen Eimer mit warmem Wasser und f\u00fcgen Sie etwas mildes Reinigungsmittel hinzu.\r\n\r\n4. Reinigen Sie die Laufsohlen, das Obermaterial und die Einlegesohlen mit einem Schwamm oder einer weichen B\u00fcrste, die in dieses Wasser getaucht ist, und reiben Sie von Hand. Sp\u00fclen Sie diese Teile mit einem feuchten Handtuch ab.\r\n\r\n5. Lassen Sie Ihre Schuhe an der Luft trocknen, ohne sie direkter Sonneneinstrahlung auszusetzen.Achtung:\r\n\r\n\u2022 Verwenden Sie keine Reinigungscreme.\u2022 Geben Sie Ihre Schuhe nicht in die Waschmaschine.\r\n\r\n\u2022 Tauchen Sie sie nicht in Wasser ein, da dies zu irreparablen Sch\u00e4den f\u00fchren k\u00f6nnte.Produktlebensdauer:Wenn Ihre veganen Schuhe das Ende ihrer Lebensdauer erreicht haben oder Sie sie nicht mehr ben\u00f6tigen, erw\u00e4gen Sie, ihnen ein zweites Leben zu geben. Verwenden Sie sie auf eine andere Weise selbst oder geben Sie sie jemand anderem.","marque":""},"taxonomy_info":{"product_cat":[{"value":476,"label":"Turnschuhe"},{"value":413,"label":"Schuhe"},{"value":477,"label":"Sneakers"}],"product_tag":[{"value":445,"label":"Unisex"}],"product_brands":[{"value":685,"label":"NAE Vegan Shoes"}]},"featured_image_src_large":["https:\/\/ekomfort.lu\/wp-content\/uploads\/2023\/09\/jor-blue.jpg",700,700,false],"author_info":[],"comment_info":0,"_links":{"self":[{"href":"https:\/\/ekomfort.lu\/de\/wp-json\/wp\/v2\/product\/10993","targetHints":{"allow":["GET"]}}],"collection":[{"href":"https:\/\/ekomfort.lu\/de\/wp-json\/wp\/v2\/product"}],"about":[{"href":"https:\/\/ekomfort.lu\/de\/wp-json\/wp\/v2\/types\/product"}],"replies":[{"embeddable":true,"href":"https:\/\/ekomfort.lu\/de\/wp-json\/wp\/v2\/comments?post=10993"}],"wp:featuredmedia":[{"embeddable":true,"href":"https:\/\/ekomfort.lu\/de\/wp-json\/wp\/v2\/media\/8834"}],"wp:attachment":[{"href":"https:\/\/ekomfort.lu\/de\/wp-json\/wp\/v2\/media?parent=10993"}],"wp:term":[{"taxonomy":"product_brand","embeddable":true,"href":"https:\/\/ekomfort.lu\/de\/wp-json\/wp\/v2\/product_brand?post=10993"},{"taxonomy":"product_cat","embeddable":true,"href":"https:\/\/ekomfort.lu\/de\/wp-json\/wp\/v2\/product_cat?post=10993"},{"taxonomy":"product_tag","embeddable":true,"href":"https:\/\/ekomfort.lu\/de\/wp-json\/wp\/v2\/product_tag?post=10993"},{"taxonomy":"product_brands","embeddable":true,"href":"https:\/\/ekomfort.lu\/de\/wp-json\/wp\/v2\/product_brands?post=10993"}],"curies":[{"name":"wp","href":"https:\/\/api.w.org\/{rel}","templated":true}]}}