{"id":10980,"date":"2023-08-16T14:50:16","date_gmt":"2023-08-16T12:50:16","guid":{"rendered":"https:\/\/ekomfort.lu\/shop\/oekologische-jor-white-einkaufskoerbe-von-nae-mit-bewusstsein-laufen"},"modified":"2024-07-01T12:01:47","modified_gmt":"2024-07-01T10:01:47","slug":"oekologische-jor-white-einkaufskoerbe-von-nae-mit-bewusstsein-laufen","status":"publish","type":"product","link":"https:\/\/ekomfort.lu\/de\/shop\/oekologische-jor-white-einkaufskoerbe-von-nae-mit-bewusstsein-laufen\/","title":{"rendered":"\u00d6kologische Jor White Einkaufsk\u00f6rbe von Nae: Mit Bewusstsein laufen"},"content":{"rendered":"\n<p>Sind Sie ein begeisterter L\u00e4ufer, der sich um den \u00f6kologischen Fu\u00dfabdruck seiner nachhaltigen Sportschuhe <strong>k\u00fcmmert<\/strong>? Suchen Sie nach <strong>veganen Laufschuhen<\/strong>, die Leistung, \u00c4sthetik und respektvollen Umgang mit der Natur vereinen?<\/p>\n\n\n\n<p>W\u00e4hlen Sie <strong>Jor White<\/strong>: umweltfreundliche <strong>wei\u00dfe \u00f6kologische Laufschuhe<\/strong>, die vollst\u00e4ndig aus recyceltem PET hergestellt sind.<\/p>\n\n\n\n<p>Mit dem <strong>Jor White<\/strong> :<\/p>\n\n\n<style>.wp-block-kadence-iconlist.kt-svg-icon-list-items10980_5bd0c9-2b:not(.this-stops-third-party-issues){margin-top:0px;margin-bottom:0px;}.wp-block-kadence-iconlist.kt-svg-icon-list-items10980_5bd0c9-2b ul.kt-svg-icon-list:not(.this-prevents-issues):not(.this-stops-third-party-issues):not(.tijsloc){margin-top:0px;margin-right:0px;margin-bottom:var(--global-kb-spacing-sm, 1.5rem);margin-left:0px;}.wp-block-kadence-iconlist.kt-svg-icon-list-items10980_5bd0c9-2b ul.kt-svg-icon-list{grid-row-gap:5px;}.wp-block-kadence-iconlist.kt-svg-icon-list-items10980_5bd0c9-2b .kb-svg-icon-wrap{font-size:18px;color:var(--global-palette1, #3182CE);}.wp-block-kadence-iconlist.kt-svg-icon-list-items10980_5bd0c9-2b ul.kt-svg-icon-list .kt-svg-icon-list-item-wrap .kt-svg-icon-list-single{margin-right:10px;}.kt-svg-icon-list-items10980_5bd0c9-2b ul.kt-svg-icon-list .kt-svg-icon-list-level-0 .kt-svg-icon-list-single svg{font-size:20px;}<\/style>\n<div class=\"wp-block-kadence-iconlist kt-svg-icon-list-items kt-svg-icon-list-items10980_5bd0c9-2b kt-svg-icon-list-columns-1 alignnone\"><ul class=\"kt-svg-icon-list\"><style>.kt-svg-icon-list-item-4530_e816db-7b .kt-svg-icon-list-text mark.kt-highlight{background-color:unset;font-style:normal;color:#f76a0c;-webkit-box-decoration-break:clone;box-decoration-break:clone;padding-top:0px;padding-right:0px;padding-bottom:0px;padding-left:0px;}<\/style>\n<li class=\"wp-block-kadence-listitem kt-svg-icon-list-item-wrap kt-svg-icon-list-item-4530_e816db-7b\"><span class=\"kb-svg-icon-wrap kb-svg-icon-fe_checkCircle kt-svg-icon-list-single\"><svg viewBox=\"0 0 24 24\"  fill=\"none\" stroke=\"currentColor\" stroke-width=\"3\" stroke-linecap=\"round\" stroke-linejoin=\"round\" xmlns=\"http:\/\/www.w3.org\/2000\/svg\"  aria-hidden=\"true\"><path d=\"M22 11.08V12a10 10 0 1 1-5.93-9.14\"\/><polyline points=\"22 4 12 14.01 9 11.01\"\/><\/svg><\/span><span class=\"kt-svg-icon-list-text\">Stellen Sie sich jeden leichten Schritt vor, der im Einklang mit der Erde ist, dank ultraleichten EVA-Sohlen und recycelten Polyester-Schn\u00fcrsenkeln.<\/span><\/li>\n\n\n<style>.kt-svg-icon-list-item-4530_2ccc2a-30 .kt-svg-icon-list-text mark.kt-highlight{background-color:unset;font-style:normal;color:#f76a0c;-webkit-box-decoration-break:clone;box-decoration-break:clone;padding-top:0px;padding-right:0px;padding-bottom:0px;padding-left:0px;}<\/style>\n<li class=\"wp-block-kadence-listitem kt-svg-icon-list-item-wrap kt-svg-icon-list-item-4530_2ccc2a-30\"><span class=\"kb-svg-icon-wrap kb-svg-icon-fe_checkCircle kt-svg-icon-list-single\"><svg viewBox=\"0 0 24 24\"  fill=\"none\" stroke=\"currentColor\" stroke-width=\"3\" stroke-linecap=\"round\" stroke-linejoin=\"round\" xmlns=\"http:\/\/www.w3.org\/2000\/svg\"  aria-hidden=\"true\"><path d=\"M22 11.08V12a10 10 0 1 1-5.93-9.14\"\/><polyline points=\"22 4 12 14.01 9 11.01\"\/><\/svg><\/span><span class=\"kt-svg-icon-list-text\">Stellen Sie sich vor, wie Sie ganz ruhig die Ziellinie \u00fcberqueren, bewusst dar\u00fcber, dass Ihre Schuhe aus recycelten Plastikflaschen stammen, mit einer GRS-Zertifizierung als Nachweis.<\/span><\/li>\n\n\n<style>.kt-svg-icon-list-item-4530_ad689e-f9 .kt-svg-icon-list-text mark.kt-highlight{background-color:unset;font-style:normal;color:#f76a0c;-webkit-box-decoration-break:clone;box-decoration-break:clone;padding-top:0px;padding-right:0px;padding-bottom:0px;padding-left:0px;}<\/style>\n<li class=\"wp-block-kadence-listitem kt-svg-icon-list-item-wrap kt-svg-icon-list-item-4530_ad689e-f9\"><span class=\"kb-svg-icon-wrap kb-svg-icon-fe_checkCircle kt-svg-icon-list-single\"><svg viewBox=\"0 0 24 24\"  fill=\"none\" stroke=\"currentColor\" stroke-width=\"3\" stroke-linecap=\"round\" stroke-linejoin=\"round\" xmlns=\"http:\/\/www.w3.org\/2000\/svg\"  aria-hidden=\"true\"><path d=\"M22 11.08V12a10 10 0 1 1-5.93-9.14\"\/><polyline points=\"22 4 12 14.01 9 11.01\"\/><\/svg><\/span><span class=\"kt-svg-icon-list-text\">Bewundern Sie die Reflektion Ihres minimalistischen und reduzierten Stils mit diesen Unisex-Sneakers, erh\u00e4ltlich in Wei\u00df und Schwarz.<\/span><\/li>\n<\/ul><\/div>\n\n\n\n<p>ohne Kompromisse bei der Leistung, ohne Grausamkeit und mit reduziertem \u00f6kologischen Fu\u00dfabdruck&#8230;<\/p>\n\n\n\n<p>F\u00fcr den Preis eines klassischen Laufschuhs investieren Sie in ein Paar, das Ihren aktiven Lebensstil unterst\u00fctzt und gleichzeitig den Planeten respektiert.<\/p>\n\n\n\n<p>Sind Sie bereit, den Schritt zu einer k\u00f6rperlich aktiveren und ethisch verantwortungsvolleren Aktivit\u00e4t zu gehen? Die Best\u00e4nde schrumpfen schnell, umweltbewusste L\u00e4ufer haben diese Sneaker bereits angenommen. Warten Sie nicht!<\/p>\n","protected":false},"excerpt":{"rendered":"<p>Sind Sie ein begeisterter L\u00e4ufer, der sich um den \u00f6kologischen Fu\u00dfabdruck seiner nachhaltigen Sportschuhe k\u00fcmmert? Suchen Sie nach veganen Laufschuhen, die Leistung, \u00c4sthetik und respektvollen Umgang mit der Natur vereinen? W\u00e4hlen Sie Jor White: umweltfreundliche wei\u00dfe \u00f6kologische Laufschuhe, die vollst\u00e4ndig aus recyceltem PET hergestellt sind. Mit dem Jor White : ohne Kompromisse bei der Leistung,&#8230;<\/p>\n","protected":false},"featured_media":9218,"comment_status":"open","ping_status":"closed","template":"","meta":{"_acf_changed":false,"_kad_blocks_custom_css":"","_kad_blocks_head_custom_js":"","_kad_blocks_body_custom_js":"","_kad_blocks_footer_custom_js":"","_kad_post_transparent":"","_kad_post_title":"","_kad_post_layout":"","_kad_post_sidebar_id":"","_kad_post_content_style":"","_kad_post_vertical_padding":"","_kad_post_feature":"","_kad_post_feature_position":"","_kad_post_header":false,"_kad_post_footer":false,"_kad_post_classname":""},"product_brand":[],"product_cat":[476,413,477],"product_tag":[445],"product_brands":[685],"class_list":{"0":"post-10980","1":"product","2":"type-product","3":"status-publish","4":"has-post-thumbnail","6":"product_cat-turnschuhe","7":"product_cat-schuhe-fuer-maenner-und-frauen","8":"product_cat-sneakers-de","9":"product_tag-unisex-de","10":"product_brands-nae-vegan-shoes-de","12":"first","13":"instock","14":"taxable","15":"shipping-taxable","16":"purchasable","17":"product-type-variable","18":"has-default-attributes","19":"entry","20":"content-bg","21":"loop-entry"},"acf":{"avantages":"\ud83c\udf31 Obermaterial und Futter aus recyceltem PET mit GRS-Zertifizierung. Verwendung von recycelten Materialien zur Reduzierung von Abf\u00e4llen und zum Schutz der Umwelt.\r\n\r\n\ud83d\udcaa EVA-Sohle und Polyester-Schn\u00fcrsenkel f\u00fcr erh\u00f6hte Widerstandsf\u00e4higkeit und Haltbarkeit.\r\n\r\n\ud83d\udd0d GRS-Zertifizierung zur Gew\u00e4hrleistung der R\u00fcckverfolgbarkeit und Konformit\u00e4t der verwendeten recycelten Materialien bei der Herstellung der Schuhe.","entretien":"1. Entfernen Sie den Staub oder Schlamm mit einer weichen B\u00fcrste oder einem trockenen Tuch.\r\n\r\n2. Verwenden Sie ein feuchtes Tuch und reiben Sie sanft in kreisenden Bewegungen, um den gesamten Schuh zu reinigen.\r\n\r\n3. Reinigen Sie regelm\u00e4\u00dfig Ihr Tuch, um eine Verschmutzung zu vermeiden.\r\n\r\n4. Verwenden Sie f\u00fcr hartn\u00e4ckige Flecken eine weiche B\u00fcrste und Wasser, und reiben Sie sanft in kreisenden Bewegungen.\r\n\r\n5. Lassen Sie die Schuhe an der Luft trocknen, bevor Sie eine Reinigungscreme auftragen.\r\n\r\n6. Verwenden Sie eine Reinigungscreme, um Ihren Schuhen mehr Glanz zu verleihen.\r\n\r\n7. Geben Sie eine kleine Menge des Produkts auf eine weiche und trockene B\u00fcrste oder ein Tuch und reiben Sie es sanft in kreisenden Bewegungen ein, bis es vollst\u00e4ndig eingezogen ist.\r\n\r\n8. Lassen Sie die Schuhe 24 Stunden lang an der Luft trocknen, fern von direktem Sonnenlicht.Achtung:\r\n\r\n\u2022 Geben Sie Ihre Schuhe nicht in die Waschmaschine.\r\n\r\n\u2022 Tauchen Sie sie nicht in Wasser ein, da dies zu irreparablen Sch\u00e4den f\u00fchren k\u00f6nnte.Produktlebensdauer:Wenn Ihre veganen Schuhe das Ende ihrer Lebensdauer erreicht haben oder Sie sie nicht mehr ben\u00f6tigen, erw\u00e4gen Sie, ihnen ein zweites Leben zu geben. Verwenden Sie","marque":""},"taxonomy_info":{"product_cat":[{"value":476,"label":"Turnschuhe"},{"value":413,"label":"Schuhe"},{"value":477,"label":"Sneakers"}],"product_tag":[{"value":445,"label":"Unisex"}],"product_brands":[{"value":685,"label":"NAE Vegan Shoes"}]},"featured_image_src_large":["https:\/\/ekomfort.lu\/wp-content\/uploads\/2023\/09\/jor-white-2.jpg",700,700,false],"author_info":[],"comment_info":0,"_links":{"self":[{"href":"https:\/\/ekomfort.lu\/de\/wp-json\/wp\/v2\/product\/10980","targetHints":{"allow":["GET"]}}],"collection":[{"href":"https:\/\/ekomfort.lu\/de\/wp-json\/wp\/v2\/product"}],"about":[{"href":"https:\/\/ekomfort.lu\/de\/wp-json\/wp\/v2\/types\/product"}],"replies":[{"embeddable":true,"href":"https:\/\/ekomfort.lu\/de\/wp-json\/wp\/v2\/comments?post=10980"}],"wp:featuredmedia":[{"embeddable":true,"href":"https:\/\/ekomfort.lu\/de\/wp-json\/wp\/v2\/media\/9218"}],"wp:attachment":[{"href":"https:\/\/ekomfort.lu\/de\/wp-json\/wp\/v2\/media?parent=10980"}],"wp:term":[{"taxonomy":"product_brand","embeddable":true,"href":"https:\/\/ekomfort.lu\/de\/wp-json\/wp\/v2\/product_brand?post=10980"},{"taxonomy":"product_cat","embeddable":true,"href":"https:\/\/ekomfort.lu\/de\/wp-json\/wp\/v2\/product_cat?post=10980"},{"taxonomy":"product_tag","embeddable":true,"href":"https:\/\/ekomfort.lu\/de\/wp-json\/wp\/v2\/product_tag?post=10980"},{"taxonomy":"product_brands","embeddable":true,"href":"https:\/\/ekomfort.lu\/de\/wp-json\/wp\/v2\/product_brands?post=10980"}],"curies":[{"name":"wp","href":"https:\/\/api.w.org\/{rel}","templated":true}]}}