{"id":10964,"date":"2023-08-16T14:50:16","date_gmt":"2023-08-16T12:50:16","guid":{"rendered":"https:\/\/ekomfort.lu\/shop\/lina-brown-elegante-leistung-mit-ihren-veganen-sandalen-mit-mittelhohen-absaetzen-aus-natuerlichem-kork"},"modified":"2024-07-01T12:01:55","modified_gmt":"2024-07-01T10:01:55","slug":"lina-brown-elegante-leistung-mit-ihren-veganen-sandalen-mit-mittelhohen-absaetzen-aus-natuerlichem-kork","status":"publish","type":"product","link":"https:\/\/ekomfort.lu\/de\/shop\/lina-brown-elegante-leistung-mit-ihren-veganen-sandalen-mit-mittelhohen-absaetzen-aus-natuerlichem-kork\/","title":{"rendered":"Lina Brown: Elegante Leistung mit Ihren veganen Sandalen mit mittelhohen Abs\u00e4tzen aus nat\u00fcrlichem Kork"},"content":{"rendered":"\n<p>K\u00f6nnen wir Mode und \u00d6kologie verschmelzen? Sind Sie auf der Suche nach einer unbestreitbaren Eleganz, die mit Ihren tiefen Werten von Nachhaltigkeit und Ethik resoniert?<\/p>\n\n\n\n<p>Betrachten Sie die <strong>Lina Brown Damen-Sandalen mit Korksohle<\/strong>, die Anmut, Komfort und Umweltbewusstsein elegant miteinander vereinen.<\/p>\n\n\n\n<p>Adoptieren Sie die <strong>nat\u00fcrlichen Korkschuhe<\/strong> Lina Brown und:<\/p>\n\n\n<style>.wp-block-kadence-iconlist.kt-svg-icon-list-items10964_3df424-64:not(.this-stops-third-party-issues){margin-top:0px;margin-bottom:0px;}.wp-block-kadence-iconlist.kt-svg-icon-list-items10964_3df424-64 ul.kt-svg-icon-list:not(.this-prevents-issues):not(.this-stops-third-party-issues):not(.tijsloc){margin-top:0px;margin-right:0px;margin-bottom:var(--global-kb-spacing-sm, 1.5rem);margin-left:0px;}.wp-block-kadence-iconlist.kt-svg-icon-list-items10964_3df424-64 ul.kt-svg-icon-list{grid-row-gap:5px;}.wp-block-kadence-iconlist.kt-svg-icon-list-items10964_3df424-64 .kb-svg-icon-wrap{font-size:18px;color:var(--global-palette1, #3182CE);}.wp-block-kadence-iconlist.kt-svg-icon-list-items10964_3df424-64 ul.kt-svg-icon-list .kt-svg-icon-list-item-wrap .kt-svg-icon-list-single{margin-right:10px;}.kt-svg-icon-list-items10964_3df424-64 ul.kt-svg-icon-list .kt-svg-icon-list-level-0 .kt-svg-icon-list-single svg{font-size:20px;}<\/style>\n<div class=\"wp-block-kadence-iconlist kt-svg-icon-list-items kt-svg-icon-list-items10964_3df424-64 kt-svg-icon-list-columns-1 alignnone\"><ul class=\"kt-svg-icon-list\"><style>.kt-svg-icon-list-item-4532_32151a-3c .kt-svg-icon-list-text mark.kt-highlight{background-color:unset;font-style:normal;color:#f76a0c;-webkit-box-decoration-break:clone;box-decoration-break:clone;padding-top:0px;padding-right:0px;padding-bottom:0px;padding-left:0px;}<\/style>\n<li class=\"wp-block-kadence-listitem kt-svg-icon-list-item-wrap kt-svg-icon-list-item-4532_32151a-3c\"><span class=\"kb-svg-icon-wrap kb-svg-icon-fe_checkCircle kt-svg-icon-list-single\"><svg viewBox=\"0 0 24 24\"  fill=\"none\" stroke=\"currentColor\" stroke-width=\"3\" stroke-linecap=\"round\" stroke-linejoin=\"round\" xmlns=\"http:\/\/www.w3.org\/2000\/svg\"  aria-hidden=\"true\"><path d=\"M22 11.08V12a10 10 0 1 1-5.93-9.14\"\/><polyline points=\"22 4 12 14.01 9 11.01\"\/><\/svg><\/span><span class=\"kt-svg-icon-list-text\">Stellen Sie sich die Leichtigkeit Ihrer Schritte vor mit diesen Schuhen, die mit Mikrofasern gef\u00fcttert sind und nach dem OEKO-TEX STANDARD 100 zertifiziert sind, und die ohne CO2-Emissionen entworfen wurden.<\/span><\/li>\n\n\n<style>.kt-svg-icon-list-item-4532_6703fe-65 .kt-svg-icon-list-text mark.kt-highlight{background-color:unset;font-style:normal;color:#f76a0c;-webkit-box-decoration-break:clone;box-decoration-break:clone;padding-top:0px;padding-right:0px;padding-bottom:0px;padding-left:0px;}<\/style>\n<li class=\"wp-block-kadence-listitem kt-svg-icon-list-item-wrap kt-svg-icon-list-item-4532_6703fe-65\"><span class=\"kb-svg-icon-wrap kb-svg-icon-fe_checkCircle kt-svg-icon-list-single\"><svg viewBox=\"0 0 24 24\"  fill=\"none\" stroke=\"currentColor\" stroke-width=\"3\" stroke-linecap=\"round\" stroke-linejoin=\"round\" xmlns=\"http:\/\/www.w3.org\/2000\/svg\"  aria-hidden=\"true\"><path d=\"M22 11.08V12a10 10 0 1 1-5.93-9.14\"\/><polyline points=\"22 4 12 14.01 9 11.01\"\/><\/svg><\/span><span class=\"kt-svg-icon-list-text\">Tr\u00e4umen Sie von Ihren Lieblingsoutfits, die durch diese eleganten Sandalen mit einem idealen 5,5 cm Absatz perfektioniert werden, um Komfort und Weiblichkeit zu vereinen.<\/span><\/li>\n\n\n<style>.kt-svg-icon-list-item-4532_82c4ed-47 .kt-svg-icon-list-text mark.kt-highlight{background-color:unset;font-style:normal;color:#f76a0c;-webkit-box-decoration-break:clone;box-decoration-break:clone;padding-top:0px;padding-right:0px;padding-bottom:0px;padding-left:0px;}<\/style>\n<li class=\"wp-block-kadence-listitem kt-svg-icon-list-item-wrap kt-svg-icon-list-item-4532_82c4ed-47\"><span class=\"kb-svg-icon-wrap kb-svg-icon-fe_checkCircle kt-svg-icon-list-single\"><svg viewBox=\"0 0 24 24\"  fill=\"none\" stroke=\"currentColor\" stroke-width=\"3\" stroke-linecap=\"round\" stroke-linejoin=\"round\" xmlns=\"http:\/\/www.w3.org\/2000\/svg\"  aria-hidden=\"true\"><path d=\"M22 11.08V12a10 10 0 1 1-5.93-9.14\"\/><polyline points=\"22 4 12 14.01 9 11.01\"\/><\/svg><\/span><span class=\"kt-svg-icon-list-text\">Genie\u00dfen Sie den ganzen Tag lang Komfort dank hypoallergenen, antibakteriellen und antimikrobiellen Schuhen, die unerw\u00fcnschten Ger\u00fcchen entgegenwirken.<\/span><\/li>\n<\/ul><\/div>\n\n\n\n<p>Beenden Sie die Grausamkeit, sagen Sie Abschied von CO2, aber bewahren Sie Ihren Stil intakt&#8230;<\/p>\n\n\n\n<p>F\u00fcr den Preis eines klassischen Schuhpaars k\u00f6nnen Sie nicht nur ein Paar <strong>Halbsandalen mit Abs\u00e4tzen<\/strong> bekommen, sondern auch die Ruhe, eine Entscheidung im Einklang mit Ihren Prinzipien zu treffen.<\/p>\n\n\n\n<p>Also, sind Sie bereit, Sch\u00f6nheit und Verantwortung in Einklang zu bringen? Die Lagerbest\u00e4nde schrumpfen, besonders f\u00fcr dieses sehr gefragte Modell aus nat\u00fcrlicher Kork. Agieren Sie schnell!<\/p>\n","protected":false},"excerpt":{"rendered":"<p>K\u00f6nnen wir Mode und \u00d6kologie verschmelzen? Sind Sie auf der Suche nach einer unbestreitbaren Eleganz, die mit Ihren tiefen Werten von Nachhaltigkeit und Ethik resoniert? Betrachten Sie die Lina Brown Damen-Sandalen mit Korksohle, die Anmut, Komfort und Umweltbewusstsein elegant miteinander vereinen. Adoptieren Sie die nat\u00fcrlichen Korkschuhe Lina Brown und: Beenden Sie die Grausamkeit, sagen Sie&#8230;<\/p>\n","protected":false},"featured_media":9204,"comment_status":"open","ping_status":"closed","template":"","meta":{"_acf_changed":false,"_kad_blocks_custom_css":"","_kad_blocks_head_custom_js":"","_kad_blocks_body_custom_js":"","_kad_blocks_footer_custom_js":"","_kad_post_transparent":"","_kad_post_title":"","_kad_post_layout":"","_kad_post_sidebar_id":"","_kad_post_content_style":"","_kad_post_vertical_padding":"","_kad_post_feature":"","_kad_post_feature_position":"","_kad_post_header":false,"_kad_post_footer":false,"_kad_post_classname":""},"product_brand":[],"product_cat":[463,413],"product_tag":[447],"product_brands":[685],"class_list":{"0":"post-10964","1":"product","2":"type-product","3":"status-publish","4":"has-post-thumbnail","6":"product_cat-escarpins-de","7":"product_cat-schuhe-fuer-maenner-und-frauen","8":"product_tag-frau","9":"product_brands-nae-vegan-shoes-de","11":"first","12":"instock","13":"taxable","14":"shipping-taxable","15":"purchasable","16":"product-type-variable","17":"has-default-attributes","18":"entry","19":"content-bg","20":"loop-entry"},"acf":{"avantages":"\ud83c\udf3f Obermaterial aus atmungsaktiver bestickter Baumwolle auf laminiertem Kork, Innenfutter aus Baumwolle. Komfort und Atmungsaktivit\u00e4t garantiert.\r\n\r\n\ud83c\udf0d Innenfutter aus mikrofaserzertifizierter OEKO-TEX Standard 100. Keine sch\u00e4dlichen Substanzen.\r\n\r\n\ud83d\udc5f Laufsohle aus Neolite-Gummi f\u00fcr optimale Haftung und Haltbarkeit.\r\n\r\n\ud83c\udfa8 Handgefertigt in Portugal. Traditionelles Handwerk und un\u00fcbertroffene Fertigungsqualit\u00e4t.","entretien":"1. Wischen Sie den Staub und Schmutz leicht mit einem trockenen Tuch von Ihren Sandalen ab.\r\n\r\n2. Reinigen Sie Ihre Schuhe mit einem in Wasser und Seife getr\u00e4nkten Tuch. Tauchen Sie sie niemals vollst\u00e4ndig ein, da dies zu irreparablen Sch\u00e4den f\u00fchren k\u00f6nnte.\r\n\r\n3. Lassen Sie sie 24 Stunden lang nat\u00fcrlich trocknen.\r\n\r\n4. Verwenden Sie keine Poliercreme.Produktlebensdauer:Wenn Sie der Meinung sind, dass Ihr Artikel das Ende seiner Lebensdauer erreicht hat oder Sie ihn nicht mehr ben\u00f6tigen, denken Sie daran, ihm ein zweites Leben zu schenken. Sie k\u00f6nnen auch einen neuen Artikel f\u00fcr sich selbst besorgen oder ihn verschenken.","marque":""},"taxonomy_info":{"product_cat":[{"value":463,"label":"Escarpins"},{"value":413,"label":"Schuhe"}],"product_tag":[{"value":447,"label":"Damenboutique"}],"product_brands":[{"value":685,"label":"NAE Vegan Shoes"}]},"featured_image_src_large":["https:\/\/ekomfort.lu\/wp-content\/uploads\/2023\/09\/lina-brown-2.jpg",700,700,false],"author_info":[],"comment_info":0,"_links":{"self":[{"href":"https:\/\/ekomfort.lu\/de\/wp-json\/wp\/v2\/product\/10964","targetHints":{"allow":["GET"]}}],"collection":[{"href":"https:\/\/ekomfort.lu\/de\/wp-json\/wp\/v2\/product"}],"about":[{"href":"https:\/\/ekomfort.lu\/de\/wp-json\/wp\/v2\/types\/product"}],"replies":[{"embeddable":true,"href":"https:\/\/ekomfort.lu\/de\/wp-json\/wp\/v2\/comments?post=10964"}],"wp:featuredmedia":[{"embeddable":true,"href":"https:\/\/ekomfort.lu\/de\/wp-json\/wp\/v2\/media\/9204"}],"wp:attachment":[{"href":"https:\/\/ekomfort.lu\/de\/wp-json\/wp\/v2\/media?parent=10964"}],"wp:term":[{"taxonomy":"product_brand","embeddable":true,"href":"https:\/\/ekomfort.lu\/de\/wp-json\/wp\/v2\/product_brand?post=10964"},{"taxonomy":"product_cat","embeddable":true,"href":"https:\/\/ekomfort.lu\/de\/wp-json\/wp\/v2\/product_cat?post=10964"},{"taxonomy":"product_tag","embeddable":true,"href":"https:\/\/ekomfort.lu\/de\/wp-json\/wp\/v2\/product_tag?post=10964"},{"taxonomy":"product_brands","embeddable":true,"href":"https:\/\/ekomfort.lu\/de\/wp-json\/wp\/v2\/product_brands?post=10964"}],"curies":[{"name":"wp","href":"https:\/\/api.w.org\/{rel}","templated":true}]}}