{"id":10955,"date":"2023-08-16T14:50:18","date_gmt":"2023-08-16T12:50:18","guid":{"rendered":"https:\/\/ekomfort.lu\/shop\/chaussure-homme-habille-noir-mikel-brown-de-nae-kombinieren-sie-zeitlose-eleganz-und-dauerhaften-komfort-aus-veganem-leder"},"modified":"2024-07-01T12:12:07","modified_gmt":"2024-07-01T10:12:07","slug":"chaussure-homme-habille-noir-mikel-brown-de-nae-kombinieren-sie-zeitlose-eleganz-und-dauerhaften-komfort-aus-veganem-leder","status":"publish","type":"product","link":"https:\/\/ekomfort.lu\/de\/shop\/chaussure-homme-habille-noir-mikel-brown-de-nae-kombinieren-sie-zeitlose-eleganz-und-dauerhaften-komfort-aus-veganem-leder\/","title":{"rendered":"Chaussure homme habill\u00e9 Noir Mikel Brown de Nae: Kombinieren Sie zeitlose Eleganz und dauerhaften Komfort aus veganem Leder"},"content":{"rendered":"\n<p>Tr\u00e4umen Sie von <strong>schwarzen flachen Schuhen<\/strong>, die Eleganz verk\u00f6rpern, ohne den Komfort zu opfern? M\u00f6chten Sie eine ethische Wahl treffen, ohne auf Raffinesse zu verzichten?<\/p>\n\n\n\n<p>Geben Sie mit den Herrenschuhen <strong>Mikel Brown<\/strong> nach Perfektion, eine gelungene Verbindung von Stil, Komfort und Umweltbewusstsein.<\/p>\n\n\n\n<p>W\u00e4hlen Sie die <strong>Eco-freundliche Herrenschuhe Mikel Brown<\/strong> und:<\/p>\n\n\n<style>.wp-block-kadence-iconlist.kt-svg-icon-list-items10955_36bf00-23:not(.this-stops-third-party-issues){margin-top:0px;margin-bottom:0px;}.wp-block-kadence-iconlist.kt-svg-icon-list-items10955_36bf00-23 ul.kt-svg-icon-list:not(.this-prevents-issues):not(.this-stops-third-party-issues):not(.tijsloc){margin-top:0px;margin-right:0px;margin-bottom:var(--global-kb-spacing-sm, 1.5rem);margin-left:0px;}.wp-block-kadence-iconlist.kt-svg-icon-list-items10955_36bf00-23 ul.kt-svg-icon-list{grid-row-gap:5px;}.wp-block-kadence-iconlist.kt-svg-icon-list-items10955_36bf00-23 .kb-svg-icon-wrap{font-size:18px;color:var(--global-palette1, #3182CE);}.wp-block-kadence-iconlist.kt-svg-icon-list-items10955_36bf00-23 ul.kt-svg-icon-list .kt-svg-icon-list-item-wrap .kt-svg-icon-list-single{margin-right:10px;}.kt-svg-icon-list-items10955_36bf00-23 ul.kt-svg-icon-list .kt-svg-icon-list-level-0 .kt-svg-icon-list-single svg{font-size:20px;}<\/style>\n<div class=\"wp-block-kadence-iconlist kt-svg-icon-list-items kt-svg-icon-list-items10955_36bf00-23 kt-svg-icon-list-columns-1 alignnone\"><ul class=\"kt-svg-icon-list\"><style>.kt-svg-icon-list-item-4546_79348e-0d .kt-svg-icon-list-text mark.kt-highlight{background-color:unset;font-style:normal;color:#f76a0c;-webkit-box-decoration-break:clone;box-decoration-break:clone;padding-top:0px;padding-right:0px;padding-bottom:0px;padding-left:0px;}<\/style>\n<li class=\"wp-block-kadence-listitem kt-svg-icon-list-item-wrap kt-svg-icon-list-item-4546_79348e-0d\"><span class=\"kb-svg-icon-wrap kb-svg-icon-fe_checkCircle kt-svg-icon-list-single\"><svg viewBox=\"0 0 24 24\"  fill=\"none\" stroke=\"currentColor\" stroke-width=\"3\" stroke-linecap=\"round\" stroke-linejoin=\"round\" xmlns=\"http:\/\/www.w3.org\/2000\/svg\"  aria-hidden=\"true\"><path d=\"M22 11.08V12a10 10 0 1 1-5.93-9.14\"\/><polyline points=\"22 4 12 14.01 9 11.01\"\/><\/svg><\/span><span class=\"kt-svg-icon-list-text\">Erleben Sie den Komfort eines hypoallergenen Schuhs ohne sch\u00e4dliche Inhaltsstoffe und der unangenehme Ger\u00fcche effektiv vorbeugt.<\/span><\/li>\n\n\n<style>.kt-svg-icon-list-item-4546_9a4bb9-55 .kt-svg-icon-list-text mark.kt-highlight{background-color:unset;font-style:normal;color:#f76a0c;-webkit-box-decoration-break:clone;box-decoration-break:clone;padding-top:0px;padding-right:0px;padding-bottom:0px;padding-left:0px;}<\/style>\n<li class=\"wp-block-kadence-listitem kt-svg-icon-list-item-wrap kt-svg-icon-list-item-4546_9a4bb9-55\"><span class=\"kb-svg-icon-wrap kb-svg-icon-fe_checkCircle kt-svg-icon-list-single\"><svg viewBox=\"0 0 24 24\"  fill=\"none\" stroke=\"currentColor\" stroke-width=\"3\" stroke-linecap=\"round\" stroke-linejoin=\"round\" xmlns=\"http:\/\/www.w3.org\/2000\/svg\"  aria-hidden=\"true\"><path d=\"M22 11.08V12a10 10 0 1 1-5.93-9.14\"\/><polyline points=\"22 4 12 14.01 9 11.01\"\/><\/svg><\/span><span class=\"kt-svg-icon-list-text\">Genie\u00dfen Sie das Wohlbefinden einer EVA-Gummisohle, die Ihre F\u00fc\u00dfe ohne das Risiko von Blasen oder Reizungen umh\u00fcllt.<\/span><\/li>\n\n\n<style>.kt-svg-icon-list-item-4546_a49139-f1 .kt-svg-icon-list-text mark.kt-highlight{background-color:unset;font-style:normal;color:#f76a0c;-webkit-box-decoration-break:clone;box-decoration-break:clone;padding-top:0px;padding-right:0px;padding-bottom:0px;padding-left:0px;}<\/style>\n<li class=\"wp-block-kadence-listitem kt-svg-icon-list-item-wrap kt-svg-icon-list-item-4546_a49139-f1\"><span class=\"kb-svg-icon-wrap kb-svg-icon-fe_checkCircle kt-svg-icon-list-single\"><svg viewBox=\"0 0 24 24\"  fill=\"none\" stroke=\"currentColor\" stroke-width=\"3\" stroke-linecap=\"round\" stroke-linejoin=\"round\" xmlns=\"http:\/\/www.w3.org\/2000\/svg\"  aria-hidden=\"true\"><path d=\"M22 11.08V12a10 10 0 1 1-5.93-9.14\"\/><polyline points=\"22 4 12 14.01 9 11.01\"\/><\/svg><\/span><span class=\"kt-svg-icon-list-text\">Zeigen Sie einen makellosen Stil mit einem Paar vielseitig gestalteter Schuhe, die sich elegant Ihren formellen oder l\u00e4ssigeren Outfits anpassen.<\/span><\/li>\n\n\n<style>.kt-svg-icon-list-item-4546_066a5e-52 .kt-svg-icon-list-text mark.kt-highlight{background-color:unset;font-style:normal;color:#f76a0c;-webkit-box-decoration-break:clone;box-decoration-break:clone;padding-top:0px;padding-right:0px;padding-bottom:0px;padding-left:0px;}<\/style>\n<li class=\"wp-block-kadence-listitem kt-svg-icon-list-item-wrap kt-svg-icon-list-item-4546_066a5e-52\"><span class=\"kb-svg-icon-wrap kb-svg-icon-fe_checkCircle kt-svg-icon-list-single\"><svg viewBox=\"0 0 24 24\"  fill=\"none\" stroke=\"currentColor\" stroke-width=\"3\" stroke-linecap=\"round\" stroke-linejoin=\"round\" xmlns=\"http:\/\/www.w3.org\/2000\/svg\"  aria-hidden=\"true\"><path d=\"M22 11.08V12a10 10 0 1 1-5.93-9.14\"\/><polyline points=\"22 4 12 14.01 9 11.01\"\/><\/svg><\/span><span class=\"kt-svg-icon-list-text\">Umarme einen respektvolleren Trend mit veganen Lederschuhen, einem nachhaltigen und grausamkeitsfreien Material.<\/span><\/li>\n<\/ul><\/div>\n\n\n\n<p>Ohne Kompromisse, ohne Bedauern, nur eine bewusste Entscheidung&#8230;<\/p>\n\n\n\n<p>F\u00fcr einen \u00e4hnlichen Preis wie bei einem Paar traditioneller Markenschuhe erhalten Sie eine sorgf\u00e4ltig durchdachte Kreation, die Ihren Werten entspricht.<\/p>\n\n\n\n<p>Also, bereit, Eleganz und Ethik zu verschmelzen? Diese Schuhe sind bereits ein Bestseller und die Best\u00e4nde schwinden schnell. Warten Sie nicht l\u00e4nger auf den perfekten Moment, er ist hier!<\/p>\n","protected":false},"excerpt":{"rendered":"<p>Tr\u00e4umen Sie von schwarzen flachen Schuhen, die Eleganz verk\u00f6rpern, ohne den Komfort zu opfern? M\u00f6chten Sie eine ethische Wahl treffen, ohne auf Raffinesse zu verzichten? Geben Sie mit den Herrenschuhen Mikel Brown nach Perfektion, eine gelungene Verbindung von Stil, Komfort und Umweltbewusstsein. W\u00e4hlen Sie die Eco-freundliche Herrenschuhe Mikel Brown und: Ohne Kompromisse, ohne Bedauern, nur&#8230;<\/p>\n","protected":false},"featured_media":8270,"comment_status":"open","ping_status":"closed","template":"","meta":{"_acf_changed":false,"_kad_blocks_custom_css":"","_kad_blocks_head_custom_js":"","_kad_blocks_body_custom_js":"","_kad_blocks_footer_custom_js":"","_kad_post_transparent":"","_kad_post_title":"","_kad_post_layout":"","_kad_post_sidebar_id":"","_kad_post_content_style":"","_kad_post_vertical_padding":"","_kad_post_feature":"","_kad_post_feature_position":"","_kad_post_header":false,"_kad_post_footer":false,"_kad_post_classname":""},"product_brand":[],"product_cat":[425,413],"product_tag":[415],"product_brands":[685],"class_list":{"0":"post-10955","1":"product","2":"type-product","3":"status-publish","4":"has-post-thumbnail","6":"product_cat-flache-schuhe","7":"product_cat-schuhe-fuer-maenner-und-frauen","8":"product_tag-mann","9":"product_brands-nae-vegan-shoes-de","11":"first","12":"outofstock","13":"taxable","14":"shipping-taxable","15":"purchasable","16":"product-type-variable","17":"has-default-attributes","18":"entry","19":"content-bg","20":"loop-entry"},"acf":{"avantages":"\ud83c\udf31 Das Obermaterial und das Innenfutter aus Mikrofasern reduzieren die Umweltauswirkungen.\r\n\r\n\ud83d\udca7 Wasserdicht, um die F\u00fc\u00dfe trocken zu halten.\r\n\r\n\ud83c\udf2c\ufe0f Atmungsaktiv f\u00fcr eine gute Luftzirkulation und frische F\u00fc\u00dfe.\r\n\r\n\ud83c\udf21\ufe0f Antimikrobiell und hypoallergen f\u00fcr optimale Hygiene und weniger allergische Reaktionen.\r\n\r\n\ud83d\udc5f Gepolsterte Einlegesohle mit feuchtigkeitsabweisendem EVA-Gummi f\u00fcr optimalen Komfort.\r\n\r\n\ud83e\uddb6 Rutschfeste und langlebige TRU-Gummilaufsohle f\u00fcr optimale Haftung.\r\n\r\n\ud83d\udc60 2,5 cm Absatz f\u00fcr Komfort und erh\u00f6hte Stabilit\u00e4t.\r\n\r\n\ud83c\udf80 Gewachste Baumwollsenkel f\u00fcr eine elegante Optik.\ud83c\uddf5\ud83c\uddf9 Hergestellt in Portugal unter Ber\u00fccksichtigung der Umwelt und fairer Arbeitsbedingungen.","entretien":"Pflegetipps:- Entfernen Sie Staub und Schmutz schonend von Ihren Schuhen mit einem trockenen Tuch.\r\n\r\n- Reinigen Sie sie mit einem in Seifenwasser getr\u00e4nkten Tuch. Tauchen Sie das Produkt nicht vollst\u00e4ndig ein, da dies zu irreparablen Sch\u00e4den f\u00fchren k\u00f6nnte.\r\n\r\n- Lassen Sie sie 24 Stunden lang nat\u00fcrlich trocknen.\r\n\r\n- Die Anwendung einer neutralen Poliercreme wird dringend empfohlen. Tragen Sie eine kleine Menge mit einem trockenen und weichen Tuch auf und reiben Sie sie sparsam in kreisenden Bewegungen auf das Gewebe, bis das Wachs vollst\u00e4ndig eingezogen ist.\r\n\r\n- Lassen Sie sie nach dem Auftragen 24 Stunden lang nat\u00fcrlich trocknen.Produktlebensdauer:Wenn Sie der Meinung sind, dass Ihre veganen Schuhe das Ende ihrer Lebensdauer erreicht haben oder Sie sie nicht mehr ben\u00f6tigen, erw\u00e4gen Sie, ihnen ein zweites Leben zu geben. Verwenden Sie sie auf eine andere Weise selbst oder lassen Sie eine andere Person davon profitieren.","marque":""},"taxonomy_info":{"product_cat":[{"value":425,"label":"Flache Schuhe"},{"value":413,"label":"Schuhe"}],"product_tag":[{"value":415,"label":"Herrenboutique"}],"product_brands":[{"value":685,"label":"NAE Vegan Shoes"}]},"featured_image_src_large":["https:\/\/ekomfort.lu\/wp-content\/uploads\/2023\/08\/mikel-brown-chaussure-habillee.jpg",700,700,false],"author_info":[],"comment_info":0,"_links":{"self":[{"href":"https:\/\/ekomfort.lu\/de\/wp-json\/wp\/v2\/product\/10955","targetHints":{"allow":["GET"]}}],"collection":[{"href":"https:\/\/ekomfort.lu\/de\/wp-json\/wp\/v2\/product"}],"about":[{"href":"https:\/\/ekomfort.lu\/de\/wp-json\/wp\/v2\/types\/product"}],"replies":[{"embeddable":true,"href":"https:\/\/ekomfort.lu\/de\/wp-json\/wp\/v2\/comments?post=10955"}],"wp:featuredmedia":[{"embeddable":true,"href":"https:\/\/ekomfort.lu\/de\/wp-json\/wp\/v2\/media\/8270"}],"wp:attachment":[{"href":"https:\/\/ekomfort.lu\/de\/wp-json\/wp\/v2\/media?parent=10955"}],"wp:term":[{"taxonomy":"product_brand","embeddable":true,"href":"https:\/\/ekomfort.lu\/de\/wp-json\/wp\/v2\/product_brand?post=10955"},{"taxonomy":"product_cat","embeddable":true,"href":"https:\/\/ekomfort.lu\/de\/wp-json\/wp\/v2\/product_cat?post=10955"},{"taxonomy":"product_tag","embeddable":true,"href":"https:\/\/ekomfort.lu\/de\/wp-json\/wp\/v2\/product_tag?post=10955"},{"taxonomy":"product_brands","embeddable":true,"href":"https:\/\/ekomfort.lu\/de\/wp-json\/wp\/v2\/product_brands?post=10955"}],"curies":[{"name":"wp","href":"https:\/\/api.w.org\/{rel}","templated":true}]}}